{"id":10399,"date":"2021-12-10T11:56:48","date_gmt":"2021-12-10T17:56:48","guid":{"rendered":"http:\/\/45.77.187.143\/?page_id=10399"},"modified":"2025-02-12T09:06:06","modified_gmt":"2025-02-12T15:06:06","slug":"elsalvador-ant","status":"publish","type":"page","link":"https:\/\/www.catie.ac.cr\/en\/paises\/elsalvador-ant\/","title":{"rendered":"El Salvador"},"content":{"rendered":"<div data-elementor-type=\"wp-page\" data-elementor-id=\"10399\" class=\"elementor elementor-10399\" data-elementor-post-type=\"page\">\n\t\t\t\t\t\t<section class=\"elementor-section elementor-top-section elementor-element elementor-element-d7aa331 elementor-section-boxed elementor-section-height-default elementor-section-height-default\" data-id=\"d7aa331\" data-element_type=\"section\">\n\t\t\t\t\t\t<div class=\"elementor-container elementor-column-gap-default\">\n\t\t\t\t\t<div class=\"elementor-column elementor-col-100 elementor-top-column elementor-element elementor-element-a6b64fb\" data-id=\"a6b64fb\" data-element_type=\"column\">\n\t\t\t<div class=\"elementor-widget-wrap elementor-element-populated\">\n\t\t\t\t\t\t<div class=\"elementor-element elementor-element-049b882 elementor-invisible elementor-widget elementor-widget-image\" data-id=\"049b882\" data-element_type=\"widget\" data-settings=\"{&quot;_animation&quot;:&quot;bounceIn&quot;}\" data-widget_type=\"image.default\">\n\t\t\t\t<div class=\"elementor-widget-container\">\n\t\t\t\t\t\t\t\t\t\t\t\t\t\t\t<img decoding=\"async\" width=\"175\" height=\"109\" src=\"https:\/\/www.catie.ac.cr\/wp-content\/uploads\/2021\/12\/icono-morado.png\" class=\"attachment-full size-full wp-image-10785\" alt=\"\" srcset=\"https:\/\/www.catie.ac.cr\/wp-content\/uploads\/2021\/12\/icono-morado.png 175w, https:\/\/www.catie.ac.cr\/wp-content\/uploads\/2021\/12\/icono-morado-18x12.png 18w\" sizes=\"(max-width: 175px) 100vw, 175px\" \/>\t\t\t\t\t\t\t\t\t\t\t\t\t\t\t<\/div>\n\t\t\t\t<\/div>\n\t\t\t\t<div class=\"elementor-element elementor-element-f1367b0 elementor-invisible elementor-widget elementor-widget-thim-heading\" data-id=\"f1367b0\" data-element_type=\"widget\" data-settings=\"{&quot;_animation&quot;:&quot;fadeInDown&quot;}\" data-widget_type=\"thim-heading.default\">\n\t\t\t\t<div class=\"elementor-widget-container\">\n\t\t\t\t\t<div class=\"sc_heading   text-center\"><h3 style=\"text-transform: uppercase;\" class=\"title\">El Salvador<\/h3><span class=\"line\"><\/span><\/div>\t\t\t\t<\/div>\n\t\t\t\t<\/div>\n\t\t\t\t\t<\/div>\n\t\t<\/div>\n\t\t\t\t\t<\/div>\n\t\t<\/section>\n\t\t\t\t<section class=\"elementor-section elementor-top-section elementor-element elementor-element-e4f7b2f elementor-section-boxed elementor-section-height-default elementor-section-height-default\" data-id=\"e4f7b2f\" data-element_type=\"section\">\n\t\t\t\t\t\t<div class=\"elementor-container elementor-column-gap-default\">\n\t\t\t\t\t<div class=\"elementor-column elementor-col-100 elementor-top-column elementor-element elementor-element-134c6e5\" data-id=\"134c6e5\" data-element_type=\"column\">\n\t\t\t<div class=\"elementor-widget-wrap elementor-element-populated\">\n\t\t\t\t\t\t<div class=\"elementor-element elementor-element-95d6d8c elementor-invisible elementor-widget elementor-widget-text-editor\" data-id=\"95d6d8c\" data-element_type=\"widget\" data-settings=\"{&quot;_animation&quot;:&quot;fadeInDown&quot;}\" data-widget_type=\"text-editor.default\">\n\t\t\t\t<div class=\"elementor-widget-container\">\n\t\t\t\t\t\t\t\t\t<p>El Salvador has been a member country of CATIE since 1986.<\/p>\t\t\t\t\t\t\t\t<\/div>\n\t\t\t\t<\/div>\n\t\t\t\t\t<\/div>\n\t\t<\/div>\n\t\t\t\t\t<\/div>\n\t\t<\/section>\n\t\t\t\t<section class=\"elementor-section elementor-top-section elementor-element elementor-element-d001a09 elementor-section-boxed elementor-section-height-default elementor-section-height-default\" data-id=\"d001a09\" data-element_type=\"section\">\n\t\t\t\t\t\t<div class=\"elementor-container elementor-column-gap-default\">\n\t\t\t\t\t<div class=\"elementor-column elementor-col-50 elementor-top-column elementor-element elementor-element-f1fc9cf\" data-id=\"f1fc9cf\" data-element_type=\"column\">\n\t\t\t<div class=\"elementor-widget-wrap elementor-element-populated\">\n\t\t\t\t\t\t<section class=\"elementor-section elementor-inner-section elementor-element elementor-element-01be6dd elementor-section-boxed elementor-section-height-default elementor-section-height-default\" data-id=\"01be6dd\" data-element_type=\"section\">\n\t\t\t\t\t\t<div class=\"elementor-container elementor-column-gap-default\">\n\t\t\t\t\t<div class=\"elementor-column elementor-col-50 elementor-inner-column elementor-element elementor-element-40b3ab0\" data-id=\"40b3ab0\" data-element_type=\"column\">\n\t\t\t<div class=\"elementor-widget-wrap\">\n\t\t\t\t\t\t\t<\/div>\n\t\t<\/div>\n\t\t\t\t<div class=\"elementor-column elementor-col-50 elementor-inner-column elementor-element elementor-element-c5a6cd3 elementor-invisible\" data-id=\"c5a6cd3\" data-element_type=\"column\" data-settings=\"{&quot;animation&quot;:&quot;bounceIn&quot;}\">\n\t\t\t<div class=\"elementor-widget-wrap elementor-element-populated\">\n\t\t\t\t\t\t<div class=\"elementor-element elementor-element-daa7b55 elementor-widget elementor-widget-image\" data-id=\"daa7b55\" data-element_type=\"widget\" data-widget_type=\"image.default\">\n\t\t\t\t<div class=\"elementor-widget-container\">\n\t\t\t\t\t\t\t\t\t\t\t\t\t\t\t<img decoding=\"async\" width=\"300\" height=\"116\" src=\"https:\/\/www.catie.ac.cr\/wp-content\/uploads\/2022\/01\/icono-azul-300x116.png\" class=\"attachment-medium size-medium wp-image-11180\" alt=\"\" srcset=\"https:\/\/www.catie.ac.cr\/wp-content\/uploads\/2022\/01\/icono-azul-300x116.png 300w, https:\/\/www.catie.ac.cr\/wp-content\/uploads\/2022\/01\/icono-azul-1024x396.png 1024w, https:\/\/www.catie.ac.cr\/wp-content\/uploads\/2022\/01\/icono-azul-768x297.png 768w, https:\/\/www.catie.ac.cr\/wp-content\/uploads\/2022\/01\/icono-azul-18x7.png 18w, https:\/\/www.catie.ac.cr\/wp-content\/uploads\/2022\/01\/icono-azul-600x232.png 600w, https:\/\/www.catie.ac.cr\/wp-content\/uploads\/2022\/01\/icono-azul.png 1203w\" sizes=\"(max-width: 300px) 100vw, 300px\" \/>\t\t\t\t\t\t\t\t\t\t\t\t\t\t\t<\/div>\n\t\t\t\t<\/div>\n\t\t\t\t\t<\/div>\n\t\t<\/div>\n\t\t\t\t\t<\/div>\n\t\t<\/section>\n\t\t\t\t<section class=\"elementor-section elementor-inner-section elementor-element elementor-element-13062b1 elementor-section-boxed elementor-section-height-default elementor-section-height-default\" data-id=\"13062b1\" data-element_type=\"section\">\n\t\t\t\t\t\t<div class=\"elementor-container elementor-column-gap-default\">\n\t\t\t\t\t<div class=\"elementor-column elementor-col-100 elementor-inner-column elementor-element elementor-element-e690b35 elementor-invisible\" data-id=\"e690b35\" data-element_type=\"column\" data-settings=\"{&quot;animation&quot;:&quot;fadeInDown&quot;}\">\n\t\t\t<div class=\"elementor-widget-wrap elementor-element-populated\">\n\t\t\t\t\t\t<div class=\"elementor-element elementor-element-30f8ab8 elementor-widget elementor-widget-heading\" data-id=\"30f8ab8\" data-element_type=\"widget\" data-widget_type=\"heading.default\">\n\t\t\t\t<div class=\"elementor-widget-container\">\n\t\t\t\t\t<h3 class=\"elementor-heading-title elementor-size-default\">Research and development<\/h3>\t\t\t\t<\/div>\n\t\t\t\t<\/div>\n\t\t\t\t<div class=\"elementor-element elementor-element-e97adb7 elementor-widget elementor-widget-heading\" data-id=\"e97adb7\" data-element_type=\"widget\" data-widget_type=\"heading.default\">\n\t\t\t\t<div class=\"elementor-widget-container\">\n\t\t\t\t\t<h3 class=\"elementor-heading-title elementor-size-default\">Projects and consultancies developed<\/h3>\t\t\t\t<\/div>\n\t\t\t\t<\/div>\n\t\t\t\t<div class=\"elementor-element elementor-element-30dfb92 elementor-widget elementor-widget-text-editor\" data-id=\"30dfb92\" data-element_type=\"widget\" data-widget_type=\"text-editor.default\">\n\t\t\t\t<div class=\"elementor-widget-container\">\n\t\t\t\t\t\t\t\t\t<p><strong>Central American Program for the Comprehensive Management of Coffee Rust (PROCAGICA): <\/strong>Initiative financed by the European Union, where CATIE implemented 50 research plots in coffee agroforestry systems in the departments of La Paz, San Miguel and Usulut\u00e1n, in coordination with the IICA and the \u201cEnrique \u00c1lvarez C\u00f3rdova\u201d National Center for Agricultural and Forestry Technology (CENTA).<\/p><p><strong>Project Development of sustainable forest models and links to private financing for secondary forests: <\/strong>It is financed by the International Climate Initiative (IKI) and is executed in coordination with the General Directorate of Forest Planning, Watershed and Irrigation of the Ministry of Agriculture, Livestock and Food. This project seeks to strengthen the capacities of institutions and producers for the management of secondary forest in the department of Moraz\u00e1n.<\/p><p><strong>Regional Climate Change Program (RCCP): <\/strong>It is a project coordinated from El Salvador, an initiative financed by the United States Agency for International Development (USAID), with which climate information capacities were strengthened for adaptation and environment.\u00a0<\/p><p><strong>Waterclima LAC - Coastal Zones Project: <\/strong>It is an initiative financed by the European Union. Its results focused on strengthening dialogue and cooperation between the public and private sectors for coastal zone management and the design of technical and financial mechanisms for coastal zone management, local strengthening, capacity building, outreach and networking. Work was done with public and private sector institutions in the departments of La Paz, San Vicente and Usulutan.<\/p>\t\t\t\t\t\t\t\t<\/div>\n\t\t\t\t<\/div>\n\t\t\t\t\t<\/div>\n\t\t<\/div>\n\t\t\t\t\t<\/div>\n\t\t<\/section>\n\t\t\t\t<section class=\"elementor-section elementor-inner-section elementor-element elementor-element-c263e82 elementor-section-boxed elementor-section-height-default elementor-section-height-default\" data-id=\"c263e82\" data-element_type=\"section\">\n\t\t\t\t\t\t<div class=\"elementor-container elementor-column-gap-default\">\n\t\t\t\t\t<div class=\"elementor-column elementor-col-100 elementor-inner-column elementor-element elementor-element-b14a8ea elementor-invisible\" data-id=\"b14a8ea\" data-element_type=\"column\" data-settings=\"{&quot;animation&quot;:&quot;fadeInDown&quot;}\">\n\t\t\t<div class=\"elementor-widget-wrap elementor-element-populated\">\n\t\t\t\t\t\t<div class=\"elementor-element elementor-element-a280914 elementor-widget elementor-widget-image\" data-id=\"a280914\" data-element_type=\"widget\" data-widget_type=\"image.default\">\n\t\t\t\t<div class=\"elementor-widget-container\">\n\t\t\t\t\t\t\t\t\t\t\t\t\t\t\t<img fetchpriority=\"high\" decoding=\"async\" width=\"640\" height=\"548\" src=\"https:\/\/www.catie.ac.cr\/wp-content\/uploads\/2021\/12\/imagenElSavador1.png\" class=\"attachment-large size-large wp-image-10414\" alt=\"\" srcset=\"https:\/\/www.catie.ac.cr\/wp-content\/uploads\/2021\/12\/imagenElSavador1.png 944w, https:\/\/www.catie.ac.cr\/wp-content\/uploads\/2021\/12\/imagenElSavador1-300x257.png 300w, https:\/\/www.catie.ac.cr\/wp-content\/uploads\/2021\/12\/imagenElSavador1-768x657.png 768w, https:\/\/www.catie.ac.cr\/wp-content\/uploads\/2021\/12\/imagenElSavador1-600x514.png 600w, https:\/\/www.catie.ac.cr\/wp-content\/uploads\/2021\/12\/imagenElSavador1-14x12.png 14w\" sizes=\"(max-width: 640px) 100vw, 640px\" \/>\t\t\t\t\t\t\t\t\t\t\t\t\t\t\t<\/div>\n\t\t\t\t<\/div>\n\t\t\t\t\t<\/div>\n\t\t<\/div>\n\t\t\t\t\t<\/div>\n\t\t<\/section>\n\t\t\t\t\t<\/div>\n\t\t<\/div>\n\t\t\t\t<div class=\"elementor-column elementor-col-50 elementor-top-column elementor-element elementor-element-eb587e5\" data-id=\"eb587e5\" data-element_type=\"column\" data-settings=\"{&quot;background_background&quot;:&quot;classic&quot;}\">\n\t\t\t<div class=\"elementor-widget-wrap elementor-element-populated\">\n\t\t\t\t\t\t<section class=\"elementor-section elementor-inner-section elementor-element elementor-element-7d26e91 elementor-section-boxed elementor-section-height-default elementor-section-height-default\" data-id=\"7d26e91\" data-element_type=\"section\" data-settings=\"{&quot;background_background&quot;:&quot;classic&quot;}\">\n\t\t\t\t\t\t<div class=\"elementor-container elementor-column-gap-default\">\n\t\t\t\t\t<div class=\"elementor-column elementor-col-50 elementor-inner-column elementor-element elementor-element-b82cc80\" data-id=\"b82cc80\" data-element_type=\"column\">\n\t\t\t<div class=\"elementor-widget-wrap\">\n\t\t\t\t\t\t\t<\/div>\n\t\t<\/div>\n\t\t\t\t<div class=\"elementor-column elementor-col-50 elementor-inner-column elementor-element elementor-element-1eda931 elementor-invisible\" data-id=\"1eda931\" data-element_type=\"column\" data-settings=\"{&quot;animation&quot;:&quot;bounceIn&quot;}\">\n\t\t\t<div class=\"elementor-widget-wrap elementor-element-populated\">\n\t\t\t\t\t\t<div class=\"elementor-element elementor-element-f644a2e elementor-widget elementor-widget-image\" data-id=\"f644a2e\" data-element_type=\"widget\" data-widget_type=\"image.default\">\n\t\t\t\t<div class=\"elementor-widget-container\">\n\t\t\t\t\t\t\t\t\t\t\t\t\t\t\t<img loading=\"lazy\" decoding=\"async\" width=\"640\" height=\"248\" src=\"https:\/\/www.catie.ac.cr\/wp-content\/uploads\/2022\/01\/icono-verde-1024x397.png\" class=\"attachment-large size-large wp-image-11138\" alt=\"\" srcset=\"https:\/\/www.catie.ac.cr\/wp-content\/uploads\/2022\/01\/icono-verde-1024x397.png 1024w, https:\/\/www.catie.ac.cr\/wp-content\/uploads\/2022\/01\/icono-verde-300x116.png 300w, https:\/\/www.catie.ac.cr\/wp-content\/uploads\/2022\/01\/icono-verde-768x297.png 768w, https:\/\/www.catie.ac.cr\/wp-content\/uploads\/2022\/01\/icono-verde-18x7.png 18w, https:\/\/www.catie.ac.cr\/wp-content\/uploads\/2022\/01\/icono-verde-600x232.png 600w, https:\/\/www.catie.ac.cr\/wp-content\/uploads\/2022\/01\/icono-verde.png 1203w\" sizes=\"(max-width: 640px) 100vw, 640px\" \/>\t\t\t\t\t\t\t\t\t\t\t\t\t\t\t<\/div>\n\t\t\t\t<\/div>\n\t\t\t\t\t<\/div>\n\t\t<\/div>\n\t\t\t\t\t<\/div>\n\t\t<\/section>\n\t\t\t\t<section class=\"elementor-section elementor-inner-section elementor-element elementor-element-715f09a elementor-section-boxed elementor-section-height-default elementor-section-height-default\" data-id=\"715f09a\" data-element_type=\"section\">\n\t\t\t\t\t\t<div class=\"elementor-container elementor-column-gap-default\">\n\t\t\t\t\t<div class=\"elementor-column elementor-col-100 elementor-inner-column elementor-element elementor-element-2142852 elementor-invisible\" data-id=\"2142852\" data-element_type=\"column\" data-settings=\"{&quot;background_background&quot;:&quot;classic&quot;,&quot;animation&quot;:&quot;fadeInDown&quot;}\">\n\t\t\t<div class=\"elementor-widget-wrap elementor-element-populated\">\n\t\t\t\t\t\t<div class=\"elementor-element elementor-element-8add696 elementor-widget elementor-widget-heading\" data-id=\"8add696\" data-element_type=\"widget\" data-widget_type=\"heading.default\">\n\t\t\t\t<div class=\"elementor-widget-container\">\n\t\t\t\t\t<h3 class=\"elementor-heading-title elementor-size-default\">Milestones<\/h3>\t\t\t\t<\/div>\n\t\t\t\t<\/div>\n\t\t\t\t<div class=\"elementor-element elementor-element-2718593 elementor-widget elementor-widget-text-editor\" data-id=\"2718593\" data-element_type=\"widget\" data-widget_type=\"text-editor.default\">\n\t\t\t\t<div class=\"elementor-widget-container\">\n\t\t\t\t\t\t\t\t\t<ul><li><strong>65<\/strong> <strong>consultancies and projects <\/strong>related to agricultural management and natural resources and environment have been carried out.<\/li><\/ul><ul><li>In the last 10 years, 290 Salvadorans (63 women and 227 men) have participated in our short courses, strategic courses, and technical diplomas at CATIE's headquarters.<\/li><\/ul><ul><li>More than <strong>8000 rural families <\/strong>have benefited from methodologies and tools to improve their livelihoods and management of renewable natural resources.<\/li><li>86 graduates (58 men and 28 women), 3.23% of the total CATIE graduates and more than <strong>2000 <\/strong><strong>national professionals <\/strong>have participated in various trainings.<\/li><\/ul>\t\t\t\t\t\t\t\t<\/div>\n\t\t\t\t<\/div>\n\t\t\t\t\t<\/div>\n\t\t<\/div>\n\t\t\t\t\t<\/div>\n\t\t<\/section>\n\t\t\t\t<section class=\"elementor-section elementor-inner-section elementor-element elementor-element-e0811e6 elementor-section-boxed elementor-section-height-default elementor-section-height-default\" data-id=\"e0811e6\" data-element_type=\"section\">\n\t\t\t\t\t\t<div class=\"elementor-container elementor-column-gap-default\">\n\t\t\t\t\t<div class=\"elementor-column elementor-col-50 elementor-inner-column elementor-element elementor-element-a88f86d\" data-id=\"a88f86d\" data-element_type=\"column\">\n\t\t\t<div class=\"elementor-widget-wrap\">\n\t\t\t\t\t\t\t<\/div>\n\t\t<\/div>\n\t\t\t\t<div class=\"elementor-column elementor-col-50 elementor-inner-column elementor-element elementor-element-8227539 elementor-invisible\" data-id=\"8227539\" data-element_type=\"column\" data-settings=\"{&quot;animation&quot;:&quot;bounceIn&quot;}\">\n\t\t\t<div class=\"elementor-widget-wrap elementor-element-populated\">\n\t\t\t\t\t\t<div class=\"elementor-element elementor-element-cb31a52 elementor-widget elementor-widget-image\" data-id=\"cb31a52\" data-element_type=\"widget\" data-widget_type=\"image.default\">\n\t\t\t\t<div class=\"elementor-widget-container\">\n\t\t\t\t\t\t\t\t\t\t\t\t\t\t\t<img loading=\"lazy\" decoding=\"async\" width=\"1203\" height=\"466\" src=\"https:\/\/www.catie.ac.cr\/wp-content\/uploads\/2022\/01\/icono-beige.png\" class=\"attachment-full size-full wp-image-11184\" alt=\"\" srcset=\"https:\/\/www.catie.ac.cr\/wp-content\/uploads\/2022\/01\/icono-beige.png 1203w, https:\/\/www.catie.ac.cr\/wp-content\/uploads\/2022\/01\/icono-beige-300x116.png 300w, https:\/\/www.catie.ac.cr\/wp-content\/uploads\/2022\/01\/icono-beige-1024x397.png 1024w, https:\/\/www.catie.ac.cr\/wp-content\/uploads\/2022\/01\/icono-beige-768x297.png 768w, https:\/\/www.catie.ac.cr\/wp-content\/uploads\/2022\/01\/icono-beige-18x7.png 18w, https:\/\/www.catie.ac.cr\/wp-content\/uploads\/2022\/01\/icono-beige-600x232.png 600w\" sizes=\"(max-width: 1203px) 100vw, 1203px\" \/>\t\t\t\t\t\t\t\t\t\t\t\t\t\t\t<\/div>\n\t\t\t\t<\/div>\n\t\t\t\t\t<\/div>\n\t\t<\/div>\n\t\t\t\t\t<\/div>\n\t\t<\/section>\n\t\t\t\t<section class=\"elementor-section elementor-inner-section elementor-element elementor-element-ec8db3b elementor-section-boxed elementor-section-height-default elementor-section-height-default\" data-id=\"ec8db3b\" data-element_type=\"section\">\n\t\t\t\t\t\t<div class=\"elementor-container elementor-column-gap-default\">\n\t\t\t\t\t<div class=\"elementor-column elementor-col-100 elementor-inner-column elementor-element elementor-element-d8dbbca elementor-invisible\" data-id=\"d8dbbca\" data-element_type=\"column\" data-settings=\"{&quot;animation&quot;:&quot;fadeInDown&quot;,&quot;background_background&quot;:&quot;classic&quot;}\">\n\t\t\t<div class=\"elementor-widget-wrap elementor-element-populated\">\n\t\t\t\t\t\t<div class=\"elementor-element elementor-element-673d2b2 elementor-widget elementor-widget-text-editor\" data-id=\"673d2b2\" data-element_type=\"widget\" data-widget_type=\"text-editor.default\">\n\t\t\t\t<div class=\"elementor-widget-container\">\n\t\t\t\t\t\t\t\t\t<ul><li>The work areas have been the most vulnerable rural populations in the departments of El Salvador.<\/li><\/ul><ul><li>The capacities of professionals on climate finance were strengthened and studies were carried out, such as the National Inventory of Greenhouse Gases, agriculture sector and other land uses.<\/li><li>There are signed technical cooperation instruments with the University of El Salvador, specifically with the Faculty of Agronomic Sciences, international organizations such as OIRSA, IICA and with local organizations for the implementation of projects.<\/li><\/ul>\t\t\t\t\t\t\t\t<\/div>\n\t\t\t\t<\/div>\n\t\t\t\t<div class=\"elementor-element elementor-element-562b060 elementor-widget elementor-widget-spacer\" data-id=\"562b060\" data-element_type=\"widget\" data-widget_type=\"spacer.default\">\n\t\t\t\t<div class=\"elementor-widget-container\">\n\t\t\t\t\t\t\t<div class=\"elementor-spacer\">\n\t\t\t<div class=\"elementor-spacer-inner\"><\/div>\n\t\t<\/div>\n\t\t\t\t\t\t<\/div>\n\t\t\t\t<\/div>\n\t\t\t\t\t<\/div>\n\t\t<\/div>\n\t\t\t\t\t<\/div>\n\t\t<\/section>\n\t\t\t\t<div class=\"elementor-element elementor-element-eb69573 elementor-widget elementor-widget-spacer\" data-id=\"eb69573\" data-element_type=\"widget\" data-widget_type=\"spacer.default\">\n\t\t\t\t<div class=\"elementor-widget-container\">\n\t\t\t\t\t\t\t<div class=\"elementor-spacer\">\n\t\t\t<div class=\"elementor-spacer-inner\"><\/div>\n\t\t<\/div>\n\t\t\t\t\t\t<\/div>\n\t\t\t\t<\/div>\n\t\t\t\t<section class=\"elementor-section elementor-inner-section elementor-element elementor-element-8024d5b elementor-section-boxed elementor-section-height-default elementor-section-height-default\" data-id=\"8024d5b\" data-element_type=\"section\">\n\t\t\t\t\t\t<div class=\"elementor-container elementor-column-gap-default\">\n\t\t\t\t\t<div class=\"elementor-column elementor-col-100 elementor-inner-column elementor-element elementor-element-95d8e23 elementor-invisible\" data-id=\"95d8e23\" data-element_type=\"column\" data-settings=\"{&quot;background_background&quot;:&quot;classic&quot;,&quot;animation&quot;:&quot;fadeInDown&quot;}\">\n\t\t\t<div class=\"elementor-widget-wrap elementor-element-populated\">\n\t\t\t\t\t\t<div class=\"elementor-element elementor-element-46e065a elementor-widget elementor-widget-text-editor\" data-id=\"46e065a\" data-element_type=\"widget\" data-widget_type=\"text-editor.default\">\n\t\t\t\t<div class=\"elementor-widget-container\">\n\t\t\t\t\t\t\t\t\t<p class=\"translation-block\"><strong>More information:<\/strong><\/p><p>Danilo Pezo, \u00a0CATIE<\/p><p>danilo.pezo@catie.ac.cr<\/p>\t\t\t\t\t\t\t\t<\/div>\n\t\t\t\t<\/div>\n\t\t\t\t\t<\/div>\n\t\t<\/div>\n\t\t\t\t\t<\/div>\n\t\t<\/section>\n\t\t\t\t\t<\/div>\n\t\t<\/div>\n\t\t\t\t\t<\/div>\n\t\t<\/section>\n\t\t\t\t<section class=\"elementor-section elementor-top-section elementor-element elementor-element-ade1249 elementor-section-boxed elementor-section-height-default elementor-section-height-default\" data-id=\"ade1249\" data-element_type=\"section\">\n\t\t\t\t\t\t<div class=\"elementor-container elementor-column-gap-default\">\n\t\t\t\t\t<div class=\"elementor-column elementor-col-100 elementor-top-column elementor-element elementor-element-92e1a1f\" data-id=\"92e1a1f\" data-element_type=\"column\">\n\t\t\t<div class=\"elementor-widget-wrap elementor-element-populated\">\n\t\t\t\t\t\t<div class=\"elementor-element elementor-element-5b03f26 elementor-widget elementor-widget-image\" data-id=\"5b03f26\" data-element_type=\"widget\" data-widget_type=\"image.default\">\n\t\t\t\t<div class=\"elementor-widget-container\">\n\t\t\t\t\t\t\t\t\t\t\t\t\t\t\t<img loading=\"lazy\" decoding=\"async\" width=\"1695\" height=\"689\" src=\"https:\/\/www.catie.ac.cr\/wp-content\/uploads\/2021\/12\/lineatiempoSalvador.png\" class=\"attachment-full size-full wp-image-10402\" alt=\"\" srcset=\"https:\/\/www.catie.ac.cr\/wp-content\/uploads\/2021\/12\/lineatiempoSalvador.png 1695w, https:\/\/www.catie.ac.cr\/wp-content\/uploads\/2021\/12\/lineatiempoSalvador-300x122.png 300w, https:\/\/www.catie.ac.cr\/wp-content\/uploads\/2021\/12\/lineatiempoSalvador-1024x416.png 1024w, https:\/\/www.catie.ac.cr\/wp-content\/uploads\/2021\/12\/lineatiempoSalvador-768x312.png 768w, https:\/\/www.catie.ac.cr\/wp-content\/uploads\/2021\/12\/lineatiempoSalvador-1536x624.png 1536w, https:\/\/www.catie.ac.cr\/wp-content\/uploads\/2021\/12\/lineatiempoSalvador-600x244.png 600w, https:\/\/www.catie.ac.cr\/wp-content\/uploads\/2021\/12\/lineatiempoSalvador-18x7.png 18w\" sizes=\"(max-width: 1695px) 100vw, 1695px\" \/>\t\t\t\t\t\t\t\t\t\t\t\t\t\t\t<\/div>\n\t\t\t\t<\/div>\n\t\t\t\t\t<\/div>\n\t\t<\/div>\n\t\t\t\t\t<\/div>\n\t\t<\/section>\n\t\t\t\t<\/div>","protected":false},"excerpt":{"rendered":"<p>El Salvador El Salvador es pa\u00eds miembro del CATIE desde 1986. Investigaci\u00f3n y desarrollo Proyectos y consultor\u00edas desarrolladas Programa&nbsp; &nbsp;Centroamericano&nbsp; &nbsp;de&nbsp; &nbsp;Gesti\u00f3n Integral de la Roya del Caf\u00e9 (PROCAGICA): Iniciativa financiada por la Uni\u00f3n Europea, donde el CATIE implement\u00f3 50 &hellip; <\/p>","protected":false},"author":1,"featured_media":0,"parent":9804,"menu_order":0,"comment_status":"closed","ping_status":"closed","template":"","meta":{"_bbp_topic_count":0,"_bbp_reply_count":0,"_bbp_total_topic_count":0,"_bbp_total_reply_count":0,"_bbp_voice_count":0,"_bbp_anonymous_reply_count":0,"_bbp_topic_count_hidden":0,"_bbp_reply_count_hidden":0,"_bbp_forum_subforum_count":0,"pmpro_default_level":"","_monsterinsights_skip_tracking":false,"_monsterinsights_sitenote_active":false,"_monsterinsights_sitenote_note":"","_monsterinsights_sitenote_category":0,"_uf_show_specific_survey":0,"_uf_disable_surveys":false,"footnotes":""},"class_list":["post-10399","page","type-page","status-publish","hentry","pmpro-has-access"],"_links":{"self":[{"href":"https:\/\/www.catie.ac.cr\/en\/wp-json\/wp\/v2\/pages\/10399","targetHints":{"allow":["GET"]}}],"collection":[{"href":"https:\/\/www.catie.ac.cr\/en\/wp-json\/wp\/v2\/pages"}],"about":[{"href":"https:\/\/www.catie.ac.cr\/en\/wp-json\/wp\/v2\/types\/page"}],"author":[{"embeddable":true,"href":"https:\/\/www.catie.ac.cr\/en\/wp-json\/wp\/v2\/users\/1"}],"replies":[{"embeddable":true,"href":"https:\/\/www.catie.ac.cr\/en\/wp-json\/wp\/v2\/comments?post=10399"}],"version-history":[{"count":43,"href":"https:\/\/www.catie.ac.cr\/en\/wp-json\/wp\/v2\/pages\/10399\/revisions"}],"predecessor-version":[{"id":11288,"href":"https:\/\/www.catie.ac.cr\/en\/wp-json\/wp\/v2\/pages\/10399\/revisions\/11288"}],"up":[{"embeddable":true,"href":"https:\/\/www.catie.ac.cr\/en\/wp-json\/wp\/v2\/pages\/9804"}],"wp:attachment":[{"href":"https:\/\/www.catie.ac.cr\/en\/wp-json\/wp\/v2\/media?parent=10399"}],"curies":[{"name":"wp","href":"https:\/\/api.w.org\/{rel}","templated":true}]}}