{"id":10519,"date":"2021-12-13T14:00:29","date_gmt":"2021-12-13T20:00:29","guid":{"rendered":"http:\/\/45.77.187.143\/?page_id=10519"},"modified":"2025-02-12T15:57:42","modified_gmt":"2025-02-12T21:57:42","slug":"belice-ant","status":"publish","type":"page","link":"https:\/\/www.catie.ac.cr\/en\/paises\/belice-ant\/","title":{"rendered":"Belice-ant"},"content":{"rendered":"<div data-elementor-type=\"wp-page\" data-elementor-id=\"10519\" class=\"elementor elementor-10519\" data-elementor-post-type=\"page\">\n\t\t\t\t\t\t<section class=\"elementor-section elementor-top-section elementor-element elementor-element-d7aa331 elementor-section-boxed elementor-section-height-default elementor-section-height-default\" data-id=\"d7aa331\" data-element_type=\"section\">\n\t\t\t\t\t\t<div class=\"elementor-container elementor-column-gap-default\">\n\t\t\t\t\t<div class=\"elementor-column elementor-col-100 elementor-top-column elementor-element elementor-element-a6b64fb\" data-id=\"a6b64fb\" data-element_type=\"column\">\n\t\t\t<div class=\"elementor-widget-wrap elementor-element-populated\">\n\t\t\t\t\t\t<div class=\"elementor-element elementor-element-d383594 elementor-invisible elementor-widget elementor-widget-image\" data-id=\"d383594\" data-element_type=\"widget\" data-settings=\"{&quot;_animation&quot;:&quot;bounceIn&quot;}\" data-widget_type=\"image.default\">\n\t\t\t\t<div class=\"elementor-widget-container\">\n\t\t\t\t\t\t\t\t\t\t\t\t\t\t\t<img decoding=\"async\" width=\"175\" height=\"109\" src=\"https:\/\/www.catie.ac.cr\/wp-content\/uploads\/2021\/12\/icono-morado.png\" class=\"attachment-full size-full wp-image-10785\" alt=\"\" srcset=\"https:\/\/www.catie.ac.cr\/wp-content\/uploads\/2021\/12\/icono-morado.png 175w, https:\/\/www.catie.ac.cr\/wp-content\/uploads\/2021\/12\/icono-morado-18x12.png 18w\" sizes=\"(max-width: 175px) 100vw, 175px\" \/>\t\t\t\t\t\t\t\t\t\t\t\t\t\t\t<\/div>\n\t\t\t\t<\/div>\n\t\t\t\t<div class=\"elementor-element elementor-element-f1367b0 elementor-invisible elementor-widget elementor-widget-thim-heading\" data-id=\"f1367b0\" data-element_type=\"widget\" data-settings=\"{&quot;_animation&quot;:&quot;fadeInDown&quot;}\" data-widget_type=\"thim-heading.default\">\n\t\t\t\t<div class=\"elementor-widget-container\">\n\t\t\t\t\t<div class=\"sc_heading   text-center\"><h3 style=\"text-transform: uppercase;\" class=\"title\">Belize<\/h3><span class=\"line\"><\/span><\/div>\t\t\t\t<\/div>\n\t\t\t\t<\/div>\n\t\t\t\t\t<\/div>\n\t\t<\/div>\n\t\t\t\t\t<\/div>\n\t\t<\/section>\n\t\t\t\t<section class=\"elementor-section elementor-top-section elementor-element elementor-element-d001a09 elementor-section-boxed elementor-section-height-default elementor-section-height-default\" data-id=\"d001a09\" data-element_type=\"section\">\n\t\t\t\t\t\t<div class=\"elementor-container elementor-column-gap-default\">\n\t\t\t\t\t<div class=\"elementor-column elementor-col-50 elementor-top-column elementor-element elementor-element-f1fc9cf\" data-id=\"f1fc9cf\" data-element_type=\"column\">\n\t\t\t<div class=\"elementor-widget-wrap elementor-element-populated\">\n\t\t\t\t\t\t<section class=\"elementor-section elementor-inner-section elementor-element elementor-element-01be6dd elementor-section-boxed elementor-section-height-default elementor-section-height-default\" data-id=\"01be6dd\" data-element_type=\"section\">\n\t\t\t\t\t\t<div class=\"elementor-container elementor-column-gap-default\">\n\t\t\t\t\t<div class=\"elementor-column elementor-col-50 elementor-inner-column elementor-element elementor-element-40b3ab0\" data-id=\"40b3ab0\" data-element_type=\"column\">\n\t\t\t<div class=\"elementor-widget-wrap\">\n\t\t\t\t\t\t\t<\/div>\n\t\t<\/div>\n\t\t\t\t<div class=\"elementor-column elementor-col-50 elementor-inner-column elementor-element elementor-element-c5a6cd3 elementor-invisible\" data-id=\"c5a6cd3\" data-element_type=\"column\" data-settings=\"{&quot;animation&quot;:&quot;bounceIn&quot;}\">\n\t\t\t<div class=\"elementor-widget-wrap elementor-element-populated\">\n\t\t\t\t\t\t<div class=\"elementor-element elementor-element-daa7b55 elementor-widget elementor-widget-image\" data-id=\"daa7b55\" data-element_type=\"widget\" data-widget_type=\"image.default\">\n\t\t\t\t<div class=\"elementor-widget-container\">\n\t\t\t\t\t\t\t\t\t\t\t\t\t\t\t<img decoding=\"async\" width=\"300\" height=\"116\" src=\"https:\/\/www.catie.ac.cr\/wp-content\/uploads\/2022\/01\/icono-azul-300x116.png\" class=\"attachment-medium size-medium wp-image-11180\" alt=\"\" srcset=\"https:\/\/www.catie.ac.cr\/wp-content\/uploads\/2022\/01\/icono-azul-300x116.png 300w, https:\/\/www.catie.ac.cr\/wp-content\/uploads\/2022\/01\/icono-azul-1024x396.png 1024w, https:\/\/www.catie.ac.cr\/wp-content\/uploads\/2022\/01\/icono-azul-768x297.png 768w, https:\/\/www.catie.ac.cr\/wp-content\/uploads\/2022\/01\/icono-azul-18x7.png 18w, https:\/\/www.catie.ac.cr\/wp-content\/uploads\/2022\/01\/icono-azul-600x232.png 600w, https:\/\/www.catie.ac.cr\/wp-content\/uploads\/2022\/01\/icono-azul.png 1203w\" sizes=\"(max-width: 300px) 100vw, 300px\" \/>\t\t\t\t\t\t\t\t\t\t\t\t\t\t\t<\/div>\n\t\t\t\t<\/div>\n\t\t\t\t\t<\/div>\n\t\t<\/div>\n\t\t\t\t\t<\/div>\n\t\t<\/section>\n\t\t\t\t<section class=\"elementor-section elementor-inner-section elementor-element elementor-element-d4fe7c5 elementor-section-boxed elementor-section-height-default elementor-section-height-default\" data-id=\"d4fe7c5\" data-element_type=\"section\">\n\t\t\t\t\t\t<div class=\"elementor-container elementor-column-gap-default\">\n\t\t\t\t\t<div class=\"elementor-column elementor-col-100 elementor-inner-column elementor-element elementor-element-d6ae6ad elementor-invisible\" data-id=\"d6ae6ad\" data-element_type=\"column\" data-settings=\"{&quot;animation&quot;:&quot;fadeInDown&quot;}\">\n\t\t\t<div class=\"elementor-widget-wrap elementor-element-populated\">\n\t\t\t\t\t\t<div class=\"elementor-element elementor-element-30f8ab8 elementor-widget elementor-widget-heading\" data-id=\"30f8ab8\" data-element_type=\"widget\" data-widget_type=\"heading.default\">\n\t\t\t\t<div class=\"elementor-widget-container\">\n\t\t\t\t\t<h3 class=\"elementor-heading-title elementor-size-default\">Research and development<\/h3>\t\t\t\t<\/div>\n\t\t\t\t<\/div>\n\t\t\t\t<div class=\"elementor-element elementor-element-e97adb7 elementor-widget elementor-widget-heading\" data-id=\"e97adb7\" data-element_type=\"widget\" data-widget_type=\"heading.default\">\n\t\t\t\t<div class=\"elementor-widget-container\">\n\t\t\t\t\t<h3 class=\"elementor-heading-title elementor-size-default\">Projects and relevant activities in Belize<\/h3>\t\t\t\t<\/div>\n\t\t\t\t<\/div>\n\t\t\t\t<div class=\"elementor-element elementor-element-30dfb92 elementor-widget elementor-widget-text-editor\" data-id=\"30dfb92\" data-element_type=\"widget\" data-widget_type=\"text-editor.default\">\n\t\t\t\t<div class=\"elementor-widget-container\">\n\t\t\t\t\t\t\t\t\t<p class=\"translation-block\">Climate Smart Agriculture Technology and Systems for Risk Management. Design and implementaton of a training program focused on the Climate Smart Agriculture (CSA) approach, to build the capacity of the extension services and farmer leaders to increase the resiliency to climate change in Belize\u2019s agricultural sector. Trainees are extension officers of the Resilient Rural Belize (RRB) Project, as well as part of the Ministry of Agriculture, Food Security and Enterprises, and other relevant agricultural and environmental institutions. This training program will build upon previous work developed by CATIE, MoA and UNDP focused on CSA as a strategy to address climate risk in Belize.\n<br><br>\nDevelopment of an Integrated and Comprehensive Agroforestry Policy Framework for Belize. Aimed at analyzing the status of agroforestry practices, along with forest and environmental policies that may contribute to enhance tree coverage in farms as a means to increase carbon sequestration \u2013 to meet Belize\u00b4s obligations under the Paris Agreement and enhance the resilience to climate change. In partnership with the National Climate Change Office of the Ministry of Sustainable Development, Climate Change &amp; Disaster Risk Management, and the Climate Technology Centre and Network (CTCN).\n<br><br>\nImproving Livestock Productivity and Climate Resilience in Belize. Promotes the adoption of climate-smart livestock production technologies, such as the rehabilitation of degraded pastures, the enhancement of tree coverage, and other silvopastoral innovations aimed at increasing productivity, income, and resilience to climate change in livestock farms. CATIE works on enhancing the capabilities of BLPA members and livestock extension staff, to scale up new technologies, with the support of the InterAmerican Development Bank (IDB) Innovation Laboratory.\n<br><br>\nValue Chain Market Assessment for each Priority Area identified in the Resilient Rural Belize (RRB) Programme. It applies a value chain analysis that works with stakeholders to identify and prioritize the potential efficiency improvements in the value chain production, processing, and marketing; which would benefit smallholders, women, youth, and other actors along seven pre-identified value chains in Belize. The project is funded by the International Fund for Agricultural Development (IFAD).\n<br><br>\nClimate Vulnerability Assessment for each Priority Area identified in the Resilient Rural Belize (RRB) Programme.Aimed at analyzing key climatic aspects that must be taken into consideration to climate-proof the investments that support the prioritized value chains, as means to optimize value chain interventions.The project is funded by the International Fund for Agricultural Development (IFAD).<\/p>\t\t\t\t\t\t\t\t<\/div>\n\t\t\t\t<\/div>\n\t\t\t\t\t<\/div>\n\t\t<\/div>\n\t\t\t\t\t<\/div>\n\t\t<\/section>\n\t\t\t\t<section class=\"elementor-section elementor-inner-section elementor-element elementor-element-18d52ee elementor-section-boxed elementor-section-height-default elementor-section-height-default\" data-id=\"18d52ee\" data-element_type=\"section\">\n\t\t\t\t\t\t<div class=\"elementor-container elementor-column-gap-default\">\n\t\t\t\t\t<div class=\"elementor-column elementor-col-50 elementor-inner-column elementor-element elementor-element-b68f901\" data-id=\"b68f901\" data-element_type=\"column\">\n\t\t\t<div class=\"elementor-widget-wrap\">\n\t\t\t\t\t\t\t<\/div>\n\t\t<\/div>\n\t\t\t\t<div class=\"elementor-column elementor-col-50 elementor-inner-column elementor-element elementor-element-5e7317e elementor-invisible\" data-id=\"5e7317e\" data-element_type=\"column\" data-settings=\"{&quot;animation&quot;:&quot;bounceIn&quot;}\">\n\t\t\t<div class=\"elementor-widget-wrap elementor-element-populated\">\n\t\t\t\t\t\t<div class=\"elementor-element elementor-element-33bdb3a elementor-widget elementor-widget-image\" data-id=\"33bdb3a\" data-element_type=\"widget\" data-widget_type=\"image.default\">\n\t\t\t\t<div class=\"elementor-widget-container\">\n\t\t\t\t\t\t\t\t\t\t\t\t\t\t\t<img decoding=\"async\" width=\"300\" height=\"116\" src=\"https:\/\/www.catie.ac.cr\/wp-content\/uploads\/2022\/01\/icono-anaranjado-300x116.png\" class=\"attachment-medium size-medium wp-image-11185\" alt=\"\" srcset=\"https:\/\/www.catie.ac.cr\/wp-content\/uploads\/2022\/01\/icono-anaranjado-300x116.png 300w, https:\/\/www.catie.ac.cr\/wp-content\/uploads\/2022\/01\/icono-anaranjado-1024x397.png 1024w, https:\/\/www.catie.ac.cr\/wp-content\/uploads\/2022\/01\/icono-anaranjado-768x297.png 768w, https:\/\/www.catie.ac.cr\/wp-content\/uploads\/2022\/01\/icono-anaranjado-18x7.png 18w, https:\/\/www.catie.ac.cr\/wp-content\/uploads\/2022\/01\/icono-anaranjado-600x232.png 600w, https:\/\/www.catie.ac.cr\/wp-content\/uploads\/2022\/01\/icono-anaranjado.png 1203w\" sizes=\"(max-width: 300px) 100vw, 300px\" \/>\t\t\t\t\t\t\t\t\t\t\t\t\t\t\t<\/div>\n\t\t\t\t<\/div>\n\t\t\t\t\t<\/div>\n\t\t<\/div>\n\t\t\t\t\t<\/div>\n\t\t<\/section>\n\t\t\t\t<section class=\"elementor-section elementor-inner-section elementor-element elementor-element-c263e82 elementor-section-boxed elementor-section-height-default elementor-section-height-default\" data-id=\"c263e82\" data-element_type=\"section\">\n\t\t\t\t\t\t<div class=\"elementor-container elementor-column-gap-default\">\n\t\t\t\t\t<div class=\"elementor-column elementor-col-100 elementor-inner-column elementor-element elementor-element-b14a8ea elementor-invisible\" data-id=\"b14a8ea\" data-element_type=\"column\" data-settings=\"{&quot;animation&quot;:&quot;fadeInDown&quot;}\">\n\t\t\t<div class=\"elementor-widget-wrap elementor-element-populated\">\n\t\t\t\t\t\t<div class=\"elementor-element elementor-element-d7ae9e6 elementor-widget elementor-widget-heading\" data-id=\"d7ae9e6\" data-element_type=\"widget\" data-widget_type=\"heading.default\">\n\t\t\t\t<div class=\"elementor-widget-container\">\n\t\t\t\t\t<h3 class=\"elementor-heading-title elementor-size-default\">What does CATIE offers to the country? <\/h3>\t\t\t\t<\/div>\n\t\t\t\t<\/div>\n\t\t\t\t<div class=\"elementor-element elementor-element-c3bfe5f elementor-widget elementor-widget-text-editor\" data-id=\"c3bfe5f\" data-element_type=\"widget\" data-widget_type=\"text-editor.default\">\n\t\t\t\t<div class=\"elementor-widget-container\">\n\t\t\t\t\t\t\t\t\t<p>CATIE can help the country in the following areas: knowledge management, training in human resources, rural development, extension, family farming, agro- ecology, cocoa and coffee agroforestry systems, sustainable intensification of livestock production, forest management, climate change adaptation\/mitigation, water balance and security, and information platforms for holistic territorial analysis, among others.<\/p>\t\t\t\t\t\t\t\t<\/div>\n\t\t\t\t<\/div>\n\t\t\t\t\t<\/div>\n\t\t<\/div>\n\t\t\t\t\t<\/div>\n\t\t<\/section>\n\t\t\t\t\t<\/div>\n\t\t<\/div>\n\t\t\t\t<div class=\"elementor-column elementor-col-50 elementor-top-column elementor-element elementor-element-eb587e5\" data-id=\"eb587e5\" data-element_type=\"column\" data-settings=\"{&quot;background_background&quot;:&quot;classic&quot;}\">\n\t\t\t<div class=\"elementor-widget-wrap elementor-element-populated\">\n\t\t\t\t\t\t<section class=\"elementor-section elementor-inner-section elementor-element elementor-element-7d26e91 elementor-section-boxed elementor-section-height-default elementor-section-height-default\" data-id=\"7d26e91\" data-element_type=\"section\" data-settings=\"{&quot;background_background&quot;:&quot;classic&quot;}\">\n\t\t\t\t\t\t<div class=\"elementor-container elementor-column-gap-default\">\n\t\t\t\t\t<div class=\"elementor-column elementor-col-50 elementor-inner-column elementor-element elementor-element-b82cc80\" data-id=\"b82cc80\" data-element_type=\"column\">\n\t\t\t<div class=\"elementor-widget-wrap\">\n\t\t\t\t\t\t\t<\/div>\n\t\t<\/div>\n\t\t\t\t<div class=\"elementor-column elementor-col-50 elementor-inner-column elementor-element elementor-element-1eda931 elementor-invisible\" data-id=\"1eda931\" data-element_type=\"column\" data-settings=\"{&quot;animation&quot;:&quot;bounceIn&quot;}\">\n\t\t\t<div class=\"elementor-widget-wrap elementor-element-populated\">\n\t\t\t\t\t\t<div class=\"elementor-element elementor-element-f644a2e elementor-widget elementor-widget-image\" data-id=\"f644a2e\" data-element_type=\"widget\" data-widget_type=\"image.default\">\n\t\t\t\t<div class=\"elementor-widget-container\">\n\t\t\t\t\t\t\t\t\t\t\t\t\t\t\t<img loading=\"lazy\" decoding=\"async\" width=\"1203\" height=\"466\" src=\"https:\/\/www.catie.ac.cr\/wp-content\/uploads\/2022\/01\/icono-verde.png\" class=\"attachment-full size-full wp-image-11138\" alt=\"\" srcset=\"https:\/\/www.catie.ac.cr\/wp-content\/uploads\/2022\/01\/icono-verde.png 1203w, https:\/\/www.catie.ac.cr\/wp-content\/uploads\/2022\/01\/icono-verde-300x116.png 300w, https:\/\/www.catie.ac.cr\/wp-content\/uploads\/2022\/01\/icono-verde-1024x397.png 1024w, https:\/\/www.catie.ac.cr\/wp-content\/uploads\/2022\/01\/icono-verde-768x297.png 768w, https:\/\/www.catie.ac.cr\/wp-content\/uploads\/2022\/01\/icono-verde-18x7.png 18w, https:\/\/www.catie.ac.cr\/wp-content\/uploads\/2022\/01\/icono-verde-600x232.png 600w\" sizes=\"(max-width: 1203px) 100vw, 1203px\" \/>\t\t\t\t\t\t\t\t\t\t\t\t\t\t\t<\/div>\n\t\t\t\t<\/div>\n\t\t\t\t\t<\/div>\n\t\t<\/div>\n\t\t\t\t\t<\/div>\n\t\t<\/section>\n\t\t\t\t<section class=\"elementor-section elementor-inner-section elementor-element elementor-element-715f09a elementor-section-boxed elementor-section-height-default elementor-section-height-default\" data-id=\"715f09a\" data-element_type=\"section\">\n\t\t\t\t\t\t<div class=\"elementor-container elementor-column-gap-default\">\n\t\t\t\t\t<div class=\"elementor-column elementor-col-100 elementor-inner-column elementor-element elementor-element-2142852 elementor-invisible\" data-id=\"2142852\" data-element_type=\"column\" data-settings=\"{&quot;background_background&quot;:&quot;classic&quot;,&quot;animation&quot;:&quot;fadeInDown&quot;}\">\n\t\t\t<div class=\"elementor-widget-wrap elementor-element-populated\">\n\t\t\t\t\t\t<div class=\"elementor-element elementor-element-8add696 elementor-widget elementor-widget-heading\" data-id=\"8add696\" data-element_type=\"widget\" data-widget_type=\"heading.default\">\n\t\t\t\t<div class=\"elementor-widget-container\">\n\t\t\t\t\t<h3 class=\"elementor-heading-title elementor-size-default\">Capacity Building<\/h3>\t\t\t\t<\/div>\n\t\t\t\t<\/div>\n\t\t\t\t<div class=\"elementor-element elementor-element-2718593 elementor-widget elementor-widget-text-editor\" data-id=\"2718593\" data-element_type=\"widget\" data-widget_type=\"text-editor.default\">\n\t\t\t\t<div class=\"elementor-widget-container\">\n\t\t\t\t\t\t\t\t\t<p class=\"translation-block\"><strong>Graduate Training<\/strong><\/p><ul><li>Since CATIE\u00b4s creation: 12 MSc graduates (6 female and 6 male)<\/li><li>None currently enrolled.<\/li><\/ul><p class=\"translation-block\"><strong>Training (Since 2018):<\/strong><\/p><ul><li>137 professionals and technicians (30 female, 107 male).<\/li><li>More than 600 families trained on the use of technological innovations for improving their livelihoods.<\/li><\/ul>\t\t\t\t\t\t\t\t<\/div>\n\t\t\t\t<\/div>\n\t\t\t\t\t<\/div>\n\t\t<\/div>\n\t\t\t\t\t<\/div>\n\t\t<\/section>\n\t\t\t\t<section class=\"elementor-section elementor-inner-section elementor-element elementor-element-e0811e6 elementor-section-boxed elementor-section-height-default elementor-section-height-default\" data-id=\"e0811e6\" data-element_type=\"section\">\n\t\t\t\t\t\t<div class=\"elementor-container elementor-column-gap-default\">\n\t\t\t\t\t<div class=\"elementor-column elementor-col-50 elementor-inner-column elementor-element elementor-element-a88f86d\" data-id=\"a88f86d\" data-element_type=\"column\">\n\t\t\t<div class=\"elementor-widget-wrap\">\n\t\t\t\t\t\t\t<\/div>\n\t\t<\/div>\n\t\t\t\t<div class=\"elementor-column elementor-col-50 elementor-inner-column elementor-element elementor-element-8227539 elementor-invisible\" data-id=\"8227539\" data-element_type=\"column\" data-settings=\"{&quot;animation&quot;:&quot;bounceIn&quot;}\">\n\t\t\t<div class=\"elementor-widget-wrap elementor-element-populated\">\n\t\t\t\t\t\t<div class=\"elementor-element elementor-element-cb31a52 elementor-widget elementor-widget-image\" data-id=\"cb31a52\" data-element_type=\"widget\" data-widget_type=\"image.default\">\n\t\t\t\t<div class=\"elementor-widget-container\">\n\t\t\t\t\t\t\t\t\t\t\t\t\t\t\t<img loading=\"lazy\" decoding=\"async\" width=\"1203\" height=\"466\" src=\"https:\/\/www.catie.ac.cr\/wp-content\/uploads\/2022\/01\/icono-beige.png\" class=\"attachment-full size-full wp-image-11184\" alt=\"\" srcset=\"https:\/\/www.catie.ac.cr\/wp-content\/uploads\/2022\/01\/icono-beige.png 1203w, https:\/\/www.catie.ac.cr\/wp-content\/uploads\/2022\/01\/icono-beige-300x116.png 300w, https:\/\/www.catie.ac.cr\/wp-content\/uploads\/2022\/01\/icono-beige-1024x397.png 1024w, https:\/\/www.catie.ac.cr\/wp-content\/uploads\/2022\/01\/icono-beige-768x297.png 768w, https:\/\/www.catie.ac.cr\/wp-content\/uploads\/2022\/01\/icono-beige-18x7.png 18w, https:\/\/www.catie.ac.cr\/wp-content\/uploads\/2022\/01\/icono-beige-600x232.png 600w\" sizes=\"(max-width: 1203px) 100vw, 1203px\" \/>\t\t\t\t\t\t\t\t\t\t\t\t\t\t\t<\/div>\n\t\t\t\t<\/div>\n\t\t\t\t\t<\/div>\n\t\t<\/div>\n\t\t\t\t\t<\/div>\n\t\t<\/section>\n\t\t\t\t<section class=\"elementor-section elementor-inner-section elementor-element elementor-element-ec8db3b elementor-section-boxed elementor-section-height-default elementor-section-height-default\" data-id=\"ec8db3b\" data-element_type=\"section\">\n\t\t\t\t\t\t<div class=\"elementor-container elementor-column-gap-default\">\n\t\t\t\t\t<div class=\"elementor-column elementor-col-100 elementor-inner-column elementor-element elementor-element-d8dbbca elementor-invisible\" data-id=\"d8dbbca\" data-element_type=\"column\" data-settings=\"{&quot;animation&quot;:&quot;fadeInDown&quot;}\">\n\t\t\t<div class=\"elementor-widget-wrap elementor-element-populated\">\n\t\t\t\t\t\t<div class=\"elementor-element elementor-element-b6e7baa elementor-widget elementor-widget-heading\" data-id=\"b6e7baa\" data-element_type=\"widget\" data-widget_type=\"heading.default\">\n\t\t\t\t<div class=\"elementor-widget-container\">\n\t\t\t\t\t<h3 class=\"elementor-heading-title elementor-size-default\">Strategic partners<\/h3>\t\t\t\t<\/div>\n\t\t\t\t<\/div>\n\t\t\t\t<div class=\"elementor-element elementor-element-673d2b2 elementor-widget elementor-widget-text-editor\" data-id=\"673d2b2\" data-element_type=\"widget\" data-widget_type=\"text-editor.default\">\n\t\t\t\t<div class=\"elementor-widget-container\">\n\t\t\t\t\t\t\t\t\t<p>The impact of our efforts is scaled up thanks to a network of partners in different sectors. Since CATIE started activities in Belize, we have established partnerships with more than 25 institutions in the public and private sector; including academia, government and non-go- vernment institutions, rural communities and farmers organizations, and the international cooperation.<\/p>\t\t\t\t\t\t\t\t<\/div>\n\t\t\t\t<\/div>\n\t\t\t\t<div class=\"elementor-element elementor-element-562b060 elementor-widget elementor-widget-spacer\" data-id=\"562b060\" data-element_type=\"widget\" data-widget_type=\"spacer.default\">\n\t\t\t\t<div class=\"elementor-widget-container\">\n\t\t\t\t\t\t\t<div class=\"elementor-spacer\">\n\t\t\t<div class=\"elementor-spacer-inner\"><\/div>\n\t\t<\/div>\n\t\t\t\t\t\t<\/div>\n\t\t\t\t<\/div>\n\t\t\t\t\t<\/div>\n\t\t<\/div>\n\t\t\t\t\t<\/div>\n\t\t<\/section>\n\t\t\t\t\t<\/div>\n\t\t<\/div>\n\t\t\t\t\t<\/div>\n\t\t<\/section>\n\t\t\t\t<\/div>","protected":false},"excerpt":{"rendered":"<p>Belice Investigaci\u00f3n y desarrollo Proyectos y actividades relevantes del CATIE en Belice Tecnolog\u00eda y sistemas agr\u00edcolas clim\u00e1ticamente inteligentes para la gesti\u00f3n de riesgos. Dise\u00f1o e implementaci\u00f3n de un programa de capacitaci\u00f3n enfocado en el enfoque de Agricultura Clim\u00e1ticamente Inteligente (CSA), &hellip; <\/p>","protected":false},"author":1,"featured_media":0,"parent":9804,"menu_order":0,"comment_status":"closed","ping_status":"closed","template":"","meta":{"_bbp_topic_count":0,"_bbp_reply_count":0,"_bbp_total_topic_count":0,"_bbp_total_reply_count":0,"_bbp_voice_count":0,"_bbp_anonymous_reply_count":0,"_bbp_topic_count_hidden":0,"_bbp_reply_count_hidden":0,"_bbp_forum_subforum_count":0,"pmpro_default_level":"0","_monsterinsights_skip_tracking":false,"_monsterinsights_sitenote_active":false,"_monsterinsights_sitenote_note":"","_monsterinsights_sitenote_category":0,"_uf_show_specific_survey":0,"_uf_disable_surveys":false,"footnotes":""},"class_list":["post-10519","page","type-page","status-publish","hentry","pmpro-has-access"],"_links":{"self":[{"href":"https:\/\/www.catie.ac.cr\/en\/wp-json\/wp\/v2\/pages\/10519","targetHints":{"allow":["GET"]}}],"collection":[{"href":"https:\/\/www.catie.ac.cr\/en\/wp-json\/wp\/v2\/pages"}],"about":[{"href":"https:\/\/www.catie.ac.cr\/en\/wp-json\/wp\/v2\/types\/page"}],"author":[{"embeddable":true,"href":"https:\/\/www.catie.ac.cr\/en\/wp-json\/wp\/v2\/users\/1"}],"replies":[{"embeddable":true,"href":"https:\/\/www.catie.ac.cr\/en\/wp-json\/wp\/v2\/comments?post=10519"}],"version-history":[{"count":38,"href":"https:\/\/www.catie.ac.cr\/en\/wp-json\/wp\/v2\/pages\/10519\/revisions"}],"predecessor-version":[{"id":32157,"href":"https:\/\/www.catie.ac.cr\/en\/wp-json\/wp\/v2\/pages\/10519\/revisions\/32157"}],"up":[{"embeddable":true,"href":"https:\/\/www.catie.ac.cr\/en\/wp-json\/wp\/v2\/pages\/9804"}],"wp:attachment":[{"href":"https:\/\/www.catie.ac.cr\/en\/wp-json\/wp\/v2\/media?parent=10519"}],"curies":[{"name":"wp","href":"https:\/\/api.w.org\/{rel}","templated":true}]}}