{"id":11680,"date":"2022-01-18T15:29:37","date_gmt":"2022-01-18T21:29:37","guid":{"rendered":"http:\/\/45.77.187.143\/?page_id=11680"},"modified":"2023-10-25T11:20:07","modified_gmt":"2023-10-25T17:20:07","slug":"doctorado","status":"publish","type":"page","link":"https:\/\/www.catie.ac.cr\/en\/oferta-academica-desactualizado\/doctorado\/","title":{"rendered":"Doctorate"},"content":{"rendered":"<div data-elementor-type=\"wp-page\" data-elementor-id=\"11680\" class=\"elementor elementor-11680\" data-elementor-post-type=\"page\">\n\t\t\t\t\t\t<section class=\"elementor-section elementor-top-section elementor-element elementor-element-67aa162 elementor-section-boxed elementor-section-height-default elementor-section-height-default\" data-id=\"67aa162\" data-element_type=\"section\">\n\t\t\t\t\t\t<div class=\"elementor-container elementor-column-gap-default\">\n\t\t\t\t\t<div class=\"elementor-column elementor-col-100 elementor-top-column elementor-element elementor-element-39f3e0f\" data-id=\"39f3e0f\" data-element_type=\"column\">\n\t\t\t<div class=\"elementor-widget-wrap elementor-element-populated\">\n\t\t\t\t\t\t<div class=\"elementor-element elementor-element-94418bd elementor-invisible elementor-widget elementor-widget-text-editor\" data-id=\"94418bd\" data-element_type=\"widget\" data-settings=\"{&quot;_animation&quot;:&quot;fadeInUp&quot;}\" data-widget_type=\"text-editor.default\">\n\t\t\t\t<div class=\"elementor-widget-container\">\n\t\t\t\t\t\t\t\t\t<p>The main objective of CATIE's Doctoral Program is to offer opportunities for academic training and scientific research for development to qualified professionals, to obtain the degree of Doctor of Philosophy (Ph.D.). The commitment is to offer a program with the highest international standards, at the same level as the best universities in the world. The CATIE doctorate has a minimum duration of three years, with full-time dedication, which could be extended \u2013if necessary\u2013 to a fourth year.<\/p><p>The program is accredited by the Costa Rican National Higher Education Accreditation System (<a href=\"https:\/\/www.sinaes.ac.cr\/\">SINAES<\/a>), an entity in charge of promoting the permanent improvement of the quality of Costa Rican higher education, which is a full member of the Ibero-American Network for the Accreditation of the Quality of Higher Education (RIACES) and part of the International Network of Agencies for Assurance of the Quality of Higher Education (INQAAHE), among other international accrediting agencies.<\/p><p>Accreditation is a legitimation of our educational quality before society and the international academic community and evidence of our academic standards, as well as the quality and rigor of the training received at our university.<\/p>\t\t\t\t\t\t\t\t<\/div>\n\t\t\t\t<\/div>\n\t\t\t\t\t<\/div>\n\t\t<\/div>\n\t\t\t\t\t<\/div>\n\t\t<\/section>\n\t\t\t\t<section class=\"elementor-section elementor-top-section elementor-element elementor-element-469e3af elementor-section-boxed elementor-section-height-default elementor-section-height-default\" data-id=\"469e3af\" data-element_type=\"section\">\n\t\t\t\t\t\t<div class=\"elementor-container elementor-column-gap-default\">\n\t\t\t\t\t<div class=\"elementor-column elementor-col-100 elementor-top-column elementor-element elementor-element-40c2cc1\" data-id=\"40c2cc1\" data-element_type=\"column\">\n\t\t\t<div class=\"elementor-widget-wrap elementor-element-populated\">\n\t\t\t\t\t\t<div class=\"elementor-element elementor-element-3cca229 elementor-invisible elementor-widget elementor-widget-heading\" data-id=\"3cca229\" data-element_type=\"widget\" data-settings=\"{&quot;_animation&quot;:&quot;fadeInUp&quot;}\" data-widget_type=\"heading.default\">\n\t\t\t\t<div class=\"elementor-widget-container\">\n\t\t\t\t\t<h3 class=\"elementor-heading-title elementor-size-default\">Options for doctoral studies at CATIE<\/h3>\t\t\t\t<\/div>\n\t\t\t\t<\/div>\n\t\t\t\t\t<\/div>\n\t\t<\/div>\n\t\t\t\t\t<\/div>\n\t\t<\/section>\n\t\t\t\t<section class=\"elementor-section elementor-top-section elementor-element elementor-element-3ff1af8 elementor-section-content-middle elementor-section-boxed elementor-section-height-default elementor-section-height-default elementor-invisible\" data-id=\"3ff1af8\" data-element_type=\"section\" data-settings=\"{&quot;animation&quot;:&quot;fadeInLeft&quot;}\">\n\t\t\t\t\t\t<div class=\"elementor-container elementor-column-gap-default\">\n\t\t\t\t\t<div class=\"elementor-column elementor-col-33 elementor-top-column elementor-element elementor-element-1593ebf\" data-id=\"1593ebf\" data-element_type=\"column\" data-settings=\"{&quot;background_background&quot;:&quot;classic&quot;}\">\n\t\t\t<div class=\"elementor-widget-wrap elementor-element-populated\">\n\t\t\t\t\t\t<div class=\"elementor-element elementor-element-6222269 elementor-widget elementor-widget-text-editor\" data-id=\"6222269\" data-element_type=\"widget\" data-widget_type=\"text-editor.default\">\n\t\t\t\t<div class=\"elementor-widget-container\">\n\t\t\t\t\t\t\t\t\t<strong>In-person Doctoreate Degrees<\/strong>\t\t\t\t\t\t\t\t<\/div>\n\t\t\t\t<\/div>\n\t\t\t\t\t<\/div>\n\t\t<\/div>\n\t\t\t\t<div class=\"elementor-column elementor-col-66 elementor-top-column elementor-element elementor-element-2ebc50b\" data-id=\"2ebc50b\" data-element_type=\"column\" data-settings=\"{&quot;background_background&quot;:&quot;classic&quot;}\">\n\t\t\t<div class=\"elementor-widget-wrap elementor-element-populated\">\n\t\t\t\t\t\t<div class=\"elementor-element elementor-element-53e2923 elementor-widget elementor-widget-text-editor\" data-id=\"53e2923\" data-element_type=\"widget\" data-widget_type=\"text-editor.default\">\n\t\t\t\t<div class=\"elementor-widget-container\">\n\t\t\t\t\t\t\t\t\t<ul><li>Joint doctoral program with the University of Bangor, United Kingdom (in English)<\/li><li>Joint doctoral program with the University of Idaho, United States (in English)<\/li><li>CATIE doctoral program, with cooperating universities in the United States and Europe (in English)<\/li><li>CATIE doctoral program, with cooperating universities, mainly from Latin America or Spain (in Spanish)<\/li><\/ul>\t\t\t\t\t\t\t\t<\/div>\n\t\t\t\t<\/div>\n\t\t\t\t\t<\/div>\n\t\t<\/div>\n\t\t\t\t\t<\/div>\n\t\t<\/section>\n\t\t\t\t<section class=\"elementor-section elementor-top-section elementor-element elementor-element-3457e87 elementor-section-boxed elementor-section-height-default elementor-section-height-default elementor-invisible\" data-id=\"3457e87\" data-element_type=\"section\" data-settings=\"{&quot;animation&quot;:&quot;fadeInUp&quot;}\">\n\t\t\t\t\t\t<div class=\"elementor-container elementor-column-gap-default\">\n\t\t\t\t\t<div class=\"elementor-column elementor-col-100 elementor-top-column elementor-element elementor-element-8d554b6\" data-id=\"8d554b6\" data-element_type=\"column\">\n\t\t\t<div class=\"elementor-widget-wrap elementor-element-populated\">\n\t\t\t\t\t\t<div class=\"elementor-element elementor-element-b394ca7 elementor-widget elementor-widget-text-editor\" data-id=\"b394ca7\" data-element_type=\"widget\" data-widget_type=\"text-editor.default\">\n\t\t\t\t<div class=\"elementor-widget-container\">\n\t\t\t\t\t\t\t\t\t<p class=\"translation-block\">In the first two options, the \"Doctor of Philosophy\" degree is awarded jointly with the respective partner university, while in the third and fourth options the degree is issued by CATIE. The CATIE doctorate (in Spanish or English), as well as the joint doctorates, have a minimum duration of three full-time years and could be extended \u2013if necessary\u2013 to a fourth year part-time or full-time. The study plan is individual for each applicant.<\/p><p>The thematic areas of emphasis of the doctorates are:<\/p><ul><li>Agroforestry and sustainable agriculture<\/li><li>Management and comprehensive management of hydrographic basins and water resources<\/li><li>Economy, development and climate change<\/li><li>Management and conservation of tropical forests and biodiversity<\/li><li>Ecosystem services of forest, agroforestry and agricultural systems<\/li><li>Socioeconomic and political analysis of natural resources and agricultural production systems<\/li><li>Governance and livelihood approaches to natural resource management<\/li><\/ul>\t\t\t\t\t\t\t\t<\/div>\n\t\t\t\t<\/div>\n\t\t\t\t\t<\/div>\n\t\t<\/div>\n\t\t\t\t\t<\/div>\n\t\t<\/section>\n\t\t\t\t<section class=\"elementor-section elementor-top-section elementor-element elementor-element-c608dae elementor-section-boxed elementor-section-height-default elementor-section-height-default elementor-invisible\" data-id=\"c608dae\" data-element_type=\"section\" data-settings=\"{&quot;animation&quot;:&quot;fadeInUp&quot;}\">\n\t\t\t\t\t\t<div class=\"elementor-container elementor-column-gap-default\">\n\t\t\t\t\t<div class=\"elementor-column elementor-col-100 elementor-top-column elementor-element elementor-element-3a66ed8\" data-id=\"3a66ed8\" data-element_type=\"column\">\n\t\t\t<div class=\"elementor-widget-wrap elementor-element-populated\">\n\t\t\t\t\t\t<div class=\"elementor-element elementor-element-3c340ab elementor-widget elementor-widget-heading\" data-id=\"3c340ab\" data-element_type=\"widget\" data-widget_type=\"heading.default\">\n\t\t\t\t<div class=\"elementor-widget-container\">\n\t\t\t\t\t<h3 class=\"elementor-heading-title elementor-size-default\">Admission<\/h3>\t\t\t\t<\/div>\n\t\t\t\t<\/div>\n\t\t\t\t<div class=\"elementor-element elementor-element-f6f990c elementor-widget elementor-widget-text-editor\" data-id=\"f6f990c\" data-element_type=\"widget\" data-widget_type=\"text-editor.default\">\n\t\t\t\t<div class=\"elementor-widget-container\">\n\t\t\t\t\t\t\t\t\t<p class=\"translation-block\">Applicants must have a master's degree in agriculture, natural resources, or other related areas. In addition, they must have obtained a minimum score of 79 points on the TOEFL iBT (if English is not the applicant's native language). The doctorate in Spanish only requires a score of at least 20 points on the TOEFL iBT, in reading comprehension.<\/p><p>Candidates must fill out and submit the complete online application form, along with all the documents indicated therein. The reception period remains open all year round and since the study plan is individual, the student can be admitted and enter the doctoral program at any time of the year (beginning of quarter I, II, III or IV).<\/p>\t\t\t\t\t\t\t\t<\/div>\n\t\t\t\t<\/div>\n\t\t\t\t\t<\/div>\n\t\t<\/div>\n\t\t\t\t\t<\/div>\n\t\t<\/section>\n\t\t\t\t<section class=\"elementor-section elementor-top-section elementor-element elementor-element-e1e310a elementor-section-boxed elementor-section-height-default elementor-section-height-default elementor-invisible\" data-id=\"e1e310a\" data-element_type=\"section\" data-settings=\"{&quot;animation&quot;:&quot;fadeInUp&quot;}\">\n\t\t\t\t\t\t<div class=\"elementor-container elementor-column-gap-default\">\n\t\t\t\t\t<div class=\"elementor-column elementor-col-100 elementor-top-column elementor-element elementor-element-54fc14e\" data-id=\"54fc14e\" data-element_type=\"column\">\n\t\t\t<div class=\"elementor-widget-wrap elementor-element-populated\">\n\t\t\t\t\t\t<div class=\"elementor-element elementor-element-f122d48 elementor-widget elementor-widget-heading\" data-id=\"f122d48\" data-element_type=\"widget\" data-widget_type=\"heading.default\">\n\t\t\t\t<div class=\"elementor-widget-container\">\n\t\t\t\t\t<h3 class=\"elementor-heading-title elementor-size-default\">How to apply?<\/h3>\t\t\t\t<\/div>\n\t\t\t\t<\/div>\n\t\t\t\t<div class=\"elementor-element elementor-element-59b88c6 elementor-widget elementor-widget-text-editor\" data-id=\"59b88c6\" data-element_type=\"widget\" data-widget_type=\"text-editor.default\">\n\t\t\t\t<div class=\"elementor-widget-container\">\n\t\t\t\t\t\t\t\t\t<p>It is essential to complete the application for admission and attach all the documents indicated. Admission applications for the doctorate in Spanish and English are available here:<\/p><ul><li><a href=\"http:\/\/orapro.catie.ac.cr:7778\/CATIE_SIEP\/PJ_SIEP\/admision_phd_spanish.jsp\">Academic doctorate (in-person) in Spanish<\/a><\/li><li><a href=\"http:\/\/orapro.catie.ac.cr:7778\/CATIE_SIEP\/PJ_SIEP\/admision_maestria_phd.jsp\">Academic doctorate (in-person) in English<\/a><\/li><\/ul>\t\t\t\t\t\t\t\t<\/div>\n\t\t\t\t<\/div>\n\t\t\t\t\t<\/div>\n\t\t<\/div>\n\t\t\t\t\t<\/div>\n\t\t<\/section>\n\t\t\t\t<section class=\"elementor-section elementor-top-section elementor-element elementor-element-afc9358 elementor-section-boxed elementor-section-height-default elementor-section-height-default\" data-id=\"afc9358\" data-element_type=\"section\">\n\t\t\t\t\t\t<div class=\"elementor-container elementor-column-gap-default\">\n\t\t\t\t\t<div class=\"elementor-column elementor-col-100 elementor-top-column elementor-element elementor-element-6c4d9cf\" data-id=\"6c4d9cf\" data-element_type=\"column\">\n\t\t\t<div class=\"elementor-widget-wrap elementor-element-populated\">\n\t\t\t\t\t\t<div class=\"elementor-element elementor-element-398d2f4 elementor-widget elementor-widget-heading\" data-id=\"398d2f4\" data-element_type=\"widget\" data-widget_type=\"heading.default\">\n\t\t\t\t<div class=\"elementor-widget-container\">\n\t\t\t\t\t<h3 class=\"elementor-heading-title elementor-size-default\">Experiencia de graduados Programa de Doctorado Conjunto CATIE \u2013 Universidad de Bangor<\/h3>\t\t\t\t<\/div>\n\t\t\t\t<\/div>\n\t\t\t\t\t<\/div>\n\t\t<\/div>\n\t\t\t\t\t<\/div>\n\t\t<\/section>\n\t\t\t\t<section class=\"elementor-section elementor-top-section elementor-element elementor-element-4bdc7e3 elementor-section-boxed elementor-section-height-default elementor-section-height-default\" data-id=\"4bdc7e3\" data-element_type=\"section\">\n\t\t\t\t\t\t<div class=\"elementor-container elementor-column-gap-default\">\n\t\t\t\t\t<div class=\"elementor-column elementor-col-100 elementor-top-column elementor-element elementor-element-7d54af5\" data-id=\"7d54af5\" data-element_type=\"column\">\n\t\t\t<div class=\"elementor-widget-wrap elementor-element-populated\">\n\t\t\t\t\t\t<div class=\"elementor-element elementor-element-280b427 elementor-widget elementor-widget-video\" data-id=\"280b427\" data-element_type=\"widget\" data-settings=\"{&quot;video_type&quot;:&quot;hosted&quot;,&quot;controls&quot;:&quot;yes&quot;}\" data-widget_type=\"video.default\">\n\t\t\t\t<div class=\"elementor-widget-container\">\n\t\t\t\t\t\t\t<div class=\"e-hosted-video elementor-wrapper elementor-open-inline\">\n\t\t\t\t\t<video class=\"elementor-video\" src=\"http:\/\/45.77.187.143\/wp-content\/uploads\/2022\/04\/bangor_2.mp4\" controls=\"\" preload=\"metadata\" controlslist=\"nodownload\"><\/video>\n\t\t\t\t<\/div>\n\t\t\t\t\t\t<\/div>\n\t\t\t\t<\/div>\n\t\t\t\t\t<\/div>\n\t\t<\/div>\n\t\t\t\t\t<\/div>\n\t\t<\/section>\n\t\t\t\t<section class=\"elementor-section elementor-top-section elementor-element elementor-element-0d68beb elementor-section-boxed elementor-section-height-default elementor-section-height-default\" data-id=\"0d68beb\" data-element_type=\"section\">\n\t\t\t\t\t\t<div class=\"elementor-container elementor-column-gap-default\">\n\t\t\t\t\t<div class=\"elementor-column elementor-col-100 elementor-top-column elementor-element elementor-element-d6f749d\" data-id=\"d6f749d\" data-element_type=\"column\">\n\t\t\t<div class=\"elementor-widget-wrap elementor-element-populated\">\n\t\t\t\t\t\t<div class=\"elementor-element elementor-element-8055af2 elementor-widget elementor-widget-heading\" data-id=\"8055af2\" data-element_type=\"widget\" data-widget_type=\"heading.default\">\n\t\t\t\t<div class=\"elementor-widget-container\">\n\t\t\t\t\t<h3 class=\"elementor-heading-title elementor-size-default\">Experiencia de graduados Programa de Doctorado Conjunto CATIE - Universidad de Idaho<\/h3>\t\t\t\t<\/div>\n\t\t\t\t<\/div>\n\t\t\t\t<div class=\"elementor-element elementor-element-67d1d9f elementor-widget elementor-widget-video\" data-id=\"67d1d9f\" data-element_type=\"widget\" data-settings=\"{&quot;youtube_url&quot;:&quot;https:\\\/\\\/youtu.be\\\/E5EPZtiMPnI&quot;,&quot;yt_privacy&quot;:&quot;yes&quot;,&quot;video_type&quot;:&quot;youtube&quot;,&quot;controls&quot;:&quot;yes&quot;}\" data-widget_type=\"video.default\">\n\t\t\t\t<div class=\"elementor-widget-container\">\n\t\t\t\t\t\t\t<div class=\"elementor-wrapper elementor-open-inline\">\n\t\t\t<div class=\"elementor-video\"><\/div>\t\t<\/div>\n\t\t\t\t\t\t<\/div>\n\t\t\t\t<\/div>\n\t\t\t\t\t<\/div>\n\t\t<\/div>\n\t\t\t\t\t<\/div>\n\t\t<\/section>\n\t\t\t\t<\/div>","protected":false},"excerpt":{"rendered":"<p>El objetivo principal del Programa de Doctorado del CATIE es ofrecer oportunidades de formaci\u00f3n acad\u00e9mica e investigaci\u00f3n cient\u00edfica a profesionales calificados, para la obtenci\u00f3n del grado de Doctor en Filosof\u00eda (Ph.D.) El compromiso es ofrecer un programa con los m\u00e1s &hellip; <\/p>","protected":false},"author":1,"featured_media":0,"parent":11457,"menu_order":0,"comment_status":"closed","ping_status":"closed","template":"","meta":{"_bbp_topic_count":0,"_bbp_reply_count":0,"_bbp_total_topic_count":0,"_bbp_total_reply_count":0,"_bbp_voice_count":0,"_bbp_anonymous_reply_count":0,"_bbp_topic_count_hidden":0,"_bbp_reply_count_hidden":0,"_bbp_forum_subforum_count":0,"pmpro_default_level":"","_monsterinsights_skip_tracking":false,"_monsterinsights_sitenote_active":false,"_monsterinsights_sitenote_note":"","_monsterinsights_sitenote_category":0,"_uf_show_specific_survey":0,"_uf_disable_surveys":false,"footnotes":""},"class_list":["post-11680","page","type-page","status-publish","hentry","pmpro-has-access"],"_links":{"self":[{"href":"https:\/\/www.catie.ac.cr\/en\/wp-json\/wp\/v2\/pages\/11680","targetHints":{"allow":["GET"]}}],"collection":[{"href":"https:\/\/www.catie.ac.cr\/en\/wp-json\/wp\/v2\/pages"}],"about":[{"href":"https:\/\/www.catie.ac.cr\/en\/wp-json\/wp\/v2\/types\/page"}],"author":[{"embeddable":true,"href":"https:\/\/www.catie.ac.cr\/en\/wp-json\/wp\/v2\/users\/1"}],"replies":[{"embeddable":true,"href":"https:\/\/www.catie.ac.cr\/en\/wp-json\/wp\/v2\/comments?post=11680"}],"version-history":[{"count":50,"href":"https:\/\/www.catie.ac.cr\/en\/wp-json\/wp\/v2\/pages\/11680\/revisions"}],"predecessor-version":[{"id":21798,"href":"https:\/\/www.catie.ac.cr\/en\/wp-json\/wp\/v2\/pages\/11680\/revisions\/21798"}],"up":[{"embeddable":true,"href":"https:\/\/www.catie.ac.cr\/en\/wp-json\/wp\/v2\/pages\/11457"}],"wp:attachment":[{"href":"https:\/\/www.catie.ac.cr\/en\/wp-json\/wp\/v2\/media?parent=11680"}],"curies":[{"name":"wp","href":"https:\/\/api.w.org\/{rel}","templated":true}]}}