{"id":12006,"date":"2022-03-01T09:44:24","date_gmt":"2022-03-01T15:44:24","guid":{"rendered":"http:\/\/45.77.187.143\/?page_id=12006"},"modified":"2022-03-01T10:14:15","modified_gmt":"2022-03-01T16:14:15","slug":"sitemap","status":"publish","type":"page","link":"https:\/\/www.catie.ac.cr\/en\/sitemap\/","title":{"rendered":"Sitemap"},"content":{"rendered":"<div data-elementor-type=\"wp-page\" data-elementor-id=\"12006\" class=\"elementor elementor-12006\" data-elementor-post-type=\"page\">\n\t\t\t\t\t\t<section class=\"elementor-section elementor-top-section elementor-element elementor-element-a9862cc elementor-section-boxed elementor-section-height-default elementor-section-height-default\" data-id=\"a9862cc\" data-element_type=\"section\">\n\t\t\t\t\t\t<div class=\"elementor-container elementor-column-gap-default\">\n\t\t\t\t\t<div class=\"elementor-column elementor-col-100 elementor-top-column elementor-element elementor-element-f7dc435\" data-id=\"f7dc435\" data-element_type=\"column\">\n\t\t\t<div class=\"elementor-widget-wrap elementor-element-populated\">\n\t\t\t\t\t\t<div class=\"elementor-element elementor-element-6f58546 elementor-widget elementor-widget-sitemap\" data-id=\"6f58546\" data-element_type=\"widget\" data-widget_type=\"sitemap.default\">\n\t\t\t\t<div class=\"elementor-widget-container\">\n\t\t\t\t\t<div class=\"elementor-sitemap-wrap\"><div class=\"elementor-sitemap-section\"><h2 class=\"elementor-sitemap-title elementor-sitemap-page-title\">P\u00e1ginas<\/h2><ul class=\"elementor-sitemap-list elementor-sitemap-page-list\"><li class=\"elementor-sitemap-item elementor-sitemap-item-page page_item page-item-24851\"><a href=\"https:\/\/www.catie.ac.cr\/en\/cual-es-nuestra-oferta-academica\/\">\u00bfCu\u00e1l es nuestra oferta acad\u00e9mica?<\/a><\/li><li class=\"elementor-sitemap-item elementor-sitemap-item-page page_item page-item-12023\"><a href=\"https:\/\/www.catie.ac.cr\/en\/por-que-estudiar-en-el-catie\/\">Why study at CATIE?<\/a><\/li><li class=\"elementor-sitemap-item elementor-sitemap-item-page page_item page-item-9190\"><a href=\"https:\/\/www.catie.ac.cr\/en\/accion-climatica\/\">Climate Action<\/a><\/li><li class=\"elementor-sitemap-item elementor-sitemap-item-page page_item page-item-15521\"><a href=\"https:\/\/www.catie.ac.cr\/en\/accion-climatica-v-a\/\">Acci\u00f3n clim\u00e1tica-v-a<\/a><\/li><li class=\"elementor-sitemap-item elementor-sitemap-item-page page_item page-item-29280\"><a href=\"https:\/\/www.catie.ac.cr\/en\/adquisiciones\/\">Adquisiciones<\/a><\/li><li class=\"elementor-sitemap-item elementor-sitemap-item-page page_item page-item-9235\"><a href=\"https:\/\/www.catie.ac.cr\/en\/agrobiodiversidad-y-seguridad-alimentaria\/\">Agrobiodiversity and Food Security<\/a><\/li><li class=\"elementor-sitemap-item elementor-sitemap-item-page page_item page-item-9332\"><a href=\"https:\/\/www.catie.ac.cr\/en\/agua-y-suelos\/\">Water and soils<\/a><\/li><li class=\"elementor-sitemap-item elementor-sitemap-item-page page_item page-item-9777\"><a href=\"https:\/\/www.catie.ac.cr\/en\/alianzas-estrategicas-proyectos\/\">Strategic alliances and projects<\/a><\/li><li class=\"elementor-sitemap-item elementor-sitemap-item-page page_item page-item-26904\"><a href=\"https:\/\/www.catie.ac.cr\/en\/alojamiento-en-el-catie\/\">Accommodation at CATIE<\/a><\/li><li class=\"elementor-sitemap-item elementor-sitemap-item-page page_item page-item-25234\"><a href=\"https:\/\/www.catie.ac.cr\/en\/aportes-de-investigacion\/\">Aportes de Investigaci\u00f3n<\/a><\/li><li class=\"elementor-sitemap-item elementor-sitemap-item-page page_item page-item-9095\"><a href=\"https:\/\/www.catie.ac.cr\/en\/elementor-9095\/\">Authorities<\/a><\/li><li class=\"elementor-sitemap-item elementor-sitemap-item-page page_item page-item-9259\"><a href=\"https:\/\/www.catie.ac.cr\/en\/banco-de-germoplasma-de-semillas-ortodoxas\/\">Orthodox Seed Germplasm Bank<\/a><\/li><li class=\"elementor-sitemap-item elementor-sitemap-item-page page_item page-item-26881\"><a href=\"https:\/\/www.catie.ac.cr\/en\/banco-de-semillas-forestales-bsf\/\">Forest Seed Bank<\/a><\/li><li class=\"elementor-sitemap-item elementor-sitemap-item-page page_item page-item-8972\"><a href=\"https:\/\/www.catie.ac.cr\/en\/biblioteca-orton\/\">Orton Library<\/a><\/li><li class=\"elementor-sitemap-item elementor-sitemap-item-page page_item page-item-12492\"><a href=\"https:\/\/www.catie.ac.cr\/en\/bioestadistica\/\">Biostatistics<\/a><\/li><li class=\"elementor-sitemap-item elementor-sitemap-item-page page_item page-item-9371\"><a href=\"https:\/\/www.catie.ac.cr\/en\/bosques-y-biodiversidad\/\">Forests and biodiversity<\/a><\/li><li class=\"elementor-sitemap-item elementor-sitemap-item-page page_item page-item-33960\"><a href=\"https:\/\/www.catie.ac.cr\/en\/buenas-practicas-de-restauracion\/\">Good Restoration Practices<\/a><\/li><li class=\"elementor-sitemap-item elementor-sitemap-item-page page_item page-item-33348\"><a href=\"https:\/\/www.catie.ac.cr\/en\/campus-catie-espacio-de-restauracion\/\">CATIE Campus: A Space for Restoration<\/a><\/li><li class=\"elementor-sitemap-item elementor-sitemap-item-page page_item page-item-8974\"><a href=\"https:\/\/www.catie.ac.cr\/en\/campus-virtual\/\">Virtual Campus<\/a><\/li><li class=\"elementor-sitemap-item elementor-sitemap-item-page page_item page-item-26090\"><a href=\"https:\/\/www.catie.ac.cr\/en\/campus-virtual-2\/\">Virtual Campus<\/a><\/li><li class=\"elementor-sitemap-item elementor-sitemap-item-page page_item page-item-24900\"><a href=\"https:\/\/www.catie.ac.cr\/en\/area-de-capacitacion\/\">Capacitaci\u00f3n continua<\/a><\/li><li class=\"elementor-sitemap-item elementor-sitemap-item-page page_item page-item-22261\"><a href=\"https:\/\/www.catie.ac.cr\/en\/el-catie-en-la-cop-28\/\">CATIE and COP28<\/a><\/li><li class=\"elementor-sitemap-item elementor-sitemap-item-page page_item page-item-9804\"><a href=\"https:\/\/www.catie.ac.cr\/en\/paises\/\">CATIE in the region<\/a><ul class='children'><li class=\"elementor-sitemap-item elementor-sitemap-item-page page_item page-item-10519\"><a href=\"https:\/\/www.catie.ac.cr\/en\/paises\/belice-ant\/\">Belice-ant<\/a><\/li><li class=\"elementor-sitemap-item elementor-sitemap-item-page page_item page-item-32115\"><a href=\"https:\/\/www.catie.ac.cr\/en\/paises\/belice\/\">Belize<\/a><\/li><li class=\"elementor-sitemap-item elementor-sitemap-item-page page_item page-item-32400\"><a href=\"https:\/\/www.catie.ac.cr\/en\/paises\/bolivia\/\">Bolivia<\/a><\/li><li class=\"elementor-sitemap-item elementor-sitemap-item-page page_item page-item-13899\"><a href=\"https:\/\/www.catie.ac.cr\/en\/paises\/bolivia-ant\/\">Bolivia-antes<\/a><\/li><li class=\"elementor-sitemap-item elementor-sitemap-item-page page_item page-item-31479\"><a href=\"https:\/\/www.catie.ac.cr\/en\/paises\/colombia\/\">Colombia<\/a><\/li><li class=\"elementor-sitemap-item elementor-sitemap-item-page page_item page-item-10264\"><a href=\"https:\/\/www.catie.ac.cr\/en\/paises\/colombia-ant\/\">Colombia-ant<\/a><\/li><li class=\"elementor-sitemap-item elementor-sitemap-item-page page_item page-item-32193\"><a href=\"https:\/\/www.catie.ac.cr\/en\/paises\/costarica\/\">Costa Rica<\/a><\/li><li class=\"elementor-sitemap-item elementor-sitemap-item-page page_item page-item-9784\"><a href=\"https:\/\/www.catie.ac.cr\/en\/paises\/costarica-ant\/\">Costa Rica-ant<\/a><\/li><li class=\"elementor-sitemap-item elementor-sitemap-item-page page_item page-item-31588\"><a href=\"https:\/\/www.catie.ac.cr\/en\/paises\/ecuador\/\">Ecuador<\/a><\/li><li class=\"elementor-sitemap-item elementor-sitemap-item-page page_item page-item-10427\"><a href=\"https:\/\/www.catie.ac.cr\/en\/paises\/ecuador-ant\/\">Ecuador-ant<\/a><\/li><li class=\"elementor-sitemap-item elementor-sitemap-item-page page_item page-item-32080\"><a href=\"https:\/\/www.catie.ac.cr\/en\/paises\/elsalvador\/\">El Salvador<\/a><\/li><li class=\"elementor-sitemap-item elementor-sitemap-item-page page_item page-item-10399\"><a href=\"https:\/\/www.catie.ac.cr\/en\/paises\/elsalvador-ant\/\">El Salvador<\/a><\/li><li class=\"elementor-sitemap-item elementor-sitemap-item-page page_item page-item-10287\"><a href=\"https:\/\/www.catie.ac.cr\/en\/paises\/guatemala\/\">Guatemala<\/a><ul class='children'><li class=\"elementor-sitemap-item elementor-sitemap-item-page page_item page-item-25657\"><a href=\"https:\/\/www.catie.ac.cr\/en\/paises\/guatemala\/cbit\/\">CBIT<\/a><\/li><li class=\"elementor-sitemap-item elementor-sitemap-item-page page_item page-item-36586\"><a href=\"https:\/\/www.catie.ac.cr\/en\/paises\/guatemala\/desarrollo-del-primer-informe-bienal-de-transparencia\/\">Desarrollo del Primer Informe Bienal de Transparencia&#8230;<\/a><\/li><li class=\"elementor-sitemap-item elementor-sitemap-item-page page_item page-item-25731\"><a href=\"https:\/\/www.catie.ac.cr\/en\/paises\/guatemala\/eba-lac\/\">EbA LAC<\/a><\/li><li class=\"elementor-sitemap-item elementor-sitemap-item-page page_item page-item-34770\"><a href=\"https:\/\/www.catie.ac.cr\/en\/paises\/guatemala\/escalar\/\">ESCALAR<\/a><\/li><li class=\"elementor-sitemap-item elementor-sitemap-item-page page_item page-item-22756\"><a href=\"https:\/\/www.catie.ac.cr\/en\/paises\/guatemala\/proyecto-plataforma-de-informacion-nacional-sobre-nutricion\/\">Proyecto Plataforma de Informaci\u00f3n Nacional sobre Nutrici\u00f3n<\/a><\/li><li class=\"elementor-sitemap-item elementor-sitemap-item-page page_item page-item-25535\"><a href=\"https:\/\/www.catie.ac.cr\/en\/paises\/guatemala\/proyecto-volcanes\/\">Proyecto Volcanes<\/a><\/li><\/ul><\/li><li class=\"elementor-sitemap-item elementor-sitemap-item-page page_item page-item-32233\"><a href=\"https:\/\/www.catie.ac.cr\/en\/paises\/haiti\/\">Haiti<\/a><\/li><li class=\"elementor-sitemap-item elementor-sitemap-item-page page_item page-item-9811\"><a href=\"https:\/\/www.catie.ac.cr\/en\/paises\/haiti-ant\/\">Hait\u00ed-ant<\/a><\/li><li class=\"elementor-sitemap-item elementor-sitemap-item-page page_item page-item-31614\"><a href=\"https:\/\/www.catie.ac.cr\/en\/paises\/honduras\/\">Honduras<\/a><\/li><li class=\"elementor-sitemap-item elementor-sitemap-item-page page_item page-item-10300\"><a href=\"https:\/\/www.catie.ac.cr\/en\/paises\/honduras-ant\/\">Honduras-ant<\/a><\/li><li class=\"elementor-sitemap-item elementor-sitemap-item-page page_item page-item-32159\"><a href=\"https:\/\/www.catie.ac.cr\/en\/paises\/mexico\/\">Mexico<\/a><\/li><li class=\"elementor-sitemap-item elementor-sitemap-item-page page_item page-item-10237\"><a href=\"https:\/\/www.catie.ac.cr\/en\/paises\/mexico-ant\/\">Mexico<\/a><\/li><li class=\"elementor-sitemap-item elementor-sitemap-item-page page_item page-item-31399\"><a href=\"https:\/\/www.catie.ac.cr\/en\/paises\/nicaragua\/\">Nicaragua<\/a><\/li><li class=\"elementor-sitemap-item elementor-sitemap-item-page page_item page-item-10310\"><a href=\"https:\/\/www.catie.ac.cr\/en\/paises\/nicaragua-ant\/\">Nicaragua ant<\/a><\/li><li class=\"elementor-sitemap-item elementor-sitemap-item-page page_item page-item-31747\"><a href=\"https:\/\/www.catie.ac.cr\/en\/paises\/panama-2\/\">Panama<\/a><\/li><li class=\"elementor-sitemap-item elementor-sitemap-item-page page_item page-item-10335\"><a href=\"https:\/\/www.catie.ac.cr\/en\/paises\/panama-ant\/\">Panam\u00e1-ant<\/a><\/li><li class=\"elementor-sitemap-item elementor-sitemap-item-page page_item page-item-31836\"><a href=\"https:\/\/www.catie.ac.cr\/en\/paises\/peru\/\">Peru<\/a><\/li><li class=\"elementor-sitemap-item elementor-sitemap-item-page page_item page-item-10693\"><a href=\"https:\/\/www.catie.ac.cr\/en\/paises\/peru-ant\/\">Per\u00fa-ant<\/a><\/li><li class=\"elementor-sitemap-item elementor-sitemap-item-page page_item page-item-10358\"><a href=\"https:\/\/www.catie.ac.cr\/en\/paises\/republicadominic\/\">Dominican Republic<\/a><\/li><\/ul><\/li><li class=\"elementor-sitemap-item elementor-sitemap-item-page page_item page-item-26897\"><a href=\"https:\/\/www.catie.ac.cr\/en\/catie-specialty-coffee\/\">CATIE Specialty Coffee<\/a><\/li><li class=\"elementor-sitemap-item elementor-sitemap-item-page page_item page-item-33733\"><a href=\"https:\/\/www.catie.ac.cr\/en\/catie-tesoro-turrialbeno\/\">CATIE: A Turrialba Treasure<\/a><\/li><li class=\"elementor-sitemap-item elementor-sitemap-item-page page_item page-item-24154\"><a href=\"https:\/\/www.catie.ac.cr\/en\/claustro-de-profesores\/\">Faculty<\/a><\/li><li class=\"elementor-sitemap-item elementor-sitemap-item-page page_item page-item-37037\"><a href=\"https:\/\/www.catie.ac.cr\/en\/coleccion-cafe\/\">CATIE International Coffee Collection<\/a><\/li><li class=\"elementor-sitemap-item elementor-sitemap-item-page page_item page-item-87\"><a href=\"https:\/\/www.catie.ac.cr\/en\/contact\/\">Contact<\/a><\/li><li class=\"elementor-sitemap-item elementor-sitemap-item-page page_item page-item-24811\"><a href=\"https:\/\/www.catie.ac.cr\/en\/cursos-y-diplomados-a-la-medida\/\">Cursos y Diplomados a la medida<\/a><\/li><li class=\"elementor-sitemap-item elementor-sitemap-item-page page_item page-item-9388\"><a href=\"https:\/\/www.catie.ac.cr\/en\/desarrollo-verde-inclusivo\/\">Inclusive Green Development<\/a><\/li><li class=\"elementor-sitemap-item elementor-sitemap-item-page page_item page-item-12830\"><a href=\"https:\/\/www.catie.ac.cr\/en\/destacado-de-la-semana-espanol\/\">Destacado de la Semana Espa\u00f1ol<\/a><\/li><li class=\"elementor-sitemap-item elementor-sitemap-item-page page_item page-item-39277\"><a href=\"https:\/\/www.catie.ac.cr\/en\/diplomado-iagros\/\">Diplomado Internacional de Innovaci\u00f3n en Agronegocios Sostenibles (IAgros)<\/a><\/li><li class=\"elementor-sitemap-item elementor-sitemap-item-page page_item page-item-24735\"><a href=\"https:\/\/www.catie.ac.cr\/en\/diplomado-internacional-en-bioestadista\/\">Diplomado Internacional en Bioestad\u00edsta<\/a><\/li><li class=\"elementor-sitemap-item elementor-sitemap-item-page page_item page-item-24798\"><a href=\"https:\/\/www.catie.ac.cr\/en\/diplomado-internacional-en-bioestadistica-en-los-paises\/\">Diplomado Internacional en Bioestad\u00edstica (en los pa\u00edses)<\/a><\/li><li class=\"elementor-sitemap-item elementor-sitemap-item-page page_item page-item-34172\"><a href=\"https:\/\/www.catie.ac.cr\/en\/diplomado-profesional-internacional-cacao-rentable-y-resiliente-2\/\">Diplomado Profesional Internacional: Cacao Rentable y Resiliente<\/a><\/li><li class=\"elementor-sitemap-item elementor-sitemap-item-page page_item page-item-41141\"><a href=\"https:\/\/www.catie.ac.cr\/en\/diplomado-profesional-internacional-cacao-rentable-y-resiliente\/\">Diplomado Profesional Internacional: Cacao Rentable y Resiliente<\/a><\/li><li class=\"elementor-sitemap-item elementor-sitemap-item-page page_item page-item-24279\"><a href=\"https:\/\/www.catie.ac.cr\/en\/division-de-educacion\/\">Divisi\u00f3n de Educaci\u00f3n<\/a><\/li><li class=\"elementor-sitemap-item elementor-sitemap-item-page page_item page-item-24612\"><a href=\"https:\/\/www.catie.ac.cr\/en\/programa-de-doctorado\/\">Doctorado en Ciencias en Agricultura y Recursos Naturales<\/a><\/li><li class=\"elementor-sitemap-item elementor-sitemap-item-page page_item page-item-14196\"><a href=\"https:\/\/www.catie.ac.cr\/en\/elementor-9477\/\">Donations<\/a><\/li><li class=\"elementor-sitemap-item elementor-sitemap-item-page page_item page-item-14371\"><a href=\"https:\/\/www.catie.ac.cr\/en\/el-catie-en-la-cop-27\/\">El CATIE en la COP 27<\/a><\/li><li class=\"elementor-sitemap-item elementor-sitemap-item-page page_item page-item-31755\"><a href=\"https:\/\/www.catie.ac.cr\/en\/elementor-31755\/\">Elementor #31755<\/a><\/li><li class=\"elementor-sitemap-item elementor-sitemap-item-page page_item page-item-12695\"><a href=\"https:\/\/www.catie.ac.cr\/en\/empleo\/\">Employment<\/a><\/li><li class=\"elementor-sitemap-item elementor-sitemap-item-page page_item page-item-37567\"><a href=\"https:\/\/www.catie.ac.cr\/en\/envie-su-consulta-o-comentario\/\">Env\u00ede su consulta o comentario<\/a><\/li><li class=\"elementor-sitemap-item elementor-sitemap-item-page page_item page-item-24332\"><a href=\"https:\/\/www.catie.ac.cr\/en\/escuela-de-posgrado\/\">Graduate School<\/a><\/li><li class=\"elementor-sitemap-item elementor-sitemap-item-page page_item page-item-33793\"><a href=\"https:\/\/www.catie.ac.cr\/en\/espacio-de-restauracion\/\">Restoration Space<\/a><\/li><li class=\"elementor-sitemap-item elementor-sitemap-item-page page_item page-item-25200\"><a href=\"https:\/\/www.catie.ac.cr\/en\/financiamiento\/\">Financing<\/a><\/li><li class=\"elementor-sitemap-item elementor-sitemap-item-page page_item page-item-26858\"><a href=\"https:\/\/www.catie.ac.cr\/en\/finca-comercial\/\">Commercial Farm<\/a><\/li><li class=\"elementor-sitemap-item elementor-sitemap-item-page page_item page-item-9435\"><a href=\"https:\/\/www.catie.ac.cr\/en\/geocatie\/\">GEOCATIE<\/a><\/li><li class=\"elementor-sitemap-item elementor-sitemap-item-page page_item page-item-25250\"><a href=\"https:\/\/www.catie.ac.cr\/en\/graduados-2\/\">Graduates<\/a><\/li><li class=\"elementor-sitemap-item elementor-sitemap-item-page page_item page-item-7084\"><a href=\"https:\/\/www.catie.ac.cr\/en\/\">Home<\/a><\/li><li class=\"elementor-sitemap-item elementor-sitemap-item-page page_item page-item-9448\"><a href=\"https:\/\/www.catie.ac.cr\/en\/inclusion-social-y-genero\/\">Social inclusion and gender<\/a><\/li><li class=\"elementor-sitemap-item elementor-sitemap-item-page page_item page-item-16122\"><a href=\"https:\/\/www.catie.ac.cr\/en\/informes\/\">Informes<\/a><\/li><li class=\"elementor-sitemap-item elementor-sitemap-item-page page_item page-item-16835\"><a href=\"https:\/\/www.catie.ac.cr\/en\/instructor\/\">Instructor<\/a><\/li><li class=\"elementor-sitemap-item elementor-sitemap-item-page page_item page-item-16834\"><a href=\"https:\/\/www.catie.ac.cr\/en\/instructors\/\">Instructors<\/a><\/li><li class=\"elementor-sitemap-item elementor-sitemap-item-page page_item page-item-8962\"><a href=\"https:\/\/www.catie.ac.cr\/en\/investigacion-para-el-desarrollo\/\">Research for development<\/a><\/li><li class=\"elementor-sitemap-item elementor-sitemap-item-page page_item page-item-26873\"><a href=\"https:\/\/www.catie.ac.cr\/en\/jardin-botanico\/\">Botanical Garden<\/a><\/li><li class=\"elementor-sitemap-item elementor-sitemap-item-page page_item page-item-26889\"><a href=\"https:\/\/www.catie.ac.cr\/en\/laboratorio-de-biotecnologia-del-catie\/\">Biotechnology Laboratory<\/a><\/li><li class=\"elementor-sitemap-item elementor-sitemap-item-page page_item page-item-38682\"><a href=\"https:\/\/www.catie.ac.cr\/en\/licitaciones\/\">Licitaciones<\/a><\/li><li class=\"elementor-sitemap-item elementor-sitemap-item-page page_item page-item-24487\"><a href=\"https:\/\/www.catie.ac.cr\/en\/maestria-academica-internacional-en-agroforesteria-y-agricultura-sostenible\/\">Maestr\u00eda acad\u00e9mica internacional en Agroforester\u00eda y Agricultura Sostenible<\/a><\/li><li class=\"elementor-sitemap-item elementor-sitemap-item-page page_item page-item-24510\"><a href=\"https:\/\/www.catie.ac.cr\/en\/maestria-academica-internacional-en-manejo-y-conservacion-de-bosques-tropicales-y-biodiversidad\/\">Maestr\u00eda acad\u00e9mica internacional en Manejo y Conservaci\u00f3n de Bosques Tropicales y Biodiversidad<\/a><\/li><li class=\"elementor-sitemap-item elementor-sitemap-item-page page_item page-item-24229\"><a href=\"https:\/\/www.catie.ac.cr\/en\/maestria-academica-internacional-en-manejo-y-gestion-integral-de-cuencas-hidrograficas\/\">Maestr\u00eda acad\u00e9mica internacional en Manejo y Gesti\u00f3n Integral de Cuencas Hidrogr\u00e1ficas<\/a><\/li><li class=\"elementor-sitemap-item elementor-sitemap-item-page page_item page-item-37873\"><a href=\"https:\/\/www.catie.ac.cr\/en\/mist\/\">PROFESSIONAL MASTER\u2019S IN SUSTAINABLE TOURISM<\/a><\/li><li class=\"elementor-sitemap-item elementor-sitemap-item-page page_item page-item-9034\"><a href=\"https:\/\/www.catie.ac.cr\/en\/mision-vision-y-valores\/\">Mission, vision and values<\/a><\/li><li class=\"elementor-sitemap-item elementor-sitemap-item-page page_item page-item-8949\"><a href=\"https:\/\/www.catie.ac.cr\/en\/noticias\/\">News<\/a><\/li><li class=\"elementor-sitemap-item elementor-sitemap-item-page page_item page-item-35247\"><a href=\"https:\/\/www.catie.ac.cr\/en\/noticias-de-guatemala\/\">Noticias de Guatemala<\/a><\/li><li class=\"elementor-sitemap-item elementor-sitemap-item-page page_item page-item-27442\"><a href=\"https:\/\/www.catie.ac.cr\/en\/noticias-de-posgrado\/\">Noticias de Posgrado<\/a><\/li><li class=\"elementor-sitemap-item elementor-sitemap-item-page page_item page-item-2901\"><a href=\"https:\/\/www.catie.ac.cr\/en\/nuestra-esencia\/\">Our Essence<\/a><\/li><li class=\"elementor-sitemap-item elementor-sitemap-item-page page_item page-item-8953\"><a href=\"https:\/\/www.catie.ac.cr\/en\/nuestra-oferta-comercial\/\">Our commercial offer<\/a><\/li><li class=\"elementor-sitemap-item elementor-sitemap-item-page page_item page-item-12224\"><a href=\"https:\/\/www.catie.ac.cr\/en\/nuestrocampus\/\">Our campus<\/a><\/li><li class=\"elementor-sitemap-item elementor-sitemap-item-page page_item page-item-33008\"><a href=\"https:\/\/www.catie.ac.cr\/en\/oferta-academica\/\">Oferta Acad\u00e9mica<\/a><\/li><li class=\"elementor-sitemap-item elementor-sitemap-item-page page_item page-item-11457\"><a href=\"https:\/\/www.catie.ac.cr\/en\/oferta-academica-desactualizado\/\">Oferta acad\u00e9mica-desactualizada<\/a><ul class='children'><li class=\"elementor-sitemap-item elementor-sitemap-item-page page_item page-item-11680\"><a href=\"https:\/\/www.catie.ac.cr\/en\/oferta-academica-desactualizado\/doctorado\/\">Doctorate<\/a><\/li><\/ul><\/li><li class=\"elementor-sitemap-item elementor-sitemap-item-page page_item page-item-12907\"><a href=\"https:\/\/www.catie.ac.cr\/en\/pago-en-linea\/\">Online payment<\/a><\/li><li class=\"elementor-sitemap-item elementor-sitemap-item-page page_item page-item-33143\"><a href=\"https:\/\/www.catie.ac.cr\/en\/proximos-eventos-del-catie-en-2025\/\">Pr\u00f3ximos eventos del CATIE<\/a><\/li><li class=\"elementor-sitemap-item elementor-sitemap-item-page page_item page-item-30287\"><a href=\"https:\/\/www.catie.ac.cr\/en\/publicaciones-propuesta\/\">Publications<\/a><\/li><li class=\"elementor-sitemap-item elementor-sitemap-item-page page_item page-item-9453\"><a href=\"https:\/\/www.catie.ac.cr\/en\/publicaciones\/\">Publications<\/a><\/li><li class=\"elementor-sitemap-item elementor-sitemap-item-page page_item page-item-9306\"><a href=\"https:\/\/www.catie.ac.cr\/en\/agroforesteria-cafe-y-cacao\/\">Agroforestry Unit: Latin American agroforestry scientific network<\/a><\/li><li class=\"elementor-sitemap-item elementor-sitemap-item-page page_item page-item-34681\"><a href=\"https:\/\/www.catie.ac.cr\/en\/restauracion-en-accion\/\">Restoration in Action<\/a><\/li><li class=\"elementor-sitemap-item elementor-sitemap-item-page page_item page-item-13748\"><a href=\"https:\/\/www.catie.ac.cr\/en\/sistema-academico-siep\/\">Academic system (SIEP)<\/a><\/li><li class=\"elementor-sitemap-item elementor-sitemap-item-page page_item page-item-9734\"><a href=\"https:\/\/www.catie.ac.cr\/en\/sistemas-ganaderos-resilientes\/\">Resilient livestock systems<\/a><\/li><li class=\"elementor-sitemap-item elementor-sitemap-item-page page_item page-item-12006\"><a href=\"https:\/\/www.catie.ac.cr\/en\/sitemap\/\">Sitemap<\/a><\/li><li class=\"elementor-sitemap-item elementor-sitemap-item-page page_item page-item-16836\"><a href=\"https:\/\/www.catie.ac.cr\/en\/lp-term-conditions\/\">Term Conditions<\/a><\/li><li class=\"elementor-sitemap-item elementor-sitemap-item-page page_item page-item-9476\"><a href=\"https:\/\/www.catie.ac.cr\/en\/elementor-9476\/\">Institutional transparency<\/a><\/li><li class=\"elementor-sitemap-item elementor-sitemap-item-page page_item page-item-9320\"><a href=\"https:\/\/www.catie.ac.cr\/en\/unidad-agroforesteria-cafe-cacao-fe\/\">Coffee and Cocoa Agroforestry Unit<\/a><\/li><li class=\"elementor-sitemap-item elementor-sitemap-item-page page_item page-item-9412\"><a href=\"https:\/\/www.catie.ac.cr\/en\/economia-ambiente-y-agronegocios-sostenibles\/\">Unit for Environmental Economics and Sustainable Agribusiness (UEAAS\/EfD)<\/a><\/li><li class=\"elementor-sitemap-item elementor-sitemap-item-page page_item page-item-15885\"><a href=\"https:\/\/www.catie.ac.cr\/en\/vi-simposio-de-investigacion-2023\/\">VI Simposio de Investigaci\u00f3n 2023<\/a><\/li><li class=\"elementor-sitemap-item elementor-sitemap-item-page page_item page-item-9037\"><a href=\"https:\/\/www.catie.ac.cr\/en\/vision-estrategica\/\">Strategic Vision<\/a><\/li><li class=\"elementor-sitemap-item elementor-sitemap-item-page page_item page-item-11083\"><a href=\"https:\/\/www.catie.ac.cr\/en\/blog\/catie-en-prensa\/\">CATIE in press<\/a><\/li><\/ul><\/div><\/div>\t\t\t\t<\/div>\n\t\t\t\t<\/div>\n\t\t\t\t\t<\/div>\n\t\t<\/div>\n\t\t\t\t\t<\/div>\n\t\t<\/section>\n\t\t\t\t<\/div>","protected":false},"excerpt":{"rendered":"","protected":false},"author":1,"featured_media":0,"parent":0,"menu_order":0,"comment_status":"closed","ping_status":"closed","template":"","meta":{"_bbp_topic_count":0,"_bbp_reply_count":0,"_bbp_total_topic_count":0,"_bbp_total_reply_count":0,"_bbp_voice_count":0,"_bbp_anonymous_reply_count":0,"_bbp_topic_count_hidden":0,"_bbp_reply_count_hidden":0,"_bbp_forum_subforum_count":0,"pmpro_default_level":"","_monsterinsights_skip_tracking":false,"_monsterinsights_sitenote_active":false,"_monsterinsights_sitenote_note":"","_monsterinsights_sitenote_category":0,"_uf_show_specific_survey":0,"_uf_disable_surveys":false,"footnotes":""},"class_list":["post-12006","page","type-page","status-publish","hentry","pmpro-has-access"],"_links":{"self":[{"href":"https:\/\/www.catie.ac.cr\/en\/wp-json\/wp\/v2\/pages\/12006","targetHints":{"allow":["GET"]}}],"collection":[{"href":"https:\/\/www.catie.ac.cr\/en\/wp-json\/wp\/v2\/pages"}],"about":[{"href":"https:\/\/www.catie.ac.cr\/en\/wp-json\/wp\/v2\/types\/page"}],"author":[{"embeddable":true,"href":"https:\/\/www.catie.ac.cr\/en\/wp-json\/wp\/v2\/users\/1"}],"replies":[{"embeddable":true,"href":"https:\/\/www.catie.ac.cr\/en\/wp-json\/wp\/v2\/comments?post=12006"}],"version-history":[{"count":7,"href":"https:\/\/www.catie.ac.cr\/en\/wp-json\/wp\/v2\/pages\/12006\/revisions"}],"predecessor-version":[{"id":12016,"href":"https:\/\/www.catie.ac.cr\/en\/wp-json\/wp\/v2\/pages\/12006\/revisions\/12016"}],"wp:attachment":[{"href":"https:\/\/www.catie.ac.cr\/en\/wp-json\/wp\/v2\/media?parent=12006"}],"curies":[{"name":"wp","href":"https:\/\/api.w.org\/{rel}","templated":true}]}}