{"id":12023,"date":"2022-03-01T11:13:12","date_gmt":"2022-03-01T17:13:12","guid":{"rendered":"http:\/\/45.77.187.143\/?page_id=12023"},"modified":"2023-10-25T11:35:53","modified_gmt":"2023-10-25T17:35:53","slug":"por-que-estudiar-en-el-catie","status":"publish","type":"page","link":"https:\/\/www.catie.ac.cr\/en\/por-que-estudiar-en-el-catie\/","title":{"rendered":"Why study at CATIE?"},"content":{"rendered":"<div data-elementor-type=\"wp-page\" data-elementor-id=\"12023\" class=\"elementor elementor-12023\" data-elementor-post-type=\"page\">\n\t\t\t\t\t\t<section class=\"elementor-section elementor-top-section elementor-element elementor-element-f70c1c6 elementor-section-boxed elementor-section-height-default elementor-section-height-default elementor-invisible\" data-id=\"f70c1c6\" data-element_type=\"section\" data-settings=\"{&quot;animation&quot;:&quot;fadeInUp&quot;}\">\n\t\t\t\t\t\t<div class=\"elementor-container elementor-column-gap-default\">\n\t\t\t\t\t<div class=\"elementor-column elementor-col-100 elementor-top-column elementor-element elementor-element-18251d6\" data-id=\"18251d6\" data-element_type=\"column\">\n\t\t\t<div class=\"elementor-widget-wrap elementor-element-populated\">\n\t\t\t\t\t\t<div class=\"elementor-element elementor-element-2293fe3 elementor-widget elementor-widget-heading\" data-id=\"2293fe3\" data-element_type=\"widget\" data-widget_type=\"heading.default\">\n\t\t\t\t<div class=\"elementor-widget-container\">\n\t\t\t\t\t<h3 class=\"elementor-heading-title elementor-size-default\">Our Master's Program enjoys superior prestige and international recognition for its quality.<\/h3>\t\t\t\t<\/div>\n\t\t\t\t<\/div>\n\t\t\t\t<div class=\"elementor-element elementor-element-3bfcd52 elementor-widget elementor-widget-text-editor\" data-id=\"3bfcd52\" data-element_type=\"widget\" data-widget_type=\"text-editor.default\">\n\t\t\t\t<div class=\"elementor-widget-container\">\n\t\t\t\t\t\t\t\t\t<p><span style=\"font-weight: 400;\">CATIE is an international center and university whose key functions are teaching, research, innovation for development and technical cooperation in agriculture, natural resources, and the environment. The institution works in strategic alliance with producers, organizations, partners, public and private institutions, universities, municipalities, donors, and cooperators at the local, national, and international level.<\/span><\/p><p><span style=\"font-weight: 400;\">The international recognition of its postgraduate teaching program is based on its quality, experience, teaching what it does with multiple partners in the countries, sharing the advances and state of the art of science and technology in the different fields of interest, the diversity, experience, internationality, academic, scientific and professional level of its teaching staff, the richness that sharing, analyzing and discussing the professional experiences of its students from different countries of America and other continents means for learning, as well as the interaction personalized with each student.<\/span><\/p><p><span style=\"font-weight: 400;\">With its postgraduate level program, CATIE has the mission of contributing to the development of the intellectual capital of the countries that make up the Inter-American System, in a way that allows innovative scientific and technical contributions to be made, and to assume leadership in the fields of agricultural sciences, natural resources, local and rural development, the environment and other related areas.<\/span><\/p><p><span style=\"font-weight: 400;\">Postgraduate studies are conceived and structured to offer professionals, with a university degree, the skills, abilities, theoretical and practical knowledge, competences, dexterity, attitudes, and values \u200b\u200bnecessary for qualitative and quantitative technical and scientific research, to higher education and development. Likewise, they promote managerial capacity and the approach of climate-smart territories in agricultural production systems, as well as the management of natural resources and the environment.<\/span><\/p><p><span style=\"font-weight: 400;\">Its approach is interdisciplinary and comprehensive. The curriculum is designed considering the experience of more than 70 years in postgraduate education, institutional evolution, the dynamics of the agricultural and environmental surroundings, natural resources, and rural development at the national, regional, and international levels, as well as the demand of the countries of the region.<\/span><\/p><p><span style=\"font-weight: 400;\">Topics that are transversal to the issues of agriculture, natural resources, environment, and development are addressed, such as climate change and climate variability, food security, approaches and territorial management, markets and value chains, ecosystem services, livelihoods, comprehensive management of water resources, governance and institutionality, policies and regulations, organization and participation, poverty reduction and human well-being.<\/span><\/p><p><span style=\"font-weight: 400;\">CATIE's Graduate School is characterized by a clear commitment to serving the communities of Latin America and the Caribbean, and by stimulating excellence, leadership, competitiveness, innovation, values, and cooperation among the student community.<\/span><\/p>\t\t\t\t\t\t\t\t<\/div>\n\t\t\t\t<\/div>\n\t\t\t\t<div class=\"elementor-element elementor-element-3d6c7d5 elementor-widget elementor-widget-spacer\" data-id=\"3d6c7d5\" data-element_type=\"widget\" data-widget_type=\"spacer.default\">\n\t\t\t\t<div class=\"elementor-widget-container\">\n\t\t\t\t\t\t\t<div class=\"elementor-spacer\">\n\t\t\t<div class=\"elementor-spacer-inner\"><\/div>\n\t\t<\/div>\n\t\t\t\t\t\t<\/div>\n\t\t\t\t<\/div>\n\t\t\t\t<div class=\"elementor-element elementor-element-46f5e15 elementor-widget elementor-widget-heading\" data-id=\"46f5e15\" data-element_type=\"widget\" data-widget_type=\"heading.default\">\n\t\t\t\t<div class=\"elementor-widget-container\">\n\t\t\t\t\t<h3 class=\"elementor-heading-title elementor-size-default\">Faculty<\/h3>\t\t\t\t<\/div>\n\t\t\t\t<\/div>\n\t\t\t\t<div class=\"elementor-element elementor-element-39f9285 elementor-widget elementor-widget-text-editor\" data-id=\"39f9285\" data-element_type=\"widget\" data-widget_type=\"text-editor.default\">\n\t\t\t\t<div class=\"elementor-widget-container\">\n\t\t\t\t\t\t\t\t\t<p><span style=\"font-weight: 400;\">Our scientific research and postgraduate education faculty is made up of more than 40 professionals of 18 different nationalities with different specialties and significant experience.<\/span><\/p>\t\t\t\t\t\t\t\t<\/div>\n\t\t\t\t<\/div>\n\t\t\t\t<div class=\"elementor-element elementor-element-e91505b elementor-widget elementor-widget-spacer\" data-id=\"e91505b\" data-element_type=\"widget\" data-widget_type=\"spacer.default\">\n\t\t\t\t<div class=\"elementor-widget-container\">\n\t\t\t\t\t\t\t<div class=\"elementor-spacer\">\n\t\t\t<div class=\"elementor-spacer-inner\"><\/div>\n\t\t<\/div>\n\t\t\t\t\t\t<\/div>\n\t\t\t\t<\/div>\n\t\t\t\t<div class=\"elementor-element elementor-element-675286a elementor-widget elementor-widget-heading\" data-id=\"675286a\" data-element_type=\"widget\" data-widget_type=\"heading.default\">\n\t\t\t\t<div class=\"elementor-widget-container\">\n\t\t\t\t\t<h3 class=\"elementor-heading-title elementor-size-default\">Costa Rica: an educational destination <\/h3>\t\t\t\t<\/div>\n\t\t\t\t<\/div>\n\t\t\t\t<div class=\"elementor-element elementor-element-12ed92d elementor-widget elementor-widget-text-editor\" data-id=\"12ed92d\" data-element_type=\"widget\" data-widget_type=\"text-editor.default\">\n\t\t\t\t<div class=\"elementor-widget-container\">\n\t\t\t\t\t\t\t\t\t<p><span style=\"font-weight: 400;\">Costa Rica, CATIE's host country, is also an educational destination, with a high human development index and an internationally recognized tradition in environmental conservation and development. Its population is peaceful and friendly, with around 4.6 million inhabitants.<\/span><\/p><p><span style=\"font-weight: 400;\">In addition, this nation is distinguished by its good quality of services, citizen security and scenic beauty. Likewise, the network of national parks and conservation areas of Costa Rica, its abundant biodiversity and an exceptional geographical location make it a point of convergence between scholars and institutions related to natural resources, the environment and agriculture.<\/span><\/p><p><span style=\"font-weight: 400;\">CATIE is a unique university, different from traditional universities, research centers and extension organizations or services, because it achieves an integral combination of all of them, in an international and multicultural environment, enriching for the student body, focused on achieving comprehensive knowledge management. At CATIE, students can work in the field with real problems and accompanied by their teachers, with a solid scientific base and linked to development projects.<\/span><\/p><p><span style=\"font-weight: 400;\">At CATIE there is an international particularity, present only in some prestigious universities in the world, represented by its staff, students, and graduates of more than 50 nationalities and, above all, by its presence and participation in all the countries of Latin America through its offices, projects, hundreds of partners, educational activities, publications, and graduates. <\/span><\/p>\t\t\t\t\t\t\t\t<\/div>\n\t\t\t\t<\/div>\n\t\t\t\t\t<\/div>\n\t\t<\/div>\n\t\t\t\t\t<\/div>\n\t\t<\/section>\n\t\t\t\t<\/div>","protected":false},"excerpt":{"rendered":"<p>Nuestro Programa de Maestr\u00eda goza de un alto prestigio y reconocimiento internacional por su calidad El CATIE es un centro y universidad internacional que tiene como funciones clave la ense\u00f1anza, la investigaci\u00f3n, la innovaci\u00f3n para el desarrollo y la cooperaci\u00f3n &hellip; <\/p>","protected":false},"author":1,"featured_media":0,"parent":0,"menu_order":0,"comment_status":"closed","ping_status":"closed","template":"","meta":{"_bbp_topic_count":0,"_bbp_reply_count":0,"_bbp_total_topic_count":0,"_bbp_total_reply_count":0,"_bbp_voice_count":0,"_bbp_anonymous_reply_count":0,"_bbp_topic_count_hidden":0,"_bbp_reply_count_hidden":0,"_bbp_forum_subforum_count":0,"pmpro_default_level":"","_monsterinsights_skip_tracking":false,"_monsterinsights_sitenote_active":false,"_monsterinsights_sitenote_note":"","_monsterinsights_sitenote_category":0,"_uf_show_specific_survey":0,"_uf_disable_surveys":false,"footnotes":""},"class_list":["post-12023","page","type-page","status-publish","hentry","pmpro-has-access"],"_links":{"self":[{"href":"https:\/\/www.catie.ac.cr\/en\/wp-json\/wp\/v2\/pages\/12023","targetHints":{"allow":["GET"]}}],"collection":[{"href":"https:\/\/www.catie.ac.cr\/en\/wp-json\/wp\/v2\/pages"}],"about":[{"href":"https:\/\/www.catie.ac.cr\/en\/wp-json\/wp\/v2\/types\/page"}],"author":[{"embeddable":true,"href":"https:\/\/www.catie.ac.cr\/en\/wp-json\/wp\/v2\/users\/1"}],"replies":[{"embeddable":true,"href":"https:\/\/www.catie.ac.cr\/en\/wp-json\/wp\/v2\/comments?post=12023"}],"version-history":[{"count":9,"href":"https:\/\/www.catie.ac.cr\/en\/wp-json\/wp\/v2\/pages\/12023\/revisions"}],"predecessor-version":[{"id":21804,"href":"https:\/\/www.catie.ac.cr\/en\/wp-json\/wp\/v2\/pages\/12023\/revisions\/21804"}],"wp:attachment":[{"href":"https:\/\/www.catie.ac.cr\/en\/wp-json\/wp\/v2\/media?parent=12023"}],"curies":[{"name":"wp","href":"https:\/\/api.w.org\/{rel}","templated":true}]}}