{"id":12492,"date":"2022-05-02T09:20:51","date_gmt":"2022-05-02T15:20:51","guid":{"rendered":"http:\/\/45.77.187.143\/?page_id=12492"},"modified":"2025-10-21T08:37:53","modified_gmt":"2025-10-21T14:37:53","slug":"bioestadistica","status":"publish","type":"page","link":"https:\/\/www.catie.ac.cr\/en\/bioestadistica\/","title":{"rendered":"Biostatistics"},"content":{"rendered":"<div data-elementor-type=\"wp-page\" data-elementor-id=\"12492\" class=\"elementor elementor-12492\" data-elementor-post-type=\"page\">\n\t\t\t\t\t\t<section class=\"elementor-section elementor-top-section elementor-element elementor-element-66525ac8 elementor-section-boxed elementor-section-height-default elementor-section-height-default\" data-id=\"66525ac8\" data-element_type=\"section\">\n\t\t\t\t\t\t<div class=\"elementor-container elementor-column-gap-default\">\n\t\t\t\t\t<div class=\"elementor-column elementor-col-100 elementor-top-column elementor-element elementor-element-6dc7183d\" data-id=\"6dc7183d\" data-element_type=\"column\">\n\t\t\t<div class=\"elementor-widget-wrap elementor-element-populated\">\n\t\t\t\t\t\t<div class=\"elementor-element elementor-element-c761b84 elementor-widget elementor-widget-thim-heading\" data-id=\"c761b84\" data-element_type=\"widget\" data-widget_type=\"thim-heading.default\">\n\t\t\t\t<div class=\"elementor-widget-container\">\n\t\t\t\t\t<div class=\"sc_heading\"><h3 style=\"color:#004A58;\" class=\"title\">Biostatistics<\/h3><span class=\"line\"><\/span><\/div>\t\t\t\t<\/div>\n\t\t\t\t<\/div>\n\t\t\t\t<div class=\"elementor-element elementor-element-5729a9d elementor-widget elementor-widget-text-editor\" data-id=\"5729a9d\" data-element_type=\"widget\" data-widget_type=\"text-editor.default\">\n\t\t\t\t<div class=\"elementor-widget-container\">\n\t\t\t\t\t\t\t\t\t<p><span style=\"color: #000000;\">In an era of large data volumes and increasing complexity, analyzing information with modern and robust tools is essential to obtain clear results and accurate conclusions about the systems and phenomena under study\u2014ultimately enabling sound decision-making.<\/span><\/p>\t\t\t\t\t\t\t\t<\/div>\n\t\t\t\t<\/div>\n\t\t\t\t<div class=\"elementor-element elementor-element-af5ae27 elementor-widget elementor-widget-spacer\" data-id=\"af5ae27\" data-element_type=\"widget\" data-widget_type=\"spacer.default\">\n\t\t\t\t<div class=\"elementor-widget-container\">\n\t\t\t\t\t\t\t<div class=\"elementor-spacer\">\n\t\t\t<div class=\"elementor-spacer-inner\"><\/div>\n\t\t<\/div>\n\t\t\t\t\t\t<\/div>\n\t\t\t\t<\/div>\n\t\t\t\t<div class=\"elementor-element elementor-element-bc420f2 titulo-maestria elementor-widget elementor-widget-heading\" data-id=\"bc420f2\" data-element_type=\"widget\" data-widget_type=\"heading.default\">\n\t\t\t\t<div class=\"elementor-widget-container\">\n\t\t\t\t\t<h2 class=\"elementor-heading-title elementor-size-default\">What Does the Unit\u2019s Work Involve?<\/h2>\t\t\t\t<\/div>\n\t\t\t\t<\/div>\n\t\t\t\t<div class=\"elementor-element elementor-element-298bda9 elementor-widget elementor-widget-text-editor\" data-id=\"298bda9\" data-element_type=\"widget\" data-widget_type=\"text-editor.default\">\n\t\t\t\t<div class=\"elementor-widget-container\">\n\t\t\t\t\t\t\t\t\t<p><span style=\"color: #000000;\">The unit is composed of a multidisciplinary group of experts trained in agronomy, statistics, and ecology. It serves as a fundamental pillar supporting the training of students at CATIE\u2019s Graduate School and interns from other national and international educational institutions. The unit also implements courses and workshops for CATIE\u2019s partner institutions across Latin America and the Caribbean, as well as for the Center\u2019s internal units.<\/span><\/p><p><span style=\"color: #000000;\">Through this ongoing support, the unit aims to propose and refine new methodologies for sampling design, data collection, and statistical analysis that maximize the knowledge generated across diverse research areas in agronomic, ecological, economic, and social systems.<\/span><\/p><p><span style=\"color: #000000;\">The unit also contributes to the development of software and analytical algorithms for data processing and works continuously with leading specialists in statistical modeling and programming. Its areas of focus include data analysis related to variability and climate change assessment, national forest inventories, forest degradation estimation, pest and disease management, and econometric analysis.<\/span><\/p><p><span style=\"color: #000000;\">The work carried out by the unit between 2015 and 2021 has resulted in:<\/span><\/p>\t\t\t\t\t\t\t\t<\/div>\n\t\t\t\t<\/div>\n\t\t\t\t<div class=\"elementor-element elementor-element-b7648f3 elementor-widget elementor-widget-spacer\" data-id=\"b7648f3\" data-element_type=\"widget\" data-widget_type=\"spacer.default\">\n\t\t\t\t<div class=\"elementor-widget-container\">\n\t\t\t\t\t\t\t<div class=\"elementor-spacer\">\n\t\t\t<div class=\"elementor-spacer-inner\"><\/div>\n\t\t<\/div>\n\t\t\t\t\t\t<\/div>\n\t\t\t\t<\/div>\n\t\t\t\t<section class=\"elementor-section elementor-inner-section elementor-element elementor-element-cab6bda elementor-section-boxed elementor-section-height-default elementor-section-height-default\" data-id=\"cab6bda\" data-element_type=\"section\">\n\t\t\t\t\t\t<div class=\"elementor-container elementor-column-gap-default\">\n\t\t\t\t\t<div class=\"elementor-column elementor-col-25 elementor-inner-column elementor-element elementor-element-4c47d26\" data-id=\"4c47d26\" data-element_type=\"column\">\n\t\t\t<div class=\"elementor-widget-wrap elementor-element-populated\">\n\t\t\t\t\t\t<div class=\"elementor-element elementor-element-2fb782f elementor-position-top elementor-widget elementor-widget-image-box\" data-id=\"2fb782f\" data-element_type=\"widget\" data-widget_type=\"image-box.default\">\n\t\t\t\t<div class=\"elementor-widget-container\">\n\t\t\t\t\t<div class=\"elementor-image-box-wrapper\"><figure class=\"elementor-image-box-img\"><img decoding=\"async\" width=\"215\" height=\"169\" src=\"https:\/\/www.catie.ac.cr\/wp-content\/uploads\/2024\/11\/publicaciones.jpg\" class=\"attachment-full size-full wp-image-30201\" alt=\"\" srcset=\"https:\/\/www.catie.ac.cr\/wp-content\/uploads\/2024\/11\/publicaciones.jpg 215w, https:\/\/www.catie.ac.cr\/wp-content\/uploads\/2024\/11\/publicaciones-15x12.jpg 15w\" sizes=\"(max-width: 215px) 100vw, 215px\" \/><\/figure><div class=\"elementor-image-box-content\"><h3 class=\"elementor-image-box-title\">73 Publications<\/h3><p class=\"elementor-image-box-description\">distributed in book chapters, books, technical reports and scientific articles<\/p><\/div><\/div>\t\t\t\t<\/div>\n\t\t\t\t<\/div>\n\t\t\t\t\t<\/div>\n\t\t<\/div>\n\t\t\t\t<div class=\"elementor-column elementor-col-25 elementor-inner-column elementor-element elementor-element-44f056c\" data-id=\"44f056c\" data-element_type=\"column\">\n\t\t\t<div class=\"elementor-widget-wrap elementor-element-populated\">\n\t\t\t\t\t\t<div class=\"elementor-element elementor-element-188dc8b elementor-position-top elementor-widget elementor-widget-image-box\" data-id=\"188dc8b\" data-element_type=\"widget\" data-widget_type=\"image-box.default\">\n\t\t\t\t<div class=\"elementor-widget-container\">\n\t\t\t\t\t<div class=\"elementor-image-box-wrapper\"><figure class=\"elementor-image-box-img\"><img decoding=\"async\" width=\"216\" height=\"180\" src=\"https:\/\/www.catie.ac.cr\/wp-content\/uploads\/2024\/11\/diplomado.jpg\" class=\"attachment-full size-full wp-image-30202\" alt=\"\" srcset=\"https:\/\/www.catie.ac.cr\/wp-content\/uploads\/2024\/11\/diplomado.jpg 216w, https:\/\/www.catie.ac.cr\/wp-content\/uploads\/2024\/11\/diplomado-14x12.jpg 14w\" sizes=\"(max-width: 216px) 100vw, 216px\" \/><\/figure><div class=\"elementor-image-box-content\"><h3 class=\"elementor-image-box-title\">15 Graduates<\/h3><p class=\"elementor-image-box-description\">delivered in Biostatistics.<\/p><\/div><\/div>\t\t\t\t<\/div>\n\t\t\t\t<\/div>\n\t\t\t\t\t<\/div>\n\t\t<\/div>\n\t\t\t\t<div class=\"elementor-column elementor-col-25 elementor-inner-column elementor-element elementor-element-b4fc878\" data-id=\"b4fc878\" data-element_type=\"column\">\n\t\t\t<div class=\"elementor-widget-wrap elementor-element-populated\">\n\t\t\t\t\t\t<div class=\"elementor-element elementor-element-900dd3d elementor-position-top elementor-widget elementor-widget-image-box\" data-id=\"900dd3d\" data-element_type=\"widget\" data-widget_type=\"image-box.default\">\n\t\t\t\t<div class=\"elementor-widget-container\">\n\t\t\t\t\t<div class=\"elementor-image-box-wrapper\"><figure class=\"elementor-image-box-img\"><img decoding=\"async\" width=\"236\" height=\"164\" src=\"https:\/\/www.catie.ac.cr\/wp-content\/uploads\/2024\/11\/capacitacion.jpg\" class=\"attachment-full size-full wp-image-30203\" alt=\"\" srcset=\"https:\/\/www.catie.ac.cr\/wp-content\/uploads\/2024\/11\/capacitacion.jpg 236w, https:\/\/www.catie.ac.cr\/wp-content\/uploads\/2024\/11\/capacitacion-18x12.jpg 18w\" sizes=\"(max-width: 236px) 100vw, 236px\" \/><\/figure><div class=\"elementor-image-box-content\"><h3 class=\"elementor-image-box-title\">134 International trainings<\/h3><p class=\"elementor-image-box-description\">conducted in 17 countries.<\/p><\/div><\/div>\t\t\t\t<\/div>\n\t\t\t\t<\/div>\n\t\t\t\t\t<\/div>\n\t\t<\/div>\n\t\t\t\t<div class=\"elementor-column elementor-col-25 elementor-inner-column elementor-element elementor-element-15c1376\" data-id=\"15c1376\" data-element_type=\"column\">\n\t\t\t<div class=\"elementor-widget-wrap elementor-element-populated\">\n\t\t\t\t\t\t<div class=\"elementor-element elementor-element-a54959f elementor-position-top elementor-widget elementor-widget-image-box\" data-id=\"a54959f\" data-element_type=\"widget\" data-widget_type=\"image-box.default\">\n\t\t\t\t<div class=\"elementor-widget-container\">\n\t\t\t\t\t<div class=\"elementor-image-box-wrapper\"><figure class=\"elementor-image-box-img\"><img loading=\"lazy\" decoding=\"async\" width=\"231\" height=\"160\" src=\"https:\/\/www.catie.ac.cr\/wp-content\/uploads\/2024\/11\/estudiantes.jpg\" class=\"attachment-full size-full wp-image-30204\" alt=\"\" srcset=\"https:\/\/www.catie.ac.cr\/wp-content\/uploads\/2024\/11\/estudiantes.jpg 231w, https:\/\/www.catie.ac.cr\/wp-content\/uploads\/2024\/11\/estudiantes-18x12.jpg 18w\" sizes=\"(max-width: 231px) 100vw, 231px\" \/><\/figure><div class=\"elementor-image-box-content\"><h3 class=\"elementor-image-box-title\">85 Students<\/h3><p class=\"elementor-image-box-description\">from CATIE and other educational institutions advised in their theses.<\/p><\/div><\/div>\t\t\t\t<\/div>\n\t\t\t\t<\/div>\n\t\t\t\t\t<\/div>\n\t\t<\/div>\n\t\t\t\t\t<\/div>\n\t\t<\/section>\n\t\t\t\t<div class=\"elementor-element elementor-element-9d710bf elementor-widget elementor-widget-spacer\" data-id=\"9d710bf\" data-element_type=\"widget\" data-widget_type=\"spacer.default\">\n\t\t\t\t<div class=\"elementor-widget-container\">\n\t\t\t\t\t\t\t<div class=\"elementor-spacer\">\n\t\t\t<div class=\"elementor-spacer-inner\"><\/div>\n\t\t<\/div>\n\t\t\t\t\t\t<\/div>\n\t\t\t\t<\/div>\n\t\t\t\t<div class=\"elementor-element elementor-element-18d72dc elementor-widget elementor-widget-spacer\" data-id=\"18d72dc\" data-element_type=\"widget\" data-widget_type=\"spacer.default\">\n\t\t\t\t<div class=\"elementor-widget-container\">\n\t\t\t\t\t\t\t<div class=\"elementor-spacer\">\n\t\t\t<div class=\"elementor-spacer-inner\"><\/div>\n\t\t<\/div>\n\t\t\t\t\t\t<\/div>\n\t\t\t\t<\/div>\n\t\t\t\t<div class=\"elementor-element elementor-element-95d47dd titulo-maestria elementor-widget elementor-widget-heading\" data-id=\"95d47dd\" data-element_type=\"widget\" data-widget_type=\"heading.default\">\n\t\t\t\t<div class=\"elementor-widget-container\">\n\t\t\t\t\t<h2 class=\"elementor-heading-title elementor-size-default\">Success story<\/h2>\t\t\t\t<\/div>\n\t\t\t\t<\/div>\n\t\t\t\t<div class=\"elementor-element elementor-element-c6cb527 elementor-widget elementor-widget-text-editor\" data-id=\"c6cb527\" data-element_type=\"widget\" data-widget_type=\"text-editor.default\">\n\t\t\t\t<div class=\"elementor-widget-container\">\n\t\t\t\t\t\t\t\t\t<p><span style=\"color: #000000;\"><strong>Leaving a Mark on the Region\u2019s Professionals<\/strong><\/span><\/p><p><span style=\"color: #000000;\">Oscar Lanuza, from Nicaragua, graduated in 2016 from CATIE\u2019s Academic Master\u2019s Program in Tropical Forest Management and Biodiversity Conservation and currently works as a tenured professor at the National Autonomous University of Nicaragua (UNAN), Regional Multidisciplinary Faculty in Estel\u00ed.<\/span><\/p><p><span style=\"color: #000000;\">Oscar explains that his experience at CATIE\u2014particularly with the Biostatistics Unit\u2014was extraordinary, allowing him to connect with professors and researchers of great scientific trajectory and to build professional alliances that continue to this day.<\/span><\/p><p><span style=\"color: #000000;\">During his time at CATIE, Oscar participated in the International Diploma in Biostatistics, which he considers one of the most comprehensive courses in this field in Latin America.<\/span><\/p><p><span style=\"color: #000000;\">The knowledge he gained enabled him to master various modern tools and techniques for analyzing ecological and agronomic data, giving him greater independence and skill to conduct high-quality scientific research. He also emphasizes that this training has been essential for advancing his Ph.D. studies in Terrestrial Ecology at the Autonomous University of Barcelona, Spain.<\/span><\/p>\t\t\t\t\t\t\t\t<\/div>\n\t\t\t\t<\/div>\n\t\t\t\t<div class=\"elementor-element elementor-element-cf02650 elementor-widget elementor-widget-spacer\" data-id=\"cf02650\" data-element_type=\"widget\" data-widget_type=\"spacer.default\">\n\t\t\t\t<div class=\"elementor-widget-container\">\n\t\t\t\t\t\t\t<div class=\"elementor-spacer\">\n\t\t\t<div class=\"elementor-spacer-inner\"><\/div>\n\t\t<\/div>\n\t\t\t\t\t\t<\/div>\n\t\t\t\t<\/div>\n\t\t\t\t\t<\/div>\n\t\t<\/div>\n\t\t\t\t\t<\/div>\n\t\t<\/section>\n\t\t\t\t<section class=\"elementor-section elementor-top-section elementor-element elementor-element-de69b27 elementor-section-boxed elementor-section-height-default elementor-section-height-default\" data-id=\"de69b27\" data-element_type=\"section\">\n\t\t\t\t\t\t<div class=\"elementor-container elementor-column-gap-default\">\n\t\t\t\t\t<div class=\"elementor-column elementor-col-100 elementor-top-column elementor-element elementor-element-1f7950e\" data-id=\"1f7950e\" data-element_type=\"column\">\n\t\t\t<div class=\"elementor-widget-wrap elementor-element-populated\">\n\t\t\t\t\t\t<div class=\"elementor-element elementor-element-4368870 elementor-widget elementor-widget-gallery\" data-id=\"4368870\" data-element_type=\"widget\" data-settings=\"{&quot;columns&quot;:2,&quot;gap&quot;:{&quot;unit&quot;:&quot;px&quot;,&quot;size&quot;:0,&quot;sizes&quot;:[]},&quot;aspect_ratio&quot;:&quot;4:3&quot;,&quot;lazyload&quot;:&quot;yes&quot;,&quot;gallery_layout&quot;:&quot;grid&quot;,&quot;columns_tablet&quot;:2,&quot;columns_mobile&quot;:1,&quot;gap_tablet&quot;:{&quot;unit&quot;:&quot;px&quot;,&quot;size&quot;:10,&quot;sizes&quot;:[]},&quot;gap_mobile&quot;:{&quot;unit&quot;:&quot;px&quot;,&quot;size&quot;:10,&quot;sizes&quot;:[]},&quot;link_to&quot;:&quot;file&quot;,&quot;overlay_background&quot;:&quot;yes&quot;,&quot;content_hover_animation&quot;:&quot;fade-in&quot;}\" data-widget_type=\"gallery.default\">\n\t\t\t\t<div class=\"elementor-widget-container\">\n\t\t\t\t\t\t\t<div class=\"elementor-gallery__container\">\n\t\t\t\t\t\t\t<a class=\"e-gallery-item elementor-gallery-item elementor-animated-content\" href=\"https:\/\/www.catie.ac.cr\/wp-content\/uploads\/2022\/05\/Imagen1.jpg\" data-elementor-open-lightbox=\"yes\" data-elementor-lightbox-slideshow=\"4368870\" data-elementor-lightbox-title=\"Imagen1\" data-e-action-hash=\"#elementor-action%3Aaction%3Dlightbox%26settings%3DeyJpZCI6MTI1MDUsInVybCI6Imh0dHBzOlwvXC93d3cuY2F0aWUuYWMuY3JcL3dwLWNvbnRlbnRcL3VwbG9hZHNcLzIwMjJcLzA1XC9JbWFnZW4xLmpwZyIsInNsaWRlc2hvdyI6IjQzNjg4NzAifQ%3D%3D\">\n\t\t\t\t\t<div class=\"e-gallery-image elementor-gallery-item__image\" data-thumbnail=\"https:\/\/www.catie.ac.cr\/wp-content\/uploads\/2022\/05\/Imagen1.jpg\" data-width=\"547\" data-height=\"730\" aria-label=\"\" role=\"img\" ><\/div>\n\t\t\t\t\t\t\t\t\t\t\t<div class=\"elementor-gallery-item__overlay\"><\/div>\n\t\t\t\t\t\t\t\t\t\t\t\t\t\t<\/a>\n\t\t\t\t\t\t\t<a class=\"e-gallery-item elementor-gallery-item elementor-animated-content\" href=\"https:\/\/www.catie.ac.cr\/wp-content\/uploads\/2022\/05\/Imagen2.png\" data-elementor-open-lightbox=\"yes\" data-elementor-lightbox-slideshow=\"4368870\" data-elementor-lightbox-title=\"Imagen2\" data-e-action-hash=\"#elementor-action%3Aaction%3Dlightbox%26settings%3DeyJpZCI6MTI1MDYsInVybCI6Imh0dHBzOlwvXC93d3cuY2F0aWUuYWMuY3JcL3dwLWNvbnRlbnRcL3VwbG9hZHNcLzIwMjJcLzA1XC9JbWFnZW4yLnBuZyIsInNsaWRlc2hvdyI6IjQzNjg4NzAifQ%3D%3D\">\n\t\t\t\t\t<div class=\"e-gallery-image elementor-gallery-item__image\" data-thumbnail=\"https:\/\/www.catie.ac.cr\/wp-content\/uploads\/2022\/05\/Imagen2-600x464.png\" data-width=\"600\" data-height=\"464\" aria-label=\"\" role=\"img\" ><\/div>\n\t\t\t\t\t\t\t\t\t\t\t<div class=\"elementor-gallery-item__overlay\"><\/div>\n\t\t\t\t\t\t\t\t\t\t\t\t\t\t<\/a>\n\t\t\t\t\t<\/div>\n\t\t\t\t\t<\/div>\n\t\t\t\t<\/div>\n\t\t\t\t\t<\/div>\n\t\t<\/div>\n\t\t\t\t\t<\/div>\n\t\t<\/section>\n\t\t\t\t<section class=\"elementor-section elementor-top-section elementor-element elementor-element-50e5bc1 elementor-section-boxed elementor-section-height-default elementor-section-height-default\" data-id=\"50e5bc1\" data-element_type=\"section\">\n\t\t\t\t\t\t<div class=\"elementor-container elementor-column-gap-default\">\n\t\t\t\t\t<div class=\"elementor-column elementor-col-50 elementor-top-column elementor-element elementor-element-4fa0edc\" data-id=\"4fa0edc\" data-element_type=\"column\">\n\t\t\t<div class=\"elementor-widget-wrap elementor-element-populated\">\n\t\t\t\t\t\t\t<\/div>\n\t\t<\/div>\n\t\t\t\t<div class=\"elementor-column elementor-col-50 elementor-top-column elementor-element elementor-element-7d35c53\" data-id=\"7d35c53\" data-element_type=\"column\">\n\t\t\t<div class=\"elementor-widget-wrap elementor-element-populated\">\n\t\t\t\t\t\t<div class=\"elementor-element elementor-element-d397b08 elementor-widget elementor-widget-text-editor\" data-id=\"d397b08\" data-element_type=\"widget\" data-widget_type=\"text-editor.default\">\n\t\t\t\t<div class=\"elementor-widget-container\">\n\t\t\t\t\t\t\t\t\t<p><span style=\"color: #000000;\">The Work of CATIE\u2019s Biostatistics Unit in Latin America and Spain<\/span><\/p>\t\t\t\t\t\t\t\t<\/div>\n\t\t\t\t<\/div>\n\t\t\t\t\t<\/div>\n\t\t<\/div>\n\t\t\t\t\t<\/div>\n\t\t<\/section>\n\t\t\t\t<section class=\"elementor-section elementor-top-section elementor-element elementor-element-4a85820 elementor-section-boxed elementor-section-height-default elementor-section-height-default\" data-id=\"4a85820\" data-element_type=\"section\">\n\t\t\t\t\t\t<div class=\"elementor-container elementor-column-gap-default\">\n\t\t\t\t\t<div class=\"elementor-column elementor-col-100 elementor-top-column elementor-element elementor-element-60b103a\" data-id=\"60b103a\" data-element_type=\"column\">\n\t\t\t<div class=\"elementor-widget-wrap elementor-element-populated\">\n\t\t\t\t\t\t<div class=\"elementor-element elementor-element-1ddc9d3 elementor-widget elementor-widget-spacer\" data-id=\"1ddc9d3\" data-element_type=\"widget\" data-widget_type=\"spacer.default\">\n\t\t\t\t<div class=\"elementor-widget-container\">\n\t\t\t\t\t\t\t<div class=\"elementor-spacer\">\n\t\t\t<div class=\"elementor-spacer-inner\"><\/div>\n\t\t<\/div>\n\t\t\t\t\t\t<\/div>\n\t\t\t\t<\/div>\n\t\t\t\t<div class=\"elementor-element elementor-element-3d5e2a1 elementor-widget elementor-widget-heading\" data-id=\"3d5e2a1\" data-element_type=\"widget\" data-widget_type=\"heading.default\">\n\t\t\t\t<div class=\"elementor-widget-container\">\n\t\t\t\t\t<h3 class=\"elementor-heading-title elementor-size-default\">Contact us:\n<\/h3>\t\t\t\t<\/div>\n\t\t\t\t<\/div>\n\t\t\t\t<div class=\"elementor-element elementor-element-4f04689 elementor-widget elementor-widget-icon-box\" data-id=\"4f04689\" data-element_type=\"widget\" data-widget_type=\"icon-box.default\">\n\t\t\t\t<div class=\"elementor-widget-container\">\n\t\t\t\t\t\t\t<div class=\"elementor-icon-box-wrapper\">\n\n\t\t\t\n\t\t\t\t\t\t<div class=\"elementor-icon-box-content\">\n\n\t\t\t\t\t\t\t\t\t<h3 class=\"elementor-icon-box-title\">\n\t\t\t\t\t\t<span  >\n\t\t\t\t\t\t\t<span style=\"color: #000000;\">Sergio Vilch\u00e9z\t\t\t\t\t\t<\/span>\n\t\t\t\t\t<\/h3>\n\t\t\t\t\n\t\t\t\t\t\t\t\t\t<p class=\"elementor-icon-box-description\">\n\t\t\t\t\t\t<span style=\"color: #000000;\">Head of the Unit \n <br><a href=\"mailto:svilchez@catie.ac.cr\">svilchez@catie.ac.cr<\/a><\/span>\t\t\t\t\t<\/p>\n\t\t\t\t\n\t\t\t<\/div>\n\t\t\t\n\t\t<\/div>\n\t\t\t\t\t\t<\/div>\n\t\t\t\t<\/div>\n\t\t\t\t\t<\/div>\n\t\t<\/div>\n\t\t\t\t\t<\/div>\n\t\t<\/section>\n\t\t\t\t<\/div>","protected":false},"excerpt":{"rendered":"<p>Bioestad\u00edstica En la era de los grandes vol\u00famenes y complejidad de los datos, el an\u00e1lisis de la informaci\u00f3n con herramientas modernas y robustas es fundamental para obtener resultados claros y conclusiones precisas de los sistemas y fen\u00f3menos en estudio para &hellip; <\/p>","protected":false},"author":1,"featured_media":0,"parent":0,"menu_order":0,"comment_status":"closed","ping_status":"closed","template":"","meta":{"_bbp_topic_count":0,"_bbp_reply_count":0,"_bbp_total_topic_count":0,"_bbp_total_reply_count":0,"_bbp_voice_count":0,"_bbp_anonymous_reply_count":0,"_bbp_topic_count_hidden":0,"_bbp_reply_count_hidden":0,"_bbp_forum_subforum_count":0,"pmpro_default_level":"","_monsterinsights_skip_tracking":false,"_monsterinsights_sitenote_active":false,"_monsterinsights_sitenote_note":"","_monsterinsights_sitenote_category":0,"_uf_show_specific_survey":0,"_uf_disable_surveys":false,"footnotes":""},"class_list":["post-12492","page","type-page","status-publish","hentry","pmpro-has-access"],"_links":{"self":[{"href":"https:\/\/www.catie.ac.cr\/en\/wp-json\/wp\/v2\/pages\/12492","targetHints":{"allow":["GET"]}}],"collection":[{"href":"https:\/\/www.catie.ac.cr\/en\/wp-json\/wp\/v2\/pages"}],"about":[{"href":"https:\/\/www.catie.ac.cr\/en\/wp-json\/wp\/v2\/types\/page"}],"author":[{"embeddable":true,"href":"https:\/\/www.catie.ac.cr\/en\/wp-json\/wp\/v2\/users\/1"}],"replies":[{"embeddable":true,"href":"https:\/\/www.catie.ac.cr\/en\/wp-json\/wp\/v2\/comments?post=12492"}],"version-history":[{"count":71,"href":"https:\/\/www.catie.ac.cr\/en\/wp-json\/wp\/v2\/pages\/12492\/revisions"}],"predecessor-version":[{"id":38296,"href":"https:\/\/www.catie.ac.cr\/en\/wp-json\/wp\/v2\/pages\/12492\/revisions\/38296"}],"wp:attachment":[{"href":"https:\/\/www.catie.ac.cr\/en\/wp-json\/wp\/v2\/media?parent=12492"}],"curies":[{"name":"wp","href":"https:\/\/api.w.org\/{rel}","templated":true}]}}