{"id":24154,"date":"2024-02-09T09:55:41","date_gmt":"2024-02-09T15:55:41","guid":{"rendered":"https:\/\/www.catie.ac.cr\/?page_id=24154"},"modified":"2024-06-07T09:53:40","modified_gmt":"2024-06-07T15:53:40","slug":"claustro-de-profesores","status":"publish","type":"page","link":"https:\/\/www.catie.ac.cr\/en\/claustro-de-profesores\/","title":{"rendered":"Faculty"},"content":{"rendered":"<div data-elementor-type=\"wp-page\" data-elementor-id=\"24154\" class=\"elementor elementor-24154\" data-elementor-post-type=\"page\">\n\t\t\t\t\t\t<section class=\"elementor-section elementor-top-section elementor-element elementor-element-1349067 elementor-section-boxed elementor-section-height-default elementor-section-height-default\" data-id=\"1349067\" data-element_type=\"section\">\n\t\t\t\t\t\t<div class=\"elementor-container elementor-column-gap-default\">\n\t\t\t\t\t<div class=\"elementor-column elementor-col-100 elementor-top-column elementor-element elementor-element-ec7daf0\" data-id=\"ec7daf0\" data-element_type=\"column\">\n\t\t\t<div class=\"elementor-widget-wrap elementor-element-populated\">\n\t\t\t\t\t\t<div class=\"elementor-element elementor-element-90066ee elementor-widget elementor-widget-text-editor\" data-id=\"90066ee\" data-element_type=\"widget\" data-widget_type=\"text-editor.default\">\n\t\t\t\t<div class=\"elementor-widget-container\">\n\t\t\t\t\t\t\t\t\t<p><span style=\"color: #000000;\">\u201cNuestro claustro de investigaci\u00f3n cient\u00edfica y educaci\u00f3n de posgrado est\u00e1 integrado por m\u00e1s de 40 profesionales de 18 diversas nacionalidades con distintas especialidades y una importante trayectoria.\u201d<\/span><\/p>\t\t\t\t\t\t\t\t<\/div>\n\t\t\t\t<\/div>\n\t\t\t\t<div class=\"elementor-element elementor-element-a3ade48 elementor-widget elementor-widget-spacer\" data-id=\"a3ade48\" data-element_type=\"widget\" data-widget_type=\"spacer.default\">\n\t\t\t\t<div class=\"elementor-widget-container\">\n\t\t\t\t\t\t\t<div class=\"elementor-spacer\">\n\t\t\t<div class=\"elementor-spacer-inner\"><\/div>\n\t\t<\/div>\n\t\t\t\t\t\t<\/div>\n\t\t\t\t<\/div>\n\t\t\t\t<div class=\"elementor-element elementor-element-386aa08 elementor-widget elementor-widget-thim-our-team\" data-id=\"386aa08\" data-element_type=\"widget\" data-widget_type=\"thim-our-team.default\">\n\t\t\t\t<div class=\"elementor-widget-container\">\n\t\t\t\t\t<div class=\"wrapper-lists-our-team\"><div class=\"row\"><div class=\"our-team-item col-sm-3\"><div class=\"our-team-image\"> <a class=\"link-img\" href=\"https:\/\/www.catie.ac.cr\/en\/our_team\/alfredo-zamarripa-colmenero-dr\/\"><\/a><img decoding=\"async\" src=\"https:\/\/www.catie.ac.cr\/wp-content\/uploads\/2025\/02\/Alfredo-Zamarripa-WEB.jpg\" alt=\"Alfredo-Zamarripa-WEB\" title=\"Alfredo-Zamarripa-WEB\"  width=\"200\" height=\"200\"><div class=\"social-team\"><\/div><\/div><div class=\"content-team\"><h4 class=\"title\"><a href=\"https:\/\/www.catie.ac.cr\/en\/our_team\/alfredo-zamarripa-colmenero-dr\/\">Alfredo Zamarripa Colmenero, Dr.<\/a><\/h4><\/div><\/div><div class=\"our-team-item col-sm-3\"><div class=\"our-team-image\"> <a class=\"link-img\" href=\"https:\/\/www.catie.ac.cr\/en\/our_team\/adriana-arciniegas-leal-m-sc\/\"><\/a><img decoding=\"async\" src=\"https:\/\/www.catie.ac.cr\/wp-content\/uploads\/2024\/07\/Adriana-Arciniegas.jpg\" alt=\"Adriana-Arciniegas\" title=\"Adriana-Arciniegas\"  width=\"200\" height=\"200\"><div class=\"social-team\"><\/div><\/div><div class=\"content-team\"><h4 class=\"title\"><a href=\"https:\/\/www.catie.ac.cr\/en\/our_team\/adriana-arciniegas-leal-m-sc\/\">Adriana Arciniegas Leal, M.Sc.<\/a><\/h4><\/div><\/div><div class=\"our-team-item col-sm-3\"><div class=\"our-team-image\"> <a class=\"link-img\" href=\"https:\/\/www.catie.ac.cr\/en\/our_team\/roberto-quiroz-guerra-ph-d\/\"><\/a><img decoding=\"async\" src=\"https:\/\/www.catie.ac.cr\/wp-content\/uploads\/2024\/07\/Roberto-Quiroz.jpg\" alt=\"Roberto-Quiroz\" title=\"Roberto-Quiroz\"  width=\"200\" height=\"200\"><div class=\"social-team\"><\/div><\/div><div class=\"content-team\"><h4 class=\"title\"><a href=\"https:\/\/www.catie.ac.cr\/en\/our_team\/roberto-quiroz-guerra-ph-d\/\">Roberto Quiroz Guerra, Ph.D<\/a><\/h4><\/div><\/div><div class=\"our-team-item col-sm-3\"><div class=\"our-team-image\"> <a class=\"link-img\" href=\"https:\/\/www.catie.ac.cr\/en\/our_team\/ileana-avalos-ph-d\/\"><\/a><img loading=\"lazy\" decoding=\"async\" src=\"https:\/\/www.catie.ac.cr\/wp-content\/uploads\/2024\/07\/ileana-avalos.jpg\" alt=\"ileana-avalos\" title=\"ileana-avalos\"  width=\"200\" height=\"200\"><div class=\"social-team\"><\/div><\/div><div class=\"content-team\"><h4 class=\"title\"><a href=\"https:\/\/www.catie.ac.cr\/en\/our_team\/ileana-avalos-ph-d\/\">Ileana \u00c1valos, Ph.D.<\/a><\/h4><\/div><\/div><div class=\"our-team-item col-sm-3\"><div class=\"our-team-image\"> <a class=\"link-img\" href=\"https:\/\/www.catie.ac.cr\/en\/our_team\/william-jefferson-watler-reyes-m-sc\/\"><\/a><img loading=\"lazy\" decoding=\"async\" src=\"https:\/\/www.catie.ac.cr\/wp-content\/uploads\/2024\/02\/willian-watler.jpg\" alt=\"willian-watler\" title=\"willian-watler\"  width=\"200\" height=\"200\"><div class=\"social-team\"><\/div><\/div><div class=\"content-team\"><h4 class=\"title\"><a href=\"https:\/\/www.catie.ac.cr\/en\/our_team\/william-jefferson-watler-reyes-m-sc\/\">William Jefferson Watler Reyes M.Sc.<\/a><\/h4><\/div><\/div><div class=\"our-team-item col-sm-3\"><div class=\"our-team-image\"> <a class=\"link-img\" href=\"https:\/\/www.catie.ac.cr\/en\/our_team\/william-solano-sanchez-m-sc\/\"><\/a><img loading=\"lazy\" decoding=\"async\" src=\"https:\/\/www.catie.ac.cr\/wp-content\/uploads\/2024\/02\/wiliam-solano.jpg\" alt=\"wiliam-solano\" title=\"wiliam-solano\"  width=\"200\" height=\"200\"><div class=\"social-team\"><\/div><\/div><div class=\"content-team\"><h4 class=\"title\"><a href=\"https:\/\/www.catie.ac.cr\/en\/our_team\/william-solano-sanchez-m-sc\/\">William Solano-S\u00e1nchez, M.Sc.<\/a><\/h4><\/div><\/div><div class=\"our-team-item col-sm-3\"><div class=\"our-team-image\"> <a class=\"link-img\" href=\"https:\/\/www.catie.ac.cr\/en\/our_team\/vladimir-j-valera-mejias-dr\/\"><\/a><img loading=\"lazy\" decoding=\"async\" src=\"https:\/\/www.catie.ac.cr\/wp-content\/uploads\/2024\/02\/vladimor-valera.jpg\" alt=\"vladimor-valera\" title=\"vladimor-valera\"  width=\"200\" height=\"200\"><div class=\"social-team\"><\/div><\/div><div class=\"content-team\"><h4 class=\"title\"><a href=\"https:\/\/www.catie.ac.cr\/en\/our_team\/vladimir-j-valera-mejias-dr\/\">Vladimir J. Valera Mej\u00edas, Dr.<\/a><\/h4><\/div><\/div><div class=\"our-team-item col-sm-3\"><div class=\"our-team-image\"> <a class=\"link-img\" href=\"https:\/\/www.catie.ac.cr\/en\/our_team\/sergio-j-vilchez-mendoza-m-sc\/\"><\/a><img loading=\"lazy\" decoding=\"async\" src=\"https:\/\/www.catie.ac.cr\/wp-content\/uploads\/2024\/02\/Sergio-Vilchez.jpg\" alt=\"Sergio-Vilchez\" title=\"Sergio-Vilchez\"  width=\"200\" height=\"200\"><div class=\"social-team\"><\/div><\/div><div class=\"content-team\"><h4 class=\"title\"><a href=\"https:\/\/www.catie.ac.cr\/en\/our_team\/sergio-j-vilchez-mendoza-m-sc\/\">Sergio J. V\u00edlchez Mendoza, M.Sc.<\/a><\/h4><\/div><\/div><div class=\"our-team-item col-sm-3\"><div class=\"our-team-image\"> <a class=\"link-img\" href=\"https:\/\/www.catie.ac.cr\/en\/our_team\/rolando-h-cerda-b-ph-d\/\"><\/a><img loading=\"lazy\" decoding=\"async\" src=\"https:\/\/www.catie.ac.cr\/wp-content\/uploads\/2024\/02\/rolando-cerda.jpg\" alt=\"rolando-cerda\" title=\"rolando-cerda\"  width=\"200\" height=\"200\"><div class=\"social-team\"><\/div><\/div><div class=\"content-team\"><h4 class=\"title\"><a href=\"https:\/\/www.catie.ac.cr\/en\/our_team\/rolando-h-cerda-b-ph-d\/\">Rolando H. Cerda B. Ph.D.<\/a><\/h4><\/div><\/div><div class=\"our-team-item col-sm-3\"><div class=\"our-team-image\"> <a class=\"link-img\" href=\"https:\/\/www.catie.ac.cr\/en\/our_team\/roger-villalobos-soto-m-sc\/\"><\/a><img loading=\"lazy\" decoding=\"async\" src=\"https:\/\/www.catie.ac.cr\/wp-content\/uploads\/2024\/02\/roger-villalobos-1.jpg\" alt=\"roger-villalobos\" title=\"roger-villalobos\"  width=\"200\" height=\"200\"><div class=\"social-team\"><\/div><\/div><div class=\"content-team\"><h4 class=\"title\"><a href=\"https:\/\/www.catie.ac.cr\/en\/our_team\/roger-villalobos-soto-m-sc\/\">R\u00f3ger Villalobos Soto, M.Sc.<\/a><\/h4><\/div><\/div><div class=\"our-team-item col-sm-3\"><div class=\"our-team-image\"> <a class=\"link-img\" href=\"https:\/\/www.catie.ac.cr\/en\/our_team\/roger-madrigal-ph-d\/\"><\/a><img loading=\"lazy\" decoding=\"async\" src=\"https:\/\/www.catie.ac.cr\/wp-content\/uploads\/2024\/02\/roger-madrigal-copia-200x200.jpg\" alt=\"roger-madrigal copia\" title=\"roger-madrigal copia\"  width=\"200\" height=\"200\"><div class=\"social-team\"><\/div><\/div><div class=\"content-team\"><h4 class=\"title\"><a href=\"https:\/\/www.catie.ac.cr\/en\/our_team\/roger-madrigal-ph-d\/\">R\u00f3ger Madrigal, Ph.D.<\/a><\/h4><\/div><\/div><div class=\"our-team-item col-sm-3\"><div class=\"our-team-image\"> <a class=\"link-img\" href=\"https:\/\/www.catie.ac.cr\/en\/our_team\/reinhold-gerhard-muschler-p-hd\/\"><\/a><img loading=\"lazy\" decoding=\"async\" src=\"https:\/\/www.catie.ac.cr\/wp-content\/uploads\/2024\/02\/reinhold-Muschler.jpg\" alt=\"reinhold-Muschler\" title=\"reinhold-Muschler\"  width=\"200\" height=\"200\"><div class=\"social-team\"><\/div><\/div><div class=\"content-team\"><h4 class=\"title\"><a href=\"https:\/\/www.catie.ac.cr\/en\/our_team\/reinhold-gerhard-muschler-p-hd\/\">Reinhold Gerhard Muschler Ph.D.<\/a><\/h4><\/div><\/div><div class=\"our-team-item col-sm-3\"><div class=\"our-team-image\"> <a class=\"link-img\" href=\"https:\/\/www.catie.ac.cr\/en\/our_team\/jose-ney-rios-ramirez-m-sc\/\"><\/a><img loading=\"lazy\" decoding=\"async\" src=\"https:\/\/www.catie.ac.cr\/wp-content\/uploads\/2024\/02\/FotoNeyRios-WEB.jpg\" alt=\"FotoNeyRios-WEB\" title=\"FotoNeyRios-WEB\"  width=\"200\" height=\"200\"><div class=\"social-team\"><\/div><\/div><div class=\"content-team\"><h4 class=\"title\"><a href=\"https:\/\/www.catie.ac.cr\/en\/our_team\/jose-ney-rios-ramirez-m-sc\/\">Jos\u00e9 Ney R\u00edos-Ram\u00edrez M.Sc.<\/a><\/h4><\/div><\/div><div class=\"our-team-item col-sm-3\"><div class=\"our-team-image\"> <a class=\"link-img\" href=\"https:\/\/www.catie.ac.cr\/en\/our_team\/mariela-e-leandro-munoz-ph-d\/\"><\/a><img loading=\"lazy\" decoding=\"async\" src=\"https:\/\/www.catie.ac.cr\/wp-content\/uploads\/2024\/02\/mariela-leandro.jpg\" alt=\"mariela-leandro\" title=\"mariela-leandro\"  width=\"200\" height=\"200\"><div class=\"social-team\"><\/div><\/div><div class=\"content-team\"><h4 class=\"title\"><a href=\"https:\/\/www.catie.ac.cr\/en\/our_team\/mariela-e-leandro-munoz-ph-d\/\">Mariela E. Leandro-Mu\u00f1oz Ph.D.<\/a><\/h4><\/div><\/div><div class=\"our-team-item col-sm-3\"><div class=\"our-team-image\"> <a class=\"link-img\" href=\"https:\/\/www.catie.ac.cr\/en\/our_team\/marie-ange-ngo-being-ph-d\/\"><\/a><img loading=\"lazy\" decoding=\"async\" src=\"https:\/\/www.catie.ac.cr\/wp-content\/uploads\/2024\/02\/marie-ange.jpg\" alt=\"marie-ange\" title=\"marie-ange\"  width=\"200\" height=\"200\"><div class=\"social-team\"><\/div><\/div><div class=\"content-team\"><h4 class=\"title\"><a href=\"https:\/\/www.catie.ac.cr\/en\/our_team\/marie-ange-ngo-being-ph-d\/\">Marie-Ange Ngo Being, Ph.D.<\/a><\/h4><\/div><\/div><div class=\"our-team-item col-sm-3\"><div class=\"our-team-image\"> <a class=\"link-img\" href=\"https:\/\/www.catie.ac.cr\/en\/our_team\/luko-hilje-ph-d\/\"><\/a><img loading=\"lazy\" decoding=\"async\" src=\"https:\/\/www.catie.ac.cr\/wp-content\/uploads\/2024\/02\/luko-hilje.jpg\" alt=\"luko-hilje\" title=\"luko-hilje\"  width=\"200\" height=\"200\"><div class=\"social-team\"><\/div><\/div><div class=\"content-team\"><h4 class=\"title\"><a href=\"https:\/\/www.catie.ac.cr\/en\/our_team\/luko-hilje-ph-d\/\">Luko Hilje, Ph.D.<\/a><\/h4><\/div><\/div><div class=\"our-team-item col-sm-3\"><div class=\"our-team-image\"> <a class=\"link-img\" href=\"https:\/\/www.catie.ac.cr\/en\/our_team\/luis-diego-jimenez-alvarado-m-sc\/\"><\/a><img loading=\"lazy\" decoding=\"async\" src=\"https:\/\/www.catie.ac.cr\/wp-content\/uploads\/2024\/02\/luis-d-jimenez.jpg\" alt=\"luis-d-jimenez\" title=\"luis-d-jimenez\"  width=\"200\" height=\"200\"><div class=\"social-team\"><\/div><\/div><div class=\"content-team\"><h4 class=\"title\"><a href=\"https:\/\/www.catie.ac.cr\/en\/our_team\/luis-diego-jimenez-alvarado-m-sc\/\">Luis Diego Jim\u00e9nez Alvarado M.Sc.<\/a><\/h4><\/div><\/div><div class=\"our-team-item col-sm-3\"><div class=\"our-team-image\"> <a class=\"link-img\" href=\"https:\/\/www.catie.ac.cr\/en\/our_team\/leida-mercado-ph-d\/\"><\/a><img loading=\"lazy\" decoding=\"async\" src=\"https:\/\/www.catie.ac.cr\/wp-content\/uploads\/2024\/02\/leida-mercado.jpg\" alt=\"leida-mercado\" title=\"leida-mercado\"  width=\"200\" height=\"200\"><div class=\"social-team\"><\/div><\/div><div class=\"content-team\"><h4 class=\"title\"><a href=\"https:\/\/www.catie.ac.cr\/en\/our_team\/leida-mercado-ph-d\/\">Leida Mercado, Ph.D.<\/a><\/h4><\/div><\/div><div class=\"our-team-item col-sm-3\"><div class=\"our-team-image\"> <a class=\"link-img\" href=\"https:\/\/www.catie.ac.cr\/en\/our_team\/laura-benegas-negri-ph-d\/\"><\/a><img loading=\"lazy\" decoding=\"async\" src=\"https:\/\/www.catie.ac.cr\/wp-content\/uploads\/2024\/02\/laura-benegas.jpg\" alt=\"laura-benegas\" title=\"laura-benegas\"  width=\"200\" height=\"200\"><div class=\"social-team\"><\/div><\/div><div class=\"content-team\"><h4 class=\"title\"><a href=\"https:\/\/www.catie.ac.cr\/en\/our_team\/laura-benegas-negri-ph-d\/\">Laura Benegas Negri, Ph.D.<\/a><\/h4><\/div><\/div><div class=\"our-team-item col-sm-3\"><div class=\"our-team-image\"> <a class=\"link-img\" href=\"https:\/\/www.catie.ac.cr\/en\/our_team\/julio-lopez-payes-m-sc\/\"><\/a><img loading=\"lazy\" decoding=\"async\" src=\"https:\/\/www.catie.ac.cr\/wp-content\/uploads\/2024\/02\/julio-lopez.jpg\" alt=\"julio-lopez\" title=\"julio-lopez\"  width=\"200\" height=\"200\"><div class=\"social-team\"><\/div><\/div><div class=\"content-team\"><h4 class=\"title\"><a href=\"https:\/\/www.catie.ac.cr\/en\/our_team\/julio-lopez-payes-m-sc\/\">Julio L\u00f3pez Pay\u00e9s M.Sc.<\/a><\/h4><\/div><\/div><div class=\"our-team-item col-sm-3\"><div class=\"our-team-image\"> <a class=\"link-img\" href=\"https:\/\/www.catie.ac.cr\/en\/our_team\/fernando-casanoves-dr-sc\/\"><\/a><img loading=\"lazy\" decoding=\"async\" src=\"https:\/\/www.catie.ac.cr\/wp-content\/uploads\/2024\/02\/fernando-casanoves.jpg\" alt=\"fernando-casanoves\" title=\"fernando-casanoves\"  width=\"200\" height=\"200\"><div class=\"social-team\"><\/div><\/div><div class=\"content-team\"><h4 class=\"title\"><a href=\"https:\/\/www.catie.ac.cr\/en\/our_team\/fernando-casanoves-dr-sc\/\">Fernando Casanoves, Dr.Sc.<\/a><\/h4><\/div><\/div><div class=\"our-team-item col-sm-3\"><div class=\"our-team-image\"> <a class=\"link-img\" href=\"https:\/\/www.catie.ac.cr\/en\/our_team\/fernando-carrera-gambetta-m-sc\/\"><\/a><img loading=\"lazy\" decoding=\"async\" src=\"https:\/\/www.catie.ac.cr\/wp-content\/uploads\/2024\/02\/fernando-carrera.jpg\" alt=\"fernando-carrera\" title=\"fernando-carrera\"  width=\"200\" height=\"200\"><div class=\"social-team\"><\/div><\/div><div class=\"content-team\"><h4 class=\"title\"><a href=\"https:\/\/www.catie.ac.cr\/en\/our_team\/fernando-carrera-gambetta-m-sc\/\">Fernando Carrera Gambetta M.Sc.<\/a><\/h4><\/div><\/div><div class=\"our-team-item col-sm-3\"><div class=\"our-team-image\"> <a class=\"link-img\" href=\"https:\/\/www.catie.ac.cr\/en\/our_team\/laurene-feintrenie-dra\/\"><\/a><img loading=\"lazy\" decoding=\"async\" src=\"https:\/\/www.catie.ac.cr\/wp-content\/uploads\/2024\/02\/Feintrenie-Laurene_-2023-200x200.jpg\" alt=\"Feintrenie Laur\u00e8ne_ 2023\" title=\"Feintrenie Laur\u00e8ne_ 2023\"  width=\"200\" height=\"200\"><div class=\"social-team\"><\/div><\/div><div class=\"content-team\"><h4 class=\"title\"><a href=\"https:\/\/www.catie.ac.cr\/en\/our_team\/laurene-feintrenie-dra\/\">Laur\u00e8ne Feintrenie, Dra.<\/a><\/h4><\/div><\/div><div class=\"our-team-item col-sm-3\"><div class=\"our-team-image\"> <a class=\"link-img\" href=\"https:\/\/www.catie.ac.cr\/en\/our_team\/eliecer-eduardo-vargas-ortega-ph-d\/\"><\/a><img loading=\"lazy\" decoding=\"async\" src=\"https:\/\/www.catie.ac.cr\/wp-content\/uploads\/2024\/02\/eliecer-vargas.jpg\" alt=\"eliecer-vargas\" title=\"eliecer-vargas\"  width=\"200\" height=\"200\"><div class=\"social-team\"><\/div><\/div><div class=\"content-team\"><h4 class=\"title\"><a href=\"https:\/\/www.catie.ac.cr\/en\/our_team\/eliecer-eduardo-vargas-ortega-ph-d\/\">Eli\u00e9cer Eduardo Vargas-Ortega, Ph.D.<\/a><\/h4><\/div><\/div><div class=\"our-team-item col-sm-3\"><div class=\"our-team-image\"> <a class=\"link-img\" href=\"https:\/\/www.catie.ac.cr\/en\/our_team\/elias-de-melo-virginio-filho-ph-d\/\"><\/a><img loading=\"lazy\" decoding=\"async\" src=\"https:\/\/www.catie.ac.cr\/wp-content\/uploads\/2024\/02\/elias-de-melo.jpg\" alt=\"elias-de-melo\" title=\"elias-de-melo\"  width=\"200\" height=\"200\"><div class=\"social-team\"><\/div><\/div><div class=\"content-team\"><h4 class=\"title\"><a href=\"https:\/\/www.catie.ac.cr\/en\/our_team\/elias-de-melo-virginio-filho-ph-d\/\">Elias de Melo Virginio Filho, Ph.D.<\/a><\/h4><\/div><\/div><div class=\"our-team-item col-sm-3\"><div class=\"our-team-image\"> <a class=\"link-img\" href=\"https:\/\/www.catie.ac.cr\/en\/our_team\/eduardo-somarriba-ph-d\/\"><\/a><img loading=\"lazy\" decoding=\"async\" src=\"https:\/\/www.catie.ac.cr\/wp-content\/uploads\/2024\/02\/eduardo-somarriba-200x200.jpg\" alt=\"eduardo-somarriba\" title=\"eduardo-somarriba\"  width=\"200\" height=\"200\"><div class=\"social-team\"><\/div><\/div><div class=\"content-team\"><h4 class=\"title\"><a href=\"https:\/\/www.catie.ac.cr\/en\/our_team\/eduardo-somarriba-ph-d\/\">Eduardo Somarriba, Ph.D.<\/a><\/h4><\/div><\/div><div class=\"our-team-item col-sm-3\"><div class=\"our-team-image\"> <a class=\"link-img\" href=\"https:\/\/www.catie.ac.cr\/en\/our_team\/diego-delgado-rodriguez-m-sc\/\"><\/a><img loading=\"lazy\" decoding=\"async\" src=\"https:\/\/www.catie.ac.cr\/wp-content\/uploads\/2024\/02\/diego-delgado2.jpg\" alt=\"diego-delgado2\" title=\"diego-delgado2\"  width=\"200\" height=\"200\"><div class=\"social-team\"><\/div><\/div><div class=\"content-team\"><h4 class=\"title\"><a href=\"https:\/\/www.catie.ac.cr\/en\/our_team\/diego-delgado-rodriguez-m-sc\/\">Diego Delgado-Rodr\u00edguez M.Sc.<\/a><\/h4><\/div><\/div><div class=\"our-team-item col-sm-3\"><div class=\"our-team-image\"> <a class=\"link-img\" href=\"https:\/\/www.catie.ac.cr\/en\/our_team\/danilo-a-pezo-ph-d\/\"><\/a><img loading=\"lazy\" decoding=\"async\" src=\"https:\/\/www.catie.ac.cr\/wp-content\/uploads\/2024\/02\/danilo-pezo.jpg\" alt=\"danilo-pezo\" title=\"danilo-pezo\"  width=\"200\" height=\"200\"><div class=\"social-team\"><\/div><\/div><div class=\"content-team\"><h4 class=\"title\"><a href=\"https:\/\/www.catie.ac.cr\/en\/our_team\/danilo-a-pezo-ph-d\/\">Danilo A. Pezo, Ph.D.<\/a><\/h4><\/div><\/div><div class=\"our-team-item col-sm-3\"><div class=\"our-team-image\"> <a class=\"link-img\" href=\"https:\/\/www.catie.ac.cr\/en\/our_team\/cristobal-villanueva-m-sc\/\"><\/a><img loading=\"lazy\" decoding=\"async\" src=\"https:\/\/www.catie.ac.cr\/wp-content\/uploads\/2024\/02\/cristobal-villanueva.jpg\" alt=\"cristobal-villanueva\" title=\"cristobal-villanueva\"  width=\"200\" height=\"200\"><div class=\"social-team\"><\/div><\/div><div class=\"content-team\"><h4 class=\"title\"><a href=\"https:\/\/www.catie.ac.cr\/en\/our_team\/cristobal-villanueva-m-sc\/\">Crist\u00f3bal Villanueva, M.Sc<\/a><\/h4><\/div><\/div><div class=\"our-team-item col-sm-3\"><div class=\"our-team-image\"> <a class=\"link-img\" href=\"https:\/\/www.catie.ac.cr\/en\/our_team\/cristian-brenes-perez-m-sc\/\"><\/a><img loading=\"lazy\" decoding=\"async\" src=\"https:\/\/www.catie.ac.cr\/wp-content\/uploads\/2024\/02\/christian-brenes-200x200.jpg\" alt=\"christian-brenes\" title=\"christian-brenes\"  width=\"200\" height=\"200\"><div class=\"social-team\"><\/div><\/div><div class=\"content-team\"><h4 class=\"title\"><a href=\"https:\/\/www.catie.ac.cr\/en\/our_team\/cristian-brenes-perez-m-sc\/\">Cristian Brenes P\u00e9rez M.Sc.<\/a><\/h4><\/div><\/div><div class=\"our-team-item col-sm-3\"><div class=\"our-team-image\"> <a class=\"link-img\" href=\"https:\/\/www.catie.ac.cr\/en\/our_team\/catherine-abadie-p-hd-hdr\/\"><\/a><img loading=\"lazy\" decoding=\"async\" src=\"https:\/\/www.catie.ac.cr\/wp-content\/uploads\/2024\/02\/caherin-abadie.jpg\" alt=\"caherin-abadie\" title=\"caherin-abadie\"  width=\"200\" height=\"200\"><div class=\"social-team\"><\/div><\/div><div class=\"content-team\"><h4 class=\"title\"><a href=\"https:\/\/www.catie.ac.cr\/en\/our_team\/catherine-abadie-p-hd-hdr\/\">Catherine Abadie, Ph.D.\/HDR<\/a><\/h4><\/div><\/div><div class=\"our-team-item col-sm-3\"><div class=\"our-team-image\"> <a class=\"link-img\" href=\"https:\/\/www.catie.ac.cr\/en\/our_team\/benedicte-rhone-ph-d\/\"><\/a><img loading=\"lazy\" decoding=\"async\" src=\"https:\/\/www.catie.ac.cr\/wp-content\/uploads\/2024\/02\/benedicte-rhone-200x200.jpg\" alt=\"benedicte-rhone\" title=\"benedicte-rhone\"  width=\"200\" height=\"200\"><div class=\"social-team\"><\/div><\/div><div class=\"content-team\"><h4 class=\"title\"><a href=\"https:\/\/www.catie.ac.cr\/en\/our_team\/benedicte-rhone-ph-d\/\">B\u00e9n\u00e9dicte Rhon\u00e9, Ph.D.<\/a><\/h4><\/div><\/div><div class=\"our-team-item col-sm-3\"><div class=\"our-team-image\"> <a class=\"link-img\" href=\"https:\/\/www.catie.ac.cr\/en\/our_team\/alejandra-martinez-salinas-ph-d\/\"><\/a><img loading=\"lazy\" decoding=\"async\" src=\"https:\/\/www.catie.ac.cr\/wp-content\/uploads\/2024\/02\/alejandra-martinez1.jpg\" alt=\"alejandra-martinez1\" title=\"alejandra-martinez1\"  width=\"200\" height=\"200\"><div class=\"social-team\"><\/div><\/div><div class=\"content-team\"><h4 class=\"title\"><a href=\"https:\/\/www.catie.ac.cr\/en\/our_team\/alejandra-martinez-salinas-ph-d\/\">Alejandra Mart\u00ednez-Salinas, Ph.D.<\/a><\/h4><\/div><\/div><div class=\"our-team-item col-sm-3\"><div class=\"our-team-image\"> <a class=\"link-img\" href=\"https:\/\/www.catie.ac.cr\/en\/our_team\/adriana-escobedo-aguilar-m-sc-mba\/\"><\/a><img loading=\"lazy\" decoding=\"async\" src=\"https:\/\/www.catie.ac.cr\/wp-content\/uploads\/2024\/02\/adriana-escobedo1.jpg\" alt=\"adriana-escobedo1\" title=\"adriana-escobedo1\"  width=\"200\" height=\"200\"><div class=\"social-team\"><\/div><\/div><div class=\"content-team\"><h4 class=\"title\"><a href=\"https:\/\/www.catie.ac.cr\/en\/our_team\/adriana-escobedo-aguilar-m-sc-mba\/\">Adriana Escobedo Aguilar, M.Sc.\/MBA<\/a><\/h4><\/div><\/div><div class=\"our-team-item col-sm-3\"><div class=\"our-team-image\"> <a class=\"link-img\" href=\"https:\/\/www.catie.ac.cr\/en\/our_team\/adina-chain-guadarrama-ph-d\/\"><\/a><img loading=\"lazy\" decoding=\"async\" src=\"https:\/\/www.catie.ac.cr\/wp-content\/uploads\/2024\/02\/adina-Chain.jpg\" alt=\"adina-Chain\" title=\"adina-Chain\"  width=\"200\" height=\"200\"><div class=\"social-team\"><\/div><\/div><div class=\"content-team\"><h4 class=\"title\"><a href=\"https:\/\/www.catie.ac.cr\/en\/our_team\/adina-chain-guadarrama-ph-d\/\">Adina Chain Guadarrama, Ph.D<\/a><\/h4><\/div><\/div><div class=\"our-team-item col-sm-3\"><div class=\"our-team-image\"> <a class=\"link-img\" href=\"https:\/\/www.catie.ac.cr\/en\/our_team\/felipe-peguero-ph-d-mba\/\"><\/a><img loading=\"lazy\" decoding=\"async\" src=\"https:\/\/www.catie.ac.cr\/wp-content\/uploads\/2024\/02\/felipe-peguero.jpg\" alt=\"felipe-peguero\" title=\"felipe-peguero\"  width=\"200\" height=\"200\"><div class=\"social-team\"><\/div><\/div><div class=\"content-team\"><h4 class=\"title\"><a href=\"https:\/\/www.catie.ac.cr\/en\/our_team\/felipe-peguero-ph-d-mba\/\">Felipe Peguero, Ph.D.\/MBA<\/a><\/h4><\/div><\/div><\/div><\/div>\t\t\t\t<\/div>\n\t\t\t\t<\/div>\n\t\t\t\t\t<\/div>\n\t\t<\/div>\n\t\t\t\t\t<\/div>\n\t\t<\/section>\n\t\t\t\t<\/div>","protected":false},"excerpt":{"rendered":"<p>\u201cNuestro claustro de investigaci\u00f3n cient\u00edfica y educaci\u00f3n de posgrado est\u00e1 integrado por m\u00e1s de 40 profesionales de 18 diversas nacionalidades con distintas especialidades y una importante trayectoria.\u201d William Jefferson Watler Reyes MSc. William Solano-S\u00e1nchez, MSc Vladimir J. Valera Mej\u00edas, P &hellip; <\/p>","protected":false},"author":8,"featured_media":0,"parent":0,"menu_order":0,"comment_status":"closed","ping_status":"closed","template":"","meta":{"_bbp_topic_count":0,"_bbp_reply_count":0,"_bbp_total_topic_count":0,"_bbp_total_reply_count":0,"_bbp_voice_count":0,"_bbp_anonymous_reply_count":0,"_bbp_topic_count_hidden":0,"_bbp_reply_count_hidden":0,"_bbp_forum_subforum_count":0,"pmpro_default_level":"0","_monsterinsights_skip_tracking":false,"_monsterinsights_sitenote_active":false,"_monsterinsights_sitenote_note":"","_monsterinsights_sitenote_category":0,"_uf_show_specific_survey":0,"_uf_disable_surveys":false,"footnotes":""},"class_list":["post-24154","page","type-page","status-publish","hentry","pmpro-has-access"],"_links":{"self":[{"href":"https:\/\/www.catie.ac.cr\/en\/wp-json\/wp\/v2\/pages\/24154","targetHints":{"allow":["GET"]}}],"collection":[{"href":"https:\/\/www.catie.ac.cr\/en\/wp-json\/wp\/v2\/pages"}],"about":[{"href":"https:\/\/www.catie.ac.cr\/en\/wp-json\/wp\/v2\/types\/page"}],"author":[{"embeddable":true,"href":"https:\/\/www.catie.ac.cr\/en\/wp-json\/wp\/v2\/users\/8"}],"replies":[{"embeddable":true,"href":"https:\/\/www.catie.ac.cr\/en\/wp-json\/wp\/v2\/comments?post=24154"}],"version-history":[{"count":23,"href":"https:\/\/www.catie.ac.cr\/en\/wp-json\/wp\/v2\/pages\/24154\/revisions"}],"predecessor-version":[{"id":27873,"href":"https:\/\/www.catie.ac.cr\/en\/wp-json\/wp\/v2\/pages\/24154\/revisions\/27873"}],"wp:attachment":[{"href":"https:\/\/www.catie.ac.cr\/en\/wp-json\/wp\/v2\/media?parent=24154"}],"curies":[{"name":"wp","href":"https:\/\/api.w.org\/{rel}","templated":true}]}}