{"id":24279,"date":"2024-02-13T09:50:09","date_gmt":"2024-02-13T15:50:09","guid":{"rendered":"https:\/\/www.catie.ac.cr\/?page_id=24279"},"modified":"2025-03-11T09:25:14","modified_gmt":"2025-03-11T15:25:14","slug":"division-de-educacion","status":"publish","type":"page","link":"https:\/\/www.catie.ac.cr\/en\/division-de-educacion\/","title":{"rendered":"Divisi\u00f3n de Educaci\u00f3n"},"content":{"rendered":"<div data-elementor-type=\"wp-page\" data-elementor-id=\"24279\" class=\"elementor elementor-24279\" data-elementor-post-type=\"page\">\n\t\t\t\t\t\t<section class=\"elementor-section elementor-top-section elementor-element elementor-element-44a50a1 elementor-section-boxed elementor-section-height-default elementor-section-height-default\" data-id=\"44a50a1\" data-element_type=\"section\">\n\t\t\t\t\t\t<div class=\"elementor-container elementor-column-gap-default\">\n\t\t\t\t\t<div class=\"elementor-column elementor-col-50 elementor-top-column elementor-element elementor-element-73d7253\" data-id=\"73d7253\" data-element_type=\"column\">\n\t\t\t<div class=\"elementor-widget-wrap elementor-element-populated\">\n\t\t\t\t\t\t<div class=\"elementor-element elementor-element-8baa7ea elementor-widget elementor-widget-text-editor\" data-id=\"8baa7ea\" data-element_type=\"widget\" data-widget_type=\"text-editor.default\">\n\t\t\t\t<div class=\"elementor-widget-container\">\n\t\t\t\t\t\t\t\t\t<p><span style=\"color: #000000;\">El CATIE es una prestigiosa universidad internacional, a nivel de posgrado, de reconocida excelencia con sede en Costa Rica, con m\u00e1s de 70 a\u00f1os de formar l\u00edderes en Am\u00e9rica Latina y el mundo, en ciencias agr\u00edcolas, recursos naturales y ambiente. El CATIE combina ense\u00f1anza, investigaci\u00f3n, proyecci\u00f3n externa e innovaci\u00f3n para el desarrollo y su aplicaci\u00f3n en el campo de soluciones integrales y sistem\u00e1ticas para el desarrollo sostenible.<\/span><\/p><p><span style=\"color: #000000;\">Sus graduados y sus profesores son de m\u00e1s de 50 pa\u00edses. Tiene convenios con m\u00e1s de 70 universidades de Estados Unidos, Europa y Am\u00e9rica Latina y trabaja con m\u00e1s de 400 socios en Latinoam\u00e9rica, el Caribe y otros continentes. El programa internacional de posgrado m\u00e1s longevo de Am\u00e9rica Latina (fundado en 1946).<\/span><\/p>\t\t\t\t\t\t\t\t<\/div>\n\t\t\t\t<\/div>\n\t\t\t\t\t<\/div>\n\t\t<\/div>\n\t\t\t\t<div class=\"elementor-column elementor-col-50 elementor-top-column elementor-element elementor-element-53b0d48\" data-id=\"53b0d48\" data-element_type=\"column\">\n\t\t\t<div class=\"elementor-widget-wrap elementor-element-populated\">\n\t\t\t\t\t\t<div class=\"elementor-element elementor-element-f6df569 elementor-widget elementor-widget-image\" data-id=\"f6df569\" data-element_type=\"widget\" data-widget_type=\"image.default\">\n\t\t\t\t<div class=\"elementor-widget-container\">\n\t\t\t\t\t\t\t\t\t\t\t\t\t\t\t<img fetchpriority=\"high\" decoding=\"async\" width=\"640\" height=\"547\" src=\"https:\/\/www.catie.ac.cr\/wp-content\/uploads\/2025\/03\/Arco-Posgrado1.jpg\" class=\"attachment-large size-large wp-image-32768\" alt=\"\" srcset=\"https:\/\/www.catie.ac.cr\/wp-content\/uploads\/2025\/03\/Arco-Posgrado1.jpg 709w, https:\/\/www.catie.ac.cr\/wp-content\/uploads\/2025\/03\/Arco-Posgrado1-300x256.jpg 300w, https:\/\/www.catie.ac.cr\/wp-content\/uploads\/2025\/03\/Arco-Posgrado1-14x12.jpg 14w, https:\/\/www.catie.ac.cr\/wp-content\/uploads\/2025\/03\/Arco-Posgrado1-600x513.jpg 600w\" sizes=\"(max-width: 640px) 100vw, 640px\" \/>\t\t\t\t\t\t\t\t\t\t\t\t\t\t\t<\/div>\n\t\t\t\t<\/div>\n\t\t\t\t\t<\/div>\n\t\t<\/div>\n\t\t\t\t\t<\/div>\n\t\t<\/section>\n\t\t\t\t<section class=\"elementor-section elementor-top-section elementor-element elementor-element-21a868d elementor-section-boxed elementor-section-height-default elementor-section-height-default\" data-id=\"21a868d\" data-element_type=\"section\">\n\t\t\t\t\t\t<div class=\"elementor-container elementor-column-gap-default\">\n\t\t\t\t\t<div class=\"elementor-column elementor-col-100 elementor-top-column elementor-element elementor-element-680a613\" data-id=\"680a613\" data-element_type=\"column\">\n\t\t\t<div class=\"elementor-widget-wrap elementor-element-populated\">\n\t\t\t\t\t\t<div class=\"elementor-element elementor-element-af33e8a elementor-widget elementor-widget-spacer\" data-id=\"af33e8a\" data-element_type=\"widget\" data-widget_type=\"spacer.default\">\n\t\t\t\t<div class=\"elementor-widget-container\">\n\t\t\t\t\t\t\t<div class=\"elementor-spacer\">\n\t\t\t<div class=\"elementor-spacer-inner\"><\/div>\n\t\t<\/div>\n\t\t\t\t\t\t<\/div>\n\t\t\t\t<\/div>\n\t\t\t\t<div class=\"elementor-element elementor-element-1d1a29c elementor-widget elementor-widget-accordion\" data-id=\"1d1a29c\" data-element_type=\"widget\" data-widget_type=\"accordion.default\">\n\t\t\t\t<div class=\"elementor-widget-container\">\n\t\t\t\t\t\t\t<div class=\"elementor-accordion\">\n\t\t\t\t\t\t\t<div class=\"elementor-accordion-item\">\n\t\t\t\t\t<div id=\"elementor-tab-title-3051\" class=\"elementor-tab-title\" data-tab=\"1\" role=\"button\" aria-controls=\"elementor-tab-content-3051\" aria-expanded=\"false\">\n\t\t\t\t\t\t\t\t\t\t\t\t\t<span class=\"elementor-accordion-icon elementor-accordion-icon-left\" aria-hidden=\"true\">\n\t\t\t\t\t\t\t\t\t\t\t\t\t\t\t<span class=\"elementor-accordion-icon-closed\"><i class=\"fas fa-plus\"><\/i><\/span>\n\t\t\t\t\t\t\t\t<span class=\"elementor-accordion-icon-opened\"><i class=\"fas fa-minus\"><\/i><\/span>\n\t\t\t\t\t\t\t\t\t\t\t\t\t\t<\/span>\n\t\t\t\t\t\t\t\t\t\t\t\t<a class=\"elementor-accordion-title\" tabindex=\"0\">\u00bfPOR QU\u00c9 ESTUDIAR EN CATIE?<\/a>\n\t\t\t\t\t<\/div>\n\t\t\t\t\t<div id=\"elementor-tab-content-3051\" class=\"elementor-tab-content elementor-clearfix\" data-tab=\"1\" role=\"region\" aria-labelledby=\"elementor-tab-title-3051\"><p><span style=\"color: #008080;\"><strong><em style=\"border-left: solid 4px #f7bb51; padding: 10px;\">Nuestro Programa de Maestr\u00eda goza de un alto prestigio y reconocimiento internacional a su calidad.<\/em><\/strong><\/span><\/p><p><span style=\"color: #000000;\">El CATIE es un centro y universidad internacional que tiene como funciones claves la ense\u00f1anza, la investigaci\u00f3n, la innovaci\u00f3n para el desarrollo y la cooperaci\u00f3n t\u00e9cnica en agricultura, recursos naturales y ambiente. La instituci\u00f3n trabaja en alianza estrat\u00e9gica con productores, organizaciones, socios, instituciones p\u00fablicas y privadas, universidades, municipios, donantes y cooperantes del \u00e1mbito local, nacional e internacional.<\/span><\/p><p><span style=\"color: #000000;\">El reconocimientos internacional de su programa de ense\u00f1anza de posgrado est\u00e1 basado en su calidad, en la experiencia, en ense\u00f1ar lo que hace con m\u00faltiples socios en los pa\u00edses, en compartir los avances y estado del arte de la ciencia y de la tecnolog\u00eda en los diferentes campos de inter\u00e9s, en la diversidad, experiencia, internacionalidad, nivel acad\u00e9mico, cient\u00edfico y profesional de su claustro de profesores, en la riqueza que significa para el aprendizaje compartir, analizar y discutir las experiencias profesionales de sus estudiantes, provenientes de diferentes pa\u00edses de Am\u00e9rica y otros continentes, en la interacci\u00f3n personalizada con cada estudiante.<\/span><\/p><p><span style=\"color: #000000;\">Con su programa a nivel de posgrado, el CATIE tiene la misi\u00f3n de contribuir al desarrollo del capital intelectual de los pa\u00edses que conforman el Sistema Interamericano, de manera que permita hacer aportes cient\u00edficos y t\u00e9cnicos novedosos y asumir liderazgo en los campos de las ciencias agropecuarias, los recursos naturales, el desarrollo local y rural, el ambiente y otras \u00e1reas afines.<\/span><\/p><p><span style=\"color: #000000;\">Los estudios de posgrado est\u00e1n concebidos y estructurados para ofrecer a los profesionales, con t\u00edtulo de grado universitario, las competencias, capacidades, conocimientos te\u00f3ricos y pr\u00e1cticos, habilidades, destrezas, actitudes y valores necesarios para la investigaci\u00f3n t\u00e9cnica y cient\u00edfica cualitativa y cuantitativa, para la educaci\u00f3n superior y para el desarrollo. As\u00ed mismo promueven la capacidad gerencial y el enfoque de territorios clim\u00e1ticamente inteligentes en los sistemas de producci\u00f3n agr\u00edcola, en la gesti\u00f3n de los recursos naturales y del ambiente.<\/span><\/p><p><span style=\"color: #000000;\">Su enfoque es interdisciplinario e integral, el plan de estudios est\u00e1 dise\u00f1ado considerando la experiencia de m\u00e1s de 70 a\u00f1os en educaci\u00f3n de posgrado, la evoluci\u00f3n institucional, la din\u00e1mica del entorno agropecuario, ambiental, de los recursos naturales y del desarrollo rural a nivel nacional, regional e internacional, as\u00ed como la demanda de los pa\u00edses de la regi\u00f3n.<\/span><\/p><p><span style=\"color: #000000;\">Se abordan tem\u00e1ticas que son transversales a los temas de agricultura, recursos naturales, ambiente y desarrollo como son el cambio clim\u00e1tico y la variabilidad clim\u00e1tica, la seguridad alimentaria, los enfoques y la gesti\u00f3n territorial, mercados y cadenas de valor, servicios ecosist\u00e9micos, medios de vida, gesti\u00f3n integral del recurso h\u00eddrico, gobernanza e institucionalidad, pol\u00edticas y normativa, organizaci\u00f3n y participaci\u00f3n, reducci\u00f3n de la pobreza y bienestar humano.<\/span><\/p><p><span style=\"color: #000000;\">La Escuela de Posgrado del CATIE se caracteriza por un claro compromiso de servicio hacia las comunidades de Am\u00e9rica Latina y el Caribe y por estimular la excelencia, el liderazgo, la competitividad, la innovaci\u00f3n, los valores y la cooperaci\u00f3n entre la comunidad estudiantil.<\/span><\/p><p><span style=\"color: #000000;\">La Municipalidad de Turrialba reconoci\u00f3 formalmente, el 6 de agosto del 2021, al Centro Agron\u00f3mico Tropical de Investigaci\u00f3n y Ense\u00f1anza (CATIE) como patrimonio cient\u00edfico e intercultural del cant\u00f3n, otorg\u00e1ndole tal distinci\u00f3n en reconocimiento a su labor cient\u00edfica y proyecci\u00f3n socio-humanista en la comunidad.<\/span><\/p><p><span style=\"color: #000000;\">In the press release it is highlighted that, within the Turrialba canton, said institution always tries to rescue the recognition of cultural and biological diversity in its different forms, respect for nature and the sustainable use of natural resources, among others.<\/span><\/p><h3><span style=\"color: #008080;\">Living at CATIE: our student residences<\/span><\/h3><p><span style=\"color: #000000;\">Nuestro campus universitario posee residencias adecuadas, amuebladas y equipadas para las necesidades de cada estudiante. Nuestras residencias son aptas tanto para personas solteras, as\u00ed como para vida de pareja y familiar, por lo que contamos con tres tipos de residencias:<\/span><\/p><ul><li><span style=\"color: #000000;\">Residences for single students.<\/span><\/li><li><span style=\"color: #000000;\">Residences for students with a partner.<\/span><\/li><li><span style=\"color: #000000;\">Residences for students with a partner and children.<\/span><\/li><\/ul><h3><span style=\"color: #008080;\">Costa Rica: an educational destination<\/span><\/h3><p><span style=\"color: #000000;\">Costa Rica es tambi\u00e9n un destino educativo. El pa\u00eds cuenta con un alto \u00edndice de desarrollo humano y una tradici\u00f3n, reconocida internacionalmente, en la conservaci\u00f3n y el desarrollo ambiental. Su poblaci\u00f3n es pac\u00edfica y amistosa, cuenta con alrededor de 4.6 millones de habitantes.<\/span><\/p><p><span style=\"color: #000000;\">Adem\u00e1s, este pa\u00eds se distingue por su buena calidad de servicios, seguridad ciudadana y belleza esc\u00e9nica. La red de parques nacionales y \u00e1reas de conservaci\u00f3n de Costa Rica, su abundante biodiversidad y una localizaci\u00f3n geogr\u00e1fica excepcional, la convierten en un punto de convergencia entre estudiosos e instituciones relacionadas con los recursos naturales, el ambiente y la agricultura.<\/span><\/p><p><span style=\"color: #000000;\">CATIE es una universidad \u00fanica, diferente de las universidades tradicionales, los centros de investigaci\u00f3n y los organismos o los servicios de extensi\u00f3n porque logra una combinaci\u00f3n integral de todos ellos, en un ambiente internacional y multicultural enriquecedor para sus estudiantes, centrado en alcanzar una gesti\u00f3n integral del conocimiento. En el CATIE los estudiantes tienen la oportunidad de trabajar en el campo con problemas reales y acompa\u00f1ados de sus docentes, con una s\u00f3lida base cient\u00edfica y vinculados a proyectos de desarrollo.<\/span><\/p><p><span style=\"color: #000000;\">En el CATIE existe un car\u00e1cter internacional, presente solamente en algunas prestigiosas universidades del mundo, representado por su personal, estudiantes y graduados de m\u00e1s de 50 nacionalidades y sobre todo por su presencia y participaci\u00f3n en todos los pa\u00edses de Am\u00e9rica Latina por medio de sus oficinas, proyectos, centenares de socios, actividades educativas, publicaciones y graduados.<\/span><\/p><\/div>\n\t\t\t\t<\/div>\n\t\t\t\t\t\t\t\t<\/div>\n\t\t\t\t\t\t<\/div>\n\t\t\t\t<\/div>\n\t\t\t\t<div class=\"elementor-element elementor-element-e4658dc elementor-widget elementor-widget-spacer\" data-id=\"e4658dc\" data-element_type=\"widget\" data-widget_type=\"spacer.default\">\n\t\t\t\t<div class=\"elementor-widget-container\">\n\t\t\t\t\t\t\t<div class=\"elementor-spacer\">\n\t\t\t<div class=\"elementor-spacer-inner\"><\/div>\n\t\t<\/div>\n\t\t\t\t\t\t<\/div>\n\t\t\t\t<\/div>\n\t\t\t\t\t<\/div>\n\t\t<\/div>\n\t\t\t\t\t<\/div>\n\t\t<\/section>\n\t\t\t\t<section class=\"elementor-section elementor-top-section elementor-element elementor-element-12cdb32 elementor-section-full_width elementor-section-height-default elementor-section-height-default\" data-id=\"12cdb32\" data-element_type=\"section\">\n\t\t\t\t\t\t<div class=\"elementor-container elementor-column-gap-narrow\">\n\t\t\t\t\t<div class=\"elementor-column elementor-col-33 elementor-top-column elementor-element elementor-element-7520e93\" data-id=\"7520e93\" data-element_type=\"column\">\n\t\t\t<div class=\"elementor-widget-wrap elementor-element-populated\">\n\t\t\t\t\t\t<div class=\"elementor-element elementor-element-6fc9c83 elementor-invisible elementor-widget elementor-widget-e_image_hover_effects\" data-id=\"6fc9c83\" data-element_type=\"widget\" data-settings=\"{&quot;_animation&quot;:&quot;zoomIn&quot;}\" data-widget_type=\"e_image_hover_effects.default\">\n\t\t\t\t<div class=\"elementor-widget-container\">\n\t\t\t\t\t\t\t\t<div class=\"eihe-box eihe-fade-in-up eihe_\">\n\t\t\t\t<img decoding=\"async\" width=\"500\" height=\"494\" src=\"https:\/\/www.catie.ac.cr\/wp-content\/uploads\/2024\/02\/Carrusel-Formacion.png\" class=\"attachment-full size-full wp-image-24421\" alt=\"\" srcset=\"https:\/\/www.catie.ac.cr\/wp-content\/uploads\/2024\/02\/Carrusel-Formacion.png 500w, https:\/\/www.catie.ac.cr\/wp-content\/uploads\/2024\/02\/Carrusel-Formacion-300x296.png 300w, https:\/\/www.catie.ac.cr\/wp-content\/uploads\/2024\/02\/Carrusel-Formacion-12x12.png 12w, https:\/\/www.catie.ac.cr\/wp-content\/uploads\/2024\/02\/Carrusel-Formacion-100x100.png 100w\" sizes=\"(max-width: 500px) 100vw, 500px\" \/>\t\t\t\t<div class=\"eihe-caption\">\n\t\t\t\t\t<div class=\"eihe-title-cover\">\n\t\t\t\t\t\t\t\t\t\t\t\t<h3 class=\"eihe-title\"><\/h3>\n\t\t\t\t\t\t\t\t\t\t\t<\/div>\n\t\t\t\t\t<p>Estudiantes y profesores de diferentes partes del mundo, que son l\u00edderes en la formaci\u00f3n de pensamiento en sus temas de investigaci\u00f3n.<\/p>\n\t\t\t\t<\/div>\n\t\t\t<\/div>\n\t\t\t\t\t\t<\/div>\n\t\t\t\t<\/div>\n\t\t\t\t\t<\/div>\n\t\t<\/div>\n\t\t\t\t<div class=\"elementor-column elementor-col-33 elementor-top-column elementor-element elementor-element-5e8d19a\" data-id=\"5e8d19a\" data-element_type=\"column\">\n\t\t\t<div class=\"elementor-widget-wrap elementor-element-populated\">\n\t\t\t\t\t\t<div class=\"elementor-element elementor-element-24ff260 elementor-invisible elementor-widget elementor-widget-e_image_hover_effects\" data-id=\"24ff260\" data-element_type=\"widget\" data-settings=\"{&quot;_animation&quot;:&quot;zoomIn&quot;}\" data-widget_type=\"e_image_hover_effects.default\">\n\t\t\t\t<div class=\"elementor-widget-container\">\n\t\t\t\t\t\t\t\t<div class=\"eihe-box eihe-fade-in-up eihe_\">\n\t\t\t\t<img decoding=\"async\" width=\"500\" height=\"494\" src=\"https:\/\/www.catie.ac.cr\/wp-content\/uploads\/2024\/02\/Carrusel-Investigacion.png\" class=\"attachment-full size-full wp-image-24422\" alt=\"\" srcset=\"https:\/\/www.catie.ac.cr\/wp-content\/uploads\/2024\/02\/Carrusel-Investigacion.png 500w, https:\/\/www.catie.ac.cr\/wp-content\/uploads\/2024\/02\/Carrusel-Investigacion-300x296.png 300w, https:\/\/www.catie.ac.cr\/wp-content\/uploads\/2024\/02\/Carrusel-Investigacion-12x12.png 12w, https:\/\/www.catie.ac.cr\/wp-content\/uploads\/2024\/02\/Carrusel-Investigacion-100x100.png 100w\" sizes=\"(max-width: 500px) 100vw, 500px\" \/>\t\t\t\t<div class=\"eihe-caption\">\n\t\t\t\t\t<div class=\"eihe-title-cover\">\n\t\t\t\t\t\t\t\t\t\t\t\t<h3 class=\"eihe-title\"><\/h3>\n\t\t\t\t\t\t\t\t\t\t\t<\/div>\n\t\t\t\t\t<p>Los estudiantes cuentan con laboratorios equipados para las pr\u00e1cticas, en los cursos se realizan giras de campo, y en las Aulas se cuenta con pantallas inteligentes que permiten grabar las clases presenciales, a la vez, por ser una escuela de investigaci\u00f3n se incorpora la innovaci\u00f3n en los temas de los trabajos de graduaci\u00f3n. <\/p>\n\t\t\t\t<\/div>\n\t\t\t<\/div>\n\t\t\t\t\t\t<\/div>\n\t\t\t\t<\/div>\n\t\t\t\t\t<\/div>\n\t\t<\/div>\n\t\t\t\t<div class=\"elementor-column elementor-col-33 elementor-top-column elementor-element elementor-element-d0daff3\" data-id=\"d0daff3\" data-element_type=\"column\">\n\t\t\t<div class=\"elementor-widget-wrap elementor-element-populated\">\n\t\t\t\t\t\t<div class=\"elementor-element elementor-element-b0a225d elementor-invisible elementor-widget elementor-widget-e_image_hover_effects\" data-id=\"b0a225d\" data-element_type=\"widget\" data-settings=\"{&quot;_animation&quot;:&quot;zoomIn&quot;}\" data-widget_type=\"e_image_hover_effects.default\">\n\t\t\t\t<div class=\"elementor-widget-container\">\n\t\t\t\t\t\t\t\t<div class=\"eihe-box eihe-fade-in-up eihe_\">\n\t\t\t\t<img loading=\"lazy\" decoding=\"async\" width=\"500\" height=\"494\" src=\"https:\/\/www.catie.ac.cr\/wp-content\/uploads\/2024\/02\/Carrusel-Campus.png\" class=\"attachment-full size-full wp-image-24420\" alt=\"\" srcset=\"https:\/\/www.catie.ac.cr\/wp-content\/uploads\/2024\/02\/Carrusel-Campus.png 500w, https:\/\/www.catie.ac.cr\/wp-content\/uploads\/2024\/02\/Carrusel-Campus-300x296.png 300w, https:\/\/www.catie.ac.cr\/wp-content\/uploads\/2024\/02\/Carrusel-Campus-12x12.png 12w, https:\/\/www.catie.ac.cr\/wp-content\/uploads\/2024\/02\/Carrusel-Campus-100x100.png 100w\" sizes=\"(max-width: 500px) 100vw, 500px\" \/>\t\t\t\t<div class=\"eihe-caption\">\n\t\t\t\t\t<div class=\"eihe-title-cover\">\n\t\t\t\t\t\t\t\t\t\t\t\t<h3 class=\"eihe-title\"><\/h3>\n\t\t\t\t\t\t\t\t\t\t\t<\/div>\n\t\t\t\t\t<p>Dentro de las instalaciones de CATIE se encuentra el edificio de la Escuela de Posgrado con aulas, residencias estudiantiles y oficinas que est\u00e1n interconectadas a Internet y a la central de c\u00f3mputo del CATIE por fibra \u00f3ptica las 24 horas del d\u00eda. En general, el campus cuenta con amplias y c\u00f3modas instalaciones para los estudiantes e incluso para sus familias.<\/p>\n\t\t\t\t<\/div>\n\t\t\t<\/div>\n\t\t\t\t\t\t<\/div>\n\t\t\t\t<\/div>\n\t\t\t\t\t<\/div>\n\t\t<\/div>\n\t\t\t\t\t<\/div>\n\t\t<\/section>\n\t\t\t\t<section class=\"elementor-section elementor-top-section elementor-element elementor-element-39c718b elementor-section-full_width elementor-section-height-default elementor-section-height-default\" data-id=\"39c718b\" data-element_type=\"section\">\n\t\t\t\t\t\t<div class=\"elementor-container elementor-column-gap-narrow\">\n\t\t\t\t\t<div class=\"elementor-column elementor-col-33 elementor-top-column elementor-element elementor-element-768056f\" data-id=\"768056f\" data-element_type=\"column\">\n\t\t\t<div class=\"elementor-widget-wrap elementor-element-populated\">\n\t\t\t\t\t\t<div class=\"elementor-element elementor-element-4415d7e elementor-invisible elementor-widget elementor-widget-e_image_hover_effects\" data-id=\"4415d7e\" data-element_type=\"widget\" data-settings=\"{&quot;_animation&quot;:&quot;zoomIn&quot;}\" data-widget_type=\"e_image_hover_effects.default\">\n\t\t\t\t<div class=\"elementor-widget-container\">\n\t\t\t\t\t\t\t\t<div class=\"eihe-box eihe-fade-in-up eihe_\">\n\t\t\t\t<img loading=\"lazy\" decoding=\"async\" width=\"500\" height=\"494\" src=\"https:\/\/www.catie.ac.cr\/wp-content\/uploads\/2024\/02\/Carrusel-Multiculturalidad.png\" class=\"attachment-full size-full wp-image-24423\" alt=\"\" srcset=\"https:\/\/www.catie.ac.cr\/wp-content\/uploads\/2024\/02\/Carrusel-Multiculturalidad.png 500w, https:\/\/www.catie.ac.cr\/wp-content\/uploads\/2024\/02\/Carrusel-Multiculturalidad-300x296.png 300w, https:\/\/www.catie.ac.cr\/wp-content\/uploads\/2024\/02\/Carrusel-Multiculturalidad-12x12.png 12w, https:\/\/www.catie.ac.cr\/wp-content\/uploads\/2024\/02\/Carrusel-Multiculturalidad-100x100.png 100w\" sizes=\"(max-width: 500px) 100vw, 500px\" \/>\t\t\t\t<div class=\"eihe-caption\">\n\t\t\t\t\t<div class=\"eihe-title-cover\">\n\t\t\t\t\t\t\t\t\t\t\t\t<h3 class=\"eihe-title\"><\/h3>\n\t\t\t\t\t\t\t\t\t\t\t<\/div>\n\t\t\t\t\t<p>La diversidad cultural, acad\u00e9mica y profesional, tanto de los estudiantes como de los profesores, es uno de los componentes principales de nuestros programas de educaci\u00f3n. Este ambiente multicultural es el que propicia una atm\u00f3sfera de aprendizaje abierto e internacional, que a su vez promueve el intercambio continuo de experiencias personales y enriquece los contenidos de cada aprendizaje.<\/p>\n\t\t\t\t<\/div>\n\t\t\t<\/div>\n\t\t\t\t\t\t<\/div>\n\t\t\t\t<\/div>\n\t\t\t\t\t<\/div>\n\t\t<\/div>\n\t\t\t\t<div class=\"elementor-column elementor-col-33 elementor-top-column elementor-element elementor-element-e533c62\" data-id=\"e533c62\" data-element_type=\"column\">\n\t\t\t<div class=\"elementor-widget-wrap\">\n\t\t\t\t\t\t\t<\/div>\n\t\t<\/div>\n\t\t\t\t<div class=\"elementor-column elementor-col-33 elementor-top-column elementor-element elementor-element-3b2c0af\" data-id=\"3b2c0af\" data-element_type=\"column\">\n\t\t\t<div class=\"elementor-widget-wrap elementor-element-populated\">\n\t\t\t\t\t\t<div class=\"elementor-element elementor-element-5252cb9 elementor-invisible elementor-widget elementor-widget-e_image_hover_effects\" data-id=\"5252cb9\" data-element_type=\"widget\" data-settings=\"{&quot;_animation&quot;:&quot;zoomIn&quot;}\" data-widget_type=\"e_image_hover_effects.default\">\n\t\t\t\t<div class=\"elementor-widget-container\">\n\t\t\t\t\t\t\t\t<div class=\"eihe-box eihe-fade-in-up eihe_\">\n\t\t\t\t<img loading=\"lazy\" decoding=\"async\" width=\"500\" height=\"494\" src=\"https:\/\/www.catie.ac.cr\/wp-content\/uploads\/2024\/02\/Carrusel-Ubicacion.png\" class=\"attachment-full size-full wp-image-24424\" alt=\"\" srcset=\"https:\/\/www.catie.ac.cr\/wp-content\/uploads\/2024\/02\/Carrusel-Ubicacion.png 500w, https:\/\/www.catie.ac.cr\/wp-content\/uploads\/2024\/02\/Carrusel-Ubicacion-300x296.png 300w, https:\/\/www.catie.ac.cr\/wp-content\/uploads\/2024\/02\/Carrusel-Ubicacion-12x12.png 12w, https:\/\/www.catie.ac.cr\/wp-content\/uploads\/2024\/02\/Carrusel-Ubicacion-100x100.png 100w\" sizes=\"(max-width: 500px) 100vw, 500px\" \/>\t\t\t\t<div class=\"eihe-caption\">\n\t\t\t\t\t<div class=\"eihe-title-cover\">\n\t\t\t\t\t\t\t\t\t\t\t\t<p class=\"eihe-title\"><\/p>\n\t\t\t\t\t\t\t\t\t\t\t<\/div>\n\t\t\t\t\t<p>Ubicada en Costa Rica \u2013 el \u201chub\u201d verde de Am\u00e9rica Latina, uno de los pa\u00edses m\u00e1s felices del mundo. El campus del CATIE est\u00e1 ubicado en Turrialba, Costa Rica, a tan solo una hora y media de la capital, San Jos\u00e9. Su caracter\u00edstica principal es su belleza esc\u00e9nica, cargada de naturaleza, en medio de un ambiente rural y pac\u00edfico. Son m\u00e1s de 1.000 hect\u00e1reas en medio de un paisaje monta\u00f1oso, donde abundan los cafetales, la actividad agr\u00edcola y los ca\u00f1averales. Adem\u00e1s, posee un lago que resulta ser una incre\u00edble ventana para observar una gran variedad de aves, y si camina por los alrededores es posible que encuentre algunos animales como armadillos, ardillas, pizotes, entre otros<\/p>\n\t\t\t\t<\/div>\n\t\t\t<\/div>\n\t\t\t\t\t\t<\/div>\n\t\t\t\t<\/div>\n\t\t\t\t\t<\/div>\n\t\t<\/div>\n\t\t\t\t\t<\/div>\n\t\t<\/section>\n\t\t\t\t<\/div>","protected":false},"excerpt":{"rendered":"<p>El CATIE es una prestigiosa universidad internacional, a nivel de posgrado, de reconocida excelencia con sede en Costa Rica, con m\u00e1s de 70 a\u00f1os de formar l\u00edderes en Am\u00e9rica Latina y el mundo, en ciencias agr\u00edcolas, recursos naturales y ambiente.<\/p>","protected":false},"author":20,"featured_media":21914,"parent":0,"menu_order":0,"comment_status":"closed","ping_status":"closed","template":"","meta":{"_bbp_topic_count":0,"_bbp_reply_count":0,"_bbp_total_topic_count":0,"_bbp_total_reply_count":0,"_bbp_voice_count":0,"_bbp_anonymous_reply_count":0,"_bbp_topic_count_hidden":0,"_bbp_reply_count_hidden":0,"_bbp_forum_subforum_count":0,"pmpro_default_level":"0","_monsterinsights_skip_tracking":false,"_monsterinsights_sitenote_active":false,"_monsterinsights_sitenote_note":"","_monsterinsights_sitenote_category":0,"_uf_show_specific_survey":0,"_uf_disable_surveys":false,"footnotes":""},"class_list":["post-24279","page","type-page","status-publish","has-post-thumbnail","hentry","pmpro-has-access"],"_links":{"self":[{"href":"https:\/\/www.catie.ac.cr\/en\/wp-json\/wp\/v2\/pages\/24279","targetHints":{"allow":["GET"]}}],"collection":[{"href":"https:\/\/www.catie.ac.cr\/en\/wp-json\/wp\/v2\/pages"}],"about":[{"href":"https:\/\/www.catie.ac.cr\/en\/wp-json\/wp\/v2\/types\/page"}],"author":[{"embeddable":true,"href":"https:\/\/www.catie.ac.cr\/en\/wp-json\/wp\/v2\/users\/20"}],"replies":[{"embeddable":true,"href":"https:\/\/www.catie.ac.cr\/en\/wp-json\/wp\/v2\/comments?post=24279"}],"version-history":[{"count":51,"href":"https:\/\/www.catie.ac.cr\/en\/wp-json\/wp\/v2\/pages\/24279\/revisions"}],"predecessor-version":[{"id":32860,"href":"https:\/\/www.catie.ac.cr\/en\/wp-json\/wp\/v2\/pages\/24279\/revisions\/32860"}],"wp:featuredmedia":[{"embeddable":true,"href":"https:\/\/www.catie.ac.cr\/en\/wp-json\/wp\/v2\/media\/21914"}],"wp:attachment":[{"href":"https:\/\/www.catie.ac.cr\/en\/wp-json\/wp\/v2\/media?parent=24279"}],"curies":[{"name":"wp","href":"https:\/\/api.w.org\/{rel}","templated":true}]}}