{"id":24900,"date":"2024-02-19T13:07:58","date_gmt":"2024-02-19T19:07:58","guid":{"rendered":"https:\/\/www.catie.ac.cr\/?page_id=24900"},"modified":"2025-12-17T07:52:23","modified_gmt":"2025-12-17T13:52:23","slug":"area-de-capacitacion","status":"publish","type":"page","link":"https:\/\/www.catie.ac.cr\/en\/area-de-capacitacion\/","title":{"rendered":"Capacitaci\u00f3n continua"},"content":{"rendered":"<div data-elementor-type=\"wp-page\" data-elementor-id=\"24900\" class=\"elementor elementor-24900\" data-elementor-post-type=\"page\">\n\t\t\t\t\t\t<section class=\"elementor-section elementor-top-section elementor-element elementor-element-4c2b3e8 elementor-section-boxed elementor-section-height-default elementor-section-height-default\" data-id=\"4c2b3e8\" data-element_type=\"section\">\n\t\t\t\t\t\t<div class=\"elementor-container elementor-column-gap-default\">\n\t\t\t\t\t<div class=\"elementor-column elementor-col-100 elementor-top-column elementor-element elementor-element-b8ea4eb\" data-id=\"b8ea4eb\" data-element_type=\"column\">\n\t\t\t<div class=\"elementor-widget-wrap elementor-element-populated\">\n\t\t\t\t\t\t<section class=\"elementor-section elementor-inner-section elementor-element elementor-element-4994959 elementor-section-boxed elementor-section-height-default elementor-section-height-default\" data-id=\"4994959\" data-element_type=\"section\">\n\t\t\t\t\t\t<div class=\"elementor-container elementor-column-gap-default\">\n\t\t\t\t\t<div class=\"elementor-column elementor-col-50 elementor-inner-column elementor-element elementor-element-718098a\" data-id=\"718098a\" data-element_type=\"column\">\n\t\t\t<div class=\"elementor-widget-wrap elementor-element-populated\">\n\t\t\t\t\t\t<div class=\"elementor-element elementor-element-b36044e elementor-widget elementor-widget-text-editor\" data-id=\"b36044e\" data-element_type=\"widget\" data-widget_type=\"text-editor.default\">\n\t\t\t\t<div class=\"elementor-widget-container\">\n\t\t\t\t\t\t\t\t\t<p><span style=\"color: #000000;\">La capacitaci\u00f3n del CATIE constituye un eje estrat\u00e9gico y destacado del quehacer institucional con el cual se construye la oferta anual mediante la gesti\u00f3n de conocimiento de sus t\u00e9cnicos e investigadores; expertos en los temas actualizados como manejo y gesti\u00f3n de cuencas, ganader\u00eda sostenible, agricultura, cambio clim\u00e1tico, entre otros.<\/span><\/p><p><span style=\"color: #008080;\"><strong>\u00bfD\u00f3nde trabajamos? <\/strong><\/span><\/p><p><span style=\"color: #000000;\">El \u00e1mbito de acci\u00f3n de CATIE recorre Latinoam\u00e9rica y el Caribe. Anualmente, las mujeres y hombres de los diferentes pa\u00edses de la regi\u00f3n pueden tener acceso a las actividades de capacitaci\u00f3n de CATIE generadas a partir de sus proyectos, convenios, oferta especifica, en una variedad de tem\u00e1ticas actuales.<\/span><\/p>\t\t\t\t\t\t\t\t<\/div>\n\t\t\t\t<\/div>\n\t\t\t\t\t<\/div>\n\t\t<\/div>\n\t\t\t\t<div class=\"elementor-column elementor-col-50 elementor-inner-column elementor-element elementor-element-02a7350\" data-id=\"02a7350\" data-element_type=\"column\">\n\t\t\t<div class=\"elementor-widget-wrap elementor-element-populated\">\n\t\t\t\t\t\t<div class=\"elementor-element elementor-element-d5aeaae elementor-widget elementor-widget-image\" data-id=\"d5aeaae\" data-element_type=\"widget\" data-widget_type=\"image.default\">\n\t\t\t\t<div class=\"elementor-widget-container\">\n\t\t\t\t\t\t\t\t\t\t\t\t\t\t\t\t<a href=\"https:\/\/www.catie.ac.cr\/en\/paises\/%20\/\" target=\"_blank\">\n\t\t\t\t\t\t\t<img fetchpriority=\"high\" decoding=\"async\" width=\"441\" height=\"414\" src=\"https:\/\/www.catie.ac.cr\/wp-content\/uploads\/2024\/02\/area-capacitacion-mapa.jpg\" class=\"attachment-large size-large wp-image-24904\" alt=\"\" srcset=\"https:\/\/www.catie.ac.cr\/wp-content\/uploads\/2024\/02\/area-capacitacion-mapa.jpg 441w, https:\/\/www.catie.ac.cr\/wp-content\/uploads\/2024\/02\/area-capacitacion-mapa-300x282.jpg 300w, https:\/\/www.catie.ac.cr\/wp-content\/uploads\/2024\/02\/area-capacitacion-mapa-13x12.jpg 13w\" sizes=\"(max-width: 441px) 100vw, 441px\" \/>\t\t\t\t\t\t\t\t<\/a>\n\t\t\t\t\t\t\t\t\t\t\t\t\t\t\t<\/div>\n\t\t\t\t<\/div>\n\t\t\t\t\t<\/div>\n\t\t<\/div>\n\t\t\t\t\t<\/div>\n\t\t<\/section>\n\t\t\t\t\t<\/div>\n\t\t<\/div>\n\t\t\t\t\t<\/div>\n\t\t<\/section>\n\t\t\t\t<section class=\"elementor-section elementor-top-section elementor-element elementor-element-7932475 elementor-section-boxed elementor-section-height-default elementor-section-height-default\" data-id=\"7932475\" data-element_type=\"section\">\n\t\t\t\t\t\t<div class=\"elementor-container elementor-column-gap-default\">\n\t\t\t\t\t<div class=\"elementor-column elementor-col-100 elementor-top-column elementor-element elementor-element-83bdea8\" data-id=\"83bdea8\" data-element_type=\"column\">\n\t\t\t<div class=\"elementor-widget-wrap elementor-element-populated\">\n\t\t\t\t\t\t<div class=\"elementor-element elementor-element-ccc8c91 elementor-widget elementor-widget-spacer\" data-id=\"ccc8c91\" data-element_type=\"widget\" data-widget_type=\"spacer.default\">\n\t\t\t\t<div class=\"elementor-widget-container\">\n\t\t\t\t\t\t\t<div class=\"elementor-spacer\">\n\t\t\t<div class=\"elementor-spacer-inner\"><\/div>\n\t\t<\/div>\n\t\t\t\t\t\t<\/div>\n\t\t\t\t<\/div>\n\t\t\t\t<div class=\"elementor-element elementor-element-95d72ba elementor-tabs-view-horizontal elementor-widget elementor-widget-tabs\" data-id=\"95d72ba\" data-element_type=\"widget\" data-widget_type=\"tabs.default\">\n\t\t\t\t<div class=\"elementor-widget-container\">\n\t\t\t\t\t\t\t<div class=\"elementor-tabs\">\n\t\t\t<div class=\"elementor-tabs-wrapper\" role=\"tablist\" >\n\t\t\t\t\t\t\t\t\t<div id=\"elementor-tab-title-1571\" class=\"elementor-tab-title elementor-tab-desktop-title\" aria-selected=\"true\" data-tab=\"1\" role=\"tab\" tabindex=\"0\" aria-controls=\"elementor-tab-content-1571\" aria-expanded=\"false\">\u00bfQu\u00e9 ofrecemos? <\/div>\n\t\t\t\t\t\t\t\t\t<div id=\"elementor-tab-title-1572\" class=\"elementor-tab-title elementor-tab-desktop-title\" aria-selected=\"false\" data-tab=\"2\" role=\"tab\" tabindex=\"-1\" aria-controls=\"elementor-tab-content-1572\" aria-expanded=\"false\">Modalidades del curso<\/div>\n\t\t\t\t\t\t\t\t\t<div id=\"elementor-tab-title-1573\" class=\"elementor-tab-title elementor-tab-desktop-title\" aria-selected=\"false\" data-tab=\"3\" role=\"tab\" tabindex=\"-1\" aria-controls=\"elementor-tab-content-1573\" aria-expanded=\"false\">Benefits<\/div>\n\t\t\t\t\t\t\t<\/div>\n\t\t\t<div class=\"elementor-tabs-content-wrapper\" role=\"tablist\" aria-orientation=\"vertical\">\n\t\t\t\t\t\t\t\t\t<div class=\"elementor-tab-title elementor-tab-mobile-title\" aria-selected=\"true\" data-tab=\"1\" role=\"tab\" tabindex=\"0\" aria-controls=\"elementor-tab-content-1571\" aria-expanded=\"false\">\u00bfQu\u00e9 ofrecemos? <\/div>\n\t\t\t\t\t<div id=\"elementor-tab-content-1571\" class=\"elementor-tab-content elementor-clearfix\" data-tab=\"1\" role=\"tabpanel\" aria-labelledby=\"elementor-tab-title-1571\" tabindex=\"0\" hidden=\"false\"><p><span style=\"color: #000000;\">Trabajando en dos programas de capacitaci\u00f3n principales, que se acompa\u00f1an de las actividades de difusi\u00f3n, mismas que son una poderosa herramienta para promover la gesti\u00f3n de conocimiento en el \u00e1mbito de trabajo del CATIE.<\/span><\/p><p><span style=\"color: #000000;\"><strong><img decoding=\"async\" class=\"alignnone size-full wp-image-24921\" src=\"https:\/\/www.catie.ac.cr\/wp-content\/uploads\/2024\/02\/iconos-educacion1.jpg\" alt=\"\" width=\"113\" height=\"113\" srcset=\"https:\/\/www.catie.ac.cr\/wp-content\/uploads\/2024\/02\/iconos-educacion1.jpg 113w, https:\/\/www.catie.ac.cr\/wp-content\/uploads\/2024\/02\/iconos-educacion1-12x12.jpg 12w, https:\/\/www.catie.ac.cr\/wp-content\/uploads\/2024\/02\/iconos-educacion1-100x100.jpg 100w\" sizes=\"(max-width: 113px) 100vw, 113px\" \/> <\/strong><strong>Continuing Education Program (CEP): <\/strong>destinado a personas con necesidades de capacitaci\u00f3n diversas que cuentan o no con un grado acad\u00e9mico universitario.<\/span><\/p><p><span style=\"color: #000000;\"><strong><img decoding=\"async\" class=\"alignnone size-full wp-image-24922\" src=\"https:\/\/www.catie.ac.cr\/wp-content\/uploads\/2024\/02\/iconos-educacion2.jpg\" alt=\"\" width=\"110\" height=\"113\" srcset=\"https:\/\/www.catie.ac.cr\/wp-content\/uploads\/2024\/02\/iconos-educacion2.jpg 110w, https:\/\/www.catie.ac.cr\/wp-content\/uploads\/2024\/02\/iconos-educacion2-12x12.jpg 12w\" sizes=\"(max-width: 110px) 100vw, 110px\" \/> \u00a0<\/strong><strong>Professional Update Program (PUP): <\/strong>destinado a personas que desean ampliar sus conocimientos tem\u00e1ticos en diferentes \u00e1reas, reforzando aspectos de innovaci\u00f3n<\/span><\/p><p><span style=\"color: #000000;\"><img loading=\"lazy\" decoding=\"async\" class=\"alignnone size-full wp-image-24923\" src=\"https:\/\/www.catie.ac.cr\/wp-content\/uploads\/2024\/02\/iconos-educacion3.jpg\" alt=\"\" width=\"113\" height=\"113\" srcset=\"https:\/\/www.catie.ac.cr\/wp-content\/uploads\/2024\/02\/iconos-educacion3.jpg 113w, https:\/\/www.catie.ac.cr\/wp-content\/uploads\/2024\/02\/iconos-educacion3-12x12.jpg 12w, https:\/\/www.catie.ac.cr\/wp-content\/uploads\/2024\/02\/iconos-educacion3-100x100.jpg 100w\" sizes=\"(max-width: 113px) 100vw, 113px\" \/> \u00a0<strong>Actividades de difusi\u00f3n: <\/strong>El CATIE posee el compromiso de promover los mecanismos de gesti\u00f3n de conocimiento en la regi\u00f3n, es por eso que la instituci\u00f3n promueve los espacios mediante sesiones magistrales para compartir con personas de diferentes nacionalidades, intereses y grados acad\u00e9micos.<\/span><\/p><\/div>\n\t\t\t\t\t\t\t\t\t<div class=\"elementor-tab-title elementor-tab-mobile-title\" aria-selected=\"false\" data-tab=\"2\" role=\"tab\" tabindex=\"-1\" aria-controls=\"elementor-tab-content-1572\" aria-expanded=\"false\">Modalidades del curso<\/div>\n\t\t\t\t\t<div id=\"elementor-tab-content-1572\" class=\"elementor-tab-content elementor-clearfix\" data-tab=\"2\" role=\"tabpanel\" aria-labelledby=\"elementor-tab-title-1572\" tabindex=\"0\" hidden=\"hidden\"><p><span style=\"color: #000000;\"><img loading=\"lazy\" decoding=\"async\" class=\"alignnone wp-image-24924\" src=\"https:\/\/www.catie.ac.cr\/wp-content\/uploads\/2024\/02\/moda-presencial.jpg\" alt=\"\" width=\"101\" height=\"99\" srcset=\"https:\/\/www.catie.ac.cr\/wp-content\/uploads\/2024\/02\/moda-presencial.jpg 115w, https:\/\/www.catie.ac.cr\/wp-content\/uploads\/2024\/02\/moda-presencial-12x12.jpg 12w\" sizes=\"(max-width: 101px) 100vw, 101px\" \/> <strong>In-Person<\/strong><\/span><\/p><ul><li><span style=\"color: #000000;\">Traditional activities at CATIE Costa Rica Headquarters<\/span><\/li><li><span style=\"color: #000000;\">Actividades tradicionales en los paises de la region mediante proyectos, convenios y otros.<\/span><\/li><li><span style=\"color: #000000;\">\u2022Multiculturalism<\/span><\/li><\/ul><p><span style=\"color: #000000;\"><img loading=\"lazy\" decoding=\"async\" class=\"alignnone wp-image-24925\" src=\"https:\/\/www.catie.ac.cr\/wp-content\/uploads\/2024\/02\/moda-virtual.jpg\" alt=\"\" width=\"102\" height=\"102\" srcset=\"https:\/\/www.catie.ac.cr\/wp-content\/uploads\/2024\/02\/moda-virtual.jpg 113w, https:\/\/www.catie.ac.cr\/wp-content\/uploads\/2024\/02\/moda-virtual-12x12.jpg 12w, https:\/\/www.catie.ac.cr\/wp-content\/uploads\/2024\/02\/moda-virtual-100x100.jpg 100w\" sizes=\"(max-width: 102px) 100vw, 102px\" \/> <strong>Virtual<\/strong><\/span><\/p><ul><li><span style=\"color: #000000;\">Desde donde est\u00e9s, en la comodidad de su casa o trabajo.<\/span><\/li><li><span style=\"color: #000000;\">Integraci\u00f3n de recursos tecnol\u00f3gicos mediante el Aula Virtual de CATIE<\/span><\/li><li><span style=\"color: #000000;\">Actividades sicr\u00f3nicas y asincr\u00f3nicas<\/span><\/li><li><span style=\"color: #000000;\">\u2022Multiculturalism<\/span><\/li><\/ul><div><span style=\"font-family: Helvetica, Arial, sans-serif; color: #000000;\"><span style=\"font-size: 18px;\"><img loading=\"lazy\" decoding=\"async\" class=\"alignnone wp-image-24926\" src=\"https:\/\/www.catie.ac.cr\/wp-content\/uploads\/2024\/02\/moda-bimodal.jpg\" alt=\"\" width=\"98\" height=\"98\" srcset=\"https:\/\/www.catie.ac.cr\/wp-content\/uploads\/2024\/02\/moda-bimodal.jpg 113w, https:\/\/www.catie.ac.cr\/wp-content\/uploads\/2024\/02\/moda-bimodal-12x12.jpg 12w, https:\/\/www.catie.ac.cr\/wp-content\/uploads\/2024\/02\/moda-bimodal-100x100.jpg 100w\" sizes=\"(max-width: 98px) 100vw, 98px\" \/> <strong>Bimodal<\/strong><\/span><\/span><\/div><div><ul><li><span style=\"color: #000000;\">Beneficios de las tecnolog\u00edas de la informaci\u00f3n y de los componentes de la ense\u00f1anza tradicional<\/span><\/li><li><span style=\"color: #000000;\">\u2022Multiculturalism<\/span><\/li><\/ul><\/div><\/div>\n\t\t\t\t\t\t\t\t\t<div class=\"elementor-tab-title elementor-tab-mobile-title\" aria-selected=\"false\" data-tab=\"3\" role=\"tab\" tabindex=\"-1\" aria-controls=\"elementor-tab-content-1573\" aria-expanded=\"false\">Benefits<\/div>\n\t\t\t\t\t<div id=\"elementor-tab-content-1573\" class=\"elementor-tab-content elementor-clearfix\" data-tab=\"3\" role=\"tabpanel\" aria-labelledby=\"elementor-tab-title-1573\" tabindex=\"0\" hidden=\"hidden\"><ul><li><span style=\"color: #000000;\">Obtendra un certificado que le mantendr\u00e1 en nuestros sistemas de registro de la Divisi\u00f3n de Educaci\u00f3n del CATIE, con un identificador \u00fanico que se asociar\u00e1 a un c\u00f3digo QR, el cual permitir\u00e1 autentificar el proceso llevado a cabo con nosotros.<\/span><\/li><li><span style=\"color: #000000;\">Will be part of the CATIE community and receive information on other training activities and dissemination events.<\/span><\/li><li><span style=\"color: #000000;\">You can further your graduate studies with other studies<\/span><\/li><li><span style=\"color: #000000;\">Ease of payment. Choose the option that best works for you.<\/span><\/li><\/ul><\/div>\n\t\t\t\t\t\t\t<\/div>\n\t\t<\/div>\n\t\t\t\t\t\t<\/div>\n\t\t\t\t<\/div>\n\t\t\t\t<div class=\"elementor-element elementor-element-fae0b95 elementor-widget elementor-widget-spacer\" data-id=\"fae0b95\" data-element_type=\"widget\" data-widget_type=\"spacer.default\">\n\t\t\t\t<div class=\"elementor-widget-container\">\n\t\t\t\t\t\t\t<div class=\"elementor-spacer\">\n\t\t\t<div class=\"elementor-spacer-inner\"><\/div>\n\t\t<\/div>\n\t\t\t\t\t\t<\/div>\n\t\t\t\t<\/div>\n\t\t\t\t<div class=\"elementor-element elementor-element-8dba35b titulo-maestria elementor-widget elementor-widget-heading\" data-id=\"8dba35b\" data-element_type=\"widget\" data-widget_type=\"heading.default\">\n\t\t\t\t<div class=\"elementor-widget-container\">\n\t\t\t\t\t<h2 class=\"elementor-heading-title elementor-size-default\">Oferta de cursos y Diplomados<\/h2>\t\t\t\t<\/div>\n\t\t\t\t<\/div>\n\t\t\t\t<div class=\"elementor-element elementor-element-22fee24 elementor-icon-list--layout-traditional elementor-list-item-link-full_width elementor-widget elementor-widget-icon-list\" data-id=\"22fee24\" data-element_type=\"widget\" data-widget_type=\"icon-list.default\">\n\t\t\t\t<div class=\"elementor-widget-container\">\n\t\t\t\t\t\t\t<ul class=\"elementor-icon-list-items\">\n\t\t\t\t\t\t\t<li class=\"elementor-icon-list-item\">\n\t\t\t\t\t\t\t\t\t\t\t<a href=\"https:\/\/www.catie.ac.cr\/en\/diplomado-iagros\/\">\n\n\t\t\t\t\t\t\t\t\t\t\t\t<span class=\"elementor-icon-list-icon\">\n\t\t\t\t\t\t\t<i aria-hidden=\"true\" class=\"fas fa-feather-alt\"><\/i>\t\t\t\t\t\t<\/span>\n\t\t\t\t\t\t\t\t\t\t<span class=\"elementor-icon-list-text\"><h3>Diplomado Internacional en Innovaci\u00f3n en Agronegocios Sostenibles (IAgros)<\/h3><\/span>\n\t\t\t\t\t\t\t\t\t\t\t<\/a>\n\t\t\t\t\t\t\t\t\t<\/li>\n\t\t\t\t\t\t\t\t<li class=\"elementor-icon-list-item\">\n\t\t\t\t\t\t\t\t\t\t\t<a href=\"https:\/\/www.catie.ac.cr\/en\/diplomado-profesional-internacional-cacao-rentable-y-resiliente\/\">\n\n\t\t\t\t\t\t\t\t\t\t\t\t<span class=\"elementor-icon-list-icon\">\n\t\t\t\t\t\t\t<i aria-hidden=\"true\" class=\"fas fa-chalkboard-teacher\"><\/i>\t\t\t\t\t\t<\/span>\n\t\t\t\t\t\t\t\t\t\t<span class=\"elementor-icon-list-text\"><h3>Diplomado Profesional Internacional: Cacao Rentable y Resiliente<\/h3><\/span>\n\t\t\t\t\t\t\t\t\t\t\t<\/a>\n\t\t\t\t\t\t\t\t\t<\/li>\n\t\t\t\t\t\t\t\t<li class=\"elementor-icon-list-item\">\n\t\t\t\t\t\t\t\t\t\t\t<a href=\"https:\/\/www.catie.ac.cr\/en\/diplomado-internacional-en-bioestadista\/\">\n\n\t\t\t\t\t\t\t\t\t\t\t\t<span class=\"elementor-icon-list-icon\">\n\t\t\t\t\t\t\t<i aria-hidden=\"true\" class=\"fas fa-chart-bar\"><\/i>\t\t\t\t\t\t<\/span>\n\t\t\t\t\t\t\t\t\t\t<span class=\"elementor-icon-list-text\"><h3>Diplomado Internacional en Bioestad\u00edstica<\/h3><\/span>\n\t\t\t\t\t\t\t\t\t\t\t<\/a>\n\t\t\t\t\t\t\t\t\t<\/li>\n\t\t\t\t\t\t\t\t<li class=\"elementor-icon-list-item\">\n\t\t\t\t\t\t\t\t\t\t\t<a href=\"https:\/\/www.catie.ac.cr\/en\/diplomado-internacional-en-bioestadistica-en-los-paises\/\">\n\n\t\t\t\t\t\t\t\t\t\t\t\t<span class=\"elementor-icon-list-icon\">\n\t\t\t\t\t\t\t<i aria-hidden=\"true\" class=\"fas fa-chart-line\"><\/i>\t\t\t\t\t\t<\/span>\n\t\t\t\t\t\t\t\t\t\t<span class=\"elementor-icon-list-text\"><h3>Diplomado Internacional en Bioestad\u00edstica (en los pa\u00edses)<\/h3><\/span>\n\t\t\t\t\t\t\t\t\t\t\t<\/a>\n\t\t\t\t\t\t\t\t\t<\/li>\n\t\t\t\t\t\t\t\t<li class=\"elementor-icon-list-item\">\n\t\t\t\t\t\t\t\t\t\t\t<a href=\"https:\/\/www.catie.ac.cr\/en\/cursos-y-diplomados-a-la-medida\/\">\n\n\t\t\t\t\t\t\t\t\t\t\t\t<span class=\"elementor-icon-list-icon\">\n\t\t\t\t\t\t\t<i aria-hidden=\"true\" class=\"fas fa-user-edit\"><\/i>\t\t\t\t\t\t<\/span>\n\t\t\t\t\t\t\t\t\t\t<span class=\"elementor-icon-list-text\"><h3>Cursos y Diplomados a la medida<\/h3><\/span>\n\t\t\t\t\t\t\t\t\t\t\t<\/a>\n\t\t\t\t\t\t\t\t\t<\/li>\n\t\t\t\t\t\t<\/ul>\n\t\t\t\t\t\t<\/div>\n\t\t\t\t<\/div>\n\t\t\t\t<div class=\"elementor-element elementor-element-683516d elementor-widget elementor-widget-spacer\" data-id=\"683516d\" data-element_type=\"widget\" data-widget_type=\"spacer.default\">\n\t\t\t\t<div class=\"elementor-widget-container\">\n\t\t\t\t\t\t\t<div class=\"elementor-spacer\">\n\t\t\t<div class=\"elementor-spacer-inner\"><\/div>\n\t\t<\/div>\n\t\t\t\t\t\t<\/div>\n\t\t\t\t<\/div>\n\t\t\t\t<div class=\"elementor-element elementor-element-133acc8 titulo-maestria elementor-widget elementor-widget-heading\" data-id=\"133acc8\" data-element_type=\"widget\" data-widget_type=\"heading.default\">\n\t\t\t\t<div class=\"elementor-widget-container\">\n\t\t\t\t\t<h2 class=\"elementor-heading-title elementor-size-default\">Contact us:<\/h2>\t\t\t\t<\/div>\n\t\t\t\t<\/div>\n\t\t\t\t\t<\/div>\n\t\t<\/div>\n\t\t\t\t\t<\/div>\n\t\t<\/section>\n\t\t\t\t<section class=\"elementor-section elementor-top-section elementor-element elementor-element-8f1104a elementor-section-boxed elementor-section-height-default elementor-section-height-default\" data-id=\"8f1104a\" data-element_type=\"section\">\n\t\t\t\t\t\t<div class=\"elementor-container elementor-column-gap-default\">\n\t\t\t\t\t<div class=\"elementor-column elementor-col-100 elementor-top-column elementor-element elementor-element-0a05961\" data-id=\"0a05961\" data-element_type=\"column\">\n\t\t\t<div class=\"elementor-widget-wrap elementor-element-populated\">\n\t\t\t\t\t\t<div class=\"elementor-element elementor-element-345119a elementor-widget elementor-widget-spacer\" data-id=\"345119a\" data-element_type=\"widget\" data-widget_type=\"spacer.default\">\n\t\t\t\t<div class=\"elementor-widget-container\">\n\t\t\t\t\t\t\t<div class=\"elementor-spacer\">\n\t\t\t<div class=\"elementor-spacer-inner\"><\/div>\n\t\t<\/div>\n\t\t\t\t\t\t<\/div>\n\t\t\t\t<\/div>\n\t\t\t\t<div class=\"elementor-element elementor-element-43056d1 elementor-widget elementor-widget-heading\" data-id=\"43056d1\" data-element_type=\"widget\" data-widget_type=\"heading.default\">\n\t\t\t\t<div class=\"elementor-widget-container\">\n\t\t\t\t\t<h3 class=\"elementor-heading-title elementor-size-default\">For more information:<\/h3>\t\t\t\t<\/div>\n\t\t\t\t<\/div>\n\t\t\t\t<div class=\"elementor-element elementor-element-4244cef elementor-widget elementor-widget-text-editor\" data-id=\"4244cef\" data-element_type=\"widget\" data-widget_type=\"text-editor.default\">\n\t\t\t\t<div class=\"elementor-widget-container\">\n\t\t\t\t\t\t\t\t\t<div class=\"page\" title=\"Page 2\"><div class=\"section\"><div class=\"layoutArea\"><div class=\"column\"><p style=\"text-align: center;\"><span style=\"color: #008080;\"><strong>\u00c1REA DE CAPACITACI\u00d3N<\/strong><\/span><br \/><span style=\"color: #000000;\">Lindsey Calder\u00f3n<br \/>Administrative Assistant<\/span><br \/><img loading=\"lazy\" decoding=\"async\" class=\"alignnone wp-image-24389\" src=\"https:\/\/www.catie.ac.cr\/wp-content\/uploads\/2024\/02\/1-correo-electronico.jpg\" alt=\"\" width=\"30\" height=\"30\" srcset=\"https:\/\/www.catie.ac.cr\/wp-content\/uploads\/2024\/02\/1-correo-electronico.jpg 43w, https:\/\/www.catie.ac.cr\/wp-content\/uploads\/2024\/02\/1-correo-electronico-12x12.jpg 12w\" sizes=\"(max-width: 30px) 100vw, 30px\" \/>\u00a0<a href=\"mailto:capacitacion@catie.ac.cr\" target=\"_blank\" rel=\"noopener\">capacitacion@catie.ac.cr<\/a><br \/><span style=\"color: #000000;\">(+506) 2558-2110<\/span><\/p><\/div><\/div><\/div><\/div>\t\t\t\t\t\t\t\t<\/div>\n\t\t\t\t<\/div>\n\t\t\t\t<div class=\"elementor-element elementor-element-5957ae8 elementor-shape-rounded elementor-grid-0 e-grid-align-center elementor-widget elementor-widget-social-icons\" data-id=\"5957ae8\" data-element_type=\"widget\" data-widget_type=\"social-icons.default\">\n\t\t\t\t<div class=\"elementor-widget-container\">\n\t\t\t\t\t\t\t<div class=\"elementor-social-icons-wrapper elementor-grid\">\n\t\t\t\t\t\t\t<span class=\"elementor-grid-item\">\n\t\t\t\t\t<a class=\"elementor-icon elementor-social-icon elementor-social-icon-facebook elementor-repeater-item-dadf52b\" href=\"https:\/\/www.facebook.com\/CATIEOficial\/\" target=\"_blank\">\n\t\t\t\t\t\t<span class=\"elementor-screen-only\">Facebook<\/span>\n\t\t\t\t\t\t<i class=\"fab fa-facebook\"><\/i>\t\t\t\t\t<\/a>\n\t\t\t\t<\/span>\n\t\t\t\t\t\t\t<span class=\"elementor-grid-item\">\n\t\t\t\t\t<a class=\"elementor-icon elementor-social-icon elementor-social-icon-twitter elementor-repeater-item-42da380\" href=\"https:\/\/twitter.com\/catieoficial\" target=\"_blank\">\n\t\t\t\t\t\t<span class=\"elementor-screen-only\">Twitter<\/span>\n\t\t\t\t\t\t<i class=\"fab fa-twitter\"><\/i>\t\t\t\t\t<\/a>\n\t\t\t\t<\/span>\n\t\t\t\t\t\t\t<span class=\"elementor-grid-item\">\n\t\t\t\t\t<a class=\"elementor-icon elementor-social-icon elementor-social-icon-instagram elementor-repeater-item-d723177\" href=\"https:\/\/instagram.com\/catieoficial\" target=\"_blank\">\n\t\t\t\t\t\t<span class=\"elementor-screen-only\">Instagram<\/span>\n\t\t\t\t\t\t<i class=\"fab fa-instagram\"><\/i>\t\t\t\t\t<\/a>\n\t\t\t\t<\/span>\n\t\t\t\t\t\t\t<span class=\"elementor-grid-item\">\n\t\t\t\t\t<a class=\"elementor-icon elementor-social-icon elementor-social-icon-linkedin elementor-repeater-item-edca120\" href=\"https:\/\/www.linkedin.com\/school\/catieoficial\" target=\"_blank\">\n\t\t\t\t\t\t<span class=\"elementor-screen-only\">Linkedin<\/span>\n\t\t\t\t\t\t<i class=\"fab fa-linkedin\"><\/i>\t\t\t\t\t<\/a>\n\t\t\t\t<\/span>\n\t\t\t\t\t<\/div>\n\t\t\t\t\t\t<\/div>\n\t\t\t\t<\/div>\n\t\t\t\t\t<\/div>\n\t\t<\/div>\n\t\t\t\t\t<\/div>\n\t\t<\/section>\n\t\t\t\t<\/div>","protected":false},"excerpt":{"rendered":"<p>El objetivo principal del Programa de Doctorado del CATIE es ofrecer oportunidades de formaci\u00f3n acad\u00e9mica y de investigaci\u00f3n cient\u00edfica a profesionales calificados, para la obtenci\u00f3n del grado de Doctor en Filosof\u00eda (Ph.D.)<\/p>","protected":false},"author":8,"featured_media":0,"parent":0,"menu_order":0,"comment_status":"closed","ping_status":"closed","template":"","meta":{"_bbp_topic_count":0,"_bbp_reply_count":0,"_bbp_total_topic_count":0,"_bbp_total_reply_count":0,"_bbp_voice_count":0,"_bbp_anonymous_reply_count":0,"_bbp_topic_count_hidden":0,"_bbp_reply_count_hidden":0,"_bbp_forum_subforum_count":0,"pmpro_default_level":"0","_monsterinsights_skip_tracking":false,"_monsterinsights_sitenote_active":false,"_monsterinsights_sitenote_note":"","_monsterinsights_sitenote_category":0,"_uf_show_specific_survey":0,"_uf_disable_surveys":false,"footnotes":""},"class_list":["post-24900","page","type-page","status-publish","hentry","pmpro-has-access"],"_links":{"self":[{"href":"https:\/\/www.catie.ac.cr\/en\/wp-json\/wp\/v2\/pages\/24900","targetHints":{"allow":["GET"]}}],"collection":[{"href":"https:\/\/www.catie.ac.cr\/en\/wp-json\/wp\/v2\/pages"}],"about":[{"href":"https:\/\/www.catie.ac.cr\/en\/wp-json\/wp\/v2\/types\/page"}],"author":[{"embeddable":true,"href":"https:\/\/www.catie.ac.cr\/en\/wp-json\/wp\/v2\/users\/8"}],"replies":[{"embeddable":true,"href":"https:\/\/www.catie.ac.cr\/en\/wp-json\/wp\/v2\/comments?post=24900"}],"version-history":[{"count":74,"href":"https:\/\/www.catie.ac.cr\/en\/wp-json\/wp\/v2\/pages\/24900\/revisions"}],"predecessor-version":[{"id":39541,"href":"https:\/\/www.catie.ac.cr\/en\/wp-json\/wp\/v2\/pages\/24900\/revisions\/39541"}],"wp:attachment":[{"href":"https:\/\/www.catie.ac.cr\/en\/wp-json\/wp\/v2\/media?parent=24900"}],"curies":[{"name":"wp","href":"https:\/\/api.w.org\/{rel}","templated":true}]}}