{"id":26858,"date":"2024-05-09T14:18:17","date_gmt":"2024-05-09T20:18:17","guid":{"rendered":"https:\/\/www.catie.ac.cr\/?page_id=26858"},"modified":"2024-05-10T14:19:01","modified_gmt":"2024-05-10T20:19:01","slug":"finca-comercial","status":"publish","type":"page","link":"https:\/\/www.catie.ac.cr\/en\/finca-comercial\/","title":{"rendered":"Commercial Farm"},"content":{"rendered":"<div data-elementor-type=\"wp-page\" data-elementor-id=\"26858\" class=\"elementor elementor-26858\" data-elementor-post-type=\"page\">\n\t\t\t\t\t\t<section class=\"elementor-section elementor-top-section elementor-element elementor-element-5e0036a4 elementor-section-boxed elementor-section-height-default elementor-section-height-default\" data-id=\"5e0036a4\" data-element_type=\"section\">\n\t\t\t\t\t\t<div class=\"elementor-container elementor-column-gap-default\">\n\t\t\t\t\t<div class=\"elementor-column elementor-col-100 elementor-top-column elementor-element elementor-element-60b560c4\" data-id=\"60b560c4\" data-element_type=\"column\">\n\t\t\t<div class=\"elementor-widget-wrap elementor-element-populated\">\n\t\t\t\t\t\t<div class=\"elementor-element elementor-element-b2d0440 elementor-widget elementor-widget-heading\" data-id=\"b2d0440\" data-element_type=\"widget\" data-widget_type=\"heading.default\">\n\t\t\t\t<div class=\"elementor-widget-container\">\n\t\t\t\t\t<h2 class=\"elementor-heading-title elementor-size-default\">Commercial Farm<\/h2>\t\t\t\t<\/div>\n\t\t\t\t<\/div>\n\t\t\t\t<div class=\"elementor-element elementor-element-5ebbeb5 elementor-widget elementor-widget-text-editor\" data-id=\"5ebbeb5\" data-element_type=\"widget\" data-widget_type=\"text-editor.default\">\n\t\t\t\t<div class=\"elementor-widget-container\">\n\t\t\t\t\t\t\t\t\t<p>The CATIE Commercial Farm covers an approximate area of 130 hectares dedicated to the production of conventional sugarcane and two organic sugarcane production trials\u2014one in collaboration with the company AsSukkar and another with DIECA-LAICA\u2014as well as more than 100 hectares of commercial forest plantations developed in partnership with companies and international donors. The farm also includes an area of 85 hectares dedicated to the sustainable production of cattle for meat and milk.<\/p>\t\t\t\t\t\t\t\t<\/div>\n\t\t\t\t<\/div>\n\t\t\t\t<div class=\"elementor-element elementor-element-8d033e2 elementor-widget elementor-widget-image\" data-id=\"8d033e2\" data-element_type=\"widget\" data-widget_type=\"image.default\">\n\t\t\t\t<div class=\"elementor-widget-container\">\n\t\t\t\t\t\t\t\t\t\t\t\t\t\t\t<img fetchpriority=\"high\" decoding=\"async\" width=\"640\" height=\"428\" src=\"https:\/\/www.catie.ac.cr\/wp-content\/uploads\/2023\/10\/fincacomercial-2-1024x684-1-768x513.jpg\" class=\"attachment-medium_large size-medium_large wp-image-21867\" alt=\"\" srcset=\"https:\/\/www.catie.ac.cr\/wp-content\/uploads\/2023\/10\/fincacomercial-2-1024x684-1-768x513.jpg 768w, https:\/\/www.catie.ac.cr\/wp-content\/uploads\/2023\/10\/fincacomercial-2-1024x684-1-300x200.jpg 300w, https:\/\/www.catie.ac.cr\/wp-content\/uploads\/2023\/10\/fincacomercial-2-1024x684-1-18x12.jpg 18w, https:\/\/www.catie.ac.cr\/wp-content\/uploads\/2023\/10\/fincacomercial-2-1024x684-1-600x401.jpg 600w, https:\/\/www.catie.ac.cr\/wp-content\/uploads\/2023\/10\/fincacomercial-2-1024x684-1.jpg 1024w\" sizes=\"(max-width: 640px) 100vw, 640px\" \/>\t\t\t\t\t\t\t\t\t\t\t\t\t\t\t<\/div>\n\t\t\t\t<\/div>\n\t\t\t\t<div class=\"elementor-element elementor-element-6c969b9 elementor-widget elementor-widget-text-editor\" data-id=\"6c969b9\" data-element_type=\"widget\" data-widget_type=\"text-editor.default\">\n\t\t\t\t<div class=\"elementor-widget-container\">\n\t\t\t\t\t\t\t\t\t<p>CATIE, Turrialba. Calves. Photo: Eyleen Vargas \/ Ojo por Ojo.<\/p>\t\t\t\t\t\t\t\t<\/div>\n\t\t\t\t<\/div>\n\t\t\t\t<div class=\"elementor-element elementor-element-59602ed elementor-widget elementor-widget-spacer\" data-id=\"59602ed\" data-element_type=\"widget\" data-widget_type=\"spacer.default\">\n\t\t\t\t<div class=\"elementor-widget-container\">\n\t\t\t\t\t\t\t<div class=\"elementor-spacer\">\n\t\t\t<div class=\"elementor-spacer-inner\"><\/div>\n\t\t<\/div>\n\t\t\t\t\t\t<\/div>\n\t\t\t\t<\/div>\n\t\t\t\t<div class=\"elementor-element elementor-element-a9cbff2 elementor-widget-divider--view-line elementor-widget elementor-widget-divider\" data-id=\"a9cbff2\" data-element_type=\"widget\" data-widget_type=\"divider.default\">\n\t\t\t\t<div class=\"elementor-widget-container\">\n\t\t\t\t\t\t\t<div class=\"elementor-divider\">\n\t\t\t<span class=\"elementor-divider-separator\">\n\t\t\t\t\t\t<\/span>\n\t\t<\/div>\n\t\t\t\t\t\t<\/div>\n\t\t\t\t<\/div>\n\t\t\t\t\t<\/div>\n\t\t<\/div>\n\t\t\t\t\t<\/div>\n\t\t<\/section>\n\t\t\t\t<section class=\"elementor-section elementor-top-section elementor-element elementor-element-62e4e54 elementor-section-boxed elementor-section-height-default elementor-section-height-default\" data-id=\"62e4e54\" data-element_type=\"section\">\n\t\t\t\t\t\t<div class=\"elementor-container elementor-column-gap-default\">\n\t\t\t\t\t<div class=\"elementor-column elementor-col-100 elementor-top-column elementor-element elementor-element-c13dfe1\" data-id=\"c13dfe1\" data-element_type=\"column\">\n\t\t\t<div class=\"elementor-widget-wrap elementor-element-populated\">\n\t\t\t\t\t\t<div class=\"elementor-element elementor-element-1a11dd1 elementor-widget elementor-widget-gallery\" data-id=\"1a11dd1\" data-element_type=\"widget\" data-settings=\"{&quot;gap&quot;:{&quot;unit&quot;:&quot;px&quot;,&quot;size&quot;:22,&quot;sizes&quot;:[]},&quot;lazyload&quot;:&quot;yes&quot;,&quot;gallery_layout&quot;:&quot;grid&quot;,&quot;columns&quot;:4,&quot;columns_tablet&quot;:2,&quot;columns_mobile&quot;:1,&quot;gap_tablet&quot;:{&quot;unit&quot;:&quot;px&quot;,&quot;size&quot;:10,&quot;sizes&quot;:[]},&quot;gap_mobile&quot;:{&quot;unit&quot;:&quot;px&quot;,&quot;size&quot;:10,&quot;sizes&quot;:[]},&quot;link_to&quot;:&quot;file&quot;,&quot;aspect_ratio&quot;:&quot;3:2&quot;,&quot;overlay_background&quot;:&quot;yes&quot;,&quot;content_hover_animation&quot;:&quot;fade-in&quot;}\" data-widget_type=\"gallery.default\">\n\t\t\t\t<div class=\"elementor-widget-container\">\n\t\t\t\t\t\t\t<div class=\"elementor-gallery__container\">\n\t\t\t\t\t\t\t<a class=\"e-gallery-item elementor-gallery-item elementor-animated-content\" href=\"https:\/\/www.catie.ac.cr\/wp-content\/uploads\/2024\/05\/finca-comercial2.jpg\" data-elementor-open-lightbox=\"yes\" data-elementor-lightbox-slideshow=\"1a11dd1\" data-elementor-lightbox-title=\"finca-comercial2\" data-e-action-hash=\"#elementor-action%3Aaction%3Dlightbox%26settings%3DeyJpZCI6MjY5NDUsInVybCI6Imh0dHBzOlwvXC93d3cuY2F0aWUuYWMuY3JcL3dwLWNvbnRlbnRcL3VwbG9hZHNcLzIwMjRcLzA1XC9maW5jYS1jb21lcmNpYWwyLmpwZyIsInNsaWRlc2hvdyI6IjFhMTFkZDEifQ%3D%3D\">\n\t\t\t\t\t<div class=\"e-gallery-image elementor-gallery-item__image\" data-thumbnail=\"https:\/\/www.catie.ac.cr\/wp-content\/uploads\/2024\/05\/finca-comercial2-300x200.jpg\" data-width=\"300\" data-height=\"200\" aria-label=\"\" role=\"img\" ><\/div>\n\t\t\t\t\t\t\t\t\t\t\t<div class=\"elementor-gallery-item__overlay\"><\/div>\n\t\t\t\t\t\t\t\t\t\t\t\t\t\t<\/a>\n\t\t\t\t\t\t\t<a class=\"e-gallery-item elementor-gallery-item elementor-animated-content\" href=\"https:\/\/www.catie.ac.cr\/wp-content\/uploads\/2024\/05\/finca-comercial3.jpg\" data-elementor-open-lightbox=\"yes\" data-elementor-lightbox-slideshow=\"1a11dd1\" data-elementor-lightbox-title=\"finca-comercial3\" data-e-action-hash=\"#elementor-action%3Aaction%3Dlightbox%26settings%3DeyJpZCI6MjY5NDYsInVybCI6Imh0dHBzOlwvXC93d3cuY2F0aWUuYWMuY3JcL3dwLWNvbnRlbnRcL3VwbG9hZHNcLzIwMjRcLzA1XC9maW5jYS1jb21lcmNpYWwzLmpwZyIsInNsaWRlc2hvdyI6IjFhMTFkZDEifQ%3D%3D\">\n\t\t\t\t\t<div class=\"e-gallery-image elementor-gallery-item__image\" data-thumbnail=\"https:\/\/www.catie.ac.cr\/wp-content\/uploads\/2024\/05\/finca-comercial3-300x200.jpg\" data-width=\"300\" data-height=\"200\" aria-label=\"\" role=\"img\" ><\/div>\n\t\t\t\t\t\t\t\t\t\t\t<div class=\"elementor-gallery-item__overlay\"><\/div>\n\t\t\t\t\t\t\t\t\t\t\t\t\t\t<\/a>\n\t\t\t\t\t\t\t<a class=\"e-gallery-item elementor-gallery-item elementor-animated-content\" href=\"https:\/\/www.catie.ac.cr\/wp-content\/uploads\/2024\/05\/finca-comercial4.jpg\" data-elementor-open-lightbox=\"yes\" data-elementor-lightbox-slideshow=\"1a11dd1\" data-elementor-lightbox-title=\"finca-comercial4\" data-e-action-hash=\"#elementor-action%3Aaction%3Dlightbox%26settings%3DeyJpZCI6MjY5NDcsInVybCI6Imh0dHBzOlwvXC93d3cuY2F0aWUuYWMuY3JcL3dwLWNvbnRlbnRcL3VwbG9hZHNcLzIwMjRcLzA1XC9maW5jYS1jb21lcmNpYWw0LmpwZyIsInNsaWRlc2hvdyI6IjFhMTFkZDEifQ%3D%3D\">\n\t\t\t\t\t<div class=\"e-gallery-image elementor-gallery-item__image\" data-thumbnail=\"https:\/\/www.catie.ac.cr\/wp-content\/uploads\/2024\/05\/finca-comercial4-300x200.jpg\" data-width=\"300\" data-height=\"200\" aria-label=\"\" role=\"img\" ><\/div>\n\t\t\t\t\t\t\t\t\t\t\t<div class=\"elementor-gallery-item__overlay\"><\/div>\n\t\t\t\t\t\t\t\t\t\t\t\t\t\t<\/a>\n\t\t\t\t\t\t\t<a class=\"e-gallery-item elementor-gallery-item elementor-animated-content\" href=\"https:\/\/www.catie.ac.cr\/wp-content\/uploads\/2024\/05\/finca-comercial5.jpg\" data-elementor-open-lightbox=\"yes\" data-elementor-lightbox-slideshow=\"1a11dd1\" data-elementor-lightbox-title=\"finca-comercial5\" data-e-action-hash=\"#elementor-action%3Aaction%3Dlightbox%26settings%3DeyJpZCI6MjY5NDgsInVybCI6Imh0dHBzOlwvXC93d3cuY2F0aWUuYWMuY3JcL3dwLWNvbnRlbnRcL3VwbG9hZHNcLzIwMjRcLzA1XC9maW5jYS1jb21lcmNpYWw1LmpwZyIsInNsaWRlc2hvdyI6IjFhMTFkZDEifQ%3D%3D\">\n\t\t\t\t\t<div class=\"e-gallery-image elementor-gallery-item__image\" data-thumbnail=\"https:\/\/www.catie.ac.cr\/wp-content\/uploads\/2024\/05\/finca-comercial5-300x200.jpg\" data-width=\"300\" data-height=\"200\" aria-label=\"\" role=\"img\" ><\/div>\n\t\t\t\t\t\t\t\t\t\t\t<div class=\"elementor-gallery-item__overlay\"><\/div>\n\t\t\t\t\t\t\t\t\t\t\t\t\t\t<\/a>\n\t\t\t\t\t\t\t<a class=\"e-gallery-item elementor-gallery-item elementor-animated-content\" href=\"https:\/\/www.catie.ac.cr\/wp-content\/uploads\/2024\/05\/finca-comercial6.jpg\" data-elementor-open-lightbox=\"yes\" data-elementor-lightbox-slideshow=\"1a11dd1\" data-elementor-lightbox-title=\"finca-comercial6\" data-e-action-hash=\"#elementor-action%3Aaction%3Dlightbox%26settings%3DeyJpZCI6MjY5NDksInVybCI6Imh0dHBzOlwvXC93d3cuY2F0aWUuYWMuY3JcL3dwLWNvbnRlbnRcL3VwbG9hZHNcLzIwMjRcLzA1XC9maW5jYS1jb21lcmNpYWw2LmpwZyIsInNsaWRlc2hvdyI6IjFhMTFkZDEifQ%3D%3D\">\n\t\t\t\t\t<div class=\"e-gallery-image elementor-gallery-item__image\" data-thumbnail=\"https:\/\/www.catie.ac.cr\/wp-content\/uploads\/2024\/05\/finca-comercial6-300x200.jpg\" data-width=\"300\" data-height=\"200\" aria-label=\"\" role=\"img\" ><\/div>\n\t\t\t\t\t\t\t\t\t\t\t<div class=\"elementor-gallery-item__overlay\"><\/div>\n\t\t\t\t\t\t\t\t\t\t\t\t\t\t<\/a>\n\t\t\t\t\t\t\t<a class=\"e-gallery-item elementor-gallery-item elementor-animated-content\" href=\"https:\/\/www.catie.ac.cr\/wp-content\/uploads\/2024\/05\/finca-comercial7.jpg\" data-elementor-open-lightbox=\"yes\" data-elementor-lightbox-slideshow=\"1a11dd1\" data-elementor-lightbox-title=\"finca-comercial7\" data-e-action-hash=\"#elementor-action%3Aaction%3Dlightbox%26settings%3DeyJpZCI6MjY5NTAsInVybCI6Imh0dHBzOlwvXC93d3cuY2F0aWUuYWMuY3JcL3dwLWNvbnRlbnRcL3VwbG9hZHNcLzIwMjRcLzA1XC9maW5jYS1jb21lcmNpYWw3LmpwZyIsInNsaWRlc2hvdyI6IjFhMTFkZDEifQ%3D%3D\">\n\t\t\t\t\t<div class=\"e-gallery-image elementor-gallery-item__image\" data-thumbnail=\"https:\/\/www.catie.ac.cr\/wp-content\/uploads\/2024\/05\/finca-comercial7-300x200.jpg\" data-width=\"300\" data-height=\"200\" aria-label=\"\" role=\"img\" ><\/div>\n\t\t\t\t\t\t\t\t\t\t\t<div class=\"elementor-gallery-item__overlay\"><\/div>\n\t\t\t\t\t\t\t\t\t\t\t\t\t\t<\/a>\n\t\t\t\t\t\t\t<a class=\"e-gallery-item elementor-gallery-item elementor-animated-content\" href=\"https:\/\/www.catie.ac.cr\/wp-content\/uploads\/2024\/05\/finca-comercial8.jpg\" data-elementor-open-lightbox=\"yes\" data-elementor-lightbox-slideshow=\"1a11dd1\" data-elementor-lightbox-title=\"finca-comercial8\" data-e-action-hash=\"#elementor-action%3Aaction%3Dlightbox%26settings%3DeyJpZCI6MjY5NTEsInVybCI6Imh0dHBzOlwvXC93d3cuY2F0aWUuYWMuY3JcL3dwLWNvbnRlbnRcL3VwbG9hZHNcLzIwMjRcLzA1XC9maW5jYS1jb21lcmNpYWw4LmpwZyIsInNsaWRlc2hvdyI6IjFhMTFkZDEifQ%3D%3D\">\n\t\t\t\t\t<div class=\"e-gallery-image elementor-gallery-item__image\" data-thumbnail=\"https:\/\/www.catie.ac.cr\/wp-content\/uploads\/2024\/05\/finca-comercial8-300x200.jpg\" data-width=\"300\" data-height=\"200\" aria-label=\"\" role=\"img\" ><\/div>\n\t\t\t\t\t\t\t\t\t\t\t<div class=\"elementor-gallery-item__overlay\"><\/div>\n\t\t\t\t\t\t\t\t\t\t\t\t\t\t<\/a>\n\t\t\t\t\t<\/div>\n\t\t\t\t\t<\/div>\n\t\t\t\t<\/div>\n\t\t\t\t\t<\/div>\n\t\t<\/div>\n\t\t\t\t\t<\/div>\n\t\t<\/section>\n\t\t\t\t<\/div>","protected":false},"excerpt":{"rendered":"<p>Finca Comercial La Finca comercial del CATIE cuenta con un \u00e1rea aproximada de 130 hect\u00e1reas dedicadas a la producci\u00f3n de ca\u00f1a de az\u00facar convencional y dos ensayos de producci\u00f3n de ca\u00f1a org\u00e1nica; uno con la Empresa AsSukkar y otro con &hellip; <\/p>","protected":false},"author":1,"featured_media":0,"parent":0,"menu_order":0,"comment_status":"closed","ping_status":"closed","template":"","meta":{"_bbp_topic_count":0,"_bbp_reply_count":0,"_bbp_total_topic_count":0,"_bbp_total_reply_count":0,"_bbp_voice_count":0,"_bbp_anonymous_reply_count":0,"_bbp_topic_count_hidden":0,"_bbp_reply_count_hidden":0,"_bbp_forum_subforum_count":0,"pmpro_default_level":"0","_monsterinsights_skip_tracking":false,"_monsterinsights_sitenote_active":false,"_monsterinsights_sitenote_note":"","_monsterinsights_sitenote_category":0,"_uf_show_specific_survey":0,"_uf_disable_surveys":false,"footnotes":""},"class_list":["post-26858","page","type-page","status-publish","hentry","pmpro-has-access"],"_links":{"self":[{"href":"https:\/\/www.catie.ac.cr\/en\/wp-json\/wp\/v2\/pages\/26858","targetHints":{"allow":["GET"]}}],"collection":[{"href":"https:\/\/www.catie.ac.cr\/en\/wp-json\/wp\/v2\/pages"}],"about":[{"href":"https:\/\/www.catie.ac.cr\/en\/wp-json\/wp\/v2\/types\/page"}],"author":[{"embeddable":true,"href":"https:\/\/www.catie.ac.cr\/en\/wp-json\/wp\/v2\/users\/1"}],"replies":[{"embeddable":true,"href":"https:\/\/www.catie.ac.cr\/en\/wp-json\/wp\/v2\/comments?post=26858"}],"version-history":[{"count":10,"href":"https:\/\/www.catie.ac.cr\/en\/wp-json\/wp\/v2\/pages\/26858\/revisions"}],"predecessor-version":[{"id":26954,"href":"https:\/\/www.catie.ac.cr\/en\/wp-json\/wp\/v2\/pages\/26858\/revisions\/26954"}],"wp:attachment":[{"href":"https:\/\/www.catie.ac.cr\/en\/wp-json\/wp\/v2\/media?parent=26858"}],"curies":[{"name":"wp","href":"https:\/\/api.w.org\/{rel}","templated":true}]}}