{"id":2901,"date":"2015-11-18T08:34:00","date_gmt":"2015-11-18T14:34:00","guid":{"rendered":"https:\/\/educationwp.thimpress.com\/?page_id=2901"},"modified":"2025-08-13T11:02:26","modified_gmt":"2025-08-13T17:02:26","slug":"nuestra-esencia","status":"publish","type":"page","link":"https:\/\/www.catie.ac.cr\/en\/nuestra-esencia\/","title":{"rendered":"Our Essence"},"content":{"rendered":"<div data-elementor-type=\"wp-post\" data-elementor-id=\"2901\" class=\"elementor elementor-2901\" data-elementor-post-type=\"page\">\n\t\t\t\t\t\t<section class=\"elementor-section elementor-top-section elementor-element elementor-element-7d27883 elementor-section-boxed elementor-section-height-default elementor-section-height-default\" data-id=\"7d27883\" data-element_type=\"section\">\n\t\t\t\t\t\t<div class=\"elementor-container elementor-column-gap-default\">\n\t\t\t\t\t<div class=\"elementor-column elementor-col-100 elementor-top-column elementor-element elementor-element-d513acf\" data-id=\"d513acf\" data-element_type=\"column\">\n\t\t\t<div class=\"elementor-widget-wrap elementor-element-populated\">\n\t\t\t\t\t\t<div class=\"elementor-element elementor-element-3197733 elementor-widget elementor-widget-thim-heading\" data-id=\"3197733\" data-element_type=\"widget\" data-widget_type=\"thim-heading.default\">\n\t\t\t\t<div class=\"elementor-widget-container\">\n\t\t\t\t\t<div class=\"sc_heading   text-center\"><h3 style=\"text-transform: uppercase;\" class=\"title\">Our Essence<\/h3><span class=\"line\"><\/span><\/div>\t\t\t\t<\/div>\n\t\t\t\t<\/div>\n\t\t\t\t\t<\/div>\n\t\t<\/div>\n\t\t\t\t\t<\/div>\n\t\t<\/section>\n\t\t\t\t<section class=\"elementor-section elementor-top-section elementor-element elementor-element-2774d67 elementor-section-boxed elementor-section-height-default elementor-section-height-default\" data-id=\"2774d67\" data-element_type=\"section\">\n\t\t\t\t\t\t<div class=\"elementor-container elementor-column-gap-default\">\n\t\t\t\t\t<div class=\"elementor-column elementor-col-100 elementor-top-column elementor-element elementor-element-550e34f\" data-id=\"550e34f\" data-element_type=\"column\">\n\t\t\t<div class=\"elementor-widget-wrap elementor-element-populated\">\n\t\t\t\t\t\t<div class=\"elementor-element elementor-element-21c15fa elementor-widget elementor-widget-video\" data-id=\"21c15fa\" data-element_type=\"widget\" data-settings=\"{&quot;youtube_url&quot;:&quot;https:\\\/\\\/youtu.be\\\/2y4fQnRxvPw&quot;,&quot;video_type&quot;:&quot;youtube&quot;,&quot;controls&quot;:&quot;yes&quot;}\" data-widget_type=\"video.default\">\n\t\t\t\t<div class=\"elementor-widget-container\">\n\t\t\t\t\t\t\t<div class=\"elementor-wrapper elementor-open-inline\">\n\t\t\t<div class=\"elementor-video\"><\/div>\t\t<\/div>\n\t\t\t\t\t\t<\/div>\n\t\t\t\t<\/div>\n\t\t\t\t\t<\/div>\n\t\t<\/div>\n\t\t\t\t\t<\/div>\n\t\t<\/section>\n\t\t\t\t<section class=\"elementor-section elementor-top-section elementor-element elementor-element-db773c4 elementor-section-boxed elementor-section-height-default elementor-section-height-default\" data-id=\"db773c4\" data-element_type=\"section\">\n\t\t\t\t\t\t<div class=\"elementor-container elementor-column-gap-default\">\n\t\t\t\t\t<div class=\"elementor-column elementor-col-33 elementor-top-column elementor-element elementor-element-f2de48b\" data-id=\"f2de48b\" data-element_type=\"column\">\n\t\t\t<div class=\"elementor-widget-wrap elementor-element-populated\">\n\t\t\t\t\t\t<div class=\"elementor-element elementor-element-0e07cbe elementor-widget elementor-widget-spacer\" data-id=\"0e07cbe\" data-element_type=\"widget\" data-widget_type=\"spacer.default\">\n\t\t\t\t<div class=\"elementor-widget-container\">\n\t\t\t\t\t\t\t<div class=\"elementor-spacer\">\n\t\t\t<div class=\"elementor-spacer-inner\"><\/div>\n\t\t<\/div>\n\t\t\t\t\t\t<\/div>\n\t\t\t\t<\/div>\n\t\t\t\t<div class=\"elementor-element elementor-element-879609a elementor-widget elementor-widget-text-editor\" data-id=\"879609a\" data-element_type=\"widget\" data-widget_type=\"text-editor.default\">\n\t\t\t\t<div class=\"elementor-widget-container\">\n\t\t\t\t\t\t\t\t\t<p>CATIE (Tropical Agricultural Research and Higher Education Center) is an academic center for innovation and sustainable development in topics related to agriculture, management, conservation, and sustainable use of natural resources. Our area of influence, by mandate, is the Latin American and Caribbean region. However, our operations and contributions to the region and the world have a history of just over 75 years, initially as the Inter-American Institute for Cooperation on Agriculture (IICA) and since 1973, as CATIE.<\/p><p>\u00a0<\/p><p>\u00a0<\/p>\t\t\t\t\t\t\t\t<\/div>\n\t\t\t\t<\/div>\n\t\t\t\t\t<\/div>\n\t\t<\/div>\n\t\t\t\t<div class=\"elementor-column elementor-col-33 elementor-top-column elementor-element elementor-element-8a3ce4b\" data-id=\"8a3ce4b\" data-element_type=\"column\">\n\t\t\t<div class=\"elementor-widget-wrap\">\n\t\t\t\t\t\t\t<\/div>\n\t\t<\/div>\n\t\t\t\t<div class=\"elementor-column elementor-col-33 elementor-top-column elementor-element elementor-element-0f4a14e\" data-id=\"0f4a14e\" data-element_type=\"column\">\n\t\t\t<div class=\"elementor-widget-wrap elementor-element-populated\">\n\t\t\t\t\t\t<div class=\"elementor-element elementor-element-8976649 elementor-widget elementor-widget-spacer\" data-id=\"8976649\" data-element_type=\"widget\" data-widget_type=\"spacer.default\">\n\t\t\t\t<div class=\"elementor-widget-container\">\n\t\t\t\t\t\t\t<div class=\"elementor-spacer\">\n\t\t\t<div class=\"elementor-spacer-inner\"><\/div>\n\t\t<\/div>\n\t\t\t\t\t\t<\/div>\n\t\t\t\t<\/div>\n\t\t\t\t<div class=\"elementor-element elementor-element-335f0c7 elementor-widget elementor-widget-text-editor\" data-id=\"335f0c7\" data-element_type=\"widget\" data-widget_type=\"text-editor.default\">\n\t\t\t\t<div class=\"elementor-widget-container\">\n\t\t\t\t\t\t\t\t\t<p>In our actions we combine education, research for development, and projection to promote Inclusive Green Development, to increase human well-being and reduce rural poverty.<\/p><p>We are leaders in the integrated management of agriculture and natural resources to address global challenges.<\/p>\t\t\t\t\t\t\t\t<\/div>\n\t\t\t\t<\/div>\n\t\t\t\t\t<\/div>\n\t\t<\/div>\n\t\t\t\t\t<\/div>\n\t\t<\/section>\n\t\t\t\t<section class=\"elementor-section elementor-top-section elementor-element elementor-element-ed8fd07 elementor-section-boxed elementor-section-height-default elementor-section-height-default\" data-id=\"ed8fd07\" data-element_type=\"section\">\n\t\t\t\t\t\t<div class=\"elementor-container elementor-column-gap-default\">\n\t\t\t\t\t<div class=\"elementor-column elementor-col-100 elementor-top-column elementor-element elementor-element-349d9ae\" data-id=\"349d9ae\" data-element_type=\"column\">\n\t\t\t<div class=\"elementor-widget-wrap elementor-element-populated\">\n\t\t\t\t\t\t<div class=\"elementor-element elementor-element-bcbcc8c elementor-widget elementor-widget-thim-heading\" data-id=\"bcbcc8c\" data-element_type=\"widget\" data-widget_type=\"thim-heading.default\">\n\t\t\t\t<div class=\"elementor-widget-container\">\n\t\t\t\t\t<div class=\"sc_heading   text-center\"><h3 style=\"text-transform: uppercase;\" class=\"title\">The three pillars that sustain us are:<\/h3><span class=\"line\"><\/span><\/div>\t\t\t\t<\/div>\n\t\t\t\t<\/div>\n\t\t\t\t\t<\/div>\n\t\t<\/div>\n\t\t\t\t\t<\/div>\n\t\t<\/section>\n\t\t\t\t<section class=\"elementor-section elementor-top-section elementor-element elementor-element-de99009 elementor-section-boxed elementor-section-height-default elementor-section-height-default\" data-id=\"de99009\" data-element_type=\"section\">\n\t\t\t\t\t\t<div class=\"elementor-container elementor-column-gap-default\">\n\t\t\t\t\t<div class=\"elementor-column elementor-col-33 elementor-top-column elementor-element elementor-element-1cdf3d8\" data-id=\"1cdf3d8\" data-element_type=\"column\">\n\t\t\t<div class=\"elementor-widget-wrap elementor-element-populated\">\n\t\t\t\t\t\t<div class=\"elementor-element elementor-element-b6a41fe elementor-widget elementor-widget-image\" data-id=\"b6a41fe\" data-element_type=\"widget\" data-widget_type=\"image.default\">\n\t\t\t\t<div class=\"elementor-widget-container\">\n\t\t\t\t\t\t\t\t\t\t\t\t\t\t\t<img fetchpriority=\"high\" decoding=\"async\" width=\"600\" height=\"400\" src=\"https:\/\/www.catie.ac.cr\/wp-content\/uploads\/2021\/12\/educacion-1.jpg\" class=\"attachment-large size-large wp-image-10773\" alt=\"\" srcset=\"https:\/\/www.catie.ac.cr\/wp-content\/uploads\/2021\/12\/educacion-1.jpg 600w, https:\/\/www.catie.ac.cr\/wp-content\/uploads\/2021\/12\/educacion-1-300x200.jpg 300w, https:\/\/www.catie.ac.cr\/wp-content\/uploads\/2021\/12\/educacion-1-18x12.jpg 18w\" sizes=\"(max-width: 600px) 100vw, 600px\" \/>\t\t\t\t\t\t\t\t\t\t\t\t\t\t\t<\/div>\n\t\t\t\t<\/div>\n\t\t\t\t\t<\/div>\n\t\t<\/div>\n\t\t\t\t<div class=\"elementor-column elementor-col-33 elementor-top-column elementor-element elementor-element-f2fdda6\" data-id=\"f2fdda6\" data-element_type=\"column\">\n\t\t\t<div class=\"elementor-widget-wrap elementor-element-populated\">\n\t\t\t\t\t\t<div class=\"elementor-element elementor-element-63dcb25 elementor-widget elementor-widget-image\" data-id=\"63dcb25\" data-element_type=\"widget\" data-widget_type=\"image.default\">\n\t\t\t\t<div class=\"elementor-widget-container\">\n\t\t\t\t\t\t\t\t\t\t\t\t\t\t\t<img decoding=\"async\" width=\"600\" height=\"400\" src=\"https:\/\/www.catie.ac.cr\/wp-content\/uploads\/2021\/12\/Investigacion.jpg\" class=\"attachment-large size-large wp-image-10774\" alt=\"\" srcset=\"https:\/\/www.catie.ac.cr\/wp-content\/uploads\/2021\/12\/Investigacion.jpg 600w, https:\/\/www.catie.ac.cr\/wp-content\/uploads\/2021\/12\/Investigacion-300x200.jpg 300w, https:\/\/www.catie.ac.cr\/wp-content\/uploads\/2021\/12\/Investigacion-18x12.jpg 18w\" sizes=\"(max-width: 600px) 100vw, 600px\" \/>\t\t\t\t\t\t\t\t\t\t\t\t\t\t\t<\/div>\n\t\t\t\t<\/div>\n\t\t\t\t\t<\/div>\n\t\t<\/div>\n\t\t\t\t<div class=\"elementor-column elementor-col-33 elementor-top-column elementor-element elementor-element-ba799ca\" data-id=\"ba799ca\" data-element_type=\"column\">\n\t\t\t<div class=\"elementor-widget-wrap elementor-element-populated\">\n\t\t\t\t\t\t<div class=\"elementor-element elementor-element-6ef3fd6 elementor-widget elementor-widget-image\" data-id=\"6ef3fd6\" data-element_type=\"widget\" data-widget_type=\"image.default\">\n\t\t\t\t<div class=\"elementor-widget-container\">\n\t\t\t\t\t\t\t\t\t\t\t\t\t\t\t<img decoding=\"async\" width=\"600\" height=\"400\" src=\"https:\/\/www.catie.ac.cr\/wp-content\/uploads\/2021\/12\/proyeccion.jpg\" class=\"attachment-large size-large wp-image-10775\" alt=\"\" srcset=\"https:\/\/www.catie.ac.cr\/wp-content\/uploads\/2021\/12\/proyeccion.jpg 600w, https:\/\/www.catie.ac.cr\/wp-content\/uploads\/2021\/12\/proyeccion-300x200.jpg 300w, https:\/\/www.catie.ac.cr\/wp-content\/uploads\/2021\/12\/proyeccion-18x12.jpg 18w\" sizes=\"(max-width: 600px) 100vw, 600px\" \/>\t\t\t\t\t\t\t\t\t\t\t\t\t\t\t<\/div>\n\t\t\t\t<\/div>\n\t\t\t\t\t<\/div>\n\t\t<\/div>\n\t\t\t\t\t<\/div>\n\t\t<\/section>\n\t\t\t\t<section class=\"elementor-section elementor-top-section elementor-element elementor-element-a4a971e elementor-section-boxed elementor-section-height-default elementor-section-height-default\" data-id=\"a4a971e\" data-element_type=\"section\">\n\t\t\t\t\t\t<div class=\"elementor-container elementor-column-gap-default\">\n\t\t\t\t\t<div class=\"elementor-column elementor-col-33 elementor-top-column elementor-element elementor-element-dded441\" data-id=\"dded441\" data-element_type=\"column\">\n\t\t\t<div class=\"elementor-widget-wrap elementor-element-populated\">\n\t\t\t\t\t\t<div class=\"elementor-element elementor-element-d635851 elementor-widget elementor-widget-heading\" data-id=\"d635851\" data-element_type=\"widget\" data-widget_type=\"heading.default\">\n\t\t\t\t<div class=\"elementor-widget-container\">\n\t\t\t\t\t<h2 class=\"elementor-heading-title elementor-size-default\">Education<\/h2>\t\t\t\t<\/div>\n\t\t\t\t<\/div>\n\t\t\t\t<div class=\"elementor-element elementor-element-685f34d elementor-widget elementor-widget-text-editor\" data-id=\"685f34d\" data-element_type=\"widget\" data-widget_type=\"text-editor.default\">\n\t\t\t\t<div class=\"elementor-widget-container\">\n\t\t\t\t\t\t\t\t\t<ul><li>We are a university, at the postgraduate level, of wide prestige and international recognition.<\/li><li>We have the oldest International Postgraduate Program in Agriculture and Natural Resources in Latin America (since 1946) with more than 2,600 graduates.<\/li><li>Our academic offer includes strategic course options, diplomas, specializations, academic masters, professional masters, and international doctorates in different thematic fields.<\/li><li>Our students and graduates come from more than 40 countries on different continents, mainly America.<\/li><li>Our faculty is made up of teachers and scientists from more than 25 countries in different regions of the world.<\/li><\/ul>\t\t\t\t\t\t\t\t<\/div>\n\t\t\t\t<\/div>\n\t\t\t\t\t<\/div>\n\t\t<\/div>\n\t\t\t\t<div class=\"elementor-column elementor-col-33 elementor-top-column elementor-element elementor-element-6cbd3e2\" data-id=\"6cbd3e2\" data-element_type=\"column\">\n\t\t\t<div class=\"elementor-widget-wrap elementor-element-populated\">\n\t\t\t\t\t\t<div class=\"elementor-element elementor-element-4ed77c6 elementor-widget elementor-widget-heading\" data-id=\"4ed77c6\" data-element_type=\"widget\" data-widget_type=\"heading.default\">\n\t\t\t\t<div class=\"elementor-widget-container\">\n\t\t\t\t\t<h2 class=\"elementor-heading-title elementor-size-default\">Research <\/h2>\t\t\t\t<\/div>\n\t\t\t\t<\/div>\n\t\t\t\t<div class=\"elementor-element elementor-element-a1dd7f4 elementor-widget elementor-widget-text-editor\" data-id=\"a1dd7f4\" data-element_type=\"widget\" data-widget_type=\"text-editor.default\">\n\t\t\t\t<div class=\"elementor-widget-container\">\n\t\t\t\t\t\t\t\t\t<p>Our Research for Development has a systemic approach. Its starting point is a holistic assessment of the problems and opportunities of rural areas with an emphasis on inclusion and gender. We maintain several specialized Research for Development lines, whose implementation and transfer of results are part of projects with systemic approaches, which contribute in an integral direction to achieve an Inclusive Green Development.<\/p><p>Our research and development lines of work are articulated with the Sustainable Development Goals (SDG) and focus on the following topics:<\/p><ol><li>Agroforestry and genetic improvement of coffee and cocoa<\/li><li>Environment for development<\/li><li>Agrobiodiversity and Food Security<\/li><li>Climate Action<\/li><li>Biostatistics<\/li><li>Watersheds, water security and soils<\/li><li>Forests and biodiversity in productive landscapes<\/li><li>Inclusion and gender<\/li><li>Sustainable economy, environment and agribusiness<\/li><li>Livestock and environmental management<\/li><\/ol>\t\t\t\t\t\t\t\t<\/div>\n\t\t\t\t<\/div>\n\t\t\t\t\t<\/div>\n\t\t<\/div>\n\t\t\t\t<div class=\"elementor-column elementor-col-33 elementor-top-column elementor-element elementor-element-9683104\" data-id=\"9683104\" data-element_type=\"column\">\n\t\t\t<div class=\"elementor-widget-wrap elementor-element-populated\">\n\t\t\t\t\t\t<div class=\"elementor-element elementor-element-0cf2357 elementor-widget elementor-widget-heading\" data-id=\"0cf2357\" data-element_type=\"widget\" data-widget_type=\"heading.default\">\n\t\t\t\t<div class=\"elementor-widget-container\">\n\t\t\t\t\t<h2 class=\"elementor-heading-title elementor-size-default\">OUTREACH <\/h2>\t\t\t\t<\/div>\n\t\t\t\t<\/div>\n\t\t\t\t<div class=\"elementor-element elementor-element-00b4108 elementor-widget elementor-widget-text-editor\" data-id=\"00b4108\" data-element_type=\"widget\" data-widget_type=\"text-editor.default\">\n\t\t\t\t<div class=\"elementor-widget-container\">\n\t\t\t\t\t\t\t\t\t<p>CATIE is projected to the region and beyond it, through our representations in the member countries in Latin America and the Caribbean, through our strategic alliances and through our actions via the scaling and development projects that we implement. Our value offer is based on the comprehensiveness of our interventions in the formation of human capital, generation of knowledge and advocacy for the transformations that allow INCLUSIVE GREEN DEVELOPMENT.<\/p><p>With this vision in mind, our theory of change is reflected in various levels of impact, starting with our technological innovations and training of leaders, in our sphere of control, who accompany and influence the changes required in coordination with our local partners, in our sphere of incidence, in order to achieve the transformations required by INCLUSIVE GREEN DEVELOPMENT in our sphere of interest.<\/p><p>In short, our work in projection material includes the transfer of technology and knowledge, the use of digital technologies and the impact on policies at different scales, which contribute to the reduction of poverty and the economic, social and environmental development of the region.<\/p>\t\t\t\t\t\t\t\t<\/div>\n\t\t\t\t<\/div>\n\t\t\t\t\t<\/div>\n\t\t<\/div>\n\t\t\t\t\t<\/div>\n\t\t<\/section>\n\t\t\t\t<\/div>","protected":false},"excerpt":{"rendered":"<p>Nuestra esencia El CATIE (Centro Agron\u00f3mico Tropical de Investigaci\u00f3n y Ense\u00f1anza) es un centro acad\u00e9mico para la innovaci\u00f3n y el desarrollo sostenible en temas relacionados con agricultura, manejo, conservaci\u00f3n y uso sostenible de los recursos naturales. Nuestra \u00e1rea de influencia, &hellip; <\/p>","protected":false},"author":1,"featured_media":0,"parent":0,"menu_order":0,"comment_status":"closed","ping_status":"closed","template":"","meta":{"_bbp_topic_count":0,"_bbp_reply_count":0,"_bbp_total_topic_count":0,"_bbp_total_reply_count":0,"_bbp_voice_count":0,"_bbp_anonymous_reply_count":0,"_bbp_topic_count_hidden":0,"_bbp_reply_count_hidden":0,"_bbp_forum_subforum_count":0,"pmpro_default_level":"","_monsterinsights_skip_tracking":false,"_monsterinsights_sitenote_active":false,"_monsterinsights_sitenote_note":"","_monsterinsights_sitenote_category":0,"_uf_show_specific_survey":0,"_uf_disable_surveys":false,"footnotes":""},"class_list":["post-2901","page","type-page","status-publish","hentry","pmpro-has-access"],"_links":{"self":[{"href":"https:\/\/www.catie.ac.cr\/en\/wp-json\/wp\/v2\/pages\/2901","targetHints":{"allow":["GET"]}}],"collection":[{"href":"https:\/\/www.catie.ac.cr\/en\/wp-json\/wp\/v2\/pages"}],"about":[{"href":"https:\/\/www.catie.ac.cr\/en\/wp-json\/wp\/v2\/types\/page"}],"author":[{"embeddable":true,"href":"https:\/\/www.catie.ac.cr\/en\/wp-json\/wp\/v2\/users\/1"}],"replies":[{"embeddable":true,"href":"https:\/\/www.catie.ac.cr\/en\/wp-json\/wp\/v2\/comments?post=2901"}],"version-history":[{"count":84,"href":"https:\/\/www.catie.ac.cr\/en\/wp-json\/wp\/v2\/pages\/2901\/revisions"}],"predecessor-version":[{"id":36728,"href":"https:\/\/www.catie.ac.cr\/en\/wp-json\/wp\/v2\/pages\/2901\/revisions\/36728"}],"wp:attachment":[{"href":"https:\/\/www.catie.ac.cr\/en\/wp-json\/wp\/v2\/media?parent=2901"}],"curies":[{"name":"wp","href":"https:\/\/api.w.org\/{rel}","templated":true}]}}