{"id":29280,"date":"2024-09-19T14:50:17","date_gmt":"2024-09-19T20:50:17","guid":{"rendered":"https:\/\/www.catie.ac.cr\/?page_id=29280"},"modified":"2026-04-06T15:27:01","modified_gmt":"2026-04-06T21:27:01","slug":"adquisiciones","status":"publish","type":"page","link":"https:\/\/www.catie.ac.cr\/en\/adquisiciones\/","title":{"rendered":"Adquisiciones"},"content":{"rendered":"<div data-elementor-type=\"wp-page\" data-elementor-id=\"29280\" class=\"elementor elementor-29280\" data-elementor-post-type=\"page\">\n\t\t\t\t\t\t<section class=\"elementor-section elementor-top-section elementor-element elementor-element-3bfd6aa elementor-section-boxed elementor-section-height-default elementor-section-height-default\" data-id=\"3bfd6aa\" data-element_type=\"section\">\n\t\t\t\t\t\t<div class=\"elementor-container elementor-column-gap-default\">\n\t\t\t\t\t<div class=\"elementor-column elementor-col-100 elementor-top-column elementor-element elementor-element-d63faf5\" data-id=\"d63faf5\" data-element_type=\"column\">\n\t\t\t<div class=\"elementor-widget-wrap elementor-element-populated\">\n\t\t\t\t\t\t<div class=\"elementor-element elementor-element-9470ec6 elementor-tabs-view-horizontal elementor-widget elementor-widget-tabs\" data-id=\"9470ec6\" data-element_type=\"widget\" data-widget_type=\"tabs.default\">\n\t\t\t\t<div class=\"elementor-widget-container\">\n\t\t\t\t\t\t\t<div class=\"elementor-tabs\">\n\t\t\t<div class=\"elementor-tabs-wrapper\" role=\"tablist\" >\n\t\t\t\t\t\t\t\t\t<div id=\"elementor-tab-title-1551\" class=\"elementor-tab-title elementor-tab-desktop-title\" aria-selected=\"true\" data-tab=\"1\" role=\"tab\" tabindex=\"0\" aria-controls=\"elementor-tab-content-1551\" aria-expanded=\"false\">Adquisici\u00f3n de insumos esenciales para Sistema de Alerta Temprana Comunitaria en Honduras N\u00ba 002-26<\/div>\n\t\t\t\t\t\t\t\t\t<div id=\"elementor-tab-title-1552\" class=\"elementor-tab-title elementor-tab-desktop-title\" aria-selected=\"false\" data-tab=\"2\" role=\"tab\" tabindex=\"-1\" aria-controls=\"elementor-tab-content-1552\" aria-expanded=\"false\">Adquisici\u00f3n de insumos esenciales para Sistema de Alerta Temprana Comunitaria en Guatemala N\u00ba 03-26<\/div>\n\t\t\t\t\t\t\t\t\t<div id=\"elementor-tab-title-1553\" class=\"elementor-tab-title elementor-tab-desktop-title\" aria-selected=\"false\" data-tab=\"3\" role=\"tab\" tabindex=\"-1\" aria-controls=\"elementor-tab-content-1553\" aria-expanded=\"false\">Adquisici\u00f3n de insumos esenciales para Sistema de Alerta Temprana Comunitaria en Belice<\/div>\n\t\t\t\t\t\t\t<\/div>\n\t\t\t<div class=\"elementor-tabs-content-wrapper\" role=\"tablist\" aria-orientation=\"vertical\">\n\t\t\t\t\t\t\t\t\t<div class=\"elementor-tab-title elementor-tab-mobile-title\" aria-selected=\"true\" data-tab=\"1\" role=\"tab\" tabindex=\"0\" aria-controls=\"elementor-tab-content-1551\" aria-expanded=\"false\">Adquisici\u00f3n de insumos esenciales para Sistema de Alerta Temprana Comunitaria en Honduras N\u00ba 002-26<\/div>\n\t\t\t\t\t<div id=\"elementor-tab-content-1551\" class=\"elementor-tab-content elementor-clearfix\" data-tab=\"1\" role=\"tabpanel\" aria-labelledby=\"elementor-tab-title-1551\" tabindex=\"0\" hidden=\"false\"><p>\u00a0<\/p><p><strong>Convocatoria abierta<br \/><\/strong><strong>Carta de Invitaci\u00f3n a Presentar Oferta<br \/><\/strong><strong>M\u00e9todo de Comparaci\u00f3n de Precios<\/strong><\/p><p><strong>Adquisici\u00f3n de insumos esenciales para Sistema de Alerta Temprana Comunitaria en Honduras N\u00ba 002-26<\/strong><\/p><ol><li>El CATIE invita a oferentes elegibles a participar en el proceso de \u201cAdquisici\u00f3n de equipamiento e insumos esenciales para el Sistema de Alerta Temprana Comunitaria en Honduras\u201d, como parte del proyecto regional REFORES: \u201cUso de Soluciones Basadas en la Naturaleza para Aumentar la Resiliencia ante Eventos Clim\u00e1ticos Extremos en la Regi\u00f3n Atl\u00e1ntica de Centroam\u00e9rica\u201d.<\/li><li>Este proceso se realiza bajo el m\u00e9todo de comparaci\u00f3n de precios, conforme a la Pol\u00edtica para la Obtenci\u00f3n de Bienes, Obras, Servicios y Consultor\u00edas con Recursos del BCIE y sus Normas para la Aplicaci\u00f3n que se encuentran en el siguiente sitio de Internet: <a href=\"https:\/\/www.bcie.org\" target=\"_blank\" rel=\"noopener\">https:\/\/www.bcie.org<\/a>.<\/li><li>El equipo solicitado incluye insumos para escalas limnim\u00e9tricas.<\/li><li>Las ofertas deber\u00e1n hacerse llegar a la direcci\u00f3n electr\u00f3nica indicada en el numeral 5 de este llamado, a m\u00e1s tardar el 13 de abril del 2026, hasta las 11:59 p.m. (hora de Honduras), las ofertas que se reciban fuera de este plazo ser\u00e1n rechazadas.<\/li><li>La direcci\u00f3n electr\u00f3nica referida arriba y para efectos de notificaciones y\/o solicitudes de aclaraciones y Recepci\u00f3n de ofertas es: <a href=\"mailto:joselyn.rojas@catie.ac.cr\">rojas@catie.ac.cr<\/a> and <a href=\"mailto:karla.mejia@catie.ac.cr\">karla.mejia@catie.ac.cr<\/a><\/li><li>El contratante pone a disposici\u00f3n de los interesados la documentaci\u00f3n necesaria para preparar sus cotizaciones, disponible en el documento adjunto. Se requiere presentar carta de personer\u00eda jur\u00eddica para inscripci\u00f3n como proveedor y los formularios de presentaci\u00f3n de cotizaci\u00f3n, declaraci\u00f3n jurada, especificaciones t\u00e9cnicas ofertadas, lista de precios y plan de entregas.<\/li><\/ol><p><strong>T\u00e9rminos de referencia\u00a0para la adquisici\u00f3n de insumos SAT<\/strong><\/p><p><a href=\"https:\/\/www.catie.ac.cr\/wp-content\/uploads\/2026\/03\/Tdrs_2_adquisicion_insumos_SAT_HN_7k.pdf\" target=\"_blank\" rel=\"noopener\">Formato PDF<\/a><\/p><p><a href=\"https:\/\/www.catie.ac.cr\/wp-content\/uploads\/2026\/03\/Tdrs_2_adquisicion_insumos_SAT_HN_7k.docx\" target=\"_blank\" rel=\"noopener\">Formato Word<\/a><\/p><\/div>\n\t\t\t\t\t\t\t\t\t<div class=\"elementor-tab-title elementor-tab-mobile-title\" aria-selected=\"false\" data-tab=\"2\" role=\"tab\" tabindex=\"-1\" aria-controls=\"elementor-tab-content-1552\" aria-expanded=\"false\">Adquisici\u00f3n de insumos esenciales para Sistema de Alerta Temprana Comunitaria en Guatemala N\u00ba 03-26<\/div>\n\t\t\t\t\t<div id=\"elementor-tab-content-1552\" class=\"elementor-tab-content elementor-clearfix\" data-tab=\"2\" role=\"tabpanel\" aria-labelledby=\"elementor-tab-title-1552\" tabindex=\"0\" hidden=\"hidden\"><p>Convocatoria abierta<br \/><strong>Carta de Invitaci\u00f3n a Presentar Oferta<br \/><\/strong><strong>M\u00e9todo de Comparaci\u00f3n de Precios<\/strong><\/p><p><strong>Adquisici\u00f3n de insumos esenciales para Sistema de Alerta Temprana Comunitaria en Guatemala N\u00ba 03-26<\/strong><\/p><ol><li>El CATIE invita a oferentes elegibles a participar en el proceso de \u201cAdquisici\u00f3n de equipamiento e insumos esenciales para el Sistema de Alerta Temprana Comunitaria en Guatemala\u201d, como parte del proyecto regional REFORES: \u201cUso de Soluciones Basadas en la Naturaleza para Aumentar la Resiliencia ante Eventos Clim\u00e1ticos Extremos en la Regi\u00f3n Atl\u00e1ntica de Centroam\u00e9rica\u201d.<\/li><li>Este proceso se realiza bajo el m\u00e9todo de comparaci\u00f3n de precios, conforme a la Pol\u00edtica para la Obtenci\u00f3n de Bienes, Obras, Servicios y Consultor\u00edas con Recursos del BCIE y sus Normas para la Aplicaci\u00f3n que se encuentran en el siguiente sitio de Internet: <a href=\"https:\/\/www.bcie.org\" target=\"_blank\" rel=\"noopener\">https:\/\/www.bcie.org<\/a>.<\/li><li>El equipo solicitado incluye equipo de seguridad personal, equipo para movilizaci\u00f3n de paciente por emergencia, botiqu\u00edn para primeros auxilios y equipo para comunicaci\u00f3n de alerta.<\/li><li>Las ofertas deber\u00e1n hacerse llegar a la direcci\u00f3n electr\u00f3nica indicada en el numeral 5 de este llamado, a m\u00e1s tardar el 13 de abril del 2026, hasta las 11:59 p.m. (hora de Guatemala), las ofertas que se reciban fuera de este plazo ser\u00e1n rechazadas.<\/li><li>La direcci\u00f3n electr\u00f3nica referida arriba y para efectos de notificaciones y\/o solicitudes de aclaraciones y Recepci\u00f3n de ofertas es: <a href=\"mailto:joselyn.rojas@catie.ac.cr\">rojas@catie.ac.cr<\/a> and <a href=\"mailto:andrea.gonzalez@catie.ac.cr\">andrea.gonzalez@catie.ac.cr<\/a><\/li><li>El contratante pone a disposici\u00f3n de los interesados la documentaci\u00f3n necesaria para preparar sus cotizaciones, disponible en el documento adjunto. Se requiere presentar carta de personer\u00eda jur\u00eddica para inscripci\u00f3n como proveedor y los formularios de presentaci\u00f3n de cotizaci\u00f3n, declaraci\u00f3n jurada, especificaciones t\u00e9cnicas ofertadas, lista de precios y plan de entregas.<\/li><\/ol><p>\u00a0<\/p><p><strong>T\u00e9rminos de referencia\u00a0para la adquisici\u00f3n de insumos SAT<\/strong><\/p><p><a href=\"https:\/\/www.catie.ac.cr\/wp-content\/uploads\/2026\/03\/Tdrs-Adquisicion-de-Equipo-SAT-GT.pdf\" target=\"_blank\" rel=\"noopener\">Formato PDF<\/a><\/p><p><a href=\"https:\/\/www.catie.ac.cr\/wp-content\/uploads\/2026\/03\/Tdrs-Adquisicion-de-Equipo-SAT-GT.docx\" target=\"_blank\" rel=\"noopener\">Formato Word<\/a><\/p><p>\u00a0<\/p><p>\u00a0<\/p><div class=\"x_elementToProof\"><b data-olk-copy-source=\"MessageBody\">Compendio de Consultas y Respuestas<\/b><\/div><div class=\"x_elementToProof\"><b>1. \u00bfPodr\u00edan\u00a0enviar los logos de los chalecos para poder cotizar?<\/b><\/div><div class=\"x_elementToProof\">Se adjunta imagen del logotipo requerido para los chalecos, en formato PNG, para los fines de cotizaci\u00f3n correspondientes.<\/div><div>\u00a0<\/div><div><img fetchpriority=\"high\" decoding=\"async\" class=\"alignnone size-medium wp-image-41053\" src=\"https:\/\/www.catie.ac.cr\/wp-content\/uploads\/2026\/04\/CONRED-GTM-300x300.png\" alt=\"\" width=\"300\" height=\"300\" srcset=\"https:\/\/www.catie.ac.cr\/wp-content\/uploads\/2026\/04\/CONRED-GTM-300x300.png 300w, https:\/\/www.catie.ac.cr\/wp-content\/uploads\/2026\/04\/CONRED-GTM-1019x1024.png 1019w, https:\/\/www.catie.ac.cr\/wp-content\/uploads\/2026\/04\/CONRED-GTM-150x150.png 150w, https:\/\/www.catie.ac.cr\/wp-content\/uploads\/2026\/04\/CONRED-GTM-1529x1536.png 1529w, https:\/\/www.catie.ac.cr\/wp-content\/uploads\/2026\/04\/CONRED-GTM-2039x2048.png 2039w, https:\/\/www.catie.ac.cr\/wp-content\/uploads\/2026\/04\/CONRED-GTM-12x12.png 12w, https:\/\/www.catie.ac.cr\/wp-content\/uploads\/2026\/04\/CONRED-GTM-100x100.png 100w, https:\/\/www.catie.ac.cr\/wp-content\/uploads\/2026\/04\/CONRED-GTM-250x250.png 250w\" sizes=\"(max-width: 300px) 100vw, 300px\" \/><\/div><\/div>\n\t\t\t\t\t\t\t\t\t<div class=\"elementor-tab-title elementor-tab-mobile-title\" aria-selected=\"false\" data-tab=\"3\" role=\"tab\" tabindex=\"-1\" aria-controls=\"elementor-tab-content-1553\" aria-expanded=\"false\">Adquisici\u00f3n de insumos esenciales para Sistema de Alerta Temprana Comunitaria en Belice<\/div>\n\t\t\t\t\t<div id=\"elementor-tab-content-1553\" class=\"elementor-tab-content elementor-clearfix\" data-tab=\"3\" role=\"tabpanel\" aria-labelledby=\"elementor-tab-title-1553\" tabindex=\"0\" hidden=\"hidden\"><p>Invitation to Submit a Quotation<br \/><strong>Price Comparison Method<br \/><\/strong><strong>Procurement of Essential Supplies for the Community Early<\/strong><\/p><p><strong>Warning System in BelizeNo. 03-26<\/strong><\/p><ol><li>CATIE invites eligible bidders to participate in the process for the <em>\u201cProcurement of Equipment and Essential Supplies for the Community Early Warning System in Belize\u201d<\/em>, as part of the regional project REFORES: <em>\u201cUse of Nature-Based Solutions to Increase Resilience to Extreme Climate Events in the Atlantic Region of Central America.\u201d<\/em><\/li><li>This procurement process will be conducted under the Price Comparison Method, in accordance with the CABIE Policy for the Procurement of Goods, Works, Services, and Consultancies with CABIE Resources, and its Implementation Regulations, available at the following website:<br \/><a href=\"https:\/\/www.bcie.org\" target=\"_blank\" rel=\"noopener\">https:\/\/www.bcie.org<\/a><\/li><li>The requested equipment includes personal protective equipment, equipment for first aid emergency response, first aid kits, and alert communication equipment.<\/li><li>Quotations must be submitted to the email address indicated in Section 5 of this call no later than April 13, 2026, at 11:59 p.m. (Belize time). Quotations received after this deadline will not be considered.<\/li><li>The email addresses indicated below, for the purposes of notifications, requests for clarifications, and receipt of quotations, are:<br \/><a href=\"mailto:joselyn.rojas@catie.ac.cr\">rojas@catie.ac.cr<\/a> <br \/><a href=\"mailto:helen.choco@catie.ac.cr\">helen.choco@catie.ac.cr<\/a><\/li><li>The contracting entity makes available to interested parties the documentation required to prepare their quotations, which is provided in the attached document. Bidders are required to submit a certificate of legal representation for supplier registration, as well as the quotation submission forms, sworn statement, offered technical specifications, price list, and delivery plan.<\/li><\/ol><p>\u00a0<\/p><p>Terms of Reference for the Procurement of SAT Supplies<\/p><p><a href=\"https:\/\/www.catie.ac.cr\/wp-content\/uploads\/2026\/03\/Standar_acquisition_tender_CEWS_8K_BZ.pdf\" target=\"_blank\" rel=\"noopener\">PDF Format<\/a><\/p><p><a href=\"https:\/\/www.catie.ac.cr\/wp-content\/uploads\/2026\/03\/Standar_acquisition_tender_CEWS_8K_BZ.docx\" target=\"_blank\" rel=\"noopener\">Word Format<\/a><\/p><\/div>\n\t\t\t\t\t\t\t<\/div>\n\t\t<\/div>\n\t\t\t\t\t\t<\/div>\n\t\t\t\t<\/div>\n\t\t\t\t\t<\/div>\n\t\t<\/div>\n\t\t\t\t\t<\/div>\n\t\t<\/section>\n\t\t\t\t<section class=\"elementor-section elementor-top-section elementor-element elementor-element-b8fc226 elementor-section-boxed elementor-section-height-default elementor-section-height-default\" data-id=\"b8fc226\" data-element_type=\"section\">\n\t\t\t\t\t\t<div class=\"elementor-container elementor-column-gap-default\">\n\t\t\t\t\t<div class=\"elementor-column elementor-col-100 elementor-top-column elementor-element elementor-element-c6be0cf\" data-id=\"c6be0cf\" data-element_type=\"column\">\n\t\t\t<div class=\"elementor-widget-wrap elementor-element-populated\">\n\t\t\t\t\t\t<div class=\"elementor-element elementor-element-08a8ced elementor-widget elementor-widget-image\" data-id=\"08a8ced\" data-element_type=\"widget\" data-widget_type=\"image.default\">\n\t\t\t\t<div class=\"elementor-widget-container\">\n\t\t\t\t\t\t\t\t\t\t\t\t\t\t\t<img decoding=\"async\" src=\"https:\/\/www.catie.ac.cr\/wp-content\/uploads\/2025\/10\/Enmienda-No.1-Equipo-SAT-Honduras.pdf\" title=\"\" alt=\"\" loading=\"lazy\" \/>\t\t\t\t\t\t\t\t\t\t\t\t\t\t\t<\/div>\n\t\t\t\t<\/div>\n\t\t\t\t\t<\/div>\n\t\t<\/div>\n\t\t\t\t\t<\/div>\n\t\t<\/section>\n\t\t\t\t<\/div>","protected":false},"excerpt":{"rendered":"<p>Adquisici\u00f3n de insumos esenciales para Sistema de Alerta Temprana Comunitaria en Honduras N\u00ba 002-26 Adquisici\u00f3n de insumos esenciales para Sistema de Alerta Temprana Comunitaria en Guatemala N\u00ba 03-26 Adquisici\u00f3n de insumos esenciales para Sistema de Alerta Temprana Comunitaria en Belice &hellip; <\/p>","protected":false},"author":7,"featured_media":12717,"parent":0,"menu_order":0,"comment_status":"closed","ping_status":"closed","template":"","meta":{"_bbp_topic_count":0,"_bbp_reply_count":0,"_bbp_total_topic_count":0,"_bbp_total_reply_count":0,"_bbp_voice_count":0,"_bbp_anonymous_reply_count":0,"_bbp_topic_count_hidden":0,"_bbp_reply_count_hidden":0,"_bbp_forum_subforum_count":0,"pmpro_default_level":"0","_monsterinsights_skip_tracking":false,"_monsterinsights_sitenote_active":false,"_monsterinsights_sitenote_note":"","_monsterinsights_sitenote_category":0,"_uf_show_specific_survey":0,"_uf_disable_surveys":false,"footnotes":""},"class_list":["post-29280","page","type-page","status-publish","has-post-thumbnail","hentry","pmpro-has-access"],"_links":{"self":[{"href":"https:\/\/www.catie.ac.cr\/en\/wp-json\/wp\/v2\/pages\/29280","targetHints":{"allow":["GET"]}}],"collection":[{"href":"https:\/\/www.catie.ac.cr\/en\/wp-json\/wp\/v2\/pages"}],"about":[{"href":"https:\/\/www.catie.ac.cr\/en\/wp-json\/wp\/v2\/types\/page"}],"author":[{"embeddable":true,"href":"https:\/\/www.catie.ac.cr\/en\/wp-json\/wp\/v2\/users\/7"}],"replies":[{"embeddable":true,"href":"https:\/\/www.catie.ac.cr\/en\/wp-json\/wp\/v2\/comments?post=29280"}],"version-history":[{"count":88,"href":"https:\/\/www.catie.ac.cr\/en\/wp-json\/wp\/v2\/pages\/29280\/revisions"}],"predecessor-version":[{"id":41059,"href":"https:\/\/www.catie.ac.cr\/en\/wp-json\/wp\/v2\/pages\/29280\/revisions\/41059"}],"wp:featuredmedia":[{"embeddable":true,"href":"https:\/\/www.catie.ac.cr\/en\/wp-json\/wp\/v2\/media\/12717"}],"wp:attachment":[{"href":"https:\/\/www.catie.ac.cr\/en\/wp-json\/wp\/v2\/media?parent=29280"}],"curies":[{"name":"wp","href":"https:\/\/api.w.org\/{rel}","templated":true}]}}