{"id":30287,"date":"2024-11-07T08:22:41","date_gmt":"2024-11-07T14:22:41","guid":{"rendered":"https:\/\/www.catie.ac.cr\/?page_id=30287"},"modified":"2024-11-07T09:38:21","modified_gmt":"2024-11-07T15:38:21","slug":"publicaciones-propuesta","status":"publish","type":"page","link":"https:\/\/www.catie.ac.cr\/en\/publicaciones-propuesta\/","title":{"rendered":"Publications"},"content":{"rendered":"<div data-elementor-type=\"wp-page\" data-elementor-id=\"30287\" class=\"elementor elementor-30287\" data-elementor-post-type=\"page\">\n\t\t\t\t\t\t<section class=\"elementor-section elementor-top-section elementor-element elementor-element-99558a6 elementor-section-boxed elementor-section-height-default elementor-section-height-default\" data-id=\"99558a6\" data-element_type=\"section\">\n\t\t\t\t\t\t<div class=\"elementor-container elementor-column-gap-default\">\n\t\t\t\t\t<div class=\"elementor-column elementor-col-100 elementor-top-column elementor-element elementor-element-0adfc9d\" data-id=\"0adfc9d\" data-element_type=\"column\">\n\t\t\t<div class=\"elementor-widget-wrap elementor-element-populated\">\n\t\t\t\t\t\t<div class=\"elementor-element elementor-element-62c5b05 elementor-widget elementor-widget-heading\" data-id=\"62c5b05\" data-element_type=\"widget\" data-widget_type=\"heading.default\">\n\t\t\t\t<div class=\"elementor-widget-container\">\n\t\t\t\t\t<h2 class=\"elementor-heading-title elementor-size-default\">Alejandra Mart\u00ednez-Salinas<\/h2>\t\t\t\t<\/div>\n\t\t\t\t<\/div>\n\t\t\t\t<div class=\"elementor-element elementor-element-63cde02 elementor-widget elementor-widget-text-editor\" data-id=\"63cde02\" data-element_type=\"widget\" data-widget_type=\"text-editor.default\">\n\t\t\t\t<div class=\"elementor-widget-container\">\n\t\t\t\t\t\t\t\t\t<ul>\n<li><a href=\"https:\/\/www.catie.ac.cr\/wp-content\/uploads\/2024\/11\/Alpizar-et-al.-2020-Inputs-to-the-Dasgupta-Review-on-the-Economics-of-BD-Cases-from-LAC-Part-1-Mainstreaming-of-NC-and-BD_English.pdf\">Mainstreaming of Natural Capital and Biodiversity into Planning and Decision-Making: Cases from Latin America and the Caribbean<\/a><\/li>\n<li><a href=\"https:\/\/www.catie.ac.cr\/wp-content\/uploads\/2024\/11\/Aristizabal-et-al.-2024-Bee-pollination-affects-coffee-quality.pdf\">Bee pollination affects coffee quality, yield, and trade-offs within them<\/a><\/li>\n<li><a href=\"https:\/\/www.catie.ac.cr\/wp-content\/uploads\/2024\/11\/Aryal-et-al.-2022-SPS-and-remnant-forests-enhance-C-storage.pdf\">Silvopastoral systems and remnant forests enhance carbon storage in livestock\u2011dominated landscapes in Mexico<\/a><\/li>\n<li><a href=\"https:\/\/www.catie.ac.cr\/wp-content\/uploads\/2024\/11\/Chain-Guadarrama-et-al.-2019-ES-by-birds-and-bees-to-coffee-in-a-changing-climate.pdf\">Ecosystem services by birds and bees to coffee in a changing climate: A review of coffee berry borer control and pollination<\/a><\/li>\n<li><a href=\"https:\/\/www.catie.ac.cr\/wp-content\/uploads\/2024\/11\/Dainese-et-al.-2019-A-global-synthesis-reveals-BD-mediated-benefits.pdf\">A global synthesis reveals biodiversity-mediated benefits for crop production<\/a><\/li>\n<li><a href=\"https:\/\/www.catie.ac.cr\/wp-content\/uploads\/2024\/11\/Estrada-Carmona-et-al.-2019-Managing-the-farmscape-for-connectivity.pdf\">Managing the farmscape for connectivity increases conservation value for tropical bird species with different forest-dependencies<\/a><\/li>\n<li><a href=\"https:\/\/www.catie.ac.cr\/wp-content\/uploads\/2024\/11\/Martinez-Salinas-et-al.-2022-Interacting-pest-control-and-pollination-services.pdf\">Interacting pest control and pollination services in coffee systems<\/a><\/li>\n<li><a href=\"https:\/\/www.catie.ac.cr\/wp-content\/uploads\/2024\/11\/Moran-Ordonez-et-al.-2022-Multi-objective-forest-restoration-planning-in-Costa-Rica.pdf\">Multi-objective forest restoration planning in Costa Rica: Balancing landscape connectivity and ecosystem service provisioning with sustainable development<\/a><\/li>\n<\/ul>\t\t\t\t\t\t\t\t<\/div>\n\t\t\t\t<\/div>\n\t\t\t\t<div class=\"elementor-element elementor-element-cec68ca elementor-widget elementor-widget-spacer\" data-id=\"cec68ca\" data-element_type=\"widget\" data-widget_type=\"spacer.default\">\n\t\t\t\t<div class=\"elementor-widget-container\">\n\t\t\t\t\t\t\t<div class=\"elementor-spacer\">\n\t\t\t<div class=\"elementor-spacer-inner\"><\/div>\n\t\t<\/div>\n\t\t\t\t\t\t<\/div>\n\t\t\t\t<\/div>\n\t\t\t\t\t<\/div>\n\t\t<\/div>\n\t\t\t\t\t<\/div>\n\t\t<\/section>\n\t\t\t\t<section class=\"elementor-section elementor-top-section elementor-element elementor-element-c7528e1 elementor-section-boxed elementor-section-height-default elementor-section-height-default\" data-id=\"c7528e1\" data-element_type=\"section\">\n\t\t\t\t\t\t<div class=\"elementor-container elementor-column-gap-default\">\n\t\t\t\t\t<div class=\"elementor-column elementor-col-100 elementor-top-column elementor-element elementor-element-2f109e8\" data-id=\"2f109e8\" data-element_type=\"column\">\n\t\t\t<div class=\"elementor-widget-wrap elementor-element-populated\">\n\t\t\t\t\t\t<div class=\"elementor-element elementor-element-4f1f774 elementor-widget elementor-widget-heading\" data-id=\"4f1f774\" data-element_type=\"widget\" data-widget_type=\"heading.default\">\n\t\t\t\t<div class=\"elementor-widget-container\">\n\t\t\t\t\t<h2 class=\"elementor-heading-title elementor-size-default\">Adina Chain-Guadarrama<\/h2>\t\t\t\t<\/div>\n\t\t\t\t<\/div>\n\t\t\t\t<div class=\"elementor-element elementor-element-a5ec1b8 elementor-widget elementor-widget-text-editor\" data-id=\"a5ec1b8\" data-element_type=\"widget\" data-widget_type=\"text-editor.default\">\n\t\t\t\t<div class=\"elementor-widget-container\">\n\t\t\t\t\t\t\t\t\t<ul>\n<li><a href=\"https:\/\/www.catie.ac.cr\/wp-content\/uploads\/2024\/11\/Aristizabal-et-al.-2024-Bee-pollination-affects-coffee-quality.pdf\">Bee pollination affects coffee quality, yield, and trade-offs within them<\/a><\/li>\n<li><a href=\"https:\/\/www.catie.ac.cr\/wp-content\/uploads\/2024\/11\/Chain-Guadarrama-et-al-2018.pdf\">Adaptaci\u00f3n basada en Ecosistemas en peque\u00f1as fincas de granos b\u00e1sicos en Guatemala y Honduras<\/a><\/li>\n<li><a href=\"https:\/\/www.catie.ac.cr\/wp-content\/uploads\/2024\/11\/Chain-Guadarrama-et-al-2019-a-1.pdf\">Uso de pr\u00e1cticas de Adaptaci\u00f3n basada en Ecosistemas por peque\u00f1os cafetaleros en Centroam\u00e9rica<\/a><\/li>\n<li><a href=\"https:\/\/www.catie.ac.cr\/wp-content\/uploads\/2024\/11\/Chain-Guadarrama-et-al.-2019-ES-by-birds-and-bees-to-coffee-in-a-changing-climate.pdf\">Ecosystem services by birds and bees to coffee in a changing climate: A review of coffee berry borer control and pollination<\/a><\/li>\n<li><a href=\"https:\/\/www.catie.ac.cr\/wp-content\/uploads\/2024\/11\/Chain-Guadarrama-et-al-2021.pdf\">Conservaci\u00f3n de aves, abejas y los servicios ecosist\u00e9micos que estas prestan a la producci\u00f3n de caf\u00e9: Gu\u00eda de buenas pr\u00e1cticas<\/a><\/li>\n<li><a href=\"https:\/\/www.catie.ac.cr\/wp-content\/uploads\/2024\/11\/Chain-Guadarrama-et-al-2017.pdf\">Potential trajectories of old-growth Neotropical forest functional composition under climate change<\/a><\/li>\n<li><a href=\"https:\/\/www.catie.ac.cr\/wp-content\/uploads\/2024\/11\/Harvey-et-al.-2018.pdf\">Climate change impacts and adaptation among smallholder farmers in Central America<\/a><\/li>\n<li><a href=\"https:\/\/www.catie.ac.cr\/wp-content\/uploads\/2024\/11\/Martinez-Salinas-et-al.-2022-Interacting-pest-control-and-pollination-services.pdf\">Interacting pest control and pollination services in coffee systems<\/a><\/li>\n<li><a href=\"https:\/\/www.catie.ac.cr\/wp-content\/uploads\/2024\/11\/Osorio-Giraldo-et-al.-2019.pdf\">EVALUACI\u00d3N DE LA CONECTIVIDAD DEL PAISAJE DE LA CUENCA MEDIA DEL CA\u00d1\u00d3N DEL R\u00cdO BARBAS, MUNICIPIO DE FILANDIA, COLOMBIA<\/a><\/li>\n<\/ul>\t\t\t\t\t\t\t\t<\/div>\n\t\t\t\t<\/div>\n\t\t\t\t<div class=\"elementor-element elementor-element-3bc0af3 elementor-widget elementor-widget-spacer\" data-id=\"3bc0af3\" data-element_type=\"widget\" data-widget_type=\"spacer.default\">\n\t\t\t\t<div class=\"elementor-widget-container\">\n\t\t\t\t\t\t\t<div class=\"elementor-spacer\">\n\t\t\t<div class=\"elementor-spacer-inner\"><\/div>\n\t\t<\/div>\n\t\t\t\t\t\t<\/div>\n\t\t\t\t<\/div>\n\t\t\t\t\t<\/div>\n\t\t<\/div>\n\t\t\t\t\t<\/div>\n\t\t<\/section>\n\t\t\t\t<section class=\"elementor-section elementor-top-section elementor-element elementor-element-4636ba3 elementor-section-boxed elementor-section-height-default elementor-section-height-default\" data-id=\"4636ba3\" data-element_type=\"section\">\n\t\t\t\t\t\t<div class=\"elementor-container elementor-column-gap-default\">\n\t\t\t\t\t<div class=\"elementor-column elementor-col-100 elementor-top-column elementor-element elementor-element-babf9c0\" data-id=\"babf9c0\" data-element_type=\"column\">\n\t\t\t<div class=\"elementor-widget-wrap elementor-element-populated\">\n\t\t\t\t\t\t<div class=\"elementor-element elementor-element-a452c8b elementor-widget elementor-widget-heading\" data-id=\"a452c8b\" data-element_type=\"widget\" data-widget_type=\"heading.default\">\n\t\t\t\t<div class=\"elementor-widget-container\">\n\t\t\t\t\t<h2 class=\"elementor-heading-title elementor-size-default\">Diego Delgado<\/h2>\t\t\t\t<\/div>\n\t\t\t\t<\/div>\n\t\t\t\t<div class=\"elementor-element elementor-element-7fbc3cc elementor-widget elementor-widget-text-editor\" data-id=\"7fbc3cc\" data-element_type=\"widget\" data-widget_type=\"text-editor.default\">\n\t\t\t\t<div class=\"elementor-widget-container\">\n\t\t\t\t\t\t\t\t\t<ul>\n<li><a href=\"https:\/\/www.catie.ac.cr\/wp-content\/uploads\/2024\/11\/Bosques-secundarios-Morrison-2021.pdf\">Biomass of timber species in Central American secondary forests: Towards climate change mitigation through sustainable timber harvesting<\/a><\/li>\n<li><a href=\"https:\/\/www.catie.ac.cr\/wp-content\/uploads\/2024\/11\/Doc-Catacamas-ISBN.pdf\">Potencial de conservaci\u00f3n de la biodiversidad de bosques y \u00e1rboles en fincas del paisaje ganadero Catacamas, Honduras<\/a><\/li>\n<li><a href=\"https:\/\/www.catie.ac.cr\/wp-content\/uploads\/2024\/11\/Doc-Estrategias-Restauracion-ISBN.pdf\">Estrategias de restauraci\u00f3n activa en \u00e1reas de potrero del Corredor Biol\u00f3gico Rinc\u00f3n-Cacao, Costa Rica: estado de la biodiversidad vegetal 20 a\u00f1os despu\u00e9s de su implementaci\u00f3n<\/a><\/li>\n<li><a href=\"https:\/\/www.catie.ac.cr\/wp-content\/uploads\/2024\/11\/Doc-Policy-Brief-Biodiversidad-ISSN.pdf\">Biodiversidad y servicios ecosist\u00e9micos de bosques de monta\u00f1a de la Cordillera de Talamanca, Costa Rica: investigaci\u00f3n aplicada a la gesti\u00f3n para la adaptaci\u00f3n al cambio clim\u00e1tico<\/a><\/li>\n<li><a href=\"https:\/\/www.catie.ac.cr\/wp-content\/uploads\/2024\/11\/Esquivel-et-al-2019-Altitude-and-species-identity-drive-leaf-litter-decomposition-.pdf\">Altitude and species identity drive leaf litter decomposition rates of ten species on a 2950 m altitudinal gradient in Neotropical rain forests<\/a><\/li>\n<li><a href=\"https:\/\/www.catie.ac.cr\/wp-content\/uploads\/2024\/11\/Guia-Monitoreo-Ecologico-Version-final.pdf\">Manual para el monitoreo ecol\u00f3gico y productivo de bosques secundarios latifoliados de Mesoam\u00e9rica<\/a><\/li>\n<li><a href=\"https:\/\/www.catie.ac.cr\/wp-content\/uploads\/2024\/11\/Hernandez-et-al.-2021.pdf\">Altitude and community traits explain rain forest stand dynamics over a 2370-m altitudinal gradient in Costa Rica<\/a><\/li>\n<li><a href=\"https:\/\/www.catie.ac.cr\/wp-content\/uploads\/2024\/11\/Morrison-et-al-2021.pdf\">Above-ground biomass storage potential in primary rain forests managed for timber production in Costa Rica<\/a><\/li>\n<li><a href=\"https:\/\/www.catie.ac.cr\/wp-content\/uploads\/2024\/11\/Recuperacion-de-suelos-bosques-secundarios-rstb.2021.0074.pdf\">Soil resistance and recovery during neotropical forest succession<\/a><\/li>\n<li><a href=\"https:\/\/www.catie.ac.cr\/wp-content\/uploads\/2024\/11\/Veintimilla-et-al-2018-CDrivers-of-tropical-rainforest-composition-and-alpha-diversity.pdf\">Drivers of tropical rainforest composition and alpha diversity patterns over a 2,520 m altitudinal gradient<\/a><\/li>\n<\/ul>\t\t\t\t\t\t\t\t<\/div>\n\t\t\t\t<\/div>\n\t\t\t\t<div class=\"elementor-element elementor-element-47ecb8e elementor-widget elementor-widget-spacer\" data-id=\"47ecb8e\" data-element_type=\"widget\" data-widget_type=\"spacer.default\">\n\t\t\t\t<div class=\"elementor-widget-container\">\n\t\t\t\t\t\t\t<div class=\"elementor-spacer\">\n\t\t\t<div class=\"elementor-spacer-inner\"><\/div>\n\t\t<\/div>\n\t\t\t\t\t\t<\/div>\n\t\t\t\t<\/div>\n\t\t\t\t\t<\/div>\n\t\t<\/div>\n\t\t\t\t\t<\/div>\n\t\t<\/section>\n\t\t\t\t<section class=\"elementor-section elementor-top-section elementor-element elementor-element-a03edb2 elementor-section-boxed elementor-section-height-default elementor-section-height-default\" data-id=\"a03edb2\" data-element_type=\"section\">\n\t\t\t\t\t\t<div class=\"elementor-container elementor-column-gap-default\">\n\t\t\t\t\t<div class=\"elementor-column elementor-col-100 elementor-top-column elementor-element elementor-element-ecf3900\" data-id=\"ecf3900\" data-element_type=\"column\">\n\t\t\t<div class=\"elementor-widget-wrap elementor-element-populated\">\n\t\t\t\t\t\t<div class=\"elementor-element elementor-element-0954028 elementor-widget elementor-widget-heading\" data-id=\"0954028\" data-element_type=\"widget\" data-widget_type=\"heading.default\">\n\t\t\t\t<div class=\"elementor-widget-container\">\n\t\t\t\t\t<h2 class=\"elementor-heading-title elementor-size-default\">Sergio Vilchez\u2011Mendoza<\/h2>\t\t\t\t<\/div>\n\t\t\t\t<\/div>\n\t\t\t\t<div class=\"elementor-element elementor-element-8defec0 elementor-widget elementor-widget-text-editor\" data-id=\"8defec0\" data-element_type=\"widget\" data-widget_type=\"text-editor.default\">\n\t\t\t\t<div class=\"elementor-widget-container\">\n\t\t\t\t\t\t\t\t\t<ul>\n<li><a href=\"https:\/\/www.catie.ac.cr\/wp-content\/uploads\/2024\/11\/0c2f852c-3a87-4969-b061-82f4fb79f194.pdf\">Patterns of shade plant diversity in four agroforestry systems across Central America: a meta\u2011analysis<\/a><\/li>\n<li><a href=\"https:\/\/www.catie.ac.cr\/wp-content\/uploads\/2024\/11\/corona-figueroa2020.pdf\">Searching for manatees in the dark waters of a transboundary river between Mexico and Belize: a predictive distribution model<\/a><\/li>\n<li><a href=\"https:\/\/www.catie.ac.cr\/wp-content\/uploads\/2024\/11\/ffgc-06-1214911.pdf\">Multi-dimensional temperature sensitivity of protected tropical mountain rain forests<\/a><\/li>\n<li><a href=\"https:\/\/www.catie.ac.cr\/wp-content\/uploads\/2024\/11\/fsufs-08-1356650-3.pdf\">Quantifying movement of the coffee berry borer at the interface between coffee plantations and adjacent land uses<\/a><\/li>\n<li><a href=\"https:\/\/www.catie.ac.cr\/wp-content\/uploads\/2024\/11\/Hernandez_etal_2021.pdf\">Altitude and community traits explain rain forest stand dynamics over a 2370-m altitudinal gradient in Costa Rica<\/a><\/li>\n<li><a href=\"https:\/\/www.catie.ac.cr\/wp-content\/uploads\/2024\/11\/Lanuza-et-al-2022.-Structure-diversity-and-conservation-value-of-tropical-dry-forest-in-highly-fragmented-landscapes-rtac046.pdf\">Structure, diversity and the conservation value of tropical dry forests in highly fragmented landscapes<\/a><\/li>\n<li><a href=\"https:\/\/www.catie.ac.cr\/wp-content\/uploads\/2024\/11\/Local-Perceptions-of-the-Livelihood-and-Conservation-Benefits-of-Small-Scale-Livelihood-Projects-in-Rural-Madagascar.pdf\">Local Perceptions of the Livelihood and Conservation Benefits of Small-Scale Livelihood Projects in Rural Madagascar<\/a><\/li>\n<li><a href=\"https:\/\/www.catie.ac.cr\/wp-content\/uploads\/2024\/11\/Tree-diversity-in-a-tropical-agricultural-forest-mosaic-landscape-in-Honduras.pdf\">Tree diversity in a tropical agricultural\u2011forest mosaic landscape in Honduras<\/a><\/li>\n<li><a href=\"https:\/\/www.catie.ac.cr\/wp-content\/uploads\/2024\/11\/VeinteMillaEtAl.pdf\">Drivers of tropical rainforest composition and alpha diversity patterns over a 2,520 m altitudinal gradient<\/a><\/li>\n<li><a href=\"https:\/\/www.catie.ac.cr\/wp-content\/uploads\/2024\/11\/VilchezEtAlCBB.pdf\">Assessing the joint effects of landscape, farm features and crop management practices on berry damage in coffee plantations<\/a><\/li>\n<\/ul>\t\t\t\t\t\t\t\t<\/div>\n\t\t\t\t<\/div>\n\t\t\t\t\t<\/div>\n\t\t<\/div>\n\t\t\t\t\t<\/div>\n\t\t<\/section>\n\t\t\t\t<\/div>","protected":false},"excerpt":{"rendered":"<p>Alejandra Mart\u00ednez-Salinas Mainstreaming of Natural Capital and Biodiversity into Planning and Decision-Making: Cases from Latin America and the Caribbean Bee pollination affects coffee quality, yield, and trade-offs within them Silvopastoral systems and remnant forests enhance carbon storage in livestock\u2011dominated landscapes &hellip; <\/p>","protected":false},"author":1,"featured_media":0,"parent":0,"menu_order":0,"comment_status":"closed","ping_status":"closed","template":"","meta":{"_bbp_topic_count":0,"_bbp_reply_count":0,"_bbp_total_topic_count":0,"_bbp_total_reply_count":0,"_bbp_voice_count":0,"_bbp_anonymous_reply_count":0,"_bbp_topic_count_hidden":0,"_bbp_reply_count_hidden":0,"_bbp_forum_subforum_count":0,"pmpro_default_level":"0","_monsterinsights_skip_tracking":false,"_monsterinsights_sitenote_active":false,"_monsterinsights_sitenote_note":"","_monsterinsights_sitenote_category":0,"_uf_show_specific_survey":0,"_uf_disable_surveys":false,"footnotes":""},"class_list":["post-30287","page","type-page","status-publish","hentry","pmpro-has-access"],"_links":{"self":[{"href":"https:\/\/www.catie.ac.cr\/en\/wp-json\/wp\/v2\/pages\/30287","targetHints":{"allow":["GET"]}}],"collection":[{"href":"https:\/\/www.catie.ac.cr\/en\/wp-json\/wp\/v2\/pages"}],"about":[{"href":"https:\/\/www.catie.ac.cr\/en\/wp-json\/wp\/v2\/types\/page"}],"author":[{"embeddable":true,"href":"https:\/\/www.catie.ac.cr\/en\/wp-json\/wp\/v2\/users\/1"}],"replies":[{"embeddable":true,"href":"https:\/\/www.catie.ac.cr\/en\/wp-json\/wp\/v2\/comments?post=30287"}],"version-history":[{"count":23,"href":"https:\/\/www.catie.ac.cr\/en\/wp-json\/wp\/v2\/pages\/30287\/revisions"}],"predecessor-version":[{"id":30351,"href":"https:\/\/www.catie.ac.cr\/en\/wp-json\/wp\/v2\/pages\/30287\/revisions\/30351"}],"wp:attachment":[{"href":"https:\/\/www.catie.ac.cr\/en\/wp-json\/wp\/v2\/media?parent=30287"}],"curies":[{"name":"wp","href":"https:\/\/api.w.org\/{rel}","templated":true}]}}