{"id":33008,"date":"2025-03-18T15:40:42","date_gmt":"2025-03-18T21:40:42","guid":{"rendered":"https:\/\/www.catie.ac.cr\/?page_id=33008"},"modified":"2026-02-26T11:30:03","modified_gmt":"2026-02-26T17:30:03","slug":"oferta-academica","status":"publish","type":"page","link":"https:\/\/www.catie.ac.cr\/en\/oferta-academica\/","title":{"rendered":"Oferta Acad\u00e9mica"},"content":{"rendered":"<div data-elementor-type=\"wp-page\" data-elementor-id=\"33008\" class=\"elementor elementor-33008\" data-elementor-post-type=\"page\">\n\t\t\t\t\t\t<section class=\"elementor-section elementor-top-section elementor-element elementor-element-e4bb851 elementor-section-boxed elementor-section-height-default elementor-section-height-default\" data-id=\"e4bb851\" data-element_type=\"section\">\n\t\t\t\t\t\t<div class=\"elementor-container elementor-column-gap-default\">\n\t\t\t\t\t<div class=\"elementor-column elementor-col-50 elementor-top-column elementor-element elementor-element-92cdc07\" data-id=\"92cdc07\" data-element_type=\"column\">\n\t\t\t<div class=\"elementor-widget-wrap elementor-element-populated\">\n\t\t\t\t\t\t<div class=\"elementor-element elementor-element-8a39124 elementor-widget elementor-widget-hotspot\" data-id=\"8a39124\" data-element_type=\"widget\" data-settings=\"{&quot;hotspot&quot;:[{&quot;_id&quot;:&quot;10e9486&quot;,&quot;hotspot_label&quot;:&quot;Oferta de posgrado&quot;,&quot;hotspot_link&quot;:{&quot;url&quot;:&quot;https:\\\/\\\/www.catie.ac.cr\\\/cual-es-nuestra-oferta-academica\\\/&quot;,&quot;is_external&quot;:&quot;&quot;,&quot;nofollow&quot;:&quot;&quot;,&quot;custom_attributes&quot;:&quot;&quot;},&quot;hotspot_tooltip_content&quot;:&quot;&lt;p&gt;Add Your Tooltip Text Here&lt;\\\/p&gt;&quot;,&quot;hotspot_icon&quot;:{&quot;value&quot;:&quot;&quot;,&quot;library&quot;:&quot;&quot;},&quot;hotspot_custom_size&quot;:&quot;no&quot;,&quot;hotspot_horizontal&quot;:&quot;left&quot;,&quot;hotspot_vertical&quot;:&quot;top&quot;,&quot;hotspot_tooltip_position&quot;:&quot;no&quot;,&quot;hotspot_position&quot;:null}],&quot;hotspot_sequenced_animation&quot;:&quot;no&quot;,&quot;tooltip_position&quot;:&quot;top&quot;,&quot;tooltip_trigger&quot;:&quot;click&quot;,&quot;tooltip_animation&quot;:&quot;e-hotspot--fade-in-out&quot;}\" data-widget_type=\"hotspot.default\">\n\t\t\t\t<div class=\"elementor-widget-container\">\n\t\t\t\t\t<img fetchpriority=\"high\" decoding=\"async\" width=\"640\" height=\"427\" src=\"https:\/\/www.catie.ac.cr\/wp-content\/uploads\/2025\/12\/oferta-academica-posgrado.jpg\" class=\"attachment-large size-large wp-image-39486\" alt=\"\" srcset=\"https:\/\/www.catie.ac.cr\/wp-content\/uploads\/2025\/12\/oferta-academica-posgrado.jpg 768w, https:\/\/www.catie.ac.cr\/wp-content\/uploads\/2025\/12\/oferta-academica-posgrado-300x200.jpg 300w, https:\/\/www.catie.ac.cr\/wp-content\/uploads\/2025\/12\/oferta-academica-posgrado-18x12.jpg 18w, https:\/\/www.catie.ac.cr\/wp-content\/uploads\/2025\/12\/oferta-academica-posgrado-600x400.jpg 600w\" sizes=\"(max-width: 640px) 100vw, 640px\" \/>\n\t\t\t\t\t\t<a class=\"e-hotspot elementor-repeater-item-10e9486    e-hotspot--link e-hotspot--no-tooltip\" href=\"https:\/\/www.catie.ac.cr\/en\/cual-es-nuestra-oferta-academica\/\">\n\n\t\t\t\t\t\t\t\t<div class=\"e-hotspot__button e-hotspot--expand\">\n\t\t\t\t\t\t\t\t\t\t\t\t\t\t\t\t\t\t\t\t\t\t\t\t<div class=\"e-hotspot__label\">Oferta de posgrado<\/div>\n\t\t\t\t\t\t\t\t\t\t\t\t\t\t\t<\/div>\n\n\t\t\t\t\t\t\t\t\n\t\t\t<\/a>\n\n\t\n\t\t\t\t\t\t<\/div>\n\t\t\t\t<\/div>\n\t\t\t\t\t<\/div>\n\t\t<\/div>\n\t\t\t\t<div class=\"elementor-column elementor-col-50 elementor-top-column elementor-element elementor-element-4649406\" data-id=\"4649406\" data-element_type=\"column\">\n\t\t\t<div class=\"elementor-widget-wrap elementor-element-populated\">\n\t\t\t\t\t\t<div class=\"elementor-element elementor-element-9336d98 elementor-widget elementor-widget-hotspot\" data-id=\"9336d98\" data-element_type=\"widget\" data-settings=\"{&quot;hotspot&quot;:[{&quot;_id&quot;:&quot;18dfbc0&quot;,&quot;hotspot_label&quot;:&quot;Capacitaci\\u00f3n continua&quot;,&quot;hotspot_link&quot;:{&quot;url&quot;:&quot;https:\\\/\\\/www.catie.ac.cr\\\/area-de-capacitacion\\\/&quot;,&quot;is_external&quot;:&quot;&quot;,&quot;nofollow&quot;:&quot;&quot;,&quot;custom_attributes&quot;:&quot;&quot;},&quot;hotspot_icon_spacing&quot;:{&quot;unit&quot;:&quot;px&quot;,&quot;size&quot;:7,&quot;sizes&quot;:[]},&quot;hotspot_tooltip_content&quot;:&quot;&lt;p&gt;Add Your Tooltip Text Here&lt;\\\/p&gt;&quot;,&quot;hotspot_icon&quot;:{&quot;value&quot;:&quot;&quot;,&quot;library&quot;:&quot;&quot;},&quot;hotspot_custom_size&quot;:&quot;no&quot;,&quot;hotspot_horizontal&quot;:&quot;left&quot;,&quot;hotspot_vertical&quot;:&quot;top&quot;,&quot;hotspot_tooltip_position&quot;:&quot;no&quot;,&quot;hotspot_position&quot;:null}],&quot;hotspot_sequenced_animation&quot;:&quot;no&quot;,&quot;tooltip_position&quot;:&quot;top&quot;,&quot;tooltip_trigger&quot;:&quot;click&quot;,&quot;tooltip_animation&quot;:&quot;e-hotspot--fade-in-out&quot;}\" data-widget_type=\"hotspot.default\">\n\t\t\t\t<div class=\"elementor-widget-container\">\n\t\t\t\t\t<img decoding=\"async\" width=\"640\" height=\"427\" src=\"https:\/\/www.catie.ac.cr\/wp-content\/uploads\/2025\/12\/oferta-academica-capacitacion1.jpg\" class=\"attachment-large size-large wp-image-39523\" alt=\"\" srcset=\"https:\/\/www.catie.ac.cr\/wp-content\/uploads\/2025\/12\/oferta-academica-capacitacion1.jpg 768w, https:\/\/www.catie.ac.cr\/wp-content\/uploads\/2025\/12\/oferta-academica-capacitacion1-300x200.jpg 300w, https:\/\/www.catie.ac.cr\/wp-content\/uploads\/2025\/12\/oferta-academica-capacitacion1-18x12.jpg 18w, https:\/\/www.catie.ac.cr\/wp-content\/uploads\/2025\/12\/oferta-academica-capacitacion1-600x400.jpg 600w\" sizes=\"(max-width: 640px) 100vw, 640px\" \/>\n\t\t\t\t\t\t<a class=\"e-hotspot elementor-repeater-item-18dfbc0    e-hotspot--link e-hotspot--no-tooltip\" href=\"https:\/\/www.catie.ac.cr\/en\/area-de-capacitacion\/\">\n\n\t\t\t\t\t\t\t\t<div class=\"e-hotspot__button e-hotspot--expand\">\n\t\t\t\t\t\t\t\t\t\t\t\t\t\t\t\t\t\t\t\t\t\t\t\t<div class=\"e-hotspot__label\">Capacitaci\u00f3n continua<\/div>\n\t\t\t\t\t\t\t\t\t\t\t\t\t\t\t<\/div>\n\n\t\t\t\t\t\t\t\t\n\t\t\t<\/a>\n\n\t\n\t\t\t\t\t\t<\/div>\n\t\t\t\t<\/div>\n\t\t\t\t\t<\/div>\n\t\t<\/div>\n\t\t\t\t\t<\/div>\n\t\t<\/section>\n\t\t\t\t<section class=\"elementor-section elementor-top-section elementor-element elementor-element-c8c440a elementor-section-boxed elementor-section-height-default elementor-section-height-default\" data-id=\"c8c440a\" data-element_type=\"section\">\n\t\t\t\t\t\t<div class=\"elementor-container elementor-column-gap-default\">\n\t\t\t\t\t<div class=\"elementor-column elementor-col-50 elementor-top-column elementor-element elementor-element-3c7a118\" data-id=\"3c7a118\" data-element_type=\"column\">\n\t\t\t<div class=\"elementor-widget-wrap elementor-element-populated\">\n\t\t\t\t\t\t<div class=\"elementor-element elementor-element-42a8723 elementor-widget elementor-widget-spacer\" data-id=\"42a8723\" data-element_type=\"widget\" data-widget_type=\"spacer.default\">\n\t\t\t\t<div class=\"elementor-widget-container\">\n\t\t\t\t\t\t\t<div class=\"elementor-spacer\">\n\t\t\t<div class=\"elementor-spacer-inner\"><\/div>\n\t\t<\/div>\n\t\t\t\t\t\t<\/div>\n\t\t\t\t<\/div>\n\t\t\t\t<div class=\"elementor-element elementor-element-41123ba elementor-widget elementor-widget-heading\" data-id=\"41123ba\" data-element_type=\"widget\" data-widget_type=\"heading.default\">\n\t\t\t\t<div class=\"elementor-widget-container\">\n\t\t\t\t\t<h3 class=\"elementor-heading-title elementor-size-default\">For more information:<\/h3>\t\t\t\t<\/div>\n\t\t\t\t<\/div>\n\t\t\t\t<div class=\"elementor-element elementor-element-1d3183b elementor-widget elementor-widget-text-editor\" data-id=\"1d3183b\" data-element_type=\"widget\" data-widget_type=\"text-editor.default\">\n\t\t\t\t<div class=\"elementor-widget-container\">\n\t\t\t\t\t\t\t\t\t<p><img decoding=\"async\" class=\"alignnone wp-image-24389\" src=\"https:\/\/www.catie.ac.cr\/wp-content\/uploads\/2024\/02\/1-correo-electronico.jpg\" alt=\"\" width=\"30\" height=\"30\" srcset=\"https:\/\/www.catie.ac.cr\/wp-content\/uploads\/2024\/02\/1-correo-electronico.jpg 43w, https:\/\/www.catie.ac.cr\/wp-content\/uploads\/2024\/02\/1-correo-electronico-12x12.jpg 12w\" sizes=\"(max-width: 30px) 100vw, 30px\" \/> <a href=\"mailto:admisionposgrado@catie.ac.cr\">admision<\/a><a href=\"mailto:admisionposgrado@catie.ac.cr\">posgrado@catie.ac.cr<\/a><\/p>\t\t\t\t\t\t\t\t<\/div>\n\t\t\t\t<\/div>\n\t\t\t\t\t<\/div>\n\t\t<\/div>\n\t\t\t\t<div class=\"elementor-column elementor-col-50 elementor-top-column elementor-element elementor-element-a7c568f\" data-id=\"a7c568f\" data-element_type=\"column\">\n\t\t\t<div class=\"elementor-widget-wrap elementor-element-populated\">\n\t\t\t\t\t\t<div class=\"elementor-element elementor-element-1ac5440 elementor-widget elementor-widget-spacer\" data-id=\"1ac5440\" data-element_type=\"widget\" data-widget_type=\"spacer.default\">\n\t\t\t\t<div class=\"elementor-widget-container\">\n\t\t\t\t\t\t\t<div class=\"elementor-spacer\">\n\t\t\t<div class=\"elementor-spacer-inner\"><\/div>\n\t\t<\/div>\n\t\t\t\t\t\t<\/div>\n\t\t\t\t<\/div>\n\t\t\t\t<div class=\"elementor-element elementor-element-3d4cce2 elementor-widget elementor-widget-text-editor\" data-id=\"3d4cce2\" data-element_type=\"widget\" data-widget_type=\"text-editor.default\">\n\t\t\t\t<div class=\"elementor-widget-container\">\n\t\t\t\t\t\t\t\t\t<div class=\"page\" title=\"Page 2\"><div class=\"section\"><div class=\"layoutArea\"><div class=\"column\"><p><img decoding=\"async\" class=\"alignnone wp-image-24389\" src=\"https:\/\/www.catie.ac.cr\/wp-content\/uploads\/2024\/02\/1-correo-electronico.jpg\" alt=\"\" width=\"30\" height=\"30\" srcset=\"https:\/\/www.catie.ac.cr\/wp-content\/uploads\/2024\/02\/1-correo-electronico.jpg 43w, https:\/\/www.catie.ac.cr\/wp-content\/uploads\/2024\/02\/1-correo-electronico-12x12.jpg 12w\" sizes=\"(max-width: 30px) 100vw, 30px\" \/> <a href=\"mailto:capacitacion@catie.ac.cr\">capacitacion@catie.ac.cr<\/a><\/p><\/div><\/div><\/div><\/div>\t\t\t\t\t\t\t\t<\/div>\n\t\t\t\t<\/div>\n\t\t\t\t\t<\/div>\n\t\t<\/div>\n\t\t\t\t\t<\/div>\n\t\t<\/section>\n\t\t\t\t<section class=\"elementor-section elementor-top-section elementor-element elementor-element-d1a3c5f elementor-section-boxed elementor-section-height-default elementor-section-height-default\" data-id=\"d1a3c5f\" data-element_type=\"section\">\n\t\t\t\t\t\t<div class=\"elementor-container elementor-column-gap-default\">\n\t\t\t\t\t<div class=\"elementor-column elementor-col-100 elementor-top-column elementor-element elementor-element-813dde6\" data-id=\"813dde6\" data-element_type=\"column\">\n\t\t\t<div class=\"elementor-widget-wrap elementor-element-populated\">\n\t\t\t\t\t\t<div class=\"elementor-element elementor-element-173a508 elementor-widget elementor-widget-spacer\" data-id=\"173a508\" data-element_type=\"widget\" data-widget_type=\"spacer.default\">\n\t\t\t\t<div class=\"elementor-widget-container\">\n\t\t\t\t\t\t\t<div class=\"elementor-spacer\">\n\t\t\t<div class=\"elementor-spacer-inner\"><\/div>\n\t\t<\/div>\n\t\t\t\t\t\t<\/div>\n\t\t\t\t<\/div>\n\t\t\t\t<div class=\"elementor-element elementor-element-1725392 e-grid-align-left elementor-shape-rounded elementor-grid-0 elementor-widget elementor-widget-social-icons\" data-id=\"1725392\" data-element_type=\"widget\" data-widget_type=\"social-icons.default\">\n\t\t\t\t<div class=\"elementor-widget-container\">\n\t\t\t\t\t\t\t<div class=\"elementor-social-icons-wrapper elementor-grid\">\n\t\t\t\t\t\t\t<span class=\"elementor-grid-item\">\n\t\t\t\t\t<a class=\"elementor-icon elementor-social-icon elementor-social-icon-facebook elementor-repeater-item-dadf52b\" href=\"https:\/\/www.facebook.com\/CATIEOficial\/\" target=\"_blank\">\n\t\t\t\t\t\t<span class=\"elementor-screen-only\">Facebook<\/span>\n\t\t\t\t\t\t<i class=\"fab fa-facebook\"><\/i>\t\t\t\t\t<\/a>\n\t\t\t\t<\/span>\n\t\t\t\t\t\t\t<span class=\"elementor-grid-item\">\n\t\t\t\t\t<a class=\"elementor-icon elementor-social-icon elementor-social-icon-twitter elementor-repeater-item-42da380\" href=\"https:\/\/twitter.com\/catieoficial\" target=\"_blank\">\n\t\t\t\t\t\t<span class=\"elementor-screen-only\">Twitter<\/span>\n\t\t\t\t\t\t<i class=\"fab fa-twitter\"><\/i>\t\t\t\t\t<\/a>\n\t\t\t\t<\/span>\n\t\t\t\t\t\t\t<span class=\"elementor-grid-item\">\n\t\t\t\t\t<a class=\"elementor-icon elementor-social-icon elementor-social-icon-instagram elementor-repeater-item-d723177\" href=\"https:\/\/instagram.com\/catieoficial\" target=\"_blank\">\n\t\t\t\t\t\t<span class=\"elementor-screen-only\">Instagram<\/span>\n\t\t\t\t\t\t<i class=\"fab fa-instagram\"><\/i>\t\t\t\t\t<\/a>\n\t\t\t\t<\/span>\n\t\t\t\t\t\t\t<span class=\"elementor-grid-item\">\n\t\t\t\t\t<a class=\"elementor-icon elementor-social-icon elementor-social-icon-linkedin elementor-repeater-item-edca120\" href=\"https:\/\/www.linkedin.com\/school\/catieoficial\" target=\"_blank\">\n\t\t\t\t\t\t<span class=\"elementor-screen-only\">Linkedin<\/span>\n\t\t\t\t\t\t<i class=\"fab fa-linkedin\"><\/i>\t\t\t\t\t<\/a>\n\t\t\t\t<\/span>\n\t\t\t\t\t<\/div>\n\t\t\t\t\t\t<\/div>\n\t\t\t\t<\/div>\n\t\t\t\t\t<\/div>\n\t\t<\/div>\n\t\t\t\t\t<\/div>\n\t\t<\/section>\n\t\t\t\t<\/div>","protected":false},"excerpt":{"rendered":"<p>El objetivo principal del Programa de Doctorado del CATIE es ofrecer oportunidades de formaci\u00f3n acad\u00e9mica y de investigaci\u00f3n cient\u00edfica a profesionales calificados, para la obtenci\u00f3n del grado de Doctor en Filosof\u00eda (Ph.D.)<\/p>","protected":false},"author":8,"featured_media":0,"parent":0,"menu_order":0,"comment_status":"closed","ping_status":"closed","template":"","meta":{"_bbp_topic_count":0,"_bbp_reply_count":0,"_bbp_total_topic_count":0,"_bbp_total_reply_count":0,"_bbp_voice_count":0,"_bbp_anonymous_reply_count":0,"_bbp_topic_count_hidden":0,"_bbp_reply_count_hidden":0,"_bbp_forum_subforum_count":0,"pmpro_default_level":"","_monsterinsights_skip_tracking":false,"_monsterinsights_sitenote_active":false,"_monsterinsights_sitenote_note":"","_monsterinsights_sitenote_category":0,"_uf_show_specific_survey":0,"_uf_disable_surveys":false,"footnotes":""},"class_list":["post-33008","page","type-page","status-publish","hentry","pmpro-has-access"],"_links":{"self":[{"href":"https:\/\/www.catie.ac.cr\/en\/wp-json\/wp\/v2\/pages\/33008","targetHints":{"allow":["GET"]}}],"collection":[{"href":"https:\/\/www.catie.ac.cr\/en\/wp-json\/wp\/v2\/pages"}],"about":[{"href":"https:\/\/www.catie.ac.cr\/en\/wp-json\/wp\/v2\/types\/page"}],"author":[{"embeddable":true,"href":"https:\/\/www.catie.ac.cr\/en\/wp-json\/wp\/v2\/users\/8"}],"replies":[{"embeddable":true,"href":"https:\/\/www.catie.ac.cr\/en\/wp-json\/wp\/v2\/comments?post=33008"}],"version-history":[{"count":89,"href":"https:\/\/www.catie.ac.cr\/en\/wp-json\/wp\/v2\/pages\/33008\/revisions"}],"predecessor-version":[{"id":40545,"href":"https:\/\/www.catie.ac.cr\/en\/wp-json\/wp\/v2\/pages\/33008\/revisions\/40545"}],"wp:attachment":[{"href":"https:\/\/www.catie.ac.cr\/en\/wp-json\/wp\/v2\/media?parent=33008"}],"curies":[{"name":"wp","href":"https:\/\/api.w.org\/{rel}","templated":true}]}}