{"id":35247,"date":"2025-06-02T15:58:17","date_gmt":"2025-06-02T21:58:17","guid":{"rendered":"https:\/\/www.catie.ac.cr\/?page_id=35247"},"modified":"2025-08-08T11:43:32","modified_gmt":"2025-08-08T17:43:32","slug":"noticias-de-guatemala","status":"publish","type":"page","link":"https:\/\/www.catie.ac.cr\/en\/noticias-de-guatemala\/","title":{"rendered":"Noticias de Guatemala"},"content":{"rendered":"<div data-elementor-type=\"wp-page\" data-elementor-id=\"35247\" class=\"elementor elementor-35247\" data-elementor-post-type=\"page\">\n\t\t\t\t\t\t<section class=\"elementor-section elementor-top-section elementor-element elementor-element-81ef417 elementor-section-boxed elementor-section-height-default elementor-section-height-default\" data-id=\"81ef417\" data-element_type=\"section\">\n\t\t\t\t\t\t<div class=\"elementor-container elementor-column-gap-default\">\n\t\t\t\t\t<div class=\"elementor-column elementor-col-100 elementor-top-column elementor-element elementor-element-1d47691\" data-id=\"1d47691\" data-element_type=\"column\">\n\t\t\t<div class=\"elementor-widget-wrap elementor-element-populated\">\n\t\t\t\t\t\t<div class=\"elementor-element elementor-element-7082545 elementor-widget elementor-widget-thim-carousel-post\" data-id=\"7082545\" data-element_type=\"widget\" data-widget_type=\"thim-carousel-post.default\">\n\t\t\t\t<div class=\"elementor-widget-container\">\n\t\t\t\t\t\t<div class=\"thim-owl-carousel-post thim-carousel-wrapper\" data-visible=\"3\"\n\t     data-pagination=\"1\" data-navigation=\"1\" data-autoplay=\"0\">\n\t\t\t\t\t<div class=\"item\">\n\t\t\t\t\t\t\t\t<div class=\"image\">\n\t\t\t\t\t<a href=\"https:\/\/www.catie.ac.cr\/en\/2025\/06\/13\/guatemala-avanza-en-su-compromiso-con-el-desarrollo-de-informes-clave-para-la-cmnucc\/\">\n\t\t\t\t\t\t<img fetchpriority=\"high\" decoding=\"async\" src=\"https:\/\/www.catie.ac.cr\/wp-content\/uploads\/2025\/06\/GT-informes-clave1-450x267.jpg\" alt=\"Guatemala avanza en su compromiso con el desarrollo de informes clave para la CMNUCC\" title=\"GT-informes-clave1\"  width=\"450\" height=\"267\">\t\t\t\t\t<\/a>\n\t\t\t\t<\/div>\n\t\t\t\t<div class=\"content\">\n\t\t\t\t\t<div class=\"info\">\n\t\t\t\t\t\t<div class=\"author\">\n\t\t\t\t\t\t\t<span>Karla Madrigal P.<\/span>\t\t\t\t\t\t<\/div>\n\t\t\t\t\t\t<div class=\"date\">\n\t\t\t\t\t\t\t13 June, 2025\t\t\t\t\t\t<\/div>\n\t\t\t\t\t<\/div>\n\t\t\t\t\t<h4 class=\"title\">\n\t\t\t\t\t\t<a href=\"https:\/\/www.catie.ac.cr\/en\/2025\/06\/13\/guatemala-avanza-en-su-compromiso-con-el-desarrollo-de-informes-clave-para-la-cmnucc\/\">Guatemala Advances Its Commitment to Developing Key Reports for the UNFCCC<\/a>\n\t\t\t\t\t<\/h4>\n\t\t\t\t\t<div class=\"desc\">\n\t\t\t\t\t\t<p>Con el objetivo de fortalecer las capacidades institucionales del sector p\u00fablico, privado, acad\u00e9mico y de la cooperaci\u00f3n internacional de Gustemala, fue presentado el proyecto \u201cDesarrollo del Primer Informe Bienal de Transparencia, la Cuarta Comunicaci\u00f3n Nacional y el Segundo Informe...<\/p>\t\t\t\t\t<\/div>\n\t\t\t\t<\/div>\n\t\t\t<\/div>\n\t\t\t\t\t\t<div class=\"item\">\n\t\t\t\t\t\t\t\t<div class=\"image\">\n\t\t\t\t\t<a href=\"https:\/\/www.catie.ac.cr\/en\/2025\/06\/06\/nutricionistas-de-guatemala-se-capacitan-en-herramienta-clave-para-fortalecer-la-toma-de-decisiones-en-nutricion-infantil\/\">\n\t\t\t\t\t\t<img decoding=\"async\" src=\"https:\/\/www.catie.ac.cr\/wp-content\/uploads\/2025\/06\/nutricionistas-gt1-450x267.jpg\" alt=\"Nutricionistas de Guatemala se capacitan en herramienta clave para fortalecer la toma de decisiones en nutrici\u00f3n infantil\" title=\"nutricionistas-gt1\"  width=\"450\" height=\"267\">\t\t\t\t\t<\/a>\n\t\t\t\t<\/div>\n\t\t\t\t<div class=\"content\">\n\t\t\t\t\t<div class=\"info\">\n\t\t\t\t\t\t<div class=\"author\">\n\t\t\t\t\t\t\t<span>Karla Madrigal P.<\/span>\t\t\t\t\t\t<\/div>\n\t\t\t\t\t\t<div class=\"date\">\n\t\t\t\t\t\t\t6 June, 2025\t\t\t\t\t\t<\/div>\n\t\t\t\t\t<\/div>\n\t\t\t\t\t<h4 class=\"title\">\n\t\t\t\t\t\t<a href=\"https:\/\/www.catie.ac.cr\/en\/2025\/06\/06\/nutricionistas-de-guatemala-se-capacitan-en-herramienta-clave-para-fortalecer-la-toma-de-decisiones-en-nutricion-infantil\/\">Guatemalan Nutritionists Trained in Key Tool to Strengthen Decision-Making in Child Nutrition<\/a>\n\t\t\t\t\t<\/h4>\n\t\t\t\t\t<div class=\"desc\">\n\t\t\t\t\t\t<p>El pasado 20 y 22 de mayo se realizaron dos jornadas de capacitaci\u00f3n en ciudad de Guatemala y Totonicap\u00e1n dirigidas a nutricionistas y directores departamentales del Ministerio de Salud P\u00fablica y Asistencia Social (MSPAS), con el apoyo del CATIE...<\/p>\t\t\t\t\t<\/div>\n\t\t\t\t<\/div>\n\t\t\t<\/div>\n\t\t\t\t\t\t<div class=\"item\">\n\t\t\t\t\t\t\t\t<div class=\"image\">\n\t\t\t\t\t<a href=\"https:\/\/www.catie.ac.cr\/en\/2025\/05\/27\/lanzan-el-nuevo-corredor-biologico-bosque-nuboso-candacuchex-en-guatemala\/\">\n\t\t\t\t\t\t<img decoding=\"async\" src=\"https:\/\/www.catie.ac.cr\/wp-content\/uploads\/2025\/05\/corredor-biologico1-450x267.jpg\" alt=\"Lanzan el nuevo Corredor Biol\u00f3gico Bosque Nuboso Candacuchex en Guatemala\" title=\"corredor-biologico1\"  width=\"450\" height=\"267\">\t\t\t\t\t<\/a>\n\t\t\t\t<\/div>\n\t\t\t\t<div class=\"content\">\n\t\t\t\t\t<div class=\"info\">\n\t\t\t\t\t\t<div class=\"author\">\n\t\t\t\t\t\t\t<span>Oficina Comunicaci\u00f3n<\/span>\t\t\t\t\t\t<\/div>\n\t\t\t\t\t\t<div class=\"date\">\n\t\t\t\t\t\t\t27 May, 2025\t\t\t\t\t\t<\/div>\n\t\t\t\t\t<\/div>\n\t\t\t\t\t<h4 class=\"title\">\n\t\t\t\t\t\t<a href=\"https:\/\/www.catie.ac.cr\/en\/2025\/05\/27\/lanzan-el-nuevo-corredor-biologico-bosque-nuboso-candacuchex-en-guatemala\/\">New Cloud Forest Biological Corridor Candacuchex Launched in Guatemala<\/a>\n\t\t\t\t\t<\/h4>\n\t\t\t\t\t<div class=\"desc\">\n\t\t\t\t\t\t<p>En el marco del D\u00eda Mundial de la Biodiversidad, se celebr\u00f3 en San Pedro Sacatep\u00e9quez, departamento de San Marcos, el lanzamiento oficial del Corredor Biol\u00f3gico Bosque Nuboso Candacuchex, una iniciativa que buscar fortalecer la conectividad ecol\u00f3gica y la resiliencia...<\/p>\t\t\t\t\t<\/div>\n\t\t\t\t<\/div>\n\t\t\t<\/div>\n\t\t\t\t\t\t<div class=\"item\">\n\t\t\t\t\t\t\t\t<div class=\"image\">\n\t\t\t\t\t<a href=\"https:\/\/www.catie.ac.cr\/en\/2025\/04\/09\/curso-sobre-analisis-de-datos-fortalece-capacidades-tecnicas-en-instituciones-guatemaltecas\/\">\n\t\t\t\t\t\t<img loading=\"lazy\" decoding=\"async\" src=\"https:\/\/www.catie.ac.cr\/wp-content\/uploads\/2025\/04\/analisis-datos-GT1-450x267.jpg\" alt=\"Curso sobre an\u00e1lisis de datos fortalece capacidades t\u00e9cnicas en instituciones guatemaltecas\" title=\"analisis-datos-GT1\"  width=\"450\" height=\"267\">\t\t\t\t\t<\/a>\n\t\t\t\t<\/div>\n\t\t\t\t<div class=\"content\">\n\t\t\t\t\t<div class=\"info\">\n\t\t\t\t\t\t<div class=\"author\">\n\t\t\t\t\t\t\t<span>Karla Salazar Leiva<\/span>\t\t\t\t\t\t<\/div>\n\t\t\t\t\t\t<div class=\"date\">\n\t\t\t\t\t\t\t9 April, 2025\t\t\t\t\t\t<\/div>\n\t\t\t\t\t<\/div>\n\t\t\t\t\t<h4 class=\"title\">\n\t\t\t\t\t\t<a href=\"https:\/\/www.catie.ac.cr\/en\/2025\/04\/09\/curso-sobre-analisis-de-datos-fortalece-capacidades-tecnicas-en-instituciones-guatemaltecas\/\">Data analysis course strengthens technical capacities in Guatemalan institutions<\/a>\n\t\t\t\t\t<\/h4>\n\t\t\t\t\t<div class=\"desc\">\n\t\t\t\t\t\t<p>Del 12 de febrero al 28 de marzo de 2025 se llev\u00f3 a cabo el curso \u201cAn\u00e1lisis de datos sectoriales: planificaci\u00f3n, dise\u00f1o, an\u00e1lisis de datos, interpretaci\u00f3n y presentaci\u00f3n de resultados mediante el uso del software Navure\u201d, una iniciativa del...<\/p>\t\t\t\t\t<\/div>\n\t\t\t\t<\/div>\n\t\t\t<\/div>\n\t\t\t\t\t\t<div class=\"item\">\n\t\t\t\t\t\t\t\t<div class=\"image\">\n\t\t\t\t\t<a href=\"https:\/\/www.catie.ac.cr\/en\/2025\/03\/14\/curso-fortalece-el-enfoque-de-genero-y-pueblos-originarios-en-actores-que-impulsan-la-seguridad-alimentaria-y-nutricional-en-guatemala\/\">\n\t\t\t\t\t\t<img loading=\"lazy\" decoding=\"async\" src=\"https:\/\/www.catie.ac.cr\/wp-content\/uploads\/2025\/03\/curso-genero-GT1-450x267.jpg\" alt=\"Curso fortalece el enfoque de g\u00e9nero y pueblos originarios en actores que impulsan la seguridad alimentaria y nutricional en Guatemala\" title=\"curso-genero-GT1\"  width=\"450\" height=\"267\">\t\t\t\t\t<\/a>\n\t\t\t\t<\/div>\n\t\t\t\t<div class=\"content\">\n\t\t\t\t\t<div class=\"info\">\n\t\t\t\t\t\t<div class=\"author\">\n\t\t\t\t\t\t\t<span>Karla Salazar Leiva<\/span>\t\t\t\t\t\t<\/div>\n\t\t\t\t\t\t<div class=\"date\">\n\t\t\t\t\t\t\t14 March, 2025\t\t\t\t\t\t<\/div>\n\t\t\t\t\t<\/div>\n\t\t\t\t\t<h4 class=\"title\">\n\t\t\t\t\t\t<a href=\"https:\/\/www.catie.ac.cr\/en\/2025\/03\/14\/curso-fortalece-el-enfoque-de-genero-y-pueblos-originarios-en-actores-que-impulsan-la-seguridad-alimentaria-y-nutricional-en-guatemala\/\">Course Strengthens Gender and Indigenous Peoples' Approach Among Key Actors Promoting Food and Nutrition Security in Guatemala<\/a>\n\t\t\t\t\t<\/h4>\n\t\t\t\t\t<div class=\"desc\">\n\t\t\t\t\t\t<p>Del 5 al 7 de marzo, en la ciudad de Guatemala, se llev\u00f3 a cabo el curso \u201cEnfoque de g\u00e9nero y pueblos originarios para el abordaje de la seguridad alimentaria y nutricional\u201d, un espacio de formaci\u00f3n impulsado por la...<\/p>\t\t\t\t\t<\/div>\n\t\t\t\t<\/div>\n\t\t\t<\/div>\n\t\t\t\t\t\t<div class=\"item\">\n\t\t\t\t\t\t\t\t<div class=\"image\">\n\t\t\t\t\t<a href=\"https:\/\/www.catie.ac.cr\/en\/2024\/07\/03\/union-europea-y-catie-apoyan-los-procesos-para-mejorar-la-salud-infantil-en-guatemala\/\">\n\t\t\t\t\t\t<img loading=\"lazy\" decoding=\"async\" src=\"https:\/\/www.catie.ac.cr\/wp-content\/uploads\/2024\/07\/Salud-infantil-450x267.jpeg\" alt=\"Uni\u00f3n Europea y CATIE apoyan los procesos para mejorar la salud infantil en Guatemala\" title=\"Salud-infantil\"  width=\"450\" height=\"267\">\t\t\t\t\t<\/a>\n\t\t\t\t<\/div>\n\t\t\t\t<div class=\"content\">\n\t\t\t\t\t<div class=\"info\">\n\t\t\t\t\t\t<div class=\"author\">\n\t\t\t\t\t\t\t<span>Oficina Comunicaci\u00f3n<\/span>\t\t\t\t\t\t<\/div>\n\t\t\t\t\t\t<div class=\"date\">\n\t\t\t\t\t\t\t3 July, 2024\t\t\t\t\t\t<\/div>\n\t\t\t\t\t<\/div>\n\t\t\t\t\t<h4 class=\"title\">\n\t\t\t\t\t\t<a href=\"https:\/\/www.catie.ac.cr\/en\/2024\/07\/03\/union-europea-y-catie-apoyan-los-procesos-para-mejorar-la-salud-infantil-en-guatemala\/\">European Union and CATIE support processes to improve child health in Guatemala<\/a>\n\t\t\t\t\t<\/h4>\n\t\t\t\t\t<div class=\"desc\">\n\t\t\t\t\t\t<p>El Ministerio de Salud P\u00fablica y Asistencia Social (MSPAS) de Guatemala, con el apoyo del CATIE (Centro Agron\u00f3mico Tropical de Investigaci\u00f3n y Ense\u00f1anza) y la financiaci\u00f3n de la Uni\u00f3n Europea, presentaron la Sala Situacional de Nutrici\u00f3n. Esta innovadora herramienta...<\/p>\t\t\t\t\t<\/div>\n\t\t\t\t<\/div>\n\t\t\t<\/div>\n\t\t\t\t\t\t<div class=\"item\">\n\t\t\t\t\t\t\t\t<div class=\"image\">\n\t\t\t\t\t<a href=\"https:\/\/www.catie.ac.cr\/en\/2024\/06\/03\/proyecto-cbit-evalua-fuentes-de-datos-para-el-inventario-de-gases-de-efecto-invernadero-en-agricultura-en-guatemala\/\">\n\t\t\t\t\t\t<img loading=\"lazy\" decoding=\"async\" src=\"https:\/\/www.catie.ac.cr\/wp-content\/uploads\/2024\/06\/gases-invernadero1-450x267.jpg\" alt=\"Proyecto CBIT eval\u00faa fuentes de datos para el inventario de gases de efecto invernadero en agricultura en Guatemala\" title=\"gases-invernadero1\"  width=\"450\" height=\"267\">\t\t\t\t\t<\/a>\n\t\t\t\t<\/div>\n\t\t\t\t<div class=\"content\">\n\t\t\t\t\t<div class=\"info\">\n\t\t\t\t\t\t<div class=\"author\">\n\t\t\t\t\t\t\t<span>Oficina Comunicaci\u00f3n<\/span>\t\t\t\t\t\t<\/div>\n\t\t\t\t\t\t<div class=\"date\">\n\t\t\t\t\t\t\t3 June, 2024\t\t\t\t\t\t<\/div>\n\t\t\t\t\t<\/div>\n\t\t\t\t\t<h4 class=\"title\">\n\t\t\t\t\t\t<a href=\"https:\/\/www.catie.ac.cr\/en\/2024\/06\/03\/proyecto-cbit-evalua-fuentes-de-datos-para-el-inventario-de-gases-de-efecto-invernadero-en-agricultura-en-guatemala\/\">CBIT Project evaluates data sources for greenhouse gas inventory in agriculture in Guatemala<\/a>\n\t\t\t\t\t<\/h4>\n\t\t\t\t\t<div class=\"desc\">\n\t\t\t\t\t\t<p>El Proyecto CBIT dio inicio a un taller de trabajo en la ciudad de Guatemala, con el objetivo de identificar y evaluar las fuentes de informaci\u00f3n necesarias para elaborar la serie temporal 1990-2022 del Inventario de Gases de Efecto...<\/p>\t\t\t\t\t<\/div>\n\t\t\t\t<\/div>\n\t\t\t<\/div>\n\t\t\t\t\t\t<div class=\"item\">\n\t\t\t\t\t\t\t\t<div class=\"image\">\n\t\t\t\t\t<a href=\"https:\/\/www.catie.ac.cr\/en\/2024\/05\/15\/visualizacion-de-datos-mejorara-la-toma-de-decisiones-informada-sobre-seguridad-alimentaria-en-guatemala\/\">\n\t\t\t\t\t\t<img loading=\"lazy\" decoding=\"async\" src=\"https:\/\/www.catie.ac.cr\/wp-content\/uploads\/2024\/05\/datos-gt1-450x267.jpg\" alt=\"Visualizaci\u00f3n de datos mejorar\u00e1 la toma de decisiones informada sobre seguridad alimentaria en Guatemala\" title=\"datos-gt1\"  width=\"450\" height=\"267\">\t\t\t\t\t<\/a>\n\t\t\t\t<\/div>\n\t\t\t\t<div class=\"content\">\n\t\t\t\t\t<div class=\"info\">\n\t\t\t\t\t\t<div class=\"author\">\n\t\t\t\t\t\t\t<span>Oficina Comunicaci\u00f3n<\/span>\t\t\t\t\t\t<\/div>\n\t\t\t\t\t\t<div class=\"date\">\n\t\t\t\t\t\t\t15 May, 2024\t\t\t\t\t\t<\/div>\n\t\t\t\t\t<\/div>\n\t\t\t\t\t<h4 class=\"title\">\n\t\t\t\t\t\t<a href=\"https:\/\/www.catie.ac.cr\/en\/2024\/05\/15\/visualizacion-de-datos-mejorara-la-toma-de-decisiones-informada-sobre-seguridad-alimentaria-en-guatemala\/\">Data visualization to enhance informed decision-making on food security in Guatemala<\/a>\n\t\t\t\t\t<\/h4>\n\t\t\t\t\t<div class=\"desc\">\n\t\t\t\t\t\t<p>Durante tres d\u00edas, el CATIE (Centro Agron\u00f3mico Tropical de Investigaci\u00f3n y Ense\u00f1anza), en el marco del proyecto Plataforma de Informaci\u00f3n Nacional sobre Nutrici\u00f3n (PiNN), financiado por la Uni\u00f3n Europea en Guatemala, llev\u00f3 a cabo un taller enfocado en el...<\/p>\t\t\t\t\t<\/div>\n\t\t\t\t<\/div>\n\t\t\t<\/div>\n\t\t\t\t\t\t<div class=\"item\">\n\t\t\t\t\t\t\t\t<div class=\"image\">\n\t\t\t\t\t<a href=\"https:\/\/www.catie.ac.cr\/en\/2024\/03\/14\/guatemala-avanza-en-la-lucha-contra-la-desnutricion-utilizando-herramientas-innovadoras\/\">\n\t\t\t\t\t\t<img loading=\"lazy\" decoding=\"async\" src=\"https:\/\/www.catie.ac.cr\/wp-content\/uploads\/2024\/03\/GT-desnutricion1-450x267.jpg\" alt=\"Guatemala avanza en la lucha contra la desnutrici\u00f3n utilizando herramientas innovadoras\" title=\"GT-desnutricion1\"  width=\"450\" height=\"267\">\t\t\t\t\t<\/a>\n\t\t\t\t<\/div>\n\t\t\t\t<div class=\"content\">\n\t\t\t\t\t<div class=\"info\">\n\t\t\t\t\t\t<div class=\"author\">\n\t\t\t\t\t\t\t<span>Oficina Comunicaci\u00f3n<\/span>\t\t\t\t\t\t<\/div>\n\t\t\t\t\t\t<div class=\"date\">\n\t\t\t\t\t\t\t14 March, 2024\t\t\t\t\t\t<\/div>\n\t\t\t\t\t<\/div>\n\t\t\t\t\t<h4 class=\"title\">\n\t\t\t\t\t\t<a href=\"https:\/\/www.catie.ac.cr\/en\/2024\/03\/14\/guatemala-avanza-en-la-lucha-contra-la-desnutricion-utilizando-herramientas-innovadoras\/\">Guatemala Advances in the Fight Against Malnutrition Using Innovative Tools<\/a>\n\t\t\t\t\t<\/h4>\n\t\t\t\t\t<div class=\"desc\">\n\t\t\t\t\t\t<p>El CATIE (Centro Agron\u00f3mico Tropical de Investigaci\u00f3n y Ense\u00f1anza) a trav\u00e9s del proyecto Plataforma de Informaci\u00f3n Nacional sobre Nutrici\u00f3n (PiNN) y en coordinaci\u00f3n con las Plataformas de Informaci\u00f3n Nutricional Global (NIPN4NIS), capacit\u00f3 con \u00e9xito a funcionarios del Ministerio de...<\/p>\t\t\t\t\t<\/div>\n\t\t\t\t<\/div>\n\t\t\t<\/div>\n\t\t\t\t<\/div>\n\t\t\t\t\t<\/div>\n\t\t\t\t<\/div>\n\t\t\t\t\t<\/div>\n\t\t<\/div>\n\t\t\t\t\t<\/div>\n\t\t<\/section>\n\t\t\t\t<\/div>","protected":false},"excerpt":{"rendered":"<p>Karla Madrigal P. 13 junio, 2025 Guatemala avanza en su compromiso con el desarrollo de informes clave para la CMNUCC Con el objetivo de fortalecer las capacidades institucionales del sector p\u00fablico, privado, acad\u00e9mico y de la cooperaci\u00f3n internacional de Gustemala, &hellip; <\/p>","protected":false},"author":8,"featured_media":0,"parent":0,"menu_order":0,"comment_status":"closed","ping_status":"closed","template":"","meta":{"_bbp_topic_count":0,"_bbp_reply_count":0,"_bbp_total_topic_count":0,"_bbp_total_reply_count":0,"_bbp_voice_count":0,"_bbp_anonymous_reply_count":0,"_bbp_topic_count_hidden":0,"_bbp_reply_count_hidden":0,"_bbp_forum_subforum_count":0,"pmpro_default_level":"","_monsterinsights_skip_tracking":false,"_monsterinsights_sitenote_active":false,"_monsterinsights_sitenote_note":"","_monsterinsights_sitenote_category":0,"_uf_show_specific_survey":0,"_uf_disable_surveys":false,"footnotes":""},"class_list":["post-35247","page","type-page","status-publish","hentry","pmpro-has-access"],"_links":{"self":[{"href":"https:\/\/www.catie.ac.cr\/en\/wp-json\/wp\/v2\/pages\/35247","targetHints":{"allow":["GET"]}}],"collection":[{"href":"https:\/\/www.catie.ac.cr\/en\/wp-json\/wp\/v2\/pages"}],"about":[{"href":"https:\/\/www.catie.ac.cr\/en\/wp-json\/wp\/v2\/types\/page"}],"author":[{"embeddable":true,"href":"https:\/\/www.catie.ac.cr\/en\/wp-json\/wp\/v2\/users\/8"}],"replies":[{"embeddable":true,"href":"https:\/\/www.catie.ac.cr\/en\/wp-json\/wp\/v2\/comments?post=35247"}],"version-history":[{"count":10,"href":"https:\/\/www.catie.ac.cr\/en\/wp-json\/wp\/v2\/pages\/35247\/revisions"}],"predecessor-version":[{"id":36653,"href":"https:\/\/www.catie.ac.cr\/en\/wp-json\/wp\/v2\/pages\/35247\/revisions\/36653"}],"wp:attachment":[{"href":"https:\/\/www.catie.ac.cr\/en\/wp-json\/wp\/v2\/media?parent=35247"}],"curies":[{"name":"wp","href":"https:\/\/api.w.org\/{rel}","templated":true}]}}