{"id":36586,"date":"2025-08-07T13:52:59","date_gmt":"2025-08-07T19:52:59","guid":{"rendered":"https:\/\/www.catie.ac.cr\/?page_id=36586"},"modified":"2025-08-07T15:32:52","modified_gmt":"2025-08-07T21:32:52","slug":"desarrollo-del-primer-informe-bienal-de-transparencia","status":"publish","type":"page","link":"https:\/\/www.catie.ac.cr\/en\/paises\/guatemala\/desarrollo-del-primer-informe-bienal-de-transparencia\/","title":{"rendered":"Desarrollo del Primer Informe Bienal de Transparencia&#8230;"},"content":{"rendered":"<div data-elementor-type=\"wp-page\" data-elementor-id=\"36586\" class=\"elementor elementor-36586\" data-elementor-post-type=\"page\">\n\t\t\t\t\t\t<section class=\"elementor-section elementor-top-section elementor-element elementor-element-7c9343d5 elementor-section-boxed elementor-section-height-default elementor-section-height-default\" data-id=\"7c9343d5\" data-element_type=\"section\">\n\t\t\t\t\t\t<div class=\"elementor-container elementor-column-gap-default\">\n\t\t\t\t\t<div class=\"elementor-column elementor-col-100 elementor-top-column elementor-element elementor-element-4003b43a\" data-id=\"4003b43a\" data-element_type=\"column\">\n\t\t\t<div class=\"elementor-widget-wrap elementor-element-populated\">\n\t\t\t\t\t\t<div class=\"elementor-element elementor-element-75d325c elementor-widget elementor-widget-thim-heading\" data-id=\"75d325c\" data-element_type=\"widget\" data-widget_type=\"thim-heading.default\">\n\t\t\t\t<div class=\"elementor-widget-container\">\n\t\t\t\t\t<div class=\"sc_heading\"><h3 style=\"color:#004A58;\" class=\"title\">Desarrollo del Primer Informe Bienal de Transparencia, la Cuarta Comunicaci\u00f3n Nacional y el Segundo Informe Bienal de Transparencia como Informe Combinado Bajo la CMNUCC (1BTR y 4NC\/2BTR)<\/h3><p class=\"sub-heading\" style=\"color:#000000;\">Marzo de 2025 a marzo de 2029<\/p><span class=\"line\"><\/span><\/div>\t\t\t\t<\/div>\n\t\t\t\t<\/div>\n\t\t\t\t\t<\/div>\n\t\t<\/div>\n\t\t\t\t\t<\/div>\n\t\t<\/section>\n\t\t\t\t<section class=\"elementor-section elementor-top-section elementor-element elementor-element-3806757d elementor-section-boxed elementor-section-height-default elementor-section-height-default\" data-id=\"3806757d\" data-element_type=\"section\">\n\t\t\t\t\t\t<div class=\"elementor-container elementor-column-gap-default\">\n\t\t\t\t\t<div class=\"elementor-column elementor-col-100 elementor-top-column elementor-element elementor-element-3c60bb04\" data-id=\"3c60bb04\" data-element_type=\"column\">\n\t\t\t<div class=\"elementor-widget-wrap elementor-element-populated\">\n\t\t\t\t\t\t<div class=\"elementor-element elementor-element-d246239 elementor-widget elementor-widget-thim-heading\" data-id=\"d246239\" data-element_type=\"widget\" data-widget_type=\"thim-heading.default\">\n\t\t\t\t<div class=\"elementor-widget-container\">\n\t\t\t\t\t<div class=\"sc_heading\"><h3 style=\"color:#004A58;\" class=\"title\">Objectives<\/h3><span class=\"line\"><\/span><\/div>\t\t\t\t<\/div>\n\t\t\t\t<\/div>\n\t\t\t\t<div class=\"elementor-element elementor-element-db267b3 elementor-widget elementor-widget-text-editor\" data-id=\"db267b3\" data-element_type=\"widget\" data-widget_type=\"text-editor.default\">\n\t\t\t\t<div class=\"elementor-widget-container\">\n\t\t\t\t\t\t\t\t\t<p><span style=\"color: #000000;\"><strong>Objetivo general:<\/strong><\/span><\/p><ul><li>Permitir a Guatemala preparar y presentar su 1BTR y 2BTR\/4NC como informe combinado y cumplir con sus obligaciones de presentaci\u00f3n de informes bajo la CMNUCC y el Acuerdo de Par\u00eds<\/li><\/ul>\t\t\t\t\t\t\t\t<\/div>\n\t\t\t\t<\/div>\n\t\t\t\t<div class=\"elementor-element elementor-element-2083a8c8 elementor-widget-divider--view-line elementor-widget elementor-widget-divider\" data-id=\"2083a8c8\" data-element_type=\"widget\" data-widget_type=\"divider.default\">\n\t\t\t\t<div class=\"elementor-widget-container\">\n\t\t\t\t\t\t\t<div class=\"elementor-divider\">\n\t\t\t<span class=\"elementor-divider-separator\">\n\t\t\t\t\t\t<\/span>\n\t\t<\/div>\n\t\t\t\t\t\t<\/div>\n\t\t\t\t<\/div>\n\t\t\t\t\t<\/div>\n\t\t<\/div>\n\t\t\t\t\t<\/div>\n\t\t<\/section>\n\t\t\t\t<section class=\"elementor-section elementor-top-section elementor-element elementor-element-37542186 elementor-section-boxed elementor-section-height-default elementor-section-height-default\" data-id=\"37542186\" data-element_type=\"section\">\n\t\t\t\t\t\t<div class=\"elementor-container elementor-column-gap-default\">\n\t\t\t\t\t<div class=\"elementor-column elementor-col-100 elementor-top-column elementor-element elementor-element-329285ea\" data-id=\"329285ea\" data-element_type=\"column\">\n\t\t\t<div class=\"elementor-widget-wrap elementor-element-populated\">\n\t\t\t\t\t\t<div class=\"elementor-element elementor-element-1df419d elementor-widget elementor-widget-thim-heading\" data-id=\"1df419d\" data-element_type=\"widget\" data-widget_type=\"thim-heading.default\">\n\t\t\t\t<div class=\"elementor-widget-container\">\n\t\t\t\t\t<div class=\"sc_heading\"><h3 style=\"color:#004A58;\" class=\"title\">Documentos<\/h3><span class=\"line\"><\/span><\/div>\t\t\t\t<\/div>\n\t\t\t\t<\/div>\n\t\t\t\t<div class=\"elementor-element elementor-element-1dac786 elementor-icon-list--layout-traditional elementor-list-item-link-full_width elementor-widget elementor-widget-icon-list\" data-id=\"1dac786\" data-element_type=\"widget\" data-widget_type=\"icon-list.default\">\n\t\t\t\t<div class=\"elementor-widget-container\">\n\t\t\t\t\t\t\t<ul class=\"elementor-icon-list-items\">\n\t\t\t\t\t\t\t<li class=\"elementor-icon-list-item\">\n\t\t\t\t\t\t\t\t\t\t\t<a href=\"https:\/\/www.catie.ac.cr\/wp-content\/uploads\/2025\/08\/FICHA_TECNICA_1BTR_4NC-2BTR_Guatemala.pdf\" target=\"_blank\">\n\n\t\t\t\t\t\t\t\t\t\t\t\t<span class=\"elementor-icon-list-icon\">\n\t\t\t\t\t\t\t<i aria-hidden=\"true\" class=\"fas fa-file-alt\"><\/i>\t\t\t\t\t\t<\/span>\n\t\t\t\t\t\t\t\t\t\t<span class=\"elementor-icon-list-text\">Ficha t\u00e9cnica<\/span>\n\t\t\t\t\t\t\t\t\t\t\t<\/a>\n\t\t\t\t\t\t\t\t\t<\/li>\n\t\t\t\t\t\t\t\t<li class=\"elementor-icon-list-item\">\n\t\t\t\t\t\t\t\t\t\t\t<a href=\"https:\/\/www.catie.ac.cr\/wp-content\/uploads\/2025\/08\/PRODOC-4CN-y-BTR.pdf\" target=\"_blank\">\n\n\t\t\t\t\t\t\t\t\t\t\t\t<span class=\"elementor-icon-list-icon\">\n\t\t\t\t\t\t\t<i aria-hidden=\"true\" class=\"fas fa-file-alt\"><\/i>\t\t\t\t\t\t<\/span>\n\t\t\t\t\t\t\t\t\t\t<span class=\"elementor-icon-list-text\">Documento del proyecto<\/span>\n\t\t\t\t\t\t\t\t\t\t\t<\/a>\n\t\t\t\t\t\t\t\t\t<\/li>\n\t\t\t\t\t\t<\/ul>\n\t\t\t\t\t\t<\/div>\n\t\t\t\t<\/div>\n\t\t\t\t\t<\/div>\n\t\t<\/div>\n\t\t\t\t\t<\/div>\n\t\t<\/section>\n\t\t\t\t<section class=\"elementor-section elementor-top-section elementor-element elementor-element-7b4face2 elementor-section-boxed elementor-section-height-default elementor-section-height-default\" data-id=\"7b4face2\" data-element_type=\"section\">\n\t\t\t\t\t\t<div class=\"elementor-container elementor-column-gap-default\">\n\t\t\t\t\t<div class=\"elementor-column elementor-col-100 elementor-top-column elementor-element elementor-element-689a6dc5\" data-id=\"689a6dc5\" data-element_type=\"column\">\n\t\t\t<div class=\"elementor-widget-wrap elementor-element-populated\">\n\t\t\t\t\t\t<div class=\"elementor-element elementor-element-d36be51 elementor-widget elementor-widget-thim-heading\" data-id=\"d36be51\" data-element_type=\"widget\" data-widget_type=\"thim-heading.default\">\n\t\t\t\t<div class=\"elementor-widget-container\">\n\t\t\t\t\t<div class=\"sc_heading\"><h3 style=\"color:#004A58;\" class=\"title\">Enlaces estrat\u00e9gicos<\/h3><span class=\"line\"><\/span><\/div>\t\t\t\t<\/div>\n\t\t\t\t<\/div>\n\t\t\t\t\t<\/div>\n\t\t<\/div>\n\t\t\t\t\t<\/div>\n\t\t<\/section>\n\t\t\t\t<section class=\"elementor-section elementor-top-section elementor-element elementor-element-1d3dadcc elementor-section-boxed elementor-section-height-default elementor-section-height-default\" data-id=\"1d3dadcc\" data-element_type=\"section\">\n\t\t\t\t\t\t<div class=\"elementor-container elementor-column-gap-default\">\n\t\t\t\t\t<div class=\"elementor-column elementor-col-100 elementor-top-column elementor-element elementor-element-4ffca625\" data-id=\"4ffca625\" data-element_type=\"column\">\n\t\t\t<div class=\"elementor-widget-wrap elementor-element-populated\">\n\t\t\t\t\t\t<div class=\"elementor-element elementor-element-50eae653 elementor-skin-carousel elementor-arrows-yes elementor-pagination-type-bullets elementor-pagination-position-outside elementor-widget elementor-widget-media-carousel\" data-id=\"50eae653\" data-element_type=\"widget\" data-settings=\"{&quot;slides_per_view&quot;:&quot;5&quot;,&quot;space_between&quot;:{&quot;unit&quot;:&quot;px&quot;,&quot;size&quot;:33,&quot;sizes&quot;:[]},&quot;skin&quot;:&quot;carousel&quot;,&quot;effect&quot;:&quot;slide&quot;,&quot;show_arrows&quot;:&quot;yes&quot;,&quot;pagination&quot;:&quot;bullets&quot;,&quot;speed&quot;:500,&quot;autoplay&quot;:&quot;yes&quot;,&quot;autoplay_speed&quot;:5000,&quot;pause_on_hover&quot;:&quot;yes&quot;,&quot;pause_on_interaction&quot;:&quot;yes&quot;,&quot;space_between_tablet&quot;:{&quot;unit&quot;:&quot;px&quot;,&quot;size&quot;:10,&quot;sizes&quot;:[]},&quot;space_between_mobile&quot;:{&quot;unit&quot;:&quot;px&quot;,&quot;size&quot;:10,&quot;sizes&quot;:[]}}\" data-widget_type=\"media-carousel.default\">\n\t\t\t\t<div class=\"elementor-widget-container\">\n\t\t\t\t\t\t\t\t\t<div class=\"elementor-swiper\">\n\t\t\t\t\t<div class=\"elementor-main-swiper swiper\" role=\"region\" aria-roledescription=\"carousel\" aria-label=\"Slides\">\n\t\t\t\t<div class=\"swiper-wrapper\">\n\t\t\t\t\t\t\t\t\t\t\t<div class=\"swiper-slide\" role=\"group\" aria-roledescription=\"slide\">\n\t\t\t\t\t\t\t<a href=\"https:\/\/www.undp.org\/es\" target=\"_blank\">\t\t<div class=\"elementor-carousel-image\" role=\"img\" aria-label=\"Logo PNUD\" style=\"background-image: url(&#039;https:\/\/www.catie.ac.cr\/wp-content\/uploads\/2024\/03\/Logo-PNUD-197x300.png&#039;)\">\n\n\t\t\t\n\t\t\t\t\t<\/div>\n\t\t<\/a>\t\t\t\t\t\t<\/div>\n\t\t\t\t\t\t\t\t\t\t\t<div class=\"swiper-slide\" role=\"group\" aria-roledescription=\"slide\">\n\t\t\t\t\t\t\t<a href=\"https:\/\/www.marn.gob.gt\" target=\"_blank\">\t\t<div class=\"elementor-carousel-image\" role=\"img\" aria-label=\"Logo MARN\" style=\"background-image: url(&#039;https:\/\/www.catie.ac.cr\/wp-content\/uploads\/2024\/03\/Logo-MARN.jpg&#039;)\">\n\n\t\t\t\n\t\t\t\t\t<\/div>\n\t\t<\/a>\t\t\t\t\t\t<\/div>\n\t\t\t\t\t\t\t\t\t\t\t<div class=\"swiper-slide\" role=\"group\" aria-roledescription=\"slide\">\n\t\t\t\t\t\t\t<a href=\"https:\/\/mem.gob.gt\" target=\"_blank\">\t\t<div class=\"elementor-carousel-image\" role=\"img\" aria-label=\"Logo-GEF\" style=\"background-image: url(&#039;https:\/\/www.catie.ac.cr\/wp-content\/uploads\/2024\/03\/Logo-GEF-197x300.jpg&#039;)\">\n\n\t\t\t\n\t\t\t\t\t<\/div>\n\t\t<\/a>\t\t\t\t\t\t<\/div>\n\t\t\t\t\t\t\t\t\t<\/div>\n\t\t\t\t\t\t\t\t\t\t\t\t\t\t\t<div class=\"elementor-swiper-button elementor-swiper-button-prev\" role=\"button\" tabindex=\"0\" aria-label=\"Previous\">\n\t\t\t\t\t\t\t<i aria-hidden=\"true\" class=\"eicon-chevron-left\"><\/i>\t\t\t\t\t\t<\/div>\n\t\t\t\t\t\t<div class=\"elementor-swiper-button elementor-swiper-button-next\" role=\"button\" tabindex=\"0\" aria-label=\"Next\">\n\t\t\t\t\t\t\t<i aria-hidden=\"true\" class=\"eicon-chevron-right\"><\/i>\t\t\t\t\t\t<\/div>\n\t\t\t\t\t\t\t\t\t\t\t\t\t\t\t\t<div class=\"swiper-pagination\"><\/div>\n\t\t\t\t\t\t\t\t\t\t\t\t<\/div>\n\t\t\t\t<\/div>\n\t\t\t\t\t\t\t\t<\/div>\n\t\t\t\t<\/div>\n\t\t\t\t\t<\/div>\n\t\t<\/div>\n\t\t\t\t\t<\/div>\n\t\t<\/section>\n\t\t\t\t<section class=\"elementor-section elementor-top-section elementor-element elementor-element-50c10b30 elementor-section-boxed elementor-section-height-default elementor-section-height-default\" data-id=\"50c10b30\" data-element_type=\"section\">\n\t\t\t\t\t\t<div class=\"elementor-container elementor-column-gap-default\">\n\t\t\t\t\t<div class=\"elementor-column elementor-col-100 elementor-top-column elementor-element elementor-element-72211583\" data-id=\"72211583\" data-element_type=\"column\">\n\t\t\t<div class=\"elementor-widget-wrap elementor-element-populated\">\n\t\t\t\t\t\t<div class=\"elementor-element elementor-element-cbca8b8 elementor-widget elementor-widget-thim-heading\" data-id=\"cbca8b8\" data-element_type=\"widget\" data-widget_type=\"thim-heading.default\">\n\t\t\t\t<div class=\"elementor-widget-container\">\n\t\t\t\t\t<div class=\"sc_heading\"><h3 style=\"color:#004A58;\" class=\"title\">Equipo del Proyecto<\/h3><span class=\"line\"><\/span><\/div>\t\t\t\t<\/div>\n\t\t\t\t<\/div>\n\t\t\t\t<div class=\"elementor-element elementor-element-33ed0d8c elementor-widget elementor-widget-gs-team-members\" data-id=\"33ed0d8c\" data-element_type=\"widget\" data-widget_type=\"gs-team-members.default\">\n\t\t\t\t<div class=\"elementor-widget-container\">\n\t\t\t\t\t\t\t\n\t\t<div id=\"gs_team_area_9\" class=\"wrap gs_team_area gs_team_loading gs_tm_theme1 gs_tm_theme_v_1\" data-options='{\"search_through_all_fields\":\"off\",\"enable_clear_filters\":\"off\",\"reset_filters_text\":\"Reset Filters\",\"enable_multi_select\":\"off\",\"multi_select_ellipsis\":\"off\",\"next_txt\":\"Next\",\"prev_txt\":\"Prev\"}' style=\"visibility: hidden; opacity: 0;\">\n\t\n\t\t\t\n<!-- Container for Team members -->\n<div class=\"gs-containeer cbp-so-scroller\">\n\t\n\t<div class=\"gs-roow clearfix gs_team\">\n\n\t\n\t\t\n\t\t\t<!-- Start single member -->\n\t\t\t<div class=\"single-member-div gs-col-lg-3 gs-col-md-4 gs-col-sm-6 gs-col-xs-12 single-member-pop cbp-so-section\">\n\n\t\t\t\t<!-- Sehema & Single member wrapper -->\n\t\t\t\t<div class=\"single-member--wrapper\" itemscope itemtype=\"http:\/\/schema.org\/Organization\">\n\n\t\t\t\t\t<!-- Single member thumbnail and more -->\n\t\t\t\t\t<div class=\"single-member cbp-so-side cbp-so-side-left\">\n\n\t\t\t\t\t\t<div class=\"gs-team-member--zip-codes\" style=\"display:none!important\"><\/div>\n\t\t\t\t\t\t<!-- Ribbon -->\n\t\t\t\t\t\t\t\t\t\t\t\t\n\t\t\t\t\t\t<!-- Team Image -->\n\t\t\t\t\t\t<div class=\"gs_team_image__wrapper\">\n\t\t\t\t\t\t\t<img fetchpriority=\"high\" decoding=\"async\" width=\"225\" height=\"300\" src=\"https:\/\/www.catie.ac.cr\/wp-content\/uploads\/2025\/08\/Jose-Roberto-Martinez-Herrera-1-225x300.jpg\" class=\"gs_team_member--image wp-post-image\" alt=\"Jos\u00e9 Roberto Mart\u00ednez Herrera\" \/>\t\t\t\t\t\t<\/div>\n\t\t\t\t\t\t\t\t\t\t\t\t\n\t\t\t\t\t\t<!-- Description & Social Links -->\n\t\t\t\t\t\t<div class=\"single-mem-desc-social flex-align-justify-center\">\n\n\t\t\t\t\t\t\t<div class=\"single-mem-desc-social--inner gs_member_info\">\n\t\t\t\t\t\t\t\t\n\t\t\t\t\t\t\t\t<!-- Description -->\n\t\t\t\t\t\t\t\t\t\t\t\t\t\t\t\t\t\t\t\t\t\t\t\t\t\t\t<p class=\"gs-member-desc\" itemprop=\"description\">Ingeniero Agr\u00f3nomo en Recursos Naturales Renovables, (Universidad de San Carlos de Guatemala).\u00a0 Espe...<a class=\"gs_team_pop open-popup-link\" data-mfp-src=\"#gs_team_popup_36607_9\" href=\"\/en\/void(0)\/\" data-theme=\"gs-team-popup--default\">More<\/a><\/p>\n\t\t\t\t\t\t\t\t\t\t\t\t\t\t\t\t\t\t\t\t\t\t\t\t\t\t\t\t\t\t\t\t\t\t\t\n\t\t\t\t\t\t\t\t<!-- Social Links -->\n\t\t\t\t\t\t\t\t\n    <ul class=\"gs-team-social\">\n\n    \n        <li>\n            <a class=\"envelope\" href=\"mailto:Roberto.Martinez@catie.ac.cr\" target=\"_blank\" itemprop=\"sameAs\"><i class=\"far fa-envelope\"><\/i><\/a>        <\/li>\n\n            \n    <\/ul>\n\n    \n\n\t\t\t\t\t\t\t<\/div>\n\n\t\t\t\t\t\t<\/div>\n\n\t\t\t\t\t\t\t\t\t\t\t\t\n\t\t\t\t\t<\/div>\n\n\t\t\t\t\t<!-- Single member name -->\n\t\t\t\t\t\t\t\t\t\t\t<div class=\"gs-member-name\"><a class=\"gs_team_pop open-popup-link\" data-mfp-src=\"#gs_team_popup_36607_9\" data-theme=\"gs-team-popup--default\" href=\"\/en\/void(0)\/\">Jos\u00e9 Roberto Mart\u00ednez Herrera<\/a><\/div>\t\t\t\t\t\t\t\t\t\t\t\t\t\t\t\t\n\t\t\t\t\t<!-- Single member designation -->\n\t\t\t\t\t\t\t\t\t\t\t<div class=\"gs-member-desig\" itemprop=\"jobtitle\">Geographic Information Systems Specialist<\/div>\n\t\t\t\t\t\t\t\t\t\t\t\n\t\t\t\t<\/div>\n\t\t\t\t\n\t\t\t\t<!-- Popup -->\n\t\t\t\t\n<div id=\"gs_team_popup_36607_9\" class=\"gs_team_popup_shortcode_9 white-popup mfp-hide mfp-with-anim gs_team_popup default\">\n    <div class=\"mfp-content--container\">\n        \n    <div class=\"gs_team_popup_left__wrapper\">\n    \n        <!-- Team Image -->\n        <div class=\"gs_team_popup_img\">\n            <img fetchpriority=\"high\" decoding=\"async\" width=\"225\" height=\"300\" src=\"https:\/\/www.catie.ac.cr\/wp-content\/uploads\/2025\/08\/Jose-Roberto-Martinez-Herrera-1-225x300.jpg\" class=\"gs_team_member--image wp-post-image\" alt=\"Jos\u00e9 Roberto Mart\u00ednez Herrera\" \/>                    <\/div>\n\n        <!-- Meta Details -->\n        \n<div class=\"gstm-details\">\n    \n    \n    \n    \n    \n    \n    \n    \n    \n    \n    \n    \n    \n    \n    \n        \n<\/div>\n\n\n    <\/div>\n\n    <div class=\"gs_team_popup_details gs-tm-sicons\">\n        \n        <!-- Single member name -->\n        <h2 class=\"gs-member-name\">Jos\u00e9 Roberto Mart\u00ednez Herrera<\/h2>        \n        <!-- Single member designation -->\n                    <div class=\"gs-member-desig\" itemprop=\"jobtitle\">Geographic Information Systems Specialist<\/div>\n                    \n        <!-- Social Links -->\n        \n    <ul class=\"gs-team-social\">\n\n    \n        <li>\n            <a class=\"envelope\" href=\"mailto:Roberto.Martinez@catie.ac.cr\" target=\"_blank\" itemprop=\"sameAs\"><i class=\"far fa-envelope\"><\/i><\/a>        <\/li>\n\n            \n    <\/ul>\n\n    \n\n        <!-- Description -->\n        <div class=\"gs-member-desc gs-team--scrollbar\" itemprop=\"description\"><p>Ingeniero Agr\u00f3nomo en Recursos Naturales Renovables, (Universidad de San Carlos de Guatemala).\u00a0 Especialista en Sistemas de Informaci\u00f3n Geogr\u00e1fica, actualmente cursa la Maestr\u00eda en ciencias de la Geom\u00e1tica.\u00a0 Mas de 12 a\u00f1os de experiencia en establecer mecanismos para la estimaci\u00f3n de gases de efecto invernadero en \u00e1reas de restauraci\u00f3n, elaborar planes de mitigaci\u00f3n y monitoreo ambiental.\u00a0 Adem\u00e1s de desarrollar estrategias para la gesti\u00f3n, evaluaci\u00f3n y mitigaci\u00f3n de los efectos del cambio clim\u00e1tico.<\/p>\n<\/div>\n        \n        <!-- Skills -->\n        \n    <\/div>\n\n    <\/div>\n<\/div>\n\t\t\t<\/div>\n\n\t\t\n\t\t\t<!-- Start single member -->\n\t\t\t<div class=\"single-member-div gs-col-lg-3 gs-col-md-4 gs-col-sm-6 gs-col-xs-12 single-member-pop cbp-so-section\">\n\n\t\t\t\t<!-- Sehema & Single member wrapper -->\n\t\t\t\t<div class=\"single-member--wrapper\" itemscope itemtype=\"http:\/\/schema.org\/Organization\">\n\n\t\t\t\t\t<!-- Single member thumbnail and more -->\n\t\t\t\t\t<div class=\"single-member cbp-so-side cbp-so-side-left\">\n\n\t\t\t\t\t\t<div class=\"gs-team-member--zip-codes\" style=\"display:none!important\"><\/div>\n\t\t\t\t\t\t<!-- Ribbon -->\n\t\t\t\t\t\t\t\t\t\t\t\t\n\t\t\t\t\t\t<!-- Team Image -->\n\t\t\t\t\t\t<div class=\"gs_team_image__wrapper\">\n\t\t\t\t\t\t\t<img decoding=\"async\" width=\"225\" height=\"300\" src=\"https:\/\/www.catie.ac.cr\/wp-content\/uploads\/2025\/08\/Katrin-Jeanneth-Garcia-Altan-1-225x300.jpg\" class=\"gs_team_member--image wp-post-image\" alt=\"Katrin Jeanneth Garc\u00eda Alt\u00e1n\" \/>\t\t\t\t\t\t<\/div>\n\t\t\t\t\t\t\t\t\t\t\t\t\n\t\t\t\t\t\t<!-- Description & Social Links -->\n\t\t\t\t\t\t<div class=\"single-mem-desc-social flex-align-justify-center\">\n\n\t\t\t\t\t\t\t<div class=\"single-mem-desc-social--inner gs_member_info\">\n\t\t\t\t\t\t\t\t\n\t\t\t\t\t\t\t\t<!-- Description -->\n\t\t\t\t\t\t\t\t\t\t\t\t\t\t\t\t\t\t\t\t\t\t\t\t\t\t\t<p class=\"gs-member-desc\" itemprop=\"description\">Licenciatura en Contadur\u00eda P\u00fablica y Auditoria (URL). M\u00e1s de 7 a\u00f1os de experiencia en el manejo de p...<a class=\"gs_team_pop open-popup-link\" data-mfp-src=\"#gs_team_popup_36604_9\" href=\"\/en\/void(0)\/\" data-theme=\"gs-team-popup--default\">More<\/a><\/p>\n\t\t\t\t\t\t\t\t\t\t\t\t\t\t\t\t\t\t\t\t\t\t\t\t\t\t\t\t\t\t\t\t\t\t\t\n\t\t\t\t\t\t\t\t<!-- Social Links -->\n\t\t\t\t\t\t\t\t\n    <ul class=\"gs-team-social\">\n\n    \n        <li>\n            <a class=\"envelope\" href=\"mailto:Katrin.Garcia@catie.ac.cr\" target=\"_blank\" itemprop=\"sameAs\"><i class=\"far fa-envelope\"><\/i><\/a>        <\/li>\n\n            \n    <\/ul>\n\n    \n\n\t\t\t\t\t\t\t<\/div>\n\n\t\t\t\t\t\t<\/div>\n\n\t\t\t\t\t\t\t\t\t\t\t\t\n\t\t\t\t\t<\/div>\n\n\t\t\t\t\t<!-- Single member name -->\n\t\t\t\t\t\t\t\t\t\t\t<div class=\"gs-member-name\"><a class=\"gs_team_pop open-popup-link\" data-mfp-src=\"#gs_team_popup_36604_9\" data-theme=\"gs-team-popup--default\" href=\"\/en\/void(0)\/\">Katrin Jeanneth Garc\u00eda Alt\u00e1n<\/a><\/div>\t\t\t\t\t\t\t\t\t\t\t\t\t\t\t\t\n\t\t\t\t\t<!-- Single member designation -->\n\t\t\t\t\t\t\t\t\t\t\t<div class=\"gs-member-desig\" itemprop=\"jobtitle\">Licenciatura en Contadur\u00eda P\u00fablica y Auditoria<\/div>\n\t\t\t\t\t\t\t\t\t\t\t\n\t\t\t\t<\/div>\n\t\t\t\t\n\t\t\t\t<!-- Popup -->\n\t\t\t\t\n<div id=\"gs_team_popup_36604_9\" class=\"gs_team_popup_shortcode_9 white-popup mfp-hide mfp-with-anim gs_team_popup default\">\n    <div class=\"mfp-content--container\">\n        \n    <div class=\"gs_team_popup_left__wrapper\">\n    \n        <!-- Team Image -->\n        <div class=\"gs_team_popup_img\">\n            <img decoding=\"async\" width=\"225\" height=\"300\" src=\"https:\/\/www.catie.ac.cr\/wp-content\/uploads\/2025\/08\/Katrin-Jeanneth-Garcia-Altan-1-225x300.jpg\" class=\"gs_team_member--image wp-post-image\" alt=\"Katrin Jeanneth Garc\u00eda Alt\u00e1n\" \/>                    <\/div>\n\n        <!-- Meta Details -->\n        \n<div class=\"gstm-details\">\n    \n    \n    \n    \n    \n    \n    \n    \n    \n    \n    \n    \n    \n    \n    \n        \n<\/div>\n\n\n    <\/div>\n\n    <div class=\"gs_team_popup_details gs-tm-sicons\">\n        \n        <!-- Single member name -->\n        <h2 class=\"gs-member-name\">Katrin Jeanneth Garc\u00eda Alt\u00e1n<\/h2>        \n        <!-- Single member designation -->\n                    <div class=\"gs-member-desig\" itemprop=\"jobtitle\">Licenciatura en Contadur\u00eda P\u00fablica y Auditoria<\/div>\n                    \n        <!-- Social Links -->\n        \n    <ul class=\"gs-team-social\">\n\n    \n        <li>\n            <a class=\"envelope\" href=\"mailto:Katrin.Garcia@catie.ac.cr\" target=\"_blank\" itemprop=\"sameAs\"><i class=\"far fa-envelope\"><\/i><\/a>        <\/li>\n\n            \n    <\/ul>\n\n    \n\n        <!-- Description -->\n        <div class=\"gs-member-desc gs-team--scrollbar\" itemprop=\"description\"><p>Licenciatura en Contadur\u00eda P\u00fablica y Auditoria (URL). M\u00e1s de 7 a\u00f1os de experiencia en el manejo de presupuestos, monitoreo y ejecuci\u00f3n Financiera de Proyectos como emergencia, as\u00ed como la coordinaci\u00f3n de Cuentas por Pagar.<\/p>\n<\/div>\n        \n        <!-- Skills -->\n        \n    <\/div>\n\n    <\/div>\n<\/div>\n\t\t\t<\/div>\n\n\t\t\n\t\t\n\t\t\n\t<\/div>\n\n\t<!-- Pagination -->\n\t\n<\/div>\t\n\t\t<\/div>\n\t\t\n\t\t<style>#gs_team_area_9 .gs-member-name,#gs_team_area_9 .gs-member-name a{font-size:16px}#gs_team_area_9 .gs-member-name,#gs_team_area_9 .gs-member-name a{font-weight:600}#gs_team_area_9 .gs-member-desig{font-size:12px}#gs_team_area_9 .gs-member-desig{font-weight:500}#gs_team_area_9 .gs-team-filter-cats{text-align:center}<\/style>\t\t\t\t<\/div>\n\t\t\t\t<\/div>\n\t\t\t\t\t<\/div>\n\t\t<\/div>\n\t\t\t\t\t<\/div>\n\t\t<\/section>\n\t\t\t\t<section class=\"elementor-section elementor-top-section elementor-element elementor-element-6c22d27 elementor-section-boxed elementor-section-height-default elementor-section-height-default\" data-id=\"6c22d27\" data-element_type=\"section\">\n\t\t\t\t\t\t<div class=\"elementor-container elementor-column-gap-default\">\n\t\t\t\t\t<div class=\"elementor-column elementor-col-100 elementor-top-column elementor-element elementor-element-14efed7\" data-id=\"14efed7\" data-element_type=\"column\">\n\t\t\t<div class=\"elementor-widget-wrap elementor-element-populated\">\n\t\t\t\t\t\t\t<\/div>\n\t\t<\/div>\n\t\t\t\t\t<\/div>\n\t\t<\/section>\n\t\t\t\t<\/div>","protected":false},"excerpt":{"rendered":"<p>Desarrollo del Primer Informe Bienal de Transparencia, la Cuarta Comunicaci\u00f3n Nacional y el Segundo Informe Bienal de Transparencia como Informe Combinado Bajo la CMNUCC (1BTR y 4NC\/2BTR) Marzo de 2025 a marzo de 2029 Objetivo Objetivo general: Permitir a Guatemala preparar y presentar su 1BTR y 2BTR\/4NC como informe combinado y cumplir con sus obligaciones de presentaci\u00f3n de informes bajo la CMNUCC y el Acuerdo de Par\u00eds Documentos Ficha t\u00e9cnica Documento del proyecto Enlaces estrat\u00e9gicos Equipo del Proyecto Ingeniero Agr\u00f3nomo en Recursos Naturales Renovables, (Universidad de San Carlos de Guatemala).\u00a0 Espe&#8230;More Jos\u00e9 Roberto Mart\u00ednez Herrera Especialista en Sistemas de Informaci\u00f3n Geogr\u00e1fica Jos\u00e9 Roberto Mart\u00ednez Herrera Especialista en Sistemas de Informaci\u00f3n Geogr\u00e1fica Ingeniero Agr\u00f3nomo en Recursos Naturales Renovables, (Universidad de San Carlos de Guatemala).\u00a0 Especialista en Sistemas de Informaci\u00f3n Geogr\u00e1fica, actualmente cursa la Maestr\u00eda en ciencias de la Geom\u00e1tica.\u00a0 Mas de 12 a\u00f1os de experiencia en establecer mecanismos para la estimaci\u00f3n &hellip; <\/p>","protected":false},"author":8,"featured_media":0,"parent":10287,"menu_order":0,"comment_status":"closed","ping_status":"closed","template":"","meta":{"_bbp_topic_count":0,"_bbp_reply_count":0,"_bbp_total_topic_count":0,"_bbp_total_reply_count":0,"_bbp_voice_count":0,"_bbp_anonymous_reply_count":0,"_bbp_topic_count_hidden":0,"_bbp_reply_count_hidden":0,"_bbp_forum_subforum_count":0,"pmpro_default_level":"","_monsterinsights_skip_tracking":false,"_monsterinsights_sitenote_active":false,"_monsterinsights_sitenote_note":"","_monsterinsights_sitenote_category":0,"_uf_show_specific_survey":0,"_uf_disable_surveys":false,"footnotes":""},"class_list":["post-36586","page","type-page","status-publish","hentry","pmpro-has-access"],"_links":{"self":[{"href":"https:\/\/www.catie.ac.cr\/en\/wp-json\/wp\/v2\/pages\/36586","targetHints":{"allow":["GET"]}}],"collection":[{"href":"https:\/\/www.catie.ac.cr\/en\/wp-json\/wp\/v2\/pages"}],"about":[{"href":"https:\/\/www.catie.ac.cr\/en\/wp-json\/wp\/v2\/types\/page"}],"author":[{"embeddable":true,"href":"https:\/\/www.catie.ac.cr\/en\/wp-json\/wp\/v2\/users\/8"}],"replies":[{"embeddable":true,"href":"https:\/\/www.catie.ac.cr\/en\/wp-json\/wp\/v2\/comments?post=36586"}],"version-history":[{"count":23,"href":"https:\/\/www.catie.ac.cr\/en\/wp-json\/wp\/v2\/pages\/36586\/revisions"}],"predecessor-version":[{"id":36621,"href":"https:\/\/www.catie.ac.cr\/en\/wp-json\/wp\/v2\/pages\/36586\/revisions\/36621"}],"up":[{"embeddable":true,"href":"https:\/\/www.catie.ac.cr\/en\/wp-json\/wp\/v2\/pages\/10287"}],"wp:attachment":[{"href":"https:\/\/www.catie.ac.cr\/en\/wp-json\/wp\/v2\/media?parent=36586"}],"curies":[{"name":"wp","href":"https:\/\/api.w.org\/{rel}","templated":true}]}}