{"id":8949,"date":"2021-04-15T16:57:53","date_gmt":"2021-04-15T22:57:53","guid":{"rendered":"http:\/\/45.77.187.143\/?page_id=8949"},"modified":"2024-05-30T14:39:23","modified_gmt":"2024-05-30T20:39:23","slug":"noticias","status":"publish","type":"page","link":"https:\/\/www.catie.ac.cr\/en\/noticias\/","title":{"rendered":"News"},"content":{"rendered":"<div data-elementor-type=\"wp-page\" data-elementor-id=\"8949\" class=\"elementor elementor-8949\" data-elementor-post-type=\"page\">\n\t\t\t\t\t\t<section class=\"elementor-section elementor-top-section elementor-element elementor-element-fb98212 elementor-section-boxed elementor-section-height-default elementor-section-height-default\" data-id=\"fb98212\" data-element_type=\"section\">\n\t\t\t\t\t\t<div class=\"elementor-container elementor-column-gap-default\">\n\t\t\t\t\t<div class=\"elementor-column elementor-col-100 elementor-top-column elementor-element elementor-element-31229a9\" data-id=\"31229a9\" data-element_type=\"column\">\n\t\t\t<div class=\"elementor-widget-wrap elementor-element-populated\">\n\t\t\t\t\t\t<div class=\"elementor-element elementor-element-f482c47 elementor-widget elementor-widget-thim-carousel-post\" data-id=\"f482c47\" data-element_type=\"widget\" data-widget_type=\"thim-carousel-post.default\">\n\t\t\t\t<div class=\"elementor-widget-container\">\n\t\t\t\t\t\t<div class=\"thim-owl-carousel-post thim-carousel-wrapper\" data-visible=\"4\"\n\t     data-pagination=\"0\" data-navigation=\"1\" data-autoplay=\"0\">\n\t\t\t\t\t<div class=\"item\">\n\t\t\t\t\t\t\t\t<div class=\"image\">\n\t\t\t\t\t<a href=\"https:\/\/www.catie.ac.cr\/en\/2026\/04\/23\/director-general-del-catie-expone-sobre-el-impacto-del-tr4-en-acorbat-2026\/\">\n\t\t\t\t\t\t<img fetchpriority=\"high\" decoding=\"async\" src=\"https:\/\/www.catie.ac.cr\/wp-content\/uploads\/2026\/04\/TR4-1-450x267.jpg\" alt=\"Director General del CATIE expone sobre el impacto del TR4 en ACORBAT 2026\" title=\"TR4-1\"  width=\"450\" height=\"267\">\t\t\t\t\t<\/a>\n\t\t\t\t<\/div>\n\t\t\t\t<div class=\"content\">\n\t\t\t\t\t<div class=\"info\">\n\t\t\t\t\t\t<div class=\"author\">\n\t\t\t\t\t\t\t<span>Esteban Rodr\u00edguez Zamora<\/span>\t\t\t\t\t\t<\/div>\n\t\t\t\t\t\t<div class=\"date\">\n\t\t\t\t\t\t\t23 April, 2026\t\t\t\t\t\t<\/div>\n\t\t\t\t\t<\/div>\n\t\t\t\t\t<h4 class=\"title\">\n\t\t\t\t\t\t<a href=\"https:\/\/www.catie.ac.cr\/en\/2026\/04\/23\/director-general-del-catie-expone-sobre-el-impacto-del-tr4-en-acorbat-2026\/\">CATIE Director General presents on the impact of TR4 at ACORBAT 2026<\/a>\n\t\t\t\t\t<\/h4>\n\t\t\t\t\t<div class=\"desc\">\n\t\t\t\t\t\t<p>El director general del CATIE (Centro Agron\u00f3mico Tropical de Investigaci\u00f3n y Ense\u00f1anza), Dr. Luis E. Pocasangre, particip\u00f3 como conferencista en la LX Reuni\u00f3n de la Asociaci\u00f3n para la Cooperaci\u00f3n en la Investigaci\u00f3n y el Desarrollo Integral de las Mus\u00e1ceas...<\/p>\t\t\t\t\t<\/div>\n\t\t\t\t<\/div>\n\t\t\t<\/div>\n\t\t\t\t\t\t<div class=\"item\">\n\t\t\t\t\t\t\t\t<div class=\"image\">\n\t\t\t\t\t<a href=\"https:\/\/www.catie.ac.cr\/en\/2026\/04\/22\/catie-avanza-en-ciclo-de-actualizacion-en-analisis-de-datos-para-la-investigacion-agricola-tropical\/\">\n\t\t\t\t\t\t<img decoding=\"async\" src=\"https:\/\/www.catie.ac.cr\/wp-content\/uploads\/2026\/04\/analisis-datos-1-450x267.jpg\" alt=\"CATIE avanza en ciclo de actualizaci\u00f3n en an\u00e1lisis de datos para la investigaci\u00f3n agr\u00edcola tropical\" title=\"analisis-datos-1\"  width=\"450\" height=\"267\">\t\t\t\t\t<\/a>\n\t\t\t\t<\/div>\n\t\t\t\t<div class=\"content\">\n\t\t\t\t\t<div class=\"info\">\n\t\t\t\t\t\t<div class=\"author\">\n\t\t\t\t\t\t\t<span>Esteban Rodr\u00edguez Zamora<\/span>\t\t\t\t\t\t<\/div>\n\t\t\t\t\t\t<div class=\"date\">\n\t\t\t\t\t\t\t22 April, 2026\t\t\t\t\t\t<\/div>\n\t\t\t\t\t<\/div>\n\t\t\t\t\t<h4 class=\"title\">\n\t\t\t\t\t\t<a href=\"https:\/\/www.catie.ac.cr\/en\/2026\/04\/22\/catie-avanza-en-ciclo-de-actualizacion-en-analisis-de-datos-para-la-investigacion-agricola-tropical\/\">CATIE advances its technical update series in data analysis for tropical agricultural research<\/a>\n\t\t\t\t\t<\/h4>\n\t\t\t\t\t<div class=\"desc\">\n\t\t\t\t\t\t<p>El viernes 17 de abril se realiz\u00f3 la segunda charla del ciclo de actualizaci\u00f3n t\u00e9cnica en an\u00e1lisis de datos para la investigaci\u00f3n agr\u00edcola tropical, organizado por el \u00e1rea de Bioestad\u00edstica del CATIE (Centro Agron\u00f3mico Tropical de Investigaci\u00f3n y Ense\u00f1anza)....<\/p>\t\t\t\t\t<\/div>\n\t\t\t\t<\/div>\n\t\t\t<\/div>\n\t\t\t\t\t\t<div class=\"item\">\n\t\t\t\t\t\t\t\t<div class=\"image\">\n\t\t\t\t\t<a href=\"https:\/\/www.catie.ac.cr\/en\/2026\/04\/22\/dialogo-multisectorial-impulsa-hoja-de-ruta-para-reducir-pesticidas-en-el-cafe-costarricense\/\">\n\t\t\t\t\t\t<img decoding=\"async\" src=\"https:\/\/www.catie.ac.cr\/wp-content\/uploads\/2026\/04\/IMG_9888-ae-450x267.jpg\" alt=\"Di\u00e1logo multisectorial impulsa hoja de ruta para reducir pesticidas en el caf\u00e9 costarricense\" title=\"IMG_9888 ae\"  width=\"450\" height=\"267\">\t\t\t\t\t<\/a>\n\t\t\t\t<\/div>\n\t\t\t\t<div class=\"content\">\n\t\t\t\t\t<div class=\"info\">\n\t\t\t\t\t\t<div class=\"author\">\n\t\t\t\t\t\t\t<span>Karla Madrigal P.<\/span>\t\t\t\t\t\t<\/div>\n\t\t\t\t\t\t<div class=\"date\">\n\t\t\t\t\t\t\t22 April, 2026\t\t\t\t\t\t<\/div>\n\t\t\t\t\t<\/div>\n\t\t\t\t\t<h4 class=\"title\">\n\t\t\t\t\t\t<a href=\"https:\/\/www.catie.ac.cr\/en\/2026\/04\/22\/dialogo-multisectorial-impulsa-hoja-de-ruta-para-reducir-pesticidas-en-el-cafe-costarricense\/\">Multisectoral dialogue drives roadmap to reduce pesticide use in Costa Rican coffee<\/a>\n\t\t\t\t\t<\/h4>\n\t\t\t\t\t<div class=\"desc\">\n\t\t\t\t\t\t<p>El cultivo de caf\u00e9 en Costa Rica dio un paso importante hacia la sostenibilidad con la realizaci\u00f3n de un taller participativo del 14 al 16 de abril 2026, que reuni\u00f3 a m\u00e1s de 40 representantes de 20 instituciones p\u00fablicas,...<\/p>\t\t\t\t\t<\/div>\n\t\t\t\t<\/div>\n\t\t\t<\/div>\n\t\t\t\t\t\t<div class=\"item\">\n\t\t\t\t\t\t\t\t<div class=\"image\">\n\t\t\t\t\t<a href=\"https:\/\/www.catie.ac.cr\/en\/2026\/04\/22\/facilitadores-impulsan-la-ganaderia-sostenible-mediante-el-uso-de-drones-en-honduras\/\">\n\t\t\t\t\t\t<img loading=\"lazy\" decoding=\"async\" src=\"https:\/\/www.catie.ac.cr\/wp-content\/uploads\/2026\/04\/drones-honduras1-450x267.jpg\" alt=\"Facilitadores impulsan la ganader\u00eda sostenible mediante el uso de drones en Honduras\" title=\"drones-honduras1\"  width=\"450\" height=\"267\">\t\t\t\t\t<\/a>\n\t\t\t\t<\/div>\n\t\t\t\t<div class=\"content\">\n\t\t\t\t\t<div class=\"info\">\n\t\t\t\t\t\t<div class=\"author\">\n\t\t\t\t\t\t\t<span>Oficina Comunicaci\u00f3n<\/span>\t\t\t\t\t\t<\/div>\n\t\t\t\t\t\t<div class=\"date\">\n\t\t\t\t\t\t\t22 April, 2026\t\t\t\t\t\t<\/div>\n\t\t\t\t\t<\/div>\n\t\t\t\t\t<h4 class=\"title\">\n\t\t\t\t\t\t<a href=\"https:\/\/www.catie.ac.cr\/en\/2026\/04\/22\/facilitadores-impulsan-la-ganaderia-sostenible-mediante-el-uso-de-drones-en-honduras\/\">Facilitators promote sustainable livestock farming through the use of drones in Honduras<\/a>\n\t\t\t\t\t<\/h4>\n\t\t\t\t\t<div class=\"desc\">\n\t\t\t\t\t\t<p>En un contexto donde la innovaci\u00f3n tecnol\u00f3gica es clave para enfrentar los desaf\u00edos del sector agropecuario, el proyecto Transformando el sector ganadero hondure\u00f1o en una econom\u00eda baja en carbono (MAF-Ganader\u00eda-HN) da un paso firme hacia la modernizaci\u00f3n del monitoreo...<\/p>\t\t\t\t\t<\/div>\n\t\t\t\t<\/div>\n\t\t\t<\/div>\n\t\t\t\t\t\t<div class=\"item\">\n\t\t\t\t\t\t\t\t<div class=\"image\">\n\t\t\t\t\t<a href=\"https:\/\/www.catie.ac.cr\/en\/2026\/04\/22\/conservacion-osa-y-activa-catie-impulsan-negocios-en-fila-costena-con-impacto-ambiental-economico-y-social\/\">\n\t\t\t\t\t\t<img loading=\"lazy\" decoding=\"async\" src=\"https:\/\/www.catie.ac.cr\/wp-content\/uploads\/2026\/04\/Conservacion-Osa-Activa1-450x267.jpg\" alt=\"Conservaci\u00f3n Osa y Activa-CATIE impulsan negocios en fila coste\u00f1a con impacto ambiental, econ\u00f3mico y social\" title=\"Conservacion-Osa-Activa1\"  width=\"450\" height=\"267\">\t\t\t\t\t<\/a>\n\t\t\t\t<\/div>\n\t\t\t\t<div class=\"content\">\n\t\t\t\t\t<div class=\"info\">\n\t\t\t\t\t\t<div class=\"author\">\n\t\t\t\t\t\t\t<span>Oficina Comunicaci\u00f3n<\/span>\t\t\t\t\t\t<\/div>\n\t\t\t\t\t\t<div class=\"date\">\n\t\t\t\t\t\t\t22 April, 2026\t\t\t\t\t\t<\/div>\n\t\t\t\t\t<\/div>\n\t\t\t\t\t<h4 class=\"title\">\n\t\t\t\t\t\t<a href=\"https:\/\/www.catie.ac.cr\/en\/2026\/04\/22\/conservacion-osa-y-activa-catie-impulsan-negocios-en-fila-costena-con-impacto-ambiental-economico-y-social\/\">Conservaci\u00f3n Osa and Activa-CATIE promote businesses in the Fila Coste\u00f1a with environmental, economic, and social impact<\/a>\n\t\t\t\t\t<\/h4>\n\t\t\t\t\t<div class=\"desc\">\n\t\t\t\t\t\t<p>Por medio de un proceso de capacitaci\u00f3n liderado por el Laboratorio de Innovaci\u00f3n y Emprendimiento: Activa del CATIE (Centro Agron\u00f3mico Tropical de Investigaci\u00f3n y Ense\u00f1anza), en alianza con la Asociaci\u00f3n Conservaci\u00f3n Osa, actores locales fortalecen sus capacidades para mejorar...<\/p>\t\t\t\t\t<\/div>\n\t\t\t\t<\/div>\n\t\t\t<\/div>\n\t\t\t\t\t\t<div class=\"item\">\n\t\t\t\t\t\t\t\t<div class=\"image\">\n\t\t\t\t\t<a href=\"https:\/\/www.catie.ac.cr\/en\/2026\/04\/22\/bio-emprende-trifinio-impulsa-15-emprendimientos-sostenibles-para-fortalecer-medios-de-vida-y-promover-soluciones-basadas-en-la-naturaleza-en-la-region\/\">\n\t\t\t\t\t\t<img loading=\"lazy\" decoding=\"async\" src=\"https:\/\/www.catie.ac.cr\/wp-content\/uploads\/2026\/04\/BIO-EMPRENDE-1-450x267.jpg\" alt=\"BIO EMPRENDE TRIFINIO impulsa 15 emprendimientos sostenibles para fortalecer medios de vida y promover soluciones basadas en la naturaleza en la regi\u00f3n\" title=\"BIO-EMPRENDE-1\"  width=\"450\" height=\"267\">\t\t\t\t\t<\/a>\n\t\t\t\t<\/div>\n\t\t\t\t<div class=\"content\">\n\t\t\t\t\t<div class=\"info\">\n\t\t\t\t\t\t<div class=\"author\">\n\t\t\t\t\t\t\t<span>Karla Salazar Leiva<\/span>\t\t\t\t\t\t<\/div>\n\t\t\t\t\t\t<div class=\"date\">\n\t\t\t\t\t\t\t22 April, 2026\t\t\t\t\t\t<\/div>\n\t\t\t\t\t<\/div>\n\t\t\t\t\t<h4 class=\"title\">\n\t\t\t\t\t\t<a href=\"https:\/\/www.catie.ac.cr\/en\/2026\/04\/22\/bio-emprende-trifinio-impulsa-15-emprendimientos-sostenibles-para-fortalecer-medios-de-vida-y-promover-soluciones-basadas-en-la-naturaleza-en-la-region\/\">BIO EMPRENDE TRIFINIO boosts 15 sustainable enterprises to strengthen livelihoods and promote nature-based solutions in the region<\/a>\n\t\t\t\t\t<\/h4>\n\t\t\t\t\t<div class=\"desc\">\n\t\t\t\t\t\t<p>En el marco del proyecto Paisajes Resilientes y Biodiversos del Norte de Mesoam\u00e9rica, el CATIE (Centro Agron\u00f3mico Tropical de Investigaci\u00f3n y Ense\u00f1anza), a trav\u00e9s de su laboratorio de innovaci\u00f3n y emprendimientos Activa, concluy\u00f3 el proceso de convocatoria, evaluaci\u00f3n y...<\/p>\t\t\t\t\t<\/div>\n\t\t\t\t<\/div>\n\t\t\t<\/div>\n\t\t\t\t\t\t<div class=\"item\">\n\t\t\t\t\t\t\t\t<div class=\"image\">\n\t\t\t\t\t<a href=\"https:\/\/www.catie.ac.cr\/en\/2026\/04\/22\/dialogo-territorial-impulsa-soluciones-climaticas-desde-comunidades-indigenas-en-panama\/\">\n\t\t\t\t\t\t<img loading=\"lazy\" decoding=\"async\" src=\"https:\/\/www.catie.ac.cr\/wp-content\/uploads\/2026\/04\/indigenas-panama1-1-450x267.jpg\" alt=\"Di\u00e1logo territorial impulsa soluciones clim\u00e1ticas desde comunidades ind\u00edgenas en Panam\u00e1\" title=\"indigenas-panama1\"  width=\"450\" height=\"267\">\t\t\t\t\t<\/a>\n\t\t\t\t<\/div>\n\t\t\t\t<div class=\"content\">\n\t\t\t\t\t<div class=\"info\">\n\t\t\t\t\t\t<div class=\"author\">\n\t\t\t\t\t\t\t<span>Oficina Comunicaci\u00f3n<\/span>\t\t\t\t\t\t<\/div>\n\t\t\t\t\t\t<div class=\"date\">\n\t\t\t\t\t\t\t22 April, 2026\t\t\t\t\t\t<\/div>\n\t\t\t\t\t<\/div>\n\t\t\t\t\t<h4 class=\"title\">\n\t\t\t\t\t\t<a href=\"https:\/\/www.catie.ac.cr\/en\/2026\/04\/22\/dialogo-territorial-impulsa-soluciones-climaticas-desde-comunidades-indigenas-en-panama\/\">Territorial dialogue drives climate solutions from Indigenous communities in Panama<\/a>\n\t\t\t\t\t<\/h4>\n\t\t\t\t\t<div class=\"desc\">\n\t\t\t\t\t\t<p>Con el objetivo de reflexionar sobre el cambio clim\u00e1tico y fortalecer las respuestas desde los territorios ind\u00edgenas, se llev\u00f3 a cabo el primer di\u00e1logo&nbsp;territorial \u201cConstruyendo soluciones clim\u00e1ticas locales desde el territorio\u201d, el d\u00eda 31 de marzo de 2026, en...<\/p>\t\t\t\t\t<\/div>\n\t\t\t\t<\/div>\n\t\t\t<\/div>\n\t\t\t\t\t\t<div class=\"item\">\n\t\t\t\t\t\t\t\t<div class=\"image\">\n\t\t\t\t\t<a href=\"https:\/\/www.catie.ac.cr\/en\/2026\/04\/13\/gira-a-emprendimientos-apoyados-por-activa-catie-evidencia-avances-del-capital-semilla-en-territorios-rurales\/\">\n\t\t\t\t\t\t<img loading=\"lazy\" decoding=\"async\" src=\"https:\/\/www.catie.ac.cr\/wp-content\/uploads\/2026\/04\/Gira-Activa1-450x267.jpg\" alt=\"Gira a emprendimientos apoyados por Activa-CATIE evidencia avances del capital semilla en territorios rurales\" title=\"Gira-Activa1\"  width=\"450\" height=\"267\">\t\t\t\t\t<\/a>\n\t\t\t\t<\/div>\n\t\t\t\t<div class=\"content\">\n\t\t\t\t\t<div class=\"info\">\n\t\t\t\t\t\t<div class=\"author\">\n\t\t\t\t\t\t\t<span>Esteban Rodr\u00edguez Zamora<\/span>\t\t\t\t\t\t<\/div>\n\t\t\t\t\t\t<div class=\"date\">\n\t\t\t\t\t\t\t13 April, 2026\t\t\t\t\t\t<\/div>\n\t\t\t\t\t<\/div>\n\t\t\t\t\t<h4 class=\"title\">\n\t\t\t\t\t\t<a href=\"https:\/\/www.catie.ac.cr\/en\/2026\/04\/13\/gira-a-emprendimientos-apoyados-por-activa-catie-evidencia-avances-del-capital-semilla-en-territorios-rurales\/\">Tour of enterprises supported by Activa-CATIE highlights progress of seed capital in rural territories<\/a>\n\t\t\t\t\t<\/h4>\n\t\t\t\t\t<div class=\"desc\">\n\t\t\t\t\t\t<p>Emprendimientos incubados por el Laboratorio de Innovaci\u00f3n y Emprendimiento: Activa del CATIE (Centro Agron\u00f3mico Tropical de Investigaci\u00f3n y Ense\u00f1anza) y beneficiados con recursos de capital semilla provistos por el Sistema de Banca para el Desarrollo (SBD), recibieron la visita...<\/p>\t\t\t\t\t<\/div>\n\t\t\t\t<\/div>\n\t\t\t<\/div>\n\t\t\t\t\t\t<div class=\"item\">\n\t\t\t\t\t\t\t\t<div class=\"image\">\n\t\t\t\t\t<a href=\"https:\/\/www.catie.ac.cr\/en\/2026\/04\/10\/catie-da-inicio-a-diplomado-iagros-con-participacion-de-profesionales-de-america-latina\/\">\n\t\t\t\t\t\t<img loading=\"lazy\" decoding=\"async\" src=\"https:\/\/www.catie.ac.cr\/wp-content\/uploads\/2026\/04\/CATIE-da-inicio-a-Diplomado-IAgros1-450x267.jpg\" alt=\"CATIE da inicio a Diplomado IAgros con participaci\u00f3n de profesionales de Am\u00e9rica Latina\" title=\"CATIE-da-inicio-a-Diplomado-IAgros1\"  width=\"450\" height=\"267\">\t\t\t\t\t<\/a>\n\t\t\t\t<\/div>\n\t\t\t\t<div class=\"content\">\n\t\t\t\t\t<div class=\"info\">\n\t\t\t\t\t\t<div class=\"author\">\n\t\t\t\t\t\t\t<span>Karla Madrigal P.<\/span>\t\t\t\t\t\t<\/div>\n\t\t\t\t\t\t<div class=\"date\">\n\t\t\t\t\t\t\t10 April, 2026\t\t\t\t\t\t<\/div>\n\t\t\t\t\t<\/div>\n\t\t\t\t\t<h4 class=\"title\">\n\t\t\t\t\t\t<a href=\"https:\/\/www.catie.ac.cr\/en\/2026\/04\/10\/catie-da-inicio-a-diplomado-iagros-con-participacion-de-profesionales-de-america-latina\/\">CATIE launches IAgros Diploma Program with participation from professionals across Latin America<\/a>\n\t\t\t\t\t<\/h4>\n\t\t\t\t\t<div class=\"desc\">\n\t\t\t\t\t\t<p>El CATIE (Centro Agron\u00f3mico Tropical de Investigaci\u00f3n y Ense\u00f1anza) dio inicio a su primer edici\u00f3n del Diplomado Internacional en Innovaci\u00f3n en Agronegocios Sostenibles (IAgros), una nueva apuesta educativa orientada a fortalecer las competencias en innovaci\u00f3n, sostenibilidad y desarrollo de...<\/p>\t\t\t\t\t<\/div>\n\t\t\t\t<\/div>\n\t\t\t<\/div>\n\t\t\t\t\t\t<div class=\"item\">\n\t\t\t\t\t\t\t\t<div class=\"image\">\n\t\t\t\t\t<a href=\"https:\/\/www.catie.ac.cr\/en\/2026\/04\/09\/todo-listo-para-la-feria-internacional-del-catie-este-18-y-19-de-abril\/\">\n\t\t\t\t\t\t<img loading=\"lazy\" decoding=\"async\" src=\"https:\/\/www.catie.ac.cr\/wp-content\/uploads\/2026\/04\/fERIA-2026-1-450x267.jpg\" alt=\"Todo listo para la Feria Internacional del CATIE este 18 y 19 de abril\" title=\"fERIA-2026-1\"  width=\"450\" height=\"267\">\t\t\t\t\t<\/a>\n\t\t\t\t<\/div>\n\t\t\t\t<div class=\"content\">\n\t\t\t\t\t<div class=\"info\">\n\t\t\t\t\t\t<div class=\"author\">\n\t\t\t\t\t\t\t<span>Esteban Rodr\u00edguez Zamora<\/span>\t\t\t\t\t\t<\/div>\n\t\t\t\t\t\t<div class=\"date\">\n\t\t\t\t\t\t\t9 April, 2026\t\t\t\t\t\t<\/div>\n\t\t\t\t\t<\/div>\n\t\t\t\t\t<h4 class=\"title\">\n\t\t\t\t\t\t<a href=\"https:\/\/www.catie.ac.cr\/en\/2026\/04\/09\/todo-listo-para-la-feria-internacional-del-catie-este-18-y-19-de-abril\/\">Everything Ready for the CATIE International Fair on April 18\u201319<\/a>\n\t\t\t\t\t<\/h4>\n\t\t\t\t\t<div class=\"desc\">\n\t\t\t\t\t\t<p>El CATIE (Centro Agron\u00f3mico Tropical de Investigaci\u00f3n y Ense\u00f1anza) anunci\u00f3 oficialmente la realizaci\u00f3n de la Feria Internacional del CATIE 2026, que se llevar\u00e1 a cabo los d\u00edas 18 y 19 de abril en su campus en Turrialba. Este evento,...<\/p>\t\t\t\t\t<\/div>\n\t\t\t\t<\/div>\n\t\t\t<\/div>\n\t\t\t\t\t\t<div class=\"item\">\n\t\t\t\t\t\t\t\t<div class=\"image\">\n\t\t\t\t\t<a href=\"https:\/\/www.catie.ac.cr\/en\/2026\/04\/07\/personas-jovenes-empresarias-de-la-region-trifinio-se-preparan-para-potenciar-y-acelerar-el-crecimiento-de-sus-negocios-rurales-sostenibles\/\">\n\t\t\t\t\t\t<img loading=\"lazy\" decoding=\"async\" src=\"https:\/\/www.catie.ac.cr\/wp-content\/uploads\/2026\/04\/Personas-jovenes-Trifinio1-450x267.jpg\" alt=\"Personas j\u00f3venes empresarias de la Regi\u00f3n Trifinio se preparan para potenciar y acelerar el crecimiento de sus negocios rurales sostenibles\" title=\"Personas-j\u00f3venes-Trifinio1\"  width=\"450\" height=\"267\">\t\t\t\t\t<\/a>\n\t\t\t\t<\/div>\n\t\t\t\t<div class=\"content\">\n\t\t\t\t\t<div class=\"info\">\n\t\t\t\t\t\t<div class=\"author\">\n\t\t\t\t\t\t\t<span>Karla Madrigal P.<\/span>\t\t\t\t\t\t<\/div>\n\t\t\t\t\t\t<div class=\"date\">\n\t\t\t\t\t\t\t7 April, 2026\t\t\t\t\t\t<\/div>\n\t\t\t\t\t<\/div>\n\t\t\t\t\t<h4 class=\"title\">\n\t\t\t\t\t\t<a href=\"https:\/\/www.catie.ac.cr\/en\/2026\/04\/07\/personas-jovenes-empresarias-de-la-region-trifinio-se-preparan-para-potenciar-y-acelerar-el-crecimiento-de-sus-negocios-rurales-sostenibles\/\">Young entrepreneurs from the Trifinio Region prepare to boost and accelerate the growth of their sustainable rural businesses<\/a>\n\t\t\t\t\t<\/h4>\n\t\t\t\t\t<div class=\"desc\">\n\t\t\t\t\t\t<p>La cuarta y \u00faltima convocatoria de ESCALAR-Juventud (2026) dio inicio y este a\u00f1o destaca por su \u00e9nfasis en la aceleraci\u00f3n de los emprendimientos a trav\u00e9s de estrategias innovadoras que les permitan alcanzar su m\u00e1ximo potencial. Bajo este contexto, el...<\/p>\t\t\t\t\t<\/div>\n\t\t\t\t<\/div>\n\t\t\t<\/div>\n\t\t\t\t\t\t<div class=\"item\">\n\t\t\t\t\t\t\t\t<div class=\"image\">\n\t\t\t\t\t<a href=\"https:\/\/www.catie.ac.cr\/en\/2026\/04\/06\/el-catie-biofin-y-semabicce-impulsan-el-fortalecimiento-de-la-ganaderia-sostenible-en-el-corredor-biologico-baalam-beh-campeche-mexico\/\">\n\t\t\t\t\t\t<img loading=\"lazy\" decoding=\"async\" src=\"https:\/\/www.catie.ac.cr\/wp-content\/uploads\/2026\/04\/ganaderia-sostenible1-450x267.jpg\" alt=\"El CATIE, BIOFIN y SEMABICCE impulsan el fortalecimiento de la ganader\u00eda sostenible en el corredor biol\u00f3gico B\u00e1alam Beh Campeche, Mexico\u00a0\" title=\"ganaderia-sostenible1\"  width=\"450\" height=\"267\">\t\t\t\t\t<\/a>\n\t\t\t\t<\/div>\n\t\t\t\t<div class=\"content\">\n\t\t\t\t\t<div class=\"info\">\n\t\t\t\t\t\t<div class=\"author\">\n\t\t\t\t\t\t\t<span>Karla Madrigal P.<\/span>\t\t\t\t\t\t<\/div>\n\t\t\t\t\t\t<div class=\"date\">\n\t\t\t\t\t\t\t6 April, 2026\t\t\t\t\t\t<\/div>\n\t\t\t\t\t<\/div>\n\t\t\t\t\t<h4 class=\"title\">\n\t\t\t\t\t\t<a href=\"https:\/\/www.catie.ac.cr\/en\/2026\/04\/06\/el-catie-biofin-y-semabicce-impulsan-el-fortalecimiento-de-la-ganaderia-sostenible-en-el-corredor-biologico-baalam-beh-campeche-mexico\/\">CATIE, BIOFIN and SEMABICCE promote the strengthening of sustainable livestock production in the B\u00e1alam Beh biological corridor, Campeche, Mexico\u00a0<\/a>\n\t\t\t\t\t<\/h4>\n\t\t\t\t\t<div class=\"desc\">\n\t\t\t\t\t\t<p>Estos talleres forman parte de la iniciativa \u201cImpulso al financiamiento y comercializaci\u00f3n de la ganader\u00eda sostenible en el corredor Balam Beh, Campeche, el cual es implementado por el CATIE con el apoyo financiero de BIOFIN, M\u00e9xico y bajo el...<\/p>\t\t\t\t\t<\/div>\n\t\t\t\t<\/div>\n\t\t\t<\/div>\n\t\t\t\t\t\t<div class=\"item\">\n\t\t\t\t\t\t\t\t<div class=\"image\">\n\t\t\t\t\t<a href=\"https:\/\/www.catie.ac.cr\/en\/2026\/03\/31\/proyecto-cienpinos-fortalece-alianzas-y-proyecta-sostenibilidad-antes-de-su-cierre-en-2026\/\">\n\t\t\t\t\t\t<img loading=\"lazy\" decoding=\"async\" src=\"https:\/\/www.catie.ac.cr\/wp-content\/uploads\/2026\/03\/CIENPINOS-Alianzas1-450x267.jpg\" alt=\"Proyecto CIENPINOS fortalece alianzas y proyecta sostenibilidad antes de su cierre en 2026\" title=\"CIENPINOS-Alianzas1\"  width=\"450\" height=\"267\">\t\t\t\t\t<\/a>\n\t\t\t\t<\/div>\n\t\t\t\t<div class=\"content\">\n\t\t\t\t\t<div class=\"info\">\n\t\t\t\t\t\t<div class=\"author\">\n\t\t\t\t\t\t\t<span>Oficina Comunicaci\u00f3n<\/span>\t\t\t\t\t\t<\/div>\n\t\t\t\t\t\t<div class=\"date\">\n\t\t\t\t\t\t\t31 March, 2026\t\t\t\t\t\t<\/div>\n\t\t\t\t\t<\/div>\n\t\t\t\t\t<h4 class=\"title\">\n\t\t\t\t\t\t<a href=\"https:\/\/www.catie.ac.cr\/en\/2026\/03\/31\/proyecto-cienpinos-fortalece-alianzas-y-proyecta-sostenibilidad-antes-de-su-cierre-en-2026\/\">CIENPINOS Project strengthens alliances and projects sustainability ahead of its closure in 2026<\/a>\n\t\t\t\t\t<\/h4>\n\t\t\t\t\t<div class=\"desc\">\n\t\t\t\t\t\t<p>Del 8 al 15 de marzo de 2026, una delegaci\u00f3n del proyecto CIENPINOS proveniente de Cuba realiz\u00f3 una misi\u00f3n de trabajo en Costa Rica, con el objetivo de consolidar alianzas estrat\u00e9gicas con el Centro Agron\u00f3mico Tropical de Investigaci\u00f3n y...<\/p>\t\t\t\t\t<\/div>\n\t\t\t\t<\/div>\n\t\t\t<\/div>\n\t\t\t\t\t\t<div class=\"item\">\n\t\t\t\t\t\t\t\t<div class=\"image\">\n\t\t\t\t\t<a href=\"https:\/\/www.catie.ac.cr\/en\/2026\/03\/31\/formacion-virtual-conecta-a-230-personas-de-america-latina-y-el-caribe\/\">\n\t\t\t\t\t\t<img loading=\"lazy\" decoding=\"async\" src=\"https:\/\/www.catie.ac.cr\/wp-content\/uploads\/2026\/03\/formacion-virtual-1-450x267.jpg\" alt=\"Formaci\u00f3n virtual conecta a 230 personas de Am\u00e9rica Latina y el Caribe\" title=\"formacion-virtual-1\"  width=\"450\" height=\"267\">\t\t\t\t\t<\/a>\n\t\t\t\t<\/div>\n\t\t\t\t<div class=\"content\">\n\t\t\t\t\t<div class=\"info\">\n\t\t\t\t\t\t<div class=\"author\">\n\t\t\t\t\t\t\t<span>Marianela Arguello L.<\/span>\t\t\t\t\t\t<\/div>\n\t\t\t\t\t\t<div class=\"date\">\n\t\t\t\t\t\t\t31 March, 2026\t\t\t\t\t\t<\/div>\n\t\t\t\t\t<\/div>\n\t\t\t\t\t<h4 class=\"title\">\n\t\t\t\t\t\t<a href=\"https:\/\/www.catie.ac.cr\/en\/2026\/03\/31\/formacion-virtual-conecta-a-230-personas-de-america-latina-y-el-caribe\/\">Virtual training connects 230 people from Latin America and the Caribbean<\/a>\n\t\t\t\t\t<\/h4>\n\t\t\t\t\t<div class=\"desc\">\n\t\t\t\t\t\t<p>El curso Desarrollo de Emprendimientos y Modelos de Negocio Sostenibles con enfoque en la Naturaleza concluy\u00f3 con \u00e9xito el pasado 18 de marzo, dejando una experiencia de aprendizaje significativa para 230 personas de 21 pa\u00edses, principalmente de Am\u00e9rica Latina...<\/p>\t\t\t\t\t<\/div>\n\t\t\t\t<\/div>\n\t\t\t<\/div>\n\t\t\t\t\t\t<div class=\"item\">\n\t\t\t\t\t\t\t\t<div class=\"image\">\n\t\t\t\t\t<a href=\"https:\/\/www.catie.ac.cr\/en\/2026\/03\/30\/catie-promueve-un-cambio-de-cultura-en-torno-al-uso-del-fuego-en-latinoamerica\/\">\n\t\t\t\t\t\t<img loading=\"lazy\" decoding=\"async\" src=\"https:\/\/www.catie.ac.cr\/wp-content\/uploads\/2026\/03\/uso-fuego1-450x267.jpg\" alt=\"CATIE promueve un cambio de cultura en torno al uso del fuego en Latinoam\u00e9rica\" title=\"uso-fuego1\"  width=\"450\" height=\"267\">\t\t\t\t\t<\/a>\n\t\t\t\t<\/div>\n\t\t\t\t<div class=\"content\">\n\t\t\t\t\t<div class=\"info\">\n\t\t\t\t\t\t<div class=\"author\">\n\t\t\t\t\t\t\t<span>Esteban Rodr\u00edguez Zamora<\/span>\t\t\t\t\t\t<\/div>\n\t\t\t\t\t\t<div class=\"date\">\n\t\t\t\t\t\t\t30 March, 2026\t\t\t\t\t\t<\/div>\n\t\t\t\t\t<\/div>\n\t\t\t\t\t<h4 class=\"title\">\n\t\t\t\t\t\t<a href=\"https:\/\/www.catie.ac.cr\/en\/2026\/03\/30\/catie-promueve-un-cambio-de-cultura-en-torno-al-uso-del-fuego-en-latinoamerica\/\">CATIE promotes a cultural shift in the use of fire in Latin America<\/a>\n\t\t\t\t\t<\/h4>\n\t\t\t\t\t<div class=\"desc\">\n\t\t\t\t\t\t<p>Con la participaci\u00f3n de 26 personas provenientes de 12 pa\u00edses, y en representaci\u00f3n de 16 plataformas de gobernanza territorial que integran la Red Latinoamericana de Bosques Modelo, se llev\u00f3 a cabo el primer Curso Taller sobre Gobernanza Territorial del...<\/p>\t\t\t\t\t<\/div>\n\t\t\t\t<\/div>\n\t\t\t<\/div>\n\t\t\t\t<\/div>\n\t\t\t\t\t<\/div>\n\t\t\t\t<\/div>\n\t\t\t\t\t<\/div>\n\t\t<\/div>\n\t\t\t\t\t<\/div>\n\t\t<\/section>\n\t\t\t\t<\/div>","protected":false},"excerpt":{"rendered":"<p>Donaji Garc\u00eda 29 mayo, 2024 CATIE y el proyecto ESCALAR fortalecen alianzas con m\u00e1s de 15 organizaciones de base en la regi\u00f3n Trifinio Alejandro Portilla 27 mayo, 2024 Estudiantes de posgrado del CATIE tienen nueva representaci\u00f3n\u00a0 Esteban Rodr\u00edguez Zamora 23 &hellip; <\/p>","protected":false},"author":1,"featured_media":0,"parent":0,"menu_order":0,"comment_status":"closed","ping_status":"closed","template":"","meta":{"_bbp_topic_count":0,"_bbp_reply_count":0,"_bbp_total_topic_count":0,"_bbp_total_reply_count":0,"_bbp_voice_count":0,"_bbp_anonymous_reply_count":0,"_bbp_topic_count_hidden":0,"_bbp_reply_count_hidden":0,"_bbp_forum_subforum_count":0,"pmpro_default_level":"","_monsterinsights_skip_tracking":false,"_monsterinsights_sitenote_active":false,"_monsterinsights_sitenote_note":"","_monsterinsights_sitenote_category":0,"_uf_show_specific_survey":0,"_uf_disable_surveys":false,"footnotes":""},"class_list":["post-8949","page","type-page","status-publish","hentry","pmpro-has-access"],"_links":{"self":[{"href":"https:\/\/www.catie.ac.cr\/en\/wp-json\/wp\/v2\/pages\/8949","targetHints":{"allow":["GET"]}}],"collection":[{"href":"https:\/\/www.catie.ac.cr\/en\/wp-json\/wp\/v2\/pages"}],"about":[{"href":"https:\/\/www.catie.ac.cr\/en\/wp-json\/wp\/v2\/types\/page"}],"author":[{"embeddable":true,"href":"https:\/\/www.catie.ac.cr\/en\/wp-json\/wp\/v2\/users\/1"}],"replies":[{"embeddable":true,"href":"https:\/\/www.catie.ac.cr\/en\/wp-json\/wp\/v2\/comments?post=8949"}],"version-history":[{"count":34,"href":"https:\/\/www.catie.ac.cr\/en\/wp-json\/wp\/v2\/pages\/8949\/revisions"}],"predecessor-version":[{"id":27470,"href":"https:\/\/www.catie.ac.cr\/en\/wp-json\/wp\/v2\/pages\/8949\/revisions\/27470"}],"wp:attachment":[{"href":"https:\/\/www.catie.ac.cr\/en\/wp-json\/wp\/v2\/media?parent=8949"}],"curies":[{"name":"wp","href":"https:\/\/api.w.org\/{rel}","templated":true}]}}