{"id":9034,"date":"2021-04-20T10:24:33","date_gmt":"2021-04-20T16:24:33","guid":{"rendered":"http:\/\/45.77.187.143\/?page_id=9034"},"modified":"2023-10-25T09:02:03","modified_gmt":"2023-10-25T15:02:03","slug":"mision-vision-y-valores","status":"publish","type":"page","link":"https:\/\/www.catie.ac.cr\/en\/mision-vision-y-valores\/","title":{"rendered":"Mission, vision and values"},"content":{"rendered":"<div data-elementor-type=\"wp-page\" data-elementor-id=\"9034\" class=\"elementor elementor-9034\" data-elementor-post-type=\"page\">\n\t\t\t\t\t\t<section class=\"elementor-section elementor-top-section elementor-element elementor-element-8bc6389 elementor-section-boxed elementor-section-height-default elementor-section-height-default\" data-id=\"8bc6389\" data-element_type=\"section\">\n\t\t\t\t\t\t<div class=\"elementor-container elementor-column-gap-default\">\n\t\t\t\t\t<div class=\"elementor-column elementor-col-100 elementor-top-column elementor-element elementor-element-a45770d\" data-id=\"a45770d\" data-element_type=\"column\">\n\t\t\t<div class=\"elementor-widget-wrap\">\n\t\t\t\t\t\t\t<\/div>\n\t\t<\/div>\n\t\t\t\t\t<\/div>\n\t\t<\/section>\n\t\t\t\t<section class=\"elementor-section elementor-top-section elementor-element elementor-element-c0173ca elementor-section-boxed elementor-section-height-default elementor-section-height-default\" data-id=\"c0173ca\" data-element_type=\"section\">\n\t\t\t\t\t\t<div class=\"elementor-container elementor-column-gap-no\">\n\t\t\t\t\t<div class=\"elementor-column elementor-col-100 elementor-top-column elementor-element elementor-element-c3db994\" data-id=\"c3db994\" data-element_type=\"column\">\n\t\t\t<div class=\"elementor-widget-wrap elementor-element-populated\">\n\t\t\t\t\t\t<div class=\"elementor-element elementor-element-b8d7977 elementor-widget elementor-widget-text-editor\" data-id=\"b8d7977\" data-element_type=\"widget\" data-widget_type=\"text-editor.default\">\n\t\t\t\t<div class=\"elementor-widget-container\">\n\t\t\t\t\t\t\t\t\t<p>At CATIE, our objective is to promote a conducive path to achieve Inclusive Green Development, through the construction of human capital, institutional strengthening for research for development, development, and outreach. For this, the institution is based on the following mission, vision and values:<\/p>\t\t\t\t\t\t\t\t<\/div>\n\t\t\t\t<\/div>\n\t\t\t\t\t<\/div>\n\t\t<\/div>\n\t\t\t\t\t<\/div>\n\t\t<\/section>\n\t\t\t\t<section class=\"elementor-section elementor-top-section elementor-element elementor-element-cbc2ab8 elementor-section-boxed elementor-section-height-default elementor-section-height-default\" data-id=\"cbc2ab8\" data-element_type=\"section\">\n\t\t\t\t\t\t<div class=\"elementor-container elementor-column-gap-no\">\n\t\t\t\t\t<div class=\"elementor-column elementor-col-100 elementor-top-column elementor-element elementor-element-23a5e29\" data-id=\"23a5e29\" data-element_type=\"column\">\n\t\t\t<div class=\"elementor-widget-wrap elementor-element-populated\">\n\t\t\t\t\t\t<div class=\"elementor-element elementor-element-e7043c1 elementor-widget elementor-widget-image\" data-id=\"e7043c1\" data-element_type=\"widget\" data-widget_type=\"image.default\">\n\t\t\t\t<div class=\"elementor-widget-container\">\n\t\t\t\t\t\t\t\t\t\t\t\t\t\t\t<img fetchpriority=\"high\" decoding=\"async\" width=\"1280\" height=\"960\" src=\"https:\/\/www.catie.ac.cr\/wp-content\/uploads\/2021\/12\/laurabenegas.jpg\" class=\"attachment-full size-full wp-image-10680\" alt=\"\" srcset=\"https:\/\/www.catie.ac.cr\/wp-content\/uploads\/2021\/12\/laurabenegas.jpg 1280w, https:\/\/www.catie.ac.cr\/wp-content\/uploads\/2021\/12\/laurabenegas-300x225.jpg 300w, https:\/\/www.catie.ac.cr\/wp-content\/uploads\/2021\/12\/laurabenegas-1024x768.jpg 1024w, https:\/\/www.catie.ac.cr\/wp-content\/uploads\/2021\/12\/laurabenegas-768x576.jpg 768w, https:\/\/www.catie.ac.cr\/wp-content\/uploads\/2021\/12\/laurabenegas-16x12.jpg 16w, https:\/\/www.catie.ac.cr\/wp-content\/uploads\/2021\/12\/laurabenegas-600x450.jpg 600w\" sizes=\"(max-width: 1280px) 100vw, 1280px\" \/>\t\t\t\t\t\t\t\t\t\t\t\t\t\t\t<\/div>\n\t\t\t\t<\/div>\n\t\t\t\t\t<\/div>\n\t\t<\/div>\n\t\t\t\t\t<\/div>\n\t\t<\/section>\n\t\t\t\t<section class=\"elementor-section elementor-top-section elementor-element elementor-element-c81824c elementor-section-boxed elementor-section-height-default elementor-section-height-default\" data-id=\"c81824c\" data-element_type=\"section\">\n\t\t\t\t\t\t<div class=\"elementor-container elementor-column-gap-no\">\n\t\t\t\t\t<div class=\"elementor-column elementor-col-100 elementor-top-column elementor-element elementor-element-ebe14ad\" data-id=\"ebe14ad\" data-element_type=\"column\">\n\t\t\t<div class=\"elementor-widget-wrap elementor-element-populated\">\n\t\t\t\t\t\t<div class=\"elementor-element elementor-element-2327000 elementor-widget elementor-widget-thim-heading\" data-id=\"2327000\" data-element_type=\"widget\" data-widget_type=\"thim-heading.default\">\n\t\t\t\t<div class=\"elementor-widget-container\">\n\t\t\t\t\t<div class=\"sc_heading   text-center\"><h3 style=\"text-transform: uppercase;\" class=\"title\">Mission<\/h3><span class=\"line\"><\/span><\/div>\t\t\t\t<\/div>\n\t\t\t\t<\/div>\n\t\t\t\t<div class=\"elementor-element elementor-element-380c195 elementor-widget elementor-widget-text-editor\" data-id=\"380c195\" data-element_type=\"widget\" data-widget_type=\"text-editor.default\">\n\t\t\t\t<div class=\"elementor-widget-container\">\n\t\t\t\t\t\t\t\t\t<p>We promote Inclusive Green Development, through scientific knowledge and the training of new leaders, managing ecosystems, landscapes\n, and food systems, which with their permanence favor the sustainable well-being of populations in the tropics of Latin America and the Caribbean.<\/p>\t\t\t\t\t\t\t\t<\/div>\n\t\t\t\t<\/div>\n\t\t\t\t<div class=\"elementor-element elementor-element-908ff38 elementor-widget elementor-widget-thim-heading\" data-id=\"908ff38\" data-element_type=\"widget\" data-widget_type=\"thim-heading.default\">\n\t\t\t\t<div class=\"elementor-widget-container\">\n\t\t\t\t\t<div class=\"sc_heading   text-center\"><h3 style=\"text-transform: uppercase;\" class=\"title\">Vision<\/h3><span class=\"line\"><\/span><\/div>\t\t\t\t<\/div>\n\t\t\t\t<\/div>\n\t\t\t\t<div class=\"elementor-element elementor-element-4f1ebe9 elementor-widget elementor-widget-text-editor\" data-id=\"4f1ebe9\" data-element_type=\"widget\" data-widget_type=\"text-editor.default\">\n\t\t\t\t<div class=\"elementor-widget-container\">\n\t\t\t\t\t\t\t\t\t<p>CATIE positioned as a benchmark in research for development, education, and innovation at the service of the peoples of the tropics of Latin America and the Caribbean, seeking a balance between the use and protection of landscapes, ecosystems and production systems that are part of sustainable well-being and the health of people, as well as of all forms of life that are part of the planet.<\/p>\t\t\t\t\t\t\t\t<\/div>\n\t\t\t\t<\/div>\n\t\t\t\t<div class=\"elementor-element elementor-element-4bb8675 elementor-widget elementor-widget-thim-heading\" data-id=\"4bb8675\" data-element_type=\"widget\" data-widget_type=\"thim-heading.default\">\n\t\t\t\t<div class=\"elementor-widget-container\">\n\t\t\t\t\t<div class=\"sc_heading   text-center\"><h3 style=\"text-transform: uppercase;\" class=\"title\">Core values<\/h3><span class=\"line\"><\/span><\/div>\t\t\t\t<\/div>\n\t\t\t\t<\/div>\n\t\t\t\t<div class=\"elementor-element elementor-element-dc99e2e elementor-widget elementor-widget-text-editor\" data-id=\"dc99e2e\" data-element_type=\"widget\" data-widget_type=\"text-editor.default\">\n\t\t\t\t<div class=\"elementor-widget-container\">\n\t\t\t\t\t\t\t\t\t<ul><li><strong>Knowledge at the service of transformation: <\/strong>Considering our institutional nature, at CATIE\nwe privilege the generation of rational knowledge for innovation and the transformation of realities towards states of well-being of people and their natural and social environment. We value the synergistic relationship between scientific knowledge and ancestral knowledge that is available thanks to the multi and intercultural work that is developed. We also recognize that knowledge must be adequately mediated to optimize its transformative potential, considering the particularities of the towns where we carry out our work.<\/li><\/ul><p><strong>\u00a0<\/strong><\/p><ul><li><strong>Appreciation of plurality: <\/strong>We also recognize and value that people, even belonging to the same social group, have certain ways of living and expressing themselves, have different\ntastes, ideologies, and customs. This appreciation favors\ncoexistence, inclusion and enriches interpersonal relationships.<\/li><\/ul><p><strong>\u00a0<\/strong><\/p><ul><li><strong>Appreciation for diversity: <\/strong>In addition, we consider natural diversity and cultural and social diversity its benefits. First and foremost, we seek the permanence of ecosystems, species, and genes as the basis for the material and spiritual well-being of peoples. Secondly, we appreciate the differences between people in terms of their ethnicity, sexual orientation, race, origin, language, religion, opinion, and gender, among other aspects that make up the unique identity of each person and\ntown. We believe that this value is fundamental in favoring coexistence, inclusion and is at the base of the recognition and exercise of universal human rights<\/li><\/ul><p><strong>\u00a0<\/strong><\/p><ul><li><strong>Inclusion: <\/strong>We privilege intra and intergenerational equality of opportunities without discrimination based on class, ethnicity, gender, age, religion, or any other form of discrimination that violates universal human rights.<\/li><\/ul><p><strong>\u00a0<\/strong><\/p><ul><li><strong>Solidarity: <\/strong>Through our daily example we promote good\nrelationships between people, work\nteams and within them, relationships that are based on unity, fraternity, and good\ncorrespondence.<\/li><\/ul><p><strong>\u00a0<\/strong><\/p><ul><li><strong>Common good:<\/strong> We seek that our actions, strategies, and work tactics ensure that individual\nbenefits do not compromise the\nbenefit of the majority (especially those groups at a clear disadvantage in terms of power and capabilities), observing the applicable national and international regulations.<\/li><\/ul><p><strong>\u00a0<\/strong><\/p>\t\t\t\t\t\t\t\t<\/div>\n\t\t\t\t<\/div>\n\t\t\t\t<div class=\"elementor-element elementor-element-e9eeb10 elementor-widget elementor-widget-thim-heading\" data-id=\"e9eeb10\" data-element_type=\"widget\" data-widget_type=\"thim-heading.default\">\n\t\t\t\t<div class=\"elementor-widget-container\">\n\t\t\t\t\t<div class=\"sc_heading   text-center\"><h3 style=\"text-transform: uppercase;\" class=\"title\">Operational values<\/h3><span class=\"line\"><\/span><\/div>\t\t\t\t<\/div>\n\t\t\t\t<\/div>\n\t\t\t\t\t<\/div>\n\t\t<\/div>\n\t\t\t\t\t<\/div>\n\t\t<\/section>\n\t\t\t\t<section class=\"elementor-section elementor-top-section elementor-element elementor-element-dcd8b90 elementor-section-boxed elementor-section-height-default elementor-section-height-default\" data-id=\"dcd8b90\" data-element_type=\"section\">\n\t\t\t\t\t\t<div class=\"elementor-container elementor-column-gap-default\">\n\t\t\t\t\t<div class=\"elementor-column elementor-col-100 elementor-top-column elementor-element elementor-element-7d33882\" data-id=\"7d33882\" data-element_type=\"column\">\n\t\t\t<div class=\"elementor-widget-wrap elementor-element-populated\">\n\t\t\t\t\t\t<div class=\"elementor-element elementor-element-600298c elementor-widget elementor-widget-text-editor\" data-id=\"600298c\" data-element_type=\"widget\" data-widget_type=\"text-editor.default\">\n\t\t\t\t<div class=\"elementor-widget-container\">\n\t\t\t\t\t\t\t\t\t<ul><li><strong>Excellence: <\/strong>We serve our partners and their target audience with maximum efficiency and technical and administrative quality. We generate commitment for professional development and quality improvement in the delivery of results, promoting group and individual initiatives, and encouraging creativity and innovation.<\/li><\/ul><p><strong>\u00a0<\/strong><\/p><ul><li><strong>Integration: <\/strong>We strengthen interdisciplinary work to promote systemic and collaborative\napproaches at local, national, and global scales. In addition, we foster the spirit of alliances\nand the construction of mutually beneficial connections with other personal and institutional actors.<\/li><\/ul><p><strong>\u00a0<\/strong><\/p><ul><li><strong>Transparency: <\/strong>We generate an environment of trust necessary to promote cooperative\nrelationships with partners, donors, and counterparts, and we adopt a culture of\naccountability, monitoring and evaluation of the performance of the impact attributed to\ninstitutional actions, necessary for our feedback and improvement of our own vision and mission.<\/li><\/ul><p><strong>\u00a0<\/strong><\/p><ul><li><strong>Entrepreneurship spirit for innovation: <\/strong>We develop new ideas, methodologies and\ntechnologies that propose solutions to the challenges of a changing environment. Likewise, we take advantage of and generate opportunities with leadership, energy and enthusiasm to attract the necessary resources for a successful and sustainable operation.<\/li><\/ul>\t\t\t\t\t\t\t\t<\/div>\n\t\t\t\t<\/div>\n\t\t\t\t\t<\/div>\n\t\t<\/div>\n\t\t\t\t\t<\/div>\n\t\t<\/section>\n\t\t\t\t<\/div>","protected":false},"excerpt":{"rendered":"<p>En el CATIE tenemos como objetivo promover una ruta propicia para lograr el Desarrollo Verde Inclusivo, mediante la construcci\u00f3n del capital humano, el fortalecimiento institucional para la investigaci\u00f3n, el desarrollo y la proyecci\u00f3n externa. Para esto, la instituci\u00f3n se fundamenta &hellip; <\/p>","protected":false},"author":1,"featured_media":0,"parent":0,"menu_order":0,"comment_status":"closed","ping_status":"closed","template":"","meta":{"_bbp_topic_count":0,"_bbp_reply_count":0,"_bbp_total_topic_count":0,"_bbp_total_reply_count":0,"_bbp_voice_count":0,"_bbp_anonymous_reply_count":0,"_bbp_topic_count_hidden":0,"_bbp_reply_count_hidden":0,"_bbp_forum_subforum_count":0,"pmpro_default_level":"","_monsterinsights_skip_tracking":false,"_monsterinsights_sitenote_active":false,"_monsterinsights_sitenote_note":"","_monsterinsights_sitenote_category":0,"_uf_show_specific_survey":0,"_uf_disable_surveys":false,"footnotes":""},"class_list":["post-9034","page","type-page","status-publish","hentry","pmpro-has-access"],"_links":{"self":[{"href":"https:\/\/www.catie.ac.cr\/en\/wp-json\/wp\/v2\/pages\/9034","targetHints":{"allow":["GET"]}}],"collection":[{"href":"https:\/\/www.catie.ac.cr\/en\/wp-json\/wp\/v2\/pages"}],"about":[{"href":"https:\/\/www.catie.ac.cr\/en\/wp-json\/wp\/v2\/types\/page"}],"author":[{"embeddable":true,"href":"https:\/\/www.catie.ac.cr\/en\/wp-json\/wp\/v2\/users\/1"}],"replies":[{"embeddable":true,"href":"https:\/\/www.catie.ac.cr\/en\/wp-json\/wp\/v2\/comments?post=9034"}],"version-history":[{"count":36,"href":"https:\/\/www.catie.ac.cr\/en\/wp-json\/wp\/v2\/pages\/9034\/revisions"}],"predecessor-version":[{"id":22690,"href":"https:\/\/www.catie.ac.cr\/en\/wp-json\/wp\/v2\/pages\/9034\/revisions\/22690"}],"wp:attachment":[{"href":"https:\/\/www.catie.ac.cr\/en\/wp-json\/wp\/v2\/media?parent=9034"}],"curies":[{"name":"wp","href":"https:\/\/api.w.org\/{rel}","templated":true}]}}