{"id":9037,"date":"2021-04-20T10:30:30","date_gmt":"2021-04-20T16:30:30","guid":{"rendered":"http:\/\/45.77.187.143\/?page_id=9037"},"modified":"2024-05-28T10:53:27","modified_gmt":"2024-05-28T16:53:27","slug":"vision-estrategica","status":"publish","type":"page","link":"https:\/\/www.catie.ac.cr\/en\/vision-estrategica\/","title":{"rendered":"Strategic Vision"},"content":{"rendered":"<div data-elementor-type=\"wp-page\" data-elementor-id=\"9037\" class=\"elementor elementor-9037\" data-elementor-post-type=\"page\">\n\t\t\t\t\t\t<section class=\"elementor-section elementor-top-section elementor-element elementor-element-b4ed953 elementor-section-boxed elementor-section-height-default elementor-section-height-default\" data-id=\"b4ed953\" data-element_type=\"section\">\n\t\t\t\t\t\t<div class=\"elementor-container elementor-column-gap-default\">\n\t\t\t\t\t<div class=\"elementor-column elementor-col-100 elementor-top-column elementor-element elementor-element-98bc850\" data-id=\"98bc850\" data-element_type=\"column\">\n\t\t\t<div class=\"elementor-widget-wrap elementor-element-populated\">\n\t\t\t\t\t\t<div class=\"elementor-element elementor-element-3cf7a22 elementor-widget elementor-widget-text-editor\" data-id=\"3cf7a22\" data-element_type=\"widget\" data-widget_type=\"text-editor.default\">\n\t\t\t\t<div class=\"elementor-widget-container\">\n\t\t\t\t\t\t\t\t\t<p>CATIE\u2019s Institutional Strategic Plan (ISP) aims to promote a favorable path to achieve Inclusive Green Development, through the construction of human capital, institutional strengthening for research for development and development, and outreach.<\/p>\n<p>This plan is the result of an institutional effort that includes the analysis of the demands of the countries and the consultation with strategic allies and the Board of Directors of CATIE. This review includes detailed attention to the products generated by CATIE, as well as the policies, mission, vision and institutional values, and strategic objectives.<\/p>\t\t\t\t\t\t\t\t<\/div>\n\t\t\t\t<\/div>\n\t\t\t\t\t<\/div>\n\t\t<\/div>\n\t\t\t\t\t<\/div>\n\t\t<\/section>\n\t\t\t\t<section class=\"elementor-section elementor-top-section elementor-element elementor-element-357cecf elementor-section-boxed elementor-section-height-default elementor-section-height-default\" data-id=\"357cecf\" data-element_type=\"section\">\n\t\t\t\t\t\t<div class=\"elementor-container elementor-column-gap-default\">\n\t\t\t\t\t<div class=\"elementor-column elementor-col-100 elementor-top-column elementor-element elementor-element-e436f5b\" data-id=\"e436f5b\" data-element_type=\"column\">\n\t\t\t<div class=\"elementor-widget-wrap elementor-element-populated\">\n\t\t\t\t\t\t<div class=\"elementor-element elementor-element-9d579e3 elementor-widget elementor-widget-spacer\" data-id=\"9d579e3\" data-element_type=\"widget\" data-widget_type=\"spacer.default\">\n\t\t\t\t<div class=\"elementor-widget-container\">\n\t\t\t\t\t\t\t<div class=\"elementor-spacer\">\n\t\t\t<div class=\"elementor-spacer-inner\"><\/div>\n\t\t<\/div>\n\t\t\t\t\t\t<\/div>\n\t\t\t\t<\/div>\n\t\t\t\t\t<\/div>\n\t\t<\/div>\n\t\t\t\t\t<\/div>\n\t\t<\/section>\n\t\t\t\t<section class=\"elementor-section elementor-top-section elementor-element elementor-element-22e6410 elementor-section-boxed elementor-section-height-default elementor-section-height-default\" data-id=\"22e6410\" data-element_type=\"section\">\n\t\t\t\t\t\t<div class=\"elementor-container elementor-column-gap-default\">\n\t\t\t\t\t<div class=\"elementor-column elementor-col-100 elementor-top-column elementor-element elementor-element-c0aeff6\" data-id=\"c0aeff6\" data-element_type=\"column\">\n\t\t\t<div class=\"elementor-widget-wrap elementor-element-populated\">\n\t\t\t\t\t\t<div class=\"elementor-element elementor-element-e0798e7 elementor-widget elementor-widget-accordion\" data-id=\"e0798e7\" data-element_type=\"widget\" data-widget_type=\"accordion.default\">\n\t\t\t\t<div class=\"elementor-widget-container\">\n\t\t\t\t\t\t\t<div class=\"elementor-accordion\">\n\t\t\t\t\t\t\t<div class=\"elementor-accordion-item\">\n\t\t\t\t\t<div id=\"elementor-tab-title-2351\" class=\"elementor-tab-title\" data-tab=\"1\" role=\"button\" aria-controls=\"elementor-tab-content-2351\" aria-expanded=\"false\">\n\t\t\t\t\t\t\t\t\t\t\t\t\t<span class=\"elementor-accordion-icon elementor-accordion-icon-left\" aria-hidden=\"true\">\n\t\t\t\t\t\t\t\t\t\t\t\t\t\t\t<span class=\"elementor-accordion-icon-closed\"><i class=\"fas fa-plus\"><\/i><\/span>\n\t\t\t\t\t\t\t\t<span class=\"elementor-accordion-icon-opened\"><i class=\"fas fa-minus\"><\/i><\/span>\n\t\t\t\t\t\t\t\t\t\t\t\t\t\t<\/span>\n\t\t\t\t\t\t\t\t\t\t\t\t<a class=\"elementor-accordion-title\" tabindex=\"0\">Institutional Strategic Plan 2021-2030<\/a>\n\t\t\t\t\t<\/div>\n\t\t\t\t\t<div id=\"elementor-tab-content-2351\" class=\"elementor-tab-content elementor-clearfix\" data-tab=\"1\" role=\"region\" aria-labelledby=\"elementor-tab-title-2351\"><p><strong>Spanish:<\/strong>\u00a0<a href=\"https:\/\/www.catie.ac.cr\/wp-content\/uploads\/2022\/06\/Plan-Estrategico-Institucioanl-2021-2030.pdf\" target=\"_blank\" rel=\"noopener\">Plan Estrat\u00e9gico<\/a><\/p><p><strong>English: <\/strong><a href=\"https:\/\/www.catie.ac.cr\/wp-content\/uploads\/2022\/06\/Institutional-Strategic-Plan-2021-2030.pdf\" target=\"_blank\" rel=\"noopener\" data-wplink-edit=\"true\">Strategic Plan<\/a><\/p><\/div>\n\t\t\t\t<\/div>\n\t\t\t\t\t\t\t\t<\/div>\n\t\t\t\t\t\t<\/div>\n\t\t\t\t<\/div>\n\t\t\t\t\t<\/div>\n\t\t<\/div>\n\t\t\t\t\t<\/div>\n\t\t<\/section>\n\t\t\t\t<\/div>","protected":false},"excerpt":{"rendered":"<p>El Plan Estrat\u00e9gico Institucional del CATIE (PEI) tiene como objetivo promover una ruta propicia para lograr el Desarrollo Verde Inclusivo mediante la construcci\u00f3n del capital humano, el fortalecimiento institucional para la investigaci\u00f3n y el desarrollo y la proyecci\u00f3n externa. Este &hellip; <\/p>","protected":false},"author":1,"featured_media":0,"parent":0,"menu_order":0,"comment_status":"closed","ping_status":"closed","template":"","meta":{"_bbp_topic_count":0,"_bbp_reply_count":0,"_bbp_total_topic_count":0,"_bbp_total_reply_count":0,"_bbp_voice_count":0,"_bbp_anonymous_reply_count":0,"_bbp_topic_count_hidden":0,"_bbp_reply_count_hidden":0,"_bbp_forum_subforum_count":0,"pmpro_default_level":"0","_monsterinsights_skip_tracking":false,"_monsterinsights_sitenote_active":false,"_monsterinsights_sitenote_note":"","_monsterinsights_sitenote_category":0,"_uf_show_specific_survey":0,"_uf_disable_surveys":false,"footnotes":""},"class_list":["post-9037","page","type-page","status-publish","hentry","pmpro-has-access"],"_links":{"self":[{"href":"https:\/\/www.catie.ac.cr\/en\/wp-json\/wp\/v2\/pages\/9037","targetHints":{"allow":["GET"]}}],"collection":[{"href":"https:\/\/www.catie.ac.cr\/en\/wp-json\/wp\/v2\/pages"}],"about":[{"href":"https:\/\/www.catie.ac.cr\/en\/wp-json\/wp\/v2\/types\/page"}],"author":[{"embeddable":true,"href":"https:\/\/www.catie.ac.cr\/en\/wp-json\/wp\/v2\/users\/1"}],"replies":[{"embeddable":true,"href":"https:\/\/www.catie.ac.cr\/en\/wp-json\/wp\/v2\/comments?post=9037"}],"version-history":[{"count":13,"href":"https:\/\/www.catie.ac.cr\/en\/wp-json\/wp\/v2\/pages\/9037\/revisions"}],"predecessor-version":[{"id":27393,"href":"https:\/\/www.catie.ac.cr\/en\/wp-json\/wp\/v2\/pages\/9037\/revisions\/27393"}],"wp:attachment":[{"href":"https:\/\/www.catie.ac.cr\/en\/wp-json\/wp\/v2\/media?parent=9037"}],"curies":[{"name":"wp","href":"https:\/\/api.w.org\/{rel}","templated":true}]}}