{"id":9095,"date":"2021-09-28T15:56:20","date_gmt":"2021-09-28T21:56:20","guid":{"rendered":"http:\/\/45.77.187.143\/?page_id=9095"},"modified":"2026-03-18T08:28:30","modified_gmt":"2026-03-18T14:28:30","slug":"elementor-9095","status":"publish","type":"page","link":"https:\/\/www.catie.ac.cr\/en\/elementor-9095\/","title":{"rendered":"Authorities"},"content":{"rendered":"<div data-elementor-type=\"wp-page\" data-elementor-id=\"9095\" class=\"elementor elementor-9095\" data-elementor-post-type=\"page\">\n\t\t\t\t\t\t<section class=\"elementor-section elementor-top-section elementor-element elementor-element-56731bdc elementor-section-boxed elementor-section-height-default elementor-section-height-default\" data-id=\"56731bdc\" data-element_type=\"section\">\n\t\t\t\t\t\t<div class=\"elementor-container elementor-column-gap-default\">\n\t\t\t\t\t<div class=\"elementor-column elementor-col-100 elementor-top-column elementor-element elementor-element-4fc78e3a\" data-id=\"4fc78e3a\" data-element_type=\"column\">\n\t\t\t<div class=\"elementor-widget-wrap elementor-element-populated\">\n\t\t\t\t\t\t<div class=\"elementor-element elementor-element-3942644a elementor-widget elementor-widget-thim-gallery-images\" data-id=\"3942644a\" data-element_type=\"widget\" data-widget_type=\"thim-gallery-images.default\">\n\t\t\t\t<div class=\"elementor-widget-container\">\n\t\t\t\t\t<div class=\"thim-carousel-wrapper gallery-img not_have_color\" data-visible=\"1\" data-autoplay=\"0\" data-navigation=\"0\" data-pagination=\"1\" data-loop=\"true\"><div class=\"item\"><img fetchpriority=\"high\" src =\"https:\/\/www.catie.ac.cr\/wp-content\/uploads\/2021\/12\/Foto-para-banner.jpg\" width=\"2048\" height=\"1152\" alt=\"\"\/><\/div><\/div>\t\t\t\t<\/div>\n\t\t\t\t<\/div>\n\t\t\t\t\t<\/div>\n\t\t<\/div>\n\t\t\t\t\t<\/div>\n\t\t<\/section>\n\t\t\t\t<section class=\"elementor-section elementor-top-section elementor-element elementor-element-637a706c elementor-section-boxed elementor-section-height-default elementor-section-height-default\" data-id=\"637a706c\" data-element_type=\"section\">\n\t\t\t\t\t\t<div class=\"elementor-container elementor-column-gap-default\">\n\t\t\t\t\t<div class=\"elementor-column elementor-col-100 elementor-top-column elementor-element elementor-element-85c9c1b\" data-id=\"85c9c1b\" data-element_type=\"column\">\n\t\t\t<div class=\"elementor-widget-wrap elementor-element-populated\">\n\t\t\t\t\t\t<div class=\"elementor-element elementor-element-1d453b68 elementor-widget elementor-widget-thim-heading\" data-id=\"1d453b68\" data-element_type=\"widget\" data-widget_type=\"thim-heading.default\">\n\t\t\t\t<div class=\"elementor-widget-container\">\n\t\t\t\t\t<div class=\"sc_heading   text-center\"><h3 style=\"text-transform: uppercase;color:#004A58;\" class=\"title\">CATIE is governed by three superior bodies:<\/h3><span class=\"line\"><\/span><\/div>\t\t\t\t<\/div>\n\t\t\t\t<\/div>\n\t\t\t\t\t<\/div>\n\t\t<\/div>\n\t\t\t\t\t<\/div>\n\t\t<\/section>\n\t\t\t\t<section class=\"elementor-section elementor-top-section elementor-element elementor-element-132b3a39 elementor-section-boxed elementor-section-height-default elementor-section-height-default\" data-id=\"132b3a39\" data-element_type=\"section\">\n\t\t\t\t\t\t<div class=\"elementor-container elementor-column-gap-default\">\n\t\t\t\t\t<div class=\"elementor-column elementor-col-33 elementor-top-column elementor-element elementor-element-21e0b602\" data-id=\"21e0b602\" data-element_type=\"column\">\n\t\t\t<div class=\"elementor-widget-wrap elementor-element-populated\">\n\t\t\t\t\t\t<div class=\"elementor-element elementor-element-44a37463 elementor-widget elementor-widget-heading\" data-id=\"44a37463\" data-element_type=\"widget\" data-widget_type=\"heading.default\">\n\t\t\t\t<div class=\"elementor-widget-container\">\n\t\t\t\t\t<h3 class=\"elementor-heading-title elementor-size-default\">1. Inter-American Board of Agriculture (IABA)<\/h3>\t\t\t\t<\/div>\n\t\t\t\t<\/div>\n\t\t\t\t<div class=\"elementor-element elementor-element-19e9db38 elementor-widget elementor-widget-text-editor\" data-id=\"19e9db38\" data-element_type=\"widget\" data-widget_type=\"text-editor.default\">\n\t\t\t\t<div class=\"elementor-widget-container\">\n\t\t\t\t\t\t\t\t\t<p>It is the supreme body of CATIE. It is made up of 34 member countries, which meet regularly every two years.<\/p>\t\t\t\t\t\t\t\t<\/div>\n\t\t\t\t<\/div>\n\t\t\t\t\t<\/div>\n\t\t<\/div>\n\t\t\t\t<div class=\"elementor-column elementor-col-33 elementor-top-column elementor-element elementor-element-19d74df6\" data-id=\"19d74df6\" data-element_type=\"column\">\n\t\t\t<div class=\"elementor-widget-wrap\">\n\t\t\t\t\t\t\t<\/div>\n\t\t<\/div>\n\t\t\t\t<div class=\"elementor-column elementor-col-33 elementor-top-column elementor-element elementor-element-5f7d542a\" data-id=\"5f7d542a\" data-element_type=\"column\">\n\t\t\t<div class=\"elementor-widget-wrap elementor-element-populated\">\n\t\t\t\t\t\t<div class=\"elementor-element elementor-element-241a63eb elementor-widget elementor-widget-heading\" data-id=\"241a63eb\" data-element_type=\"widget\" data-widget_type=\"heading.default\">\n\t\t\t\t<div class=\"elementor-widget-container\">\n\t\t\t\t\t<h3 class=\"elementor-heading-title elementor-size-default\">2. Superior Council of Ministers<\/h3>\t\t\t\t<\/div>\n\t\t\t\t<\/div>\n\t\t\t\t<div class=\"elementor-element elementor-element-38155e36 elementor-widget elementor-widget-text-editor\" data-id=\"38155e36\" data-element_type=\"widget\" data-widget_type=\"text-editor.default\">\n\t\t\t\t<div class=\"elementor-widget-container\">\n\t\t\t\t\t\t\t\t\t<p>It is made up of a minister from each of the CATIE member countries - linked to the agricultural and \/ or natural resources sector -, the Director General of the Inter-American Institute for Cooperation on Agriculture (IICA) and a representative of the IABA. It is chaired by the Minister of Agriculture and Livestock of Costa Rica and the Director General of IICA serves as Vice President.<\/p><p>CATIE's regular member countries are Belize, Bolivia, Colombia, Costa Rica, El Salvador, Guatemala, Honduras, Mexico, Nicaragua, Panama, Paraguay, the Dominican Republic and Venezuela.\u00a0<\/p>\t\t\t\t\t\t\t\t<\/div>\n\t\t\t\t<\/div>\n\t\t\t\t\t<\/div>\n\t\t<\/div>\n\t\t\t\t\t<\/div>\n\t\t<\/section>\n\t\t\t\t<section class=\"elementor-section elementor-top-section elementor-element elementor-element-01946ee elementor-section-boxed elementor-section-height-default elementor-section-height-default\" data-id=\"01946ee\" data-element_type=\"section\">\n\t\t\t\t\t\t<div class=\"elementor-container elementor-column-gap-default\">\n\t\t\t\t\t<div class=\"elementor-column elementor-col-100 elementor-top-column elementor-element elementor-element-ac9ed35\" data-id=\"ac9ed35\" data-element_type=\"column\">\n\t\t\t<div class=\"elementor-widget-wrap elementor-element-populated\">\n\t\t\t\t\t\t<div class=\"elementor-element elementor-element-f01ae4b elementor-widget elementor-widget-heading\" data-id=\"f01ae4b\" data-element_type=\"widget\" data-widget_type=\"heading.default\">\n\t\t\t\t<div class=\"elementor-widget-container\">\n\t\t\t\t\t<h3 class=\"elementor-heading-title elementor-size-default\">3. Board of Directors<\/h3>\t\t\t\t<\/div>\n\t\t\t\t<\/div>\n\t\t\t\t<div class=\"elementor-element elementor-element-4fccac2 elementor-widget elementor-widget-text-editor\" data-id=\"4fccac2\" data-element_type=\"widget\" data-widget_type=\"text-editor.default\">\n\t\t\t\t<div class=\"elementor-widget-container\">\n\t\t\t\t\t\t\t\t\t<p class=\"translation-block\">It is made up of 13 members, who render their services ad honorem and meet at least once a year. Each member is carefully selected and participates in it in a personal capacity. Among them are four permanent members: the Minister of Agriculture and Livestock of Costa Rica or his representative, the Director General of IICA or his representative, a representative of the IABA and a representative of the Superior Council, as well as four directors representing member countries. CATIE and five directors representing the international community.<\/p><p>Its guidelines are implemented by Luis Ernesto Pocasangre, CATIE's General Director, who is also the <em>Ex officio<\/em> Secretary of the Board of Directors. He is supported in this mission by the Deputy Director General and the Research for Development Directorates for Inclusive Green Development, Education, Outreach and Global Alliances, as well as Finance and Corporate Services.<\/p>\t\t\t\t\t\t\t\t<\/div>\n\t\t\t\t<\/div>\n\t\t\t\t\t<\/div>\n\t\t<\/div>\n\t\t\t\t\t<\/div>\n\t\t<\/section>\n\t\t\t\t<section class=\"elementor-section elementor-top-section elementor-element elementor-element-5b65637a elementor-section-stretched elementor-section-full_width elementor-section-height-min-height elementor-hidden-desktop elementor-hidden-tablet elementor-hidden-phone elementor-section-height-default elementor-section-items-middle\" data-id=\"5b65637a\" data-element_type=\"section\" data-settings=\"{&quot;stretch_section&quot;:&quot;section-stretched&quot;,&quot;background_background&quot;:&quot;classic&quot;}\">\n\t\t\t\t\t\t<div class=\"elementor-container elementor-column-gap-no\">\n\t\t\t\t\t<div class=\"elementor-column elementor-col-100 elementor-top-column elementor-element elementor-element-3082ad9\" data-id=\"3082ad9\" data-element_type=\"column\">\n\t\t\t<div class=\"elementor-widget-wrap\">\n\t\t\t\t\t\t\t<\/div>\n\t\t<\/div>\n\t\t\t\t\t<\/div>\n\t\t<\/section>\n\t\t\t\t<section class=\"elementor-section elementor-top-section elementor-element elementor-element-6316cc13 elementor-section-boxed elementor-section-height-default elementor-section-height-default\" data-id=\"6316cc13\" data-element_type=\"section\">\n\t\t\t\t\t\t<div class=\"elementor-container elementor-column-gap-default\">\n\t\t\t\t\t<div class=\"elementor-column elementor-col-100 elementor-top-column elementor-element elementor-element-1d4eaeed\" data-id=\"1d4eaeed\" data-element_type=\"column\">\n\t\t\t<div class=\"elementor-widget-wrap elementor-element-populated\">\n\t\t\t\t\t\t<div class=\"elementor-element elementor-element-5cbc74dc elementor-widget elementor-widget-thim-heading\" data-id=\"5cbc74dc\" data-element_type=\"widget\" data-widget_type=\"thim-heading.default\">\n\t\t\t\t<div class=\"elementor-widget-container\">\n\t\t\t\t\t<div class=\"sc_heading   text-center\"><h3 style=\"text-transform: uppercase;color:#004A58;\" class=\"title\">Members of the Board of Directors<\/h3><span class=\"line\"><\/span><\/div>\t\t\t\t<\/div>\n\t\t\t\t<\/div>\n\t\t\t\t<div class=\"elementor-element elementor-element-4c01ec1 elementor-widget elementor-widget-thim-our-team\" data-id=\"4c01ec1\" data-element_type=\"widget\" data-widget_type=\"thim-our-team.default\">\n\t\t\t\t<div class=\"elementor-widget-container\">\n\t\t\t\t\t<div class=\"wrapper-lists-our-team\"><div class=\"row\"><div class=\"our-team-item col-sm-3\"><div class=\"our-team-image\"> <a class=\"link-img\" href=\"https:\/\/www.catie.ac.cr\/en\/our_team\/james-french\/\"><\/a><img decoding=\"async\" src=\"https:\/\/www.catie.ac.cr\/wp-content\/uploads\/2022\/09\/James-French1-200x200.jpg\" alt=\"James-French1\" title=\"James-French1\"  width=\"200\" height=\"200\"><div class=\"social-team\"><\/div><\/div><div class=\"content-team\"><h4 class=\"title\">James French<\/h4><div class = \"regency\">PRESIDENT<br> For International Community: United States<\/div><\/div><\/div><div class=\"our-team-item col-sm-3\"><div class=\"our-team-image\"> <a class=\"link-img\" href=\"https:\/\/www.catie.ac.cr\/en\/our_team\/vivian-polar\/\"><\/a><img decoding=\"async\" src=\"https:\/\/www.catie.ac.cr\/wp-content\/uploads\/2022\/09\/Vivian-Polar1-200x200.jpg\" alt=\"Vivian-Polar1\" title=\"Vivian-Polar1\"  width=\"200\" height=\"200\"><div class=\"social-team\"><\/div><\/div><div class=\"content-team\"><h4 class=\"title\">Vivian Polar<\/h4><div class = \"regency\">Vice-President<\/BR>Member Country: Bolivia<\/div><\/div><\/div><div class=\"our-team-item col-sm-3\"><div class=\"our-team-image\"> <a class=\"link-img\" href=\"https:\/\/www.catie.ac.cr\/en\/our_team\/robert\/\"><\/a><img loading=\"lazy\" decoding=\"async\" src=\"https:\/\/www.catie.ac.cr\/wp-content\/uploads\/2022\/09\/Roberto-Camacho-scaled-200x200.jpg\" alt=\"Roberto-Camacho\" title=\"Roberto-Camacho\"  width=\"200\" height=\"200\"><div class=\"social-team\"><\/div><\/div><div class=\"content-team\"><h4 class=\"title\">Roberto Camacho<\/h4><div class = \"regency\">REPRESENTATIVE OF MINISTRY OF AGRICULTURE AND LIVESTOCK OF COSTA RICA<\/div><\/div><\/div><div class=\"our-team-item col-sm-3\"><div class=\"our-team-image\"> <a class=\"link-img\" href=\"https:\/\/www.catie.ac.cr\/en\/our_team\/jonathan\/\"><\/a><img loading=\"lazy\" decoding=\"async\" src=\"https:\/\/www.catie.ac.cr\/wp-content\/uploads\/2022\/09\/Lloyd-Day1-1-200x200.jpg\" alt=\"Lloyd-Day1\" title=\"Lloyd-Day1\"  width=\"200\" height=\"200\"><div class=\"social-team\"><\/div><\/div><div class=\"content-team\"><h4 class=\"title\">Lloyd Day<\/h4><div class = \"regency\">IICA Representative<\/div><\/div><\/div><div class=\"our-team-item col-sm-3\"><div class=\"our-team-image\"> <a class=\"link-img\" href=\"https:\/\/www.catie.ac.cr\/en\/our_team\/muhammad-ibrahim-2\/\"><\/a><img loading=\"lazy\" decoding=\"async\" src=\"https:\/\/www.catie.ac.cr\/wp-content\/uploads\/2023\/12\/MIbrahim-jd.jpg\" alt=\"MIbrahim-jd\" title=\"MIbrahim-jd\"  width=\"200\" height=\"200\"><div class=\"social-team\"><\/div><\/div><div class=\"content-team\"><h4 class=\"title\">Muhammad Ibrahim<\/h4><div class = \"regency\">Director General of the Inter-American Institute for Cooperation on Agriculture (IICA)<\/div><\/div><\/div><div class=\"our-team-item col-sm-3\"><div class=\"our-team-image\"> <a class=\"link-img\" href=\"https:\/\/www.catie.ac.cr\/en\/our_team\/rodwell-ferguson\/\"><\/a><img loading=\"lazy\" decoding=\"async\" src=\"https:\/\/www.catie.ac.cr\/wp-content\/uploads\/2023\/12\/rodwell-ferguson-jd.jpg\" alt=\"rodwell-ferguson-jd\" title=\"rodwell-ferguson-jd\"  width=\"200\" height=\"200\"><div class=\"social-team\"><\/div><\/div><div class=\"content-team\"><h4 class=\"title\">Rodwell Ferguson<\/h4><div class = \"regency\">REPRESENTATIVE OF THE SUPERIOR COUNCIL<\/div><\/div><\/div><div class=\"our-team-item col-sm-3\"><div class=\"our-team-image\"> <a class=\"link-img\" href=\"https:\/\/www.catie.ac.cr\/en\/our_team\/christine-wong\/\"><\/a><img loading=\"lazy\" decoding=\"async\" src=\"https:\/\/www.catie.ac.cr\/wp-content\/uploads\/2023\/12\/Christine-Wong-jd-2025.jpg\" alt=\"Christine-Wong-jd-2025\" title=\"Christine-Wong-jd-2025\"  width=\"200\" height=\"200\"><div class=\"social-team\"><\/div><\/div><div class=\"content-team\"><h4 class=\"title\">Christine Wong<\/h4><div class = \"regency\">Representative of the Inter-American Board of Agriculture (IABA)<\/div><\/div><\/div><div class=\"our-team-item col-sm-3\"><div class=\"our-team-image\"> <a class=\"link-img\" href=\"https:\/\/www.catie.ac.cr\/en\/our_team\/ana-maier\/\"><\/a><img loading=\"lazy\" decoding=\"async\" src=\"https:\/\/www.catie.ac.cr\/wp-content\/uploads\/2023\/12\/Ana-Maier3.jpg\" alt=\"Ana-Maier3\" title=\"Ana-Maier3\"  width=\"200\" height=\"200\"><div class=\"social-team\"><\/div><\/div><div class=\"content-team\"><h4 class=\"title\">Ana Maier<\/h4><div class = \"regency\">Member Country: Honduras<\/div><\/div><\/div><div class=\"our-team-item col-sm-3\"><div class=\"our-team-image\"> <a class=\"link-img\" href=\"https:\/\/www.catie.ac.cr\/en\/our_team\/maritza-dominguez\/\"><\/a><img loading=\"lazy\" decoding=\"async\" src=\"https:\/\/www.catie.ac.cr\/wp-content\/uploads\/2023\/12\/maritza-dominguez.jpg\" alt=\"maritza-dominguez\" title=\"maritza-dominguez\"  width=\"200\" height=\"200\"><div class=\"social-team\"><\/div><\/div><div class=\"content-team\"><h4 class=\"title\">Maritza Dom\u00ednguez<\/h4><div class = \"regency\">Member Country: Panam\u00e1<\/div><\/div><\/div><div class=\"our-team-item col-sm-3\"><div class=\"our-team-image\"> <a class=\"link-img\" href=\"https:\/\/www.catie.ac.cr\/en\/our_team\/jane-nguyen-2\/\"><\/a><img loading=\"lazy\" decoding=\"async\" src=\"https:\/\/www.catie.ac.cr\/wp-content\/uploads\/2022\/09\/Karla-Posada1-1-200x200.jpg\" alt=\"Karla-Posada1\" title=\"Karla-Posada1\"  width=\"200\" height=\"200\"><div class=\"social-team\"><\/div><\/div><div class=\"content-team\"><h4 class=\"title\">Karla Posada<\/h4><div class = \"regency\">Member Country: El Salvador<\/div><\/div><\/div><div class=\"our-team-item col-sm-3\"><div class=\"our-team-image\"> <a class=\"link-img\" href=\"https:\/\/www.catie.ac.cr\/en\/our_team\/richard-rogers-2\/\"><\/a><img loading=\"lazy\" decoding=\"async\" src=\"https:\/\/www.catie.ac.cr\/wp-content\/uploads\/2022\/09\/Christoph-Kohlmeyer1-200x200.jpg\" alt=\"Christoph-Kohlmeyer1\" title=\"Christoph-Kohlmeyer1\"  width=\"200\" height=\"200\"><div class=\"social-team\"><\/div><\/div><div class=\"content-team\"><h4 class=\"title\">Christoph Kohlmeyer<\/h4><div class = \"regency\">For international community: Germany<\/div><\/div><\/div><div class=\"our-team-item col-sm-3\"><div class=\"our-team-image\"> <a class=\"link-img\" href=\"https:\/\/www.catie.ac.cr\/en\/our_team\/martijn-ten-hoopen\/\"><\/a><img loading=\"lazy\" decoding=\"async\" src=\"https:\/\/www.catie.ac.cr\/wp-content\/uploads\/2022\/09\/GM-ten-Hoopen-jd.jpg\" alt=\"GM-ten-Hoopen-jd\" title=\"GM-ten-Hoopen-jd\"  width=\"200\" height=\"200\"><div class=\"social-team\"><\/div><\/div><div class=\"content-team\"><h4 class=\"title\">Martijn ten Hoopen<\/h4><div class = \"regency\">For international community: Netherlands<\/div><\/div><\/div><div class=\"our-team-item col-sm-3\"><div class=\"our-team-image\"> <a class=\"link-img\" href=\"https:\/\/www.catie.ac.cr\/en\/our_team\/richard-rogers\/\"><\/a><img loading=\"lazy\" decoding=\"async\" src=\"https:\/\/www.catie.ac.cr\/wp-content\/uploads\/2022\/09\/Richard-Rogers-2-200x200.jpg\" alt=\"Richard Rogers-2\" title=\"Richard Rogers-2\"  width=\"200\" height=\"200\"><div class=\"social-team\"><\/div><\/div><div class=\"content-team\"><h4 class=\"title\">Richard Rogers<\/h4><div class = \"regency\">For International Community: United States<\/div><\/div><\/div><div class=\"our-team-item col-sm-3\"><div class=\"our-team-image\"> <a class=\"link-img\" href=\"https:\/\/www.catie.ac.cr\/en\/our_team\/richard-rogers-3\/\"><\/a><img loading=\"lazy\" decoding=\"async\" src=\"https:\/\/www.catie.ac.cr\/wp-content\/uploads\/2024\/12\/Stephen-Kresovich1.jpg\" alt=\"Stephen-Kresovich1\" title=\"Stephen-Kresovich1\"  width=\"200\" height=\"200\"><div class=\"social-team\"><\/div><\/div><div class=\"content-team\"><h4 class=\"title\">Stephen Kresovich<\/h4><div class = \"regency\">For International Community: United States<\/div><\/div><\/div><div class=\"our-team-item col-sm-3\"><div class=\"our-team-image\"> <a class=\"link-img\" href=\"https:\/\/www.catie.ac.cr\/en\/our_team\/muhammad-ibrahim\/\"><\/a><img loading=\"lazy\" decoding=\"async\" src=\"https:\/\/www.catie.ac.cr\/wp-content\/uploads\/2021\/09\/Dr.-Luis-Pocasangre-JD-200x200.jpg\" alt=\"Dr. Luis Pocasangre-JD\" title=\"Dr. Luis Pocasangre-JD\"  width=\"200\" height=\"200\"><div class=\"social-team\"><\/div><\/div><div class=\"content-team\"><h4 class=\"title\">Luis Ernesto Pocasangre<\/h4><div class = \"regency\">Director General, CATIE <\/br>Secretary ex-officio<\/div><\/div><\/div><\/div><\/div>\t\t\t\t<\/div>\n\t\t\t\t<\/div>\n\t\t\t\t\t<\/div>\n\t\t<\/div>\n\t\t\t\t\t<\/div>\n\t\t<\/section>\n\t\t\t\t<section class=\"elementor-section elementor-top-section elementor-element elementor-element-0f47c47 elementor-section-boxed elementor-section-height-default elementor-section-height-default\" data-id=\"0f47c47\" data-element_type=\"section\">\n\t\t\t\t\t\t<div class=\"elementor-container elementor-column-gap-default\">\n\t\t\t\t\t<div class=\"elementor-column elementor-col-100 elementor-top-column elementor-element elementor-element-1e3759b\" data-id=\"1e3759b\" data-element_type=\"column\">\n\t\t\t<div class=\"elementor-widget-wrap elementor-element-populated\">\n\t\t\t\t\t\t<div class=\"elementor-element elementor-element-4b4b66b elementor-widget elementor-widget-thim-heading\" data-id=\"4b4b66b\" data-element_type=\"widget\" data-widget_type=\"thim-heading.default\">\n\t\t\t\t<div class=\"elementor-widget-container\">\n\t\t\t\t\t<div class=\"sc_heading   text-center\"><h3 style=\"text-transform: uppercase;color:#004A58;\" class=\"title\">Member of the Superior Council of Ministers<\/h3><span class=\"line\"><\/span><\/div>\t\t\t\t<\/div>\n\t\t\t\t<\/div>\n\t\t\t\t\t<\/div>\n\t\t<\/div>\n\t\t\t\t\t<\/div>\n\t\t<\/section>\n\t\t\t\t<section class=\"elementor-section elementor-top-section elementor-element elementor-element-8275a8f elementor-section-boxed elementor-section-height-default elementor-section-height-default\" data-id=\"8275a8f\" data-element_type=\"section\">\n\t\t\t\t\t\t<div class=\"elementor-container elementor-column-gap-default\">\n\t\t\t\t\t<div class=\"elementor-column elementor-col-100 elementor-top-column elementor-element elementor-element-40ede4c\" data-id=\"40ede4c\" data-element_type=\"column\">\n\t\t\t<div class=\"elementor-widget-wrap elementor-element-populated\">\n\t\t\t\t\t\t<div class=\"elementor-element elementor-element-db057e3 elementor-widget elementor-widget-text-editor\" data-id=\"db057e3\" data-element_type=\"widget\" data-widget_type=\"text-editor.default\">\n\t\t\t\t<div class=\"elementor-widget-container\">\n\t\t\t\t\t\t\t\t\t<ul><li>V\u00edctor Carvajal Porras, Ministry of Agriculture and Livestock<\/li><li><span data-olk-copy-source=\"MessageBody\">Rodwell Ferguson<\/span>, Belice, Ministry of Agriculture, Food Security and Enterprises of the Government of Belize<\/li><li><span data-teams=\"true\">\u00d3scar Mario Justiniano Pinto, Bolivia, Ministry of Productive Development, Rural Development and Water<\/span><\/li><li>Luis Ernesto Pocasangre, Secretary <em>Ex-officio<\/em>\u00a0of the Superior Council, CATIE<\/li><li><span data-olk-copy-source=\"MessageBody\">Christine Wong<\/span>, Canada, Representative of the Inter-American Board of Agriculture (IABA)<\/li><li>\u00d3scar Dom\u00ednguez, El Salvador, Ministry of Agriculture and Livestock<\/li><li><span data-olk-copy-source=\"MessageBody\">Mar\u00eda Fernanda Rivera, Guatemala,<\/span> Ministry of Agriculture, Livestock and Food<\/li><li><span data-teams=\"true\">Mois\u00e9s Molina Guill\u00e9n, Honduras, Secretary of Agriculture and Livestock<\/span><\/li><li><span data-olk-copy-source=\"MessageBody\">Muhammad Ibrahim<\/span>, Director General, Inter-American Institute for Cooperation on Agriculture (IICA)<\/li><li>Lloyd Day, representante del Instituto Interamericano de Cooperaci\u00f3n para la Agricultura (IICA)<\/li><li>Julio Berdegu\u00e9 Sacrist\u00e1n, Secretariat of Agriculture and Rural Development (AGRICULTURA), Mexico<\/li><li>Indiana Fuentes, Ministry of Agriculture and Forestry, Nicaragua<\/li><li>Roberto J. Linares, Panama, Ministry of Agricultural Development,<\/li><li>Rolando De Barros Barreto,, Secretariat of Environment, Paraguay<\/li><li><span data-olk-copy-source=\"MessageBody\">Francisco Oliverio Espaillat Bencosme<\/span>, Ministry of Agriculture, Dominican Republic<\/li><li><span data-teams=\"true\">Julio C\u00e9sar Le\u00f3n Heredia, Venezuela,  Ministry of Popular Power for Agriculture and Lands<\/span><\/li><\/ul>\t\t\t\t\t\t\t\t<\/div>\n\t\t\t\t<\/div>\n\t\t\t\t\t<\/div>\n\t\t<\/div>\n\t\t\t\t\t<\/div>\n\t\t<\/section>\n\t\t\t\t<\/div>","protected":false},"excerpt":{"rendered":"<p>El CATIE est\u00e1 gobernado por tres \u00f3rganos superiores: 1. Junta Interamericana de Agricultura (JIA) Es el \u00f3rgano supremo del CATIE. Est\u00e1 integrado por 34 pa\u00edses miembros, que se re\u00fanen de forma ordinaria cada dos a\u00f1os. 2. Consejo Superior de Ministros &hellip; <\/p>","protected":false},"author":1,"featured_media":0,"parent":0,"menu_order":0,"comment_status":"closed","ping_status":"closed","template":"","meta":{"_bbp_topic_count":0,"_bbp_reply_count":0,"_bbp_total_topic_count":0,"_bbp_total_reply_count":0,"_bbp_voice_count":0,"_bbp_anonymous_reply_count":0,"_bbp_topic_count_hidden":0,"_bbp_reply_count_hidden":0,"_bbp_forum_subforum_count":0,"pmpro_default_level":"","_monsterinsights_skip_tracking":false,"_monsterinsights_sitenote_active":false,"_monsterinsights_sitenote_note":"","_monsterinsights_sitenote_category":0,"_uf_show_specific_survey":0,"_uf_disable_surveys":false,"footnotes":""},"class_list":["post-9095","page","type-page","status-publish","hentry","pmpro-has-access"],"_links":{"self":[{"href":"https:\/\/www.catie.ac.cr\/en\/wp-json\/wp\/v2\/pages\/9095","targetHints":{"allow":["GET"]}}],"collection":[{"href":"https:\/\/www.catie.ac.cr\/en\/wp-json\/wp\/v2\/pages"}],"about":[{"href":"https:\/\/www.catie.ac.cr\/en\/wp-json\/wp\/v2\/types\/page"}],"author":[{"embeddable":true,"href":"https:\/\/www.catie.ac.cr\/en\/wp-json\/wp\/v2\/users\/1"}],"replies":[{"embeddable":true,"href":"https:\/\/www.catie.ac.cr\/en\/wp-json\/wp\/v2\/comments?post=9095"}],"version-history":[{"count":160,"href":"https:\/\/www.catie.ac.cr\/en\/wp-json\/wp\/v2\/pages\/9095\/revisions"}],"predecessor-version":[{"id":40792,"href":"https:\/\/www.catie.ac.cr\/en\/wp-json\/wp\/v2\/pages\/9095\/revisions\/40792"}],"wp:attachment":[{"href":"https:\/\/www.catie.ac.cr\/en\/wp-json\/wp\/v2\/media?parent=9095"}],"curies":[{"name":"wp","href":"https:\/\/api.w.org\/{rel}","templated":true}]}}