{"id":9235,"date":"2021-09-29T16:28:40","date_gmt":"2021-09-29T22:28:40","guid":{"rendered":"http:\/\/45.77.187.143\/?page_id=9235"},"modified":"2024-11-06T14:35:47","modified_gmt":"2024-11-06T20:35:47","slug":"agrobiodiversidad-y-seguridad-alimentaria","status":"publish","type":"page","link":"https:\/\/www.catie.ac.cr\/en\/agrobiodiversidad-y-seguridad-alimentaria\/","title":{"rendered":"Agrobiodiversity and Food Security"},"content":{"rendered":"<div data-elementor-type=\"wp-page\" data-elementor-id=\"9235\" class=\"elementor elementor-9235\" data-elementor-post-type=\"page\">\n\t\t\t\t\t\t<section class=\"elementor-section elementor-top-section elementor-element elementor-element-72f40c41 elementor-section-boxed elementor-section-height-default elementor-section-height-default\" data-id=\"72f40c41\" data-element_type=\"section\">\n\t\t\t\t\t\t<div class=\"elementor-container elementor-column-gap-default\">\n\t\t\t\t\t<div class=\"elementor-column elementor-col-100 elementor-top-column elementor-element elementor-element-1117089c\" data-id=\"1117089c\" data-element_type=\"column\">\n\t\t\t<div class=\"elementor-widget-wrap elementor-element-populated\">\n\t\t\t\t\t\t<div class=\"elementor-element elementor-element-64151c3 elementor-widget elementor-widget-thim-heading\" data-id=\"64151c3\" data-element_type=\"widget\" data-widget_type=\"thim-heading.default\">\n\t\t\t\t<div class=\"elementor-widget-container\">\n\t\t\t\t\t<div class=\"sc_heading   text-center\"><h3 style=\"text-transform: uppercase;color:#004A58;\" class=\"title\">Agrobiodiversity and Food Security Unit (AFS)<\/h3><span class=\"line\"><\/span><\/div>\t\t\t\t<\/div>\n\t\t\t\t<\/div>\n\t\t\t\t<div class=\"elementor-element elementor-element-41a359ba elementor-widget elementor-widget-thim-gallery-images\" data-id=\"41a359ba\" data-element_type=\"widget\" data-widget_type=\"thim-gallery-images.default\">\n\t\t\t\t<div class=\"elementor-widget-container\">\n\t\t\t\t\t<div class=\"thim-carousel-wrapper gallery-img not_have_color\" data-visible=\"1\" data-autoplay=\"0\" data-navigation=\"0\" data-pagination=\"1\" data-loop=\"true\"><div class=\"item\"><img fetchpriority=\"high\" src =\"https:\/\/www.catie.ac.cr\/wp-content\/uploads\/2021\/11\/SEGURIDAD-ALIMENTARIA-2-1.jpg\" width=\"1170\" height=\"550\" alt=\"\"\/><\/div><div class=\"item\"><img src =\"https:\/\/www.catie.ac.cr\/wp-content\/uploads\/2021\/11\/36df67-catie-1.jpg\" width=\"1170\" height=\"550\" alt=\"\"\/><\/div><\/div>\t\t\t\t<\/div>\n\t\t\t\t<\/div>\n\t\t\t\t\t<\/div>\n\t\t<\/div>\n\t\t\t\t\t<\/div>\n\t\t<\/section>\n\t\t\t\t<section class=\"elementor-section elementor-top-section elementor-element elementor-element-494cd0ef elementor-section-boxed elementor-section-height-default elementor-section-height-default\" data-id=\"494cd0ef\" data-element_type=\"section\">\n\t\t\t\t\t\t<div class=\"elementor-container elementor-column-gap-default\">\n\t\t\t\t\t<div class=\"elementor-column elementor-col-50 elementor-top-column elementor-element elementor-element-5ee03519\" data-id=\"5ee03519\" data-element_type=\"column\">\n\t\t\t<div class=\"elementor-widget-wrap elementor-element-populated\">\n\t\t\t\t\t\t<div class=\"elementor-element elementor-element-2c39e488 elementor-widget elementor-widget-text-editor\" data-id=\"2c39e488\" data-element_type=\"widget\" data-widget_type=\"text-editor.default\">\n\t\t\t\t<div class=\"elementor-widget-container\">\n\t\t\t\t\t\t\t\t\t<p>Food security is one of the main challenges of this century at a global level. By 2050, the world will require increased food production to meet the needs of a population approaching nine billion people and this must be achieved even in the face of the challenges of new consumption patterns, the impact of climate change and the limitations of access to water and soil resources.<\/p>\t\t\t\t\t\t\t\t<\/div>\n\t\t\t\t<\/div>\n\t\t\t\t\t<\/div>\n\t\t<\/div>\n\t\t\t\t<div class=\"elementor-column elementor-col-50 elementor-top-column elementor-element elementor-element-91f84c4\" data-id=\"91f84c4\" data-element_type=\"column\" data-settings=\"{&quot;background_background&quot;:&quot;classic&quot;}\">\n\t\t\t<div class=\"elementor-widget-wrap elementor-element-populated\">\n\t\t\t\t\t\t<div class=\"elementor-element elementor-element-c86dbab elementor-widget elementor-widget-text-editor\" data-id=\"c86dbab\" data-element_type=\"widget\" data-widget_type=\"text-editor.default\">\n\t\t\t\t<div class=\"elementor-widget-container\">\n\t\t\t\t\t\t\t\t\t<p>Nutritional food security is a state in which all people enjoy, in a timely and permanent manner, physical, economic, and social access to the food they need, in quantity and quality, for its adequate consumption and biological use, guaranteeing them a state of general well-being that contributes to the achievement of its development (FAO-PESA, 2011).<\/p>\t\t\t\t\t\t\t\t<\/div>\n\t\t\t\t<\/div>\n\t\t\t\t\t<\/div>\n\t\t<\/div>\n\t\t\t\t\t<\/div>\n\t\t<\/section>\n\t\t\t\t<section class=\"elementor-section elementor-top-section elementor-element elementor-element-0d6d07f elementor-section-boxed elementor-section-height-default elementor-section-height-default\" data-id=\"0d6d07f\" data-element_type=\"section\">\n\t\t\t\t\t\t<div class=\"elementor-container elementor-column-gap-default\">\n\t\t\t\t\t<div class=\"elementor-column elementor-col-100 elementor-top-column elementor-element elementor-element-c748018\" data-id=\"c748018\" data-element_type=\"column\">\n\t\t\t<div class=\"elementor-widget-wrap elementor-element-populated\">\n\t\t\t\t\t\t<div class=\"elementor-element elementor-element-498e6fe elementor-widget elementor-widget-text-editor\" data-id=\"498e6fe\" data-element_type=\"widget\" data-widget_type=\"text-editor.default\">\n\t\t\t\t<div class=\"elementor-widget-container\">\n\t\t\t\t\t\t\t\t\t<p><span style=\"font-weight: var( --e-global-typography-text-font-weight );\">Food crises are increasingly acute and complex and will require innovative strategies to prevent and address them. Food systems require major adjustments that consider the sustainable use and conservation of natural resources, as well as supporting the livelihoods of small and medium-scale producers around the world.<\/span><\/p><p>In Latin America and the Caribbean, more than 47 million people suffer from hunger. This is 7% of the total population of the region (FAO, 2020), which poses an unprecedented challenge in a context of health crisis and climate change, which severely affects the most vulnerable populations, where hunger is intrinsically linked to economic poverty, limited access to water and soil resources, and loss of biodiversity related to agriculture and food.<\/p><p>Of the more than 6000 species of plants estimated on the planet, only 30 are used to produce conventional food and three (rice, wheat, corn) provide more than 50% of the food energy we consume (FAO, 2018).<\/p><p>Biodiversity associated with agriculture and food (agrobiodiversity) is essential to guarantee a varied and nutritious diet, while generating important ecological and socio-economic benefits linked to adaptation to climate change, conservation of natural resources, carbon sequestration and specially food and nutrition security.<\/p><p>\u00a0<\/p><p>\u00a0<\/p><ul><li><span style=\"color: #008080;\"><strong>What we at CATIE offer in agrobiodiversity and food security <\/strong><\/span><\/li><\/ul><p>It is important to note that, in response to the prevailing need to identify innovative routes for the transformation of current food systems towards sustainable, resilient and inclusive systems, the Agrobiodiversity and Food Security Unit of CATIE's Inclusive Green Research and Development Division was born.<\/p><p>Through research for development, implementation and promotion of agroecological, agroforestry and other good practices associated with sustainable agriculture, which integrate the rational use and conservation of natural resources, at CATIE we promote both innovation and the rescue of ancestral knowledge with the following objectives:<\/p><ul><li>Increase resilience to adverse climatic, biological and economic events in the territories.<\/li><li>Promote the generation of varied and nutritious food, as well as its availability and equitable access.<\/li><li>Promote inclusive participation of youth and women in productive and economic practices, and in farm and family decision-making.<\/li><li>Promote the responsible and efficient use of genetic resources.<\/li><li>Promote family farming, agroforestry, integrated agricultural systems and good agricultural practices.<\/li><li>Generate relevant and appropriate information on actions for the use and conservation of genetic resources (<em>in situ<\/em> and <em>ex situ<\/em>) necessary to ensure sustainable food production and safeguard availability for future generations.<\/li><li>Investigate, validate and promote varieties and genetic selections of crops adapted to agroclimatic conditions.<\/li><\/ul><p>At the same time, we strengthen institutional capacities for the validation and scaling of good agricultural practices, participatory designs and implementation of strategies adapted to the agroecological conditions of the territories and the socioeconomic and cultural characteristics of families and communities, integrating multiple local, national, and international organizations on an interdisciplinary perspective.<\/p>\t\t\t\t\t\t\t\t<\/div>\n\t\t\t\t<\/div>\n\t\t\t\t\t<\/div>\n\t\t<\/div>\n\t\t\t\t\t<\/div>\n\t\t<\/section>\n\t\t\t\t<section class=\"elementor-section elementor-top-section elementor-element elementor-element-0ace19c elementor-section-boxed elementor-section-height-default elementor-section-height-default\" data-id=\"0ace19c\" data-element_type=\"section\">\n\t\t\t\t\t\t<div class=\"elementor-container elementor-column-gap-default\">\n\t\t\t\t\t<div class=\"elementor-column elementor-col-100 elementor-top-column elementor-element elementor-element-2e7e349\" data-id=\"2e7e349\" data-element_type=\"column\">\n\t\t\t<div class=\"elementor-widget-wrap elementor-element-populated\">\n\t\t\t\t\t\t<div class=\"elementor-element elementor-element-f1e691a elementor-widget elementor-widget-heading\" data-id=\"f1e691a\" data-element_type=\"widget\" data-widget_type=\"heading.default\">\n\t\t\t\t<div class=\"elementor-widget-container\">\n\t\t\t\t\t<h3 class=\"elementor-heading-title elementor-size-default\">Profile of CATIE researchers working in these areas<\/h3>\t\t\t\t<\/div>\n\t\t\t\t<\/div>\n\t\t\t\t<div class=\"elementor-element elementor-element-804626b elementor-widget elementor-widget-text-editor\" data-id=\"804626b\" data-element_type=\"widget\" data-widget_type=\"text-editor.default\">\n\t\t\t\t<div class=\"elementor-widget-container\">\n\t\t\t\t\t\t\t\t\t<p>Among the profiles of CATIE researchers working in these areas are: agronomists, foresters, agroecologists, plant pathologists, nutritionists, biologists, food technologists, socioeconomists, and plant breeders.<\/p>\t\t\t\t\t\t\t\t<\/div>\n\t\t\t\t<\/div>\n\t\t\t\t\t<\/div>\n\t\t<\/div>\n\t\t\t\t\t<\/div>\n\t\t<\/section>\n\t\t\t\t<section class=\"elementor-section elementor-top-section elementor-element elementor-element-2b4ea87 elementor-section-boxed elementor-section-height-default elementor-section-height-default\" data-id=\"2b4ea87\" data-element_type=\"section\">\n\t\t\t\t\t\t<div class=\"elementor-container elementor-column-gap-default\">\n\t\t\t\t\t<div class=\"elementor-column elementor-col-100 elementor-top-column elementor-element elementor-element-88256a8\" data-id=\"88256a8\" data-element_type=\"column\">\n\t\t\t<div class=\"elementor-widget-wrap elementor-element-populated\">\n\t\t\t\t\t\t<div class=\"elementor-element elementor-element-9f5c947 elementor-widget elementor-widget-heading\" data-id=\"9f5c947\" data-element_type=\"widget\" data-widget_type=\"heading.default\">\n\t\t\t\t<div class=\"elementor-widget-container\">\n\t\t\t\t\t<h3 class=\"elementor-heading-title elementor-size-default\">Success story<\/h3>\t\t\t\t<\/div>\n\t\t\t\t<\/div>\n\t\t\t\t<div class=\"elementor-element elementor-element-4a654eb elementor-widget elementor-widget-text-editor\" data-id=\"4a654eb\" data-element_type=\"widget\" data-widget_type=\"text-editor.default\">\n\t\t\t\t<div class=\"elementor-widget-container\">\n\t\t\t\t\t\t\t\t\t<p>For more than 70 years, the many CATIE technicians and students dedicated to the subject of agrobiodiversity have contributed countless publications and theses on the characterization and current and potential utility of the crops conserved in our collections or in the hands of farmer families from the whole region. These publications include assessments of the potential of underutilized - or forgotten - crops to contribute to food security and sovereignty under climate change.<\/p><p>Together, both the crop collections themselves and the knowledge about them constitute an invaluable treasure for humanity, reflected by the inclusion of such public collections under the international umbrella of the Crop Diversity Trust and FAO. At CATIE we work for this cause, as we are aware that it is everyone's responsibility to contribute to the preservation of this legacy.<\/p>\t\t\t\t\t\t\t\t<\/div>\n\t\t\t\t<\/div>\n\t\t\t\t\t<\/div>\n\t\t<\/div>\n\t\t\t\t\t<\/div>\n\t\t<\/section>\n\t\t\t\t<section class=\"elementor-section elementor-top-section elementor-element elementor-element-55551d7a elementor-section-stretched elementor-section-height-min-height content_links elementor-section-boxed elementor-section-height-default elementor-section-items-middle\" data-id=\"55551d7a\" data-element_type=\"section\" data-settings=\"{&quot;stretch_section&quot;:&quot;section-stretched&quot;,&quot;background_background&quot;:&quot;classic&quot;}\">\n\t\t\t\t\t\t\t<div class=\"elementor-background-overlay\"><\/div>\n\t\t\t\t\t\t\t<div class=\"elementor-container elementor-column-gap-no\">\n\t\t\t\t\t<div class=\"elementor-column elementor-col-100 elementor-top-column elementor-element elementor-element-6c3dcdcd\" data-id=\"6c3dcdcd\" data-element_type=\"column\">\n\t\t\t<div class=\"elementor-widget-wrap elementor-element-populated\">\n\t\t\t\t\t\t<div class=\"elementor-element elementor-element-83cb913 elementor-widget elementor-widget-heading\" data-id=\"83cb913\" data-element_type=\"widget\" data-widget_type=\"heading.default\">\n\t\t\t\t<div class=\"elementor-widget-container\">\n\t\t\t\t\t<h3 class=\"elementor-heading-title elementor-size-default\">For more information you can contact:<\/h3>\t\t\t\t<\/div>\n\t\t\t\t<\/div>\n\t\t\t\t<div class=\"elementor-element elementor-element-3d21191 elementor-widget elementor-widget-text-editor\" data-id=\"3d21191\" data-element_type=\"widget\" data-widget_type=\"text-editor.default\">\n\t\t\t\t<div class=\"elementor-widget-container\">\n\t\t\t\t\t\t\t\t\t<p>Reinhold Muschler, Ph.D. (<a href=\"mailto:rmuschler@catie.ac.cr\">rmuschler@catie.ac.cr<\/a>)<\/p><p>References:<\/p><p>\u200bFAO, FIDA, OPS, WFP y UNICEF. 2020.\u00a0<em>Panorama de la seguridad alimentaria y nutrici\u00f3n en Am\u00e9rica Latina y el Caribe 2020<\/em>. Santiago de Chile. <a href=\"https:\/\/doi.org\/10.4060\/cb2242es\" target=\"_blank\" rel=\"noopener\">https:\/\/doi.org\/10.4060\/cb2242es<\/a><\/p><p>FAO-PESA Centroam\u00e9rica. 2011. <em>Seguridad Alimentaria Nutricional, Conceptos B\u00e1sicos<\/em> (en l\u00ednea). Recuperado de <a href=\"http:\/\/www.fao.org\/3\/a-at772s.pdf\" target=\"_blank\" rel=\"noopener\">http:\/\/www.fao.org\/3\/a-at772s.pdf<\/a><\/p><p>FAO. 2018. <em>Transforming food and agriculture to achieve the SDGs: 20 interconnected actions to guide decision-makers<\/em>. Recuperado de <a href=\"http:\/\/www.fao.org\/3\/I9900EN\/i9900en.pdf\" target=\"_blank\" rel=\"noopener\">http:\/\/www.fao.org\/3\/I9900EN\/i9900en.pdf<\/a><\/p>\t\t\t\t\t\t\t\t<\/div>\n\t\t\t\t<\/div>\n\t\t\t\t<div class=\"elementor-element elementor-element-b954a2a elementor-widget elementor-widget-html\" data-id=\"b954a2a\" data-element_type=\"widget\" data-widget_type=\"html.default\">\n\t\t\t\t<div class=\"elementor-widget-container\">\n\t\t\t\t\t<style>\n    \n    .content_links *{\n        color:white;\n    }\n    \n<\/style>\t\t\t\t<\/div>\n\t\t\t\t<\/div>\n\t\t\t\t\t<\/div>\n\t\t<\/div>\n\t\t\t\t\t<\/div>\n\t\t<\/section>\n\t\t\t\t<\/div>","protected":false},"excerpt":{"rendered":"<p>Unidad Agrobiodiversidad y Seguridad Alimentaria (ASA) La seguridad alimentaria es uno de los principales retos de este siglo a nivel global. Para el 2050, el mundo requerir\u00e1 una mayor producci\u00f3n de alimento para satisfacer las necesidades de una poblaci\u00f3n que &hellip; <\/p>","protected":false},"author":1,"featured_media":0,"parent":0,"menu_order":0,"comment_status":"closed","ping_status":"closed","template":"","meta":{"_bbp_topic_count":0,"_bbp_reply_count":0,"_bbp_total_topic_count":0,"_bbp_total_reply_count":0,"_bbp_voice_count":0,"_bbp_anonymous_reply_count":0,"_bbp_topic_count_hidden":0,"_bbp_reply_count_hidden":0,"_bbp_forum_subforum_count":0,"pmpro_default_level":"","_monsterinsights_skip_tracking":false,"_monsterinsights_sitenote_active":false,"_monsterinsights_sitenote_note":"","_monsterinsights_sitenote_category":0,"_uf_show_specific_survey":0,"_uf_disable_surveys":false,"footnotes":""},"class_list":["post-9235","page","type-page","status-publish","hentry","pmpro-has-access"],"_links":{"self":[{"href":"https:\/\/www.catie.ac.cr\/en\/wp-json\/wp\/v2\/pages\/9235","targetHints":{"allow":["GET"]}}],"collection":[{"href":"https:\/\/www.catie.ac.cr\/en\/wp-json\/wp\/v2\/pages"}],"about":[{"href":"https:\/\/www.catie.ac.cr\/en\/wp-json\/wp\/v2\/types\/page"}],"author":[{"embeddable":true,"href":"https:\/\/www.catie.ac.cr\/en\/wp-json\/wp\/v2\/users\/1"}],"replies":[{"embeddable":true,"href":"https:\/\/www.catie.ac.cr\/en\/wp-json\/wp\/v2\/comments?post=9235"}],"version-history":[{"count":77,"href":"https:\/\/www.catie.ac.cr\/en\/wp-json\/wp\/v2\/pages\/9235\/revisions"}],"predecessor-version":[{"id":30269,"href":"https:\/\/www.catie.ac.cr\/en\/wp-json\/wp\/v2\/pages\/9235\/revisions\/30269"}],"wp:attachment":[{"href":"https:\/\/www.catie.ac.cr\/en\/wp-json\/wp\/v2\/media?parent=9235"}],"curies":[{"name":"wp","href":"https:\/\/api.w.org\/{rel}","templated":true}]}}