{"id":9412,"date":"2021-10-01T16:12:03","date_gmt":"2021-10-01T22:12:03","guid":{"rendered":"http:\/\/45.77.187.143\/?page_id=9412"},"modified":"2025-10-21T09:24:45","modified_gmt":"2025-10-21T15:24:45","slug":"economia-ambiente-y-agronegocios-sostenibles","status":"publish","type":"page","link":"https:\/\/www.catie.ac.cr\/en\/economia-ambiente-y-agronegocios-sostenibles\/","title":{"rendered":"Unit for Environmental Economics and Sustainable Agribusiness (UEAAS\/EfD)"},"content":{"rendered":"<div data-elementor-type=\"wp-page\" data-elementor-id=\"9412\" class=\"elementor elementor-9412\" data-elementor-post-type=\"page\">\n\t\t\t\t\t\t<section class=\"elementor-section elementor-top-section elementor-element elementor-element-7398aad0 elementor-section-boxed elementor-section-height-default elementor-section-height-default\" data-id=\"7398aad0\" data-element_type=\"section\">\n\t\t\t\t\t\t<div class=\"elementor-container elementor-column-gap-default\">\n\t\t\t\t\t<div class=\"elementor-column elementor-col-100 elementor-top-column elementor-element elementor-element-775cfb0b\" data-id=\"775cfb0b\" data-element_type=\"column\">\n\t\t\t<div class=\"elementor-widget-wrap elementor-element-populated\">\n\t\t\t\t\t\t<div class=\"elementor-element elementor-element-37fe8823 elementor-widget elementor-widget-thim-heading\" data-id=\"37fe8823\" data-element_type=\"widget\" data-widget_type=\"thim-heading.default\">\n\t\t\t\t<div class=\"elementor-widget-container\">\n\t\t\t\t\t<div class=\"sc_heading   text-center\"><h3 style=\"text-transform: uppercase;color:#004A58;\" class=\"title\">Unit for Environmental Economics and Sustainable Agribusiness (UEAAS\/EfD)<\/h3><span class=\"line\"><\/span><\/div>\t\t\t\t<\/div>\n\t\t\t\t<\/div>\n\t\t\t\t\t<\/div>\n\t\t<\/div>\n\t\t\t\t\t<\/div>\n\t\t<\/section>\n\t\t\t\t<section class=\"elementor-section elementor-top-section elementor-element elementor-element-58341c96 elementor-section-boxed elementor-section-height-default elementor-section-height-default\" data-id=\"58341c96\" data-element_type=\"section\">\n\t\t\t\t\t\t<div class=\"elementor-container elementor-column-gap-default\">\n\t\t\t\t\t<div class=\"elementor-column elementor-col-100 elementor-top-column elementor-element elementor-element-659b6749\" data-id=\"659b6749\" data-element_type=\"column\">\n\t\t\t<div class=\"elementor-widget-wrap elementor-element-populated\">\n\t\t\t\t\t\t<div class=\"elementor-element elementor-element-5a199da3 elementor-widget elementor-widget-thim-gallery-images\" data-id=\"5a199da3\" data-element_type=\"widget\" data-widget_type=\"thim-gallery-images.default\">\n\t\t\t\t<div class=\"elementor-widget-container\">\n\t\t\t\t\t<div class=\"thim-carousel-wrapper gallery-img not_have_color\" data-visible=\"1\" data-autoplay=\"0\" data-navigation=\"0\" data-pagination=\"1\" data-loop=\"true\"><div class=\"item\"><img fetchpriority=\"high\" src =\"https:\/\/www.catie.ac.cr\/wp-content\/uploads\/2022\/06\/Ri\u0301oEfD-1.jpg\" width=\"1170\" height=\"550\" alt=\"\"\/><\/div><\/div>\t\t\t\t<\/div>\n\t\t\t\t<\/div>\n\t\t\t\t\t<\/div>\n\t\t<\/div>\n\t\t\t\t\t<\/div>\n\t\t<\/section>\n\t\t\t\t<section class=\"elementor-section elementor-top-section elementor-element elementor-element-67e08c4 elementor-section-boxed elementor-section-height-default elementor-section-height-default\" data-id=\"67e08c4\" data-element_type=\"section\">\n\t\t\t\t\t\t<div class=\"elementor-container elementor-column-gap-default\">\n\t\t\t\t\t<div class=\"elementor-column elementor-col-100 elementor-top-column elementor-element elementor-element-0ee50e9\" data-id=\"0ee50e9\" data-element_type=\"column\">\n\t\t\t<div class=\"elementor-widget-wrap elementor-element-populated\">\n\t\t\t\t\t\t<div class=\"elementor-element elementor-element-146cf8d elementor-widget elementor-widget-spacer\" data-id=\"146cf8d\" data-element_type=\"widget\" data-widget_type=\"spacer.default\">\n\t\t\t\t<div class=\"elementor-widget-container\">\n\t\t\t\t\t\t\t<div class=\"elementor-spacer\">\n\t\t\t<div class=\"elementor-spacer-inner\"><\/div>\n\t\t<\/div>\n\t\t\t\t\t\t<\/div>\n\t\t\t\t<\/div>\n\t\t\t\t<div class=\"elementor-element elementor-element-7bef28d4 elementor-widget elementor-widget-text-editor\" data-id=\"7bef28d4\" data-element_type=\"widget\" data-widget_type=\"text-editor.default\">\n\t\t\t\t<div class=\"elementor-widget-container\">\n\t\t\t\t\t\t\t\t\t<p>At UEAAS\/<a href=\"https:\/\/www.efdinitiative.org\/central-america\">EfD<\/a> we are a multidisciplinary team that uses environmental economics and the promotion of sustainable agribusiness management as a means to promote the achievement of sustainable development goals in the Latin American and Caribbean region.<\/p><p>We generate scientific evidence for the design, implementation and evaluation of public policies, we transfer knowledge and strengthen capacities to various actors interested in using the economic perspective to solve the most urgent environmental problems in the region. Similarly, we contribute to the insertion and staggering of micro, small and medium-sized enterprises (MSMEs) in sustainable agricultural, forestry, aquaculture, fishing and beekeeping value chains.<\/p>\t\t\t\t\t\t\t\t<\/div>\n\t\t\t\t<\/div>\n\t\t\t\t<div class=\"elementor-element elementor-element-b257dd6 elementor-widget elementor-widget-spacer\" data-id=\"b257dd6\" data-element_type=\"widget\" data-widget_type=\"spacer.default\">\n\t\t\t\t<div class=\"elementor-widget-container\">\n\t\t\t\t\t\t\t<div class=\"elementor-spacer\">\n\t\t\t<div class=\"elementor-spacer-inner\"><\/div>\n\t\t<\/div>\n\t\t\t\t\t\t<\/div>\n\t\t\t\t<\/div>\n\t\t\t\t<div class=\"elementor-element elementor-element-895681c elementor-widget elementor-widget-heading\" data-id=\"895681c\" data-element_type=\"widget\" data-widget_type=\"heading.default\">\n\t\t\t\t<div class=\"elementor-widget-container\">\n\t\t\t\t\t<h3 class=\"elementor-heading-title elementor-size-default\">We focus on four strategic themes:<\/h3>\t\t\t\t<\/div>\n\t\t\t\t<\/div>\n\t\t\t\t<div class=\"elementor-element elementor-element-afd0585 elementor-widget elementor-widget-text-editor\" data-id=\"afd0585\" data-element_type=\"widget\" data-widget_type=\"text-editor.default\">\n\t\t\t\t<div class=\"elementor-widget-container\">\n\t\t\t\t\t\t\t\t\t<p><span style=\"color: #008080;\"><strong>Financing, conservation policies, and economic valuation<\/strong><\/span><\/p><p>We contribute to the design, implementation, and evaluation of environmental and agricultural public policies based on the use of economic incentives (e.g., taxes, subsidies, Payment for Environmental Services, and Water Funds) and the economic valuation of nature-based solutions. Additionally, we address ecosystem-based adaptation (EbA) from commercial financing and insurance perspectives.<\/p><p><span style=\"color: #008080;\"><strong>Sustainable agribusiness<\/strong><\/span><\/p><p>We work on strengthening the business environment, particularly in rural areas, by managing sustainable value chains and enhancing competitiveness for micro, small, and medium-sized enterprises (MSMEs) through sustainable agribusiness models. Furthermore, we enhance capacities, foster entrepreneurship, facilitate commercial partnerships, and enable access to high-value socio-environmental markets through product development.<\/p>\t\t\t\t\t\t\t\t<\/div>\n\t\t\t\t<\/div>\n\t\t\t\t<div class=\"elementor-element elementor-element-22b7392 elementor-widget elementor-widget-image\" data-id=\"22b7392\" data-element_type=\"widget\" data-widget_type=\"image.default\">\n\t\t\t\t<div class=\"elementor-widget-container\">\n\t\t\t\t\t\t\t\t\t\t\t\t\t\t\t<img decoding=\"async\" width=\"850\" height=\"325\" src=\"https:\/\/www.catie.ac.cr\/wp-content\/uploads\/2022\/06\/Agronegocios.jpg\" class=\"attachment-full size-full wp-image-13220\" alt=\"\" srcset=\"https:\/\/www.catie.ac.cr\/wp-content\/uploads\/2022\/06\/Agronegocios.jpg 850w, https:\/\/www.catie.ac.cr\/wp-content\/uploads\/2022\/06\/Agronegocios-300x115.jpg 300w, https:\/\/www.catie.ac.cr\/wp-content\/uploads\/2022\/06\/Agronegocios-768x294.jpg 768w, https:\/\/www.catie.ac.cr\/wp-content\/uploads\/2022\/06\/Agronegocios-18x7.jpg 18w, https:\/\/www.catie.ac.cr\/wp-content\/uploads\/2022\/06\/Agronegocios-600x229.jpg 600w\" sizes=\"(max-width: 850px) 100vw, 850px\" \/>\t\t\t\t\t\t\t\t\t\t\t\t\t\t\t<\/div>\n\t\t\t\t<\/div>\n\t\t\t\t<div class=\"elementor-element elementor-element-3a4870a elementor-widget elementor-widget-text-editor\" data-id=\"3a4870a\" data-element_type=\"widget\" data-widget_type=\"text-editor.default\">\n\t\t\t\t<div class=\"elementor-widget-container\">\n\t\t\t\t\t\t\t\t\t<p><span style=\"color: #008080;\"><strong>Circular economy<\/strong><\/span><\/p><p>We focus on addressing sustainable production and consumption, including food waste, as well as solid waste management and fiscal and economic options for waste reduction, recycling, and reuse. In the agricultural context, we tackle the issue of taxes or subsidies to encourage lower input usage and contribute to pollution reduction.<\/p><p><span style=\"color: #008080;\"><strong>Water economy<\/strong><\/span><\/p><p>We analyze community water management for human consumption and irrigation, improving access to water and scarcity management, tariffs, and the sustainability of water service providers, along with aspects related to climate change adaptation in the water sector. We also examine the economic costs and benefits of investments in natural capital or green infrastructure for water management in the context of climate change adaptation.<\/p>\t\t\t\t\t\t\t\t<\/div>\n\t\t\t\t<\/div>\n\t\t\t\t\t<\/div>\n\t\t<\/div>\n\t\t\t\t\t<\/div>\n\t\t<\/section>\n\t\t\t\t<section class=\"elementor-section elementor-top-section elementor-element elementor-element-afce17a elementor-section-boxed elementor-section-height-default elementor-section-height-default\" data-id=\"afce17a\" data-element_type=\"section\">\n\t\t\t\t\t\t<div class=\"elementor-container elementor-column-gap-default\">\n\t\t\t\t\t<div class=\"elementor-column elementor-col-100 elementor-top-column elementor-element elementor-element-a9a15f8\" data-id=\"a9a15f8\" data-element_type=\"column\">\n\t\t\t<div class=\"elementor-widget-wrap elementor-element-populated\">\n\t\t\t\t\t\t<div class=\"elementor-element elementor-element-495c3f7 elementor-widget elementor-widget-spacer\" data-id=\"495c3f7\" data-element_type=\"widget\" data-widget_type=\"spacer.default\">\n\t\t\t\t<div class=\"elementor-widget-container\">\n\t\t\t\t\t\t\t<div class=\"elementor-spacer\">\n\t\t\t<div class=\"elementor-spacer-inner\"><\/div>\n\t\t<\/div>\n\t\t\t\t\t\t<\/div>\n\t\t\t\t<\/div>\n\t\t\t\t<div class=\"elementor-element elementor-element-23b4a24 elementor-widget elementor-widget-heading\" data-id=\"23b4a24\" data-element_type=\"widget\" data-widget_type=\"heading.default\">\n\t\t\t\t<div class=\"elementor-widget-container\">\n\t\t\t\t\t<h3 class=\"elementor-heading-title elementor-size-default\">Environmental economics for growth and environmental conservation in Latin America and the Caribbean<\/h3>\t\t\t\t<\/div>\n\t\t\t\t<\/div>\n\t\t\t\t<div class=\"elementor-element elementor-element-dcf6fea elementor-widget elementor-widget-text-editor\" data-id=\"dcf6fea\" data-element_type=\"widget\" data-widget_type=\"text-editor.default\">\n\t\t\t\t<div class=\"elementor-widget-container\">\n\t\t\t\t\t\t\t\t\t<p>The experience of more than 15 years in the design and implementation of different financial mechanisms has allowed us to contribute to the development of local, national and transnational initiatives that favor the conservation of the environment, improve the living conditions of the population and promote or facilitate the establishment of socially and environmentally responsible business models.<\/p><p>There are recent examples of our work in applied research, consulting and capacity building processes in the region, which demonstrate the positive impact of our actions. In Kingston, Jamaica, a Payments for Water Environmental Services program was designed in conjunction with various government entities and with the support of the Inter-American Development Bank (IDB). Currently, scientific research is also being carried out, together with the National Institute of Forest Science (NiFOS) of the Republic of Korea, to determine the key aspects that can favor the successful implementation of financial mechanisms for the conservation and restoration of the forestry sector in developing countries. National Institute of Forest Science <em>National Institute of Forest Science<\/em> (NiFOS) of the Republic of Korea, to determine the key aspects that can favor the successful implementation of financial mechanisms for the conservation and restoration of the forestry sector in developing countries.<\/p><p>In addition, with the Inter-American Development Bank (IDB), we support the design of a Trinational Water Fund in the Lempa River Basin, which would benefit comprehensive water management in Guatemala, El Salvador, and Honduras. This work highlights that collective action between countries is essential to mobilize resources for the conservation of transboundary watersheds.<\/p><p>In line with the assessment of ecosystem services and support for climate change adaptation and mitigation processes, we work with National System of Conservation Areas (SINAC), National System of Conservation Areas (ACRXS) and IUCN (International Union for Conservation of Nature) in the diagnosis and identification of opportunities for the implementation of Blue-Green Infrastructures (IAV) in the coastal areas of Costa Rica. As a result of the characterization of HTI options, the modeling of ecosystem services that they provide to society (such as reduction of coastal vulnerability, erosion, and flooding), the cost-effectiveness analysis, and the identification of priority areas for implementation, the government of Costa Rica will have a practical guide for the implementation of these natural infrastructures and the mitigation of the effects of climate change.<\/p>\t\t\t\t\t\t\t\t<\/div>\n\t\t\t\t<\/div>\n\t\t\t\t<div class=\"elementor-element elementor-element-5e8f749 elementor-widget elementor-widget-spacer\" data-id=\"5e8f749\" data-element_type=\"widget\" data-widget_type=\"spacer.default\">\n\t\t\t\t<div class=\"elementor-widget-container\">\n\t\t\t\t\t\t\t<div class=\"elementor-spacer\">\n\t\t\t<div class=\"elementor-spacer-inner\"><\/div>\n\t\t<\/div>\n\t\t\t\t\t\t<\/div>\n\t\t\t\t<\/div>\n\t\t\t\t<div class=\"elementor-element elementor-element-d206cbf elementor-widget elementor-widget-heading\" data-id=\"d206cbf\" data-element_type=\"widget\" data-widget_type=\"heading.default\">\n\t\t\t\t<div class=\"elementor-widget-container\">\n\t\t\t\t\t<h3 class=\"elementor-heading-title elementor-size-default\">Global Scope \n\n<\/h3>\t\t\t\t<\/div>\n\t\t\t\t<\/div>\n\t\t\t\t<div class=\"elementor-element elementor-element-bdd5ffc elementor-widget elementor-widget-text-editor\" data-id=\"bdd5ffc\" data-element_type=\"widget\" data-widget_type=\"text-editor.default\">\n\t\t\t\t<div class=\"elementor-widget-container\">\n\t\t\t\t\t\t\t\t\t<p>At the international level we are part of the initiative <a href=\"https:\/\/www.efdinitiative.org\/\" target=\"_blank\" rel=\"noopener\"><em>Environment for Development (EfD)<\/em><\/a>, which is a global network of 13 environmental economics research centers, coordinated from the University of Gothenburg. Through <a href=\"https:\/\/www.efdinitiative.org\/\" target=\"_blank\" rel=\"noopener\">EfD Central America<\/a> we work together with academics from universities in the United States, Europe, South America, Africa and Asia, discovering information and advising ministries and local governments on economic and environmental decision-making.<\/p><p>Similarly, we have strategic allies, including SIDA, IDRC, IDB, CABEI, UNDP and the United States Embassy, among others.<\/p>\t\t\t\t\t\t\t\t<\/div>\n\t\t\t\t<\/div>\n\t\t\t\t<div class=\"elementor-element elementor-element-b8df65d elementor-widget elementor-widget-spacer\" data-id=\"b8df65d\" data-element_type=\"widget\" data-widget_type=\"spacer.default\">\n\t\t\t\t<div class=\"elementor-widget-container\">\n\t\t\t\t\t\t\t<div class=\"elementor-spacer\">\n\t\t\t<div class=\"elementor-spacer-inner\"><\/div>\n\t\t<\/div>\n\t\t\t\t\t\t<\/div>\n\t\t\t\t<\/div>\n\t\t\t\t<div class=\"elementor-element elementor-element-697d47a elementor-widget elementor-widget-heading\" data-id=\"697d47a\" data-element_type=\"widget\" data-widget_type=\"heading.default\">\n\t\t\t\t<div class=\"elementor-widget-container\">\n\t\t\t\t\t<h3 class=\"elementor-heading-title elementor-size-default\">Multidisciplinary team\n\n<\/h3>\t\t\t\t<\/div>\n\t\t\t\t<\/div>\n\t\t\t\t<div class=\"elementor-element elementor-element-07f6af3 elementor-widget elementor-widget-text-editor\" data-id=\"07f6af3\" data-element_type=\"widget\" data-widget_type=\"text-editor.default\">\n\t\t\t\t<div class=\"elementor-widget-container\">\n\t\t\t\t\t\t\t\t\t<p>At UEAAS\/EfD we have a multidisciplinary team that contributes to the management of natural resources from environmental economics and agribusiness management. <a href=\"https:\/\/www.efdinitiative.org\/people\/all\/central-america\" target=\"_blank\" rel=\"noopener\">In EfD's website you can meet our team.<\/a>.<\/p>\t\t\t\t\t\t\t\t<\/div>\n\t\t\t\t<\/div>\n\t\t\t\t\t<\/div>\n\t\t<\/div>\n\t\t\t\t\t<\/div>\n\t\t<\/section>\n\t\t\t\t<section class=\"elementor-section elementor-top-section elementor-element elementor-element-ab88e5f elementor-section-boxed elementor-section-height-default elementor-section-height-default\" data-id=\"ab88e5f\" data-element_type=\"section\">\n\t\t\t\t\t\t<div class=\"elementor-container elementor-column-gap-default\">\n\t\t\t\t\t<div class=\"elementor-column elementor-col-100 elementor-top-column elementor-element elementor-element-27b31dd\" data-id=\"27b31dd\" data-element_type=\"column\">\n\t\t\t<div class=\"elementor-widget-wrap elementor-element-populated\">\n\t\t\t\t\t\t<div class=\"elementor-element elementor-element-e746c27 elementor-widget elementor-widget-spacer\" data-id=\"e746c27\" data-element_type=\"widget\" data-widget_type=\"spacer.default\">\n\t\t\t\t<div class=\"elementor-widget-container\">\n\t\t\t\t\t\t\t<div class=\"elementor-spacer\">\n\t\t\t<div class=\"elementor-spacer-inner\"><\/div>\n\t\t<\/div>\n\t\t\t\t\t\t<\/div>\n\t\t\t\t<\/div>\n\t\t\t\t<div class=\"elementor-element elementor-element-6b8ad12 elementor-widget elementor-widget-heading\" data-id=\"6b8ad12\" data-element_type=\"widget\" data-widget_type=\"heading.default\">\n\t\t\t\t<div class=\"elementor-widget-container\">\n\t\t\t\t\t<h3 class=\"elementor-heading-title elementor-size-default\">Contact us:\n<\/h3>\t\t\t\t<\/div>\n\t\t\t\t<\/div>\n\t\t\t\t<section class=\"elementor-section elementor-inner-section elementor-element elementor-element-2da3a67 elementor-section-boxed elementor-section-height-default elementor-section-height-default\" data-id=\"2da3a67\" data-element_type=\"section\">\n\t\t\t\t\t\t<div class=\"elementor-container elementor-column-gap-default\">\n\t\t\t\t\t<div class=\"elementor-column elementor-col-50 elementor-inner-column elementor-element elementor-element-ddca26f\" data-id=\"ddca26f\" data-element_type=\"column\">\n\t\t\t<div class=\"elementor-widget-wrap elementor-element-populated\">\n\t\t\t\t\t\t<div class=\"elementor-element elementor-element-43d3d7c elementor-widget elementor-widget-icon-box\" data-id=\"43d3d7c\" data-element_type=\"widget\" data-widget_type=\"icon-box.default\">\n\t\t\t\t<div class=\"elementor-widget-container\">\n\t\t\t\t\t\t\t<div class=\"elementor-icon-box-wrapper\">\n\n\t\t\t\n\t\t\t\t\t\t<div class=\"elementor-icon-box-content\">\n\n\t\t\t\t\t\t\t\t\t<h3 class=\"elementor-icon-box-title\">\n\t\t\t\t\t\t<span  >\n\t\t\t\t\t\t\t<span style=\"color: #000000;\">R\u00f3ger Madrigal\t\t\t\t\t\t<\/span>\n\t\t\t\t\t<\/h3>\n\t\t\t\t\n\t\t\t\t\t\t\t\t\t<p class=\"elementor-icon-box-description\">\n\t\t\t\t\t\t<span style=\"color: #000000;\">Head of the Unit \n <br><a href=\"mailto:rmadriga@catie.ac.cr\">rmadriga@catie.ac.cr<\/a><\/span>\t\t\t\t\t<\/p>\n\t\t\t\t\n\t\t\t<\/div>\n\t\t\t\n\t\t<\/div>\n\t\t\t\t\t\t<\/div>\n\t\t\t\t<\/div>\n\t\t\t\t\t<\/div>\n\t\t<\/div>\n\t\t\t\t<div class=\"elementor-column elementor-col-50 elementor-inner-column elementor-element elementor-element-afc894e\" data-id=\"afc894e\" data-element_type=\"column\">\n\t\t\t<div class=\"elementor-widget-wrap\">\n\t\t\t\t\t\t\t<\/div>\n\t\t<\/div>\n\t\t\t\t\t<\/div>\n\t\t<\/section>\n\t\t\t\t\t<\/div>\n\t\t<\/div>\n\t\t\t\t\t<\/div>\n\t\t<\/section>\n\t\t\t\t<\/div>","protected":false},"excerpt":{"rendered":"<p>Unidad Econom\u00eda Ambiental y Agronegocios Sostenibles (UEAAS\/EfD) En la UEAAS\/EfD somos un equipo multidisciplinario que usamos la econom\u00eda ambiental y la promoci\u00f3n de la gesti\u00f3n sostenible de agronegocios como medios para promover el alcance de las metas del desarrollo sostenible &hellip; <\/p>","protected":false},"author":1,"featured_media":0,"parent":0,"menu_order":0,"comment_status":"closed","ping_status":"closed","template":"","meta":{"_bbp_topic_count":0,"_bbp_reply_count":0,"_bbp_total_topic_count":0,"_bbp_total_reply_count":0,"_bbp_voice_count":0,"_bbp_anonymous_reply_count":0,"_bbp_topic_count_hidden":0,"_bbp_reply_count_hidden":0,"_bbp_forum_subforum_count":0,"pmpro_default_level":"","_monsterinsights_skip_tracking":false,"_monsterinsights_sitenote_active":false,"_monsterinsights_sitenote_note":"","_monsterinsights_sitenote_category":0,"_uf_show_specific_survey":0,"_uf_disable_surveys":false,"footnotes":""},"class_list":["post-9412","page","type-page","status-publish","hentry","pmpro-has-access"],"_links":{"self":[{"href":"https:\/\/www.catie.ac.cr\/en\/wp-json\/wp\/v2\/pages\/9412","targetHints":{"allow":["GET"]}}],"collection":[{"href":"https:\/\/www.catie.ac.cr\/en\/wp-json\/wp\/v2\/pages"}],"about":[{"href":"https:\/\/www.catie.ac.cr\/en\/wp-json\/wp\/v2\/types\/page"}],"author":[{"embeddable":true,"href":"https:\/\/www.catie.ac.cr\/en\/wp-json\/wp\/v2\/users\/1"}],"replies":[{"embeddable":true,"href":"https:\/\/www.catie.ac.cr\/en\/wp-json\/wp\/v2\/comments?post=9412"}],"version-history":[{"count":164,"href":"https:\/\/www.catie.ac.cr\/en\/wp-json\/wp\/v2\/pages\/9412\/revisions"}],"predecessor-version":[{"id":38305,"href":"https:\/\/www.catie.ac.cr\/en\/wp-json\/wp\/v2\/pages\/9412\/revisions\/38305"}],"wp:attachment":[{"href":"https:\/\/www.catie.ac.cr\/en\/wp-json\/wp\/v2\/media?parent=9412"}],"curies":[{"name":"wp","href":"https:\/\/api.w.org\/{rel}","templated":true}]}}