{"id":9777,"date":"2021-11-22T16:01:02","date_gmt":"2021-11-22T22:01:02","guid":{"rendered":"http:\/\/45.77.187.143\/?page_id=9777"},"modified":"2025-03-19T15:51:32","modified_gmt":"2025-03-19T21:51:32","slug":"alianzas-estrategicas-proyectos","status":"publish","type":"page","link":"https:\/\/www.catie.ac.cr\/en\/alianzas-estrategicas-proyectos\/","title":{"rendered":"Strategic alliances and projects"},"content":{"rendered":"<div data-elementor-type=\"wp-page\" data-elementor-id=\"9777\" class=\"elementor elementor-9777\" data-elementor-post-type=\"page\">\n\t\t\t\t\t\t<section class=\"elementor-section elementor-top-section elementor-element elementor-element-2640305 elementor-section-boxed elementor-section-height-default elementor-section-height-default\" data-id=\"2640305\" data-element_type=\"section\">\n\t\t\t\t\t\t<div class=\"elementor-container elementor-column-gap-default\">\n\t\t\t\t\t<div class=\"elementor-column elementor-col-33 elementor-top-column elementor-element elementor-element-3b34fe6\" data-id=\"3b34fe6\" data-element_type=\"column\">\n\t\t\t<div class=\"elementor-widget-wrap elementor-element-populated\">\n\t\t\t\t\t\t<div class=\"elementor-element elementor-element-2976386 elementor-widget elementor-widget-heading\" data-id=\"2976386\" data-element_type=\"widget\" data-widget_type=\"heading.default\">\n\t\t\t\t<div class=\"elementor-widget-container\">\n\t\t\t\t\t<h3 class=\"elementor-heading-title elementor-size-default\">Strategic alliances and projects <\/h3>\t\t\t\t<\/div>\n\t\t\t\t<\/div>\n\t\t\t\t<div class=\"elementor-element elementor-element-3a17fc5 elementor-widget elementor-widget-text-editor\" data-id=\"3a17fc5\" data-element_type=\"widget\" data-widget_type=\"text-editor.default\">\n\t\t\t\t<div class=\"elementor-widget-container\">\n\t\t\t\t\t\t\t\t\t<p>The Office of Strategic Alliances was created to ensure economic sustainability and respond to funding opportunities. Its main objective is to facilitate support to the research units, graduate school, and national offices, in terms of:<\/p>\t\t\t\t\t\t\t\t<\/div>\n\t\t\t\t<\/div>\n\t\t\t\t\t<\/div>\n\t\t<\/div>\n\t\t\t\t<div class=\"elementor-column elementor-col-33 elementor-top-column elementor-element elementor-element-031cd82\" data-id=\"031cd82\" data-element_type=\"column\">\n\t\t\t<div class=\"elementor-widget-wrap\">\n\t\t\t\t\t\t\t<\/div>\n\t\t<\/div>\n\t\t\t\t<div class=\"elementor-column elementor-col-33 elementor-top-column elementor-element elementor-element-0e7df86\" data-id=\"0e7df86\" data-element_type=\"column\">\n\t\t\t<div class=\"elementor-widget-wrap elementor-element-populated\">\n\t\t\t\t\t\t<div class=\"elementor-element elementor-element-c89f738 elementor-widget elementor-widget-text-editor\" data-id=\"c89f738\" data-element_type=\"widget\" data-widget_type=\"text-editor.default\">\n\t\t\t\t<div class=\"elementor-widget-container\">\n\t\t\t\t\t\t\t\t\t<ul><li>Prospecting and intelligence about cooperators and technical service opportunities<\/li><li>Support in the preparation and quality control of technical and financial proposals<\/li><li>Presentation of proposals<\/li><li>Accreditations for the management of proposals<\/li><li>Database on experiences related to proposal management<\/li><li>Capacity development for proposal management<\/li><li>Strengthening alliances with national, regional, and global partners<\/li><\/ul>\t\t\t\t\t\t\t\t<\/div>\n\t\t\t\t<\/div>\n\t\t\t\t\t<\/div>\n\t\t<\/div>\n\t\t\t\t\t<\/div>\n\t\t<\/section>\n\t\t\t\t<section class=\"elementor-section elementor-top-section elementor-element elementor-element-c5b7433 elementor-section-boxed elementor-section-height-default elementor-section-height-default\" data-id=\"c5b7433\" data-element_type=\"section\">\n\t\t\t\t\t\t<div class=\"elementor-container elementor-column-gap-default\">\n\t\t\t\t\t<div class=\"elementor-column elementor-col-100 elementor-top-column elementor-element elementor-element-ccb9253\" data-id=\"ccb9253\" data-element_type=\"column\">\n\t\t\t<div class=\"elementor-widget-wrap elementor-element-populated\">\n\t\t\t\t\t\t<div class=\"elementor-element elementor-element-9193f93 elementor-widget elementor-widget-thim-heading\" data-id=\"9193f93\" data-element_type=\"widget\" data-widget_type=\"thim-heading.default\">\n\t\t\t\t<div class=\"elementor-widget-container\">\n\t\t\t\t\t<div class=\"sc_heading   text-center\"><h3 style=\"text-transform: uppercase;color:#004A58;\" class=\"title\">EXPERIENCES WITH INTERNATIONAL, REGIONAL, NATIONAL AND LOCAL DONORS<\/h3><span class=\"line\"><\/span><\/div>\t\t\t\t<\/div>\n\t\t\t\t<\/div>\n\t\t\t\t<div class=\"elementor-element elementor-element-31794cd elementor-widget elementor-widget-thim-gallery-images\" data-id=\"31794cd\" data-element_type=\"widget\" data-widget_type=\"thim-gallery-images.default\">\n\t\t\t\t<div class=\"elementor-widget-container\">\n\t\t\t\t\t<div class=\"thim-carousel-wrapper gallery-img\" data-visible=\"3\" data-autoplay=\"3000\" data-navigation=\"1\" data-pagination=\"1\" data-loop=\"true\"><div class=\"item\"><img src =\"https:\/\/www.catie.ac.cr\/wp-content\/uploads\/2023\/02\/Republique-francaise-CIRAD-300x114.jpg\" width=\"300\" height=\"114\" alt=\"\"\/><\/div><div class=\"item\"><img src =\"https:\/\/www.catie.ac.cr\/wp-content\/uploads\/2021\/09\/cooperacion-alemana-300x127.png\" width=\"300\" height=\"127\" alt=\"\"\/><\/div><div class=\"item\"><img src =\"https:\/\/www.catie.ac.cr\/wp-content\/uploads\/2021\/09\/global-affairs-canada.png\" width=\"193\" height=\"131\" alt=\"\"\/><\/div><div class=\"item\"><img loading=\"lazy\" src =\"https:\/\/www.catie.ac.cr\/wp-content\/uploads\/2021\/09\/embajada-de-noruega.png\" width=\"179\" height=\"108\" alt=\"\"\/><\/div><div class=\"item\"><img loading=\"lazy\" src =\"https:\/\/www.catie.ac.cr\/wp-content\/uploads\/2021\/09\/idrc.png\" width=\"200\" height=\"120\" alt=\"\"\/><\/div><div class=\"item\"><img loading=\"lazy\" src =\"https:\/\/www.catie.ac.cr\/wp-content\/uploads\/2021\/09\/pnud.png\" width=\"214\" height=\"118\" alt=\"\"\/><\/div><div class=\"item\"><img loading=\"lazy\" src =\"https:\/\/www.catie.ac.cr\/wp-content\/uploads\/2021\/09\/nama.png\" width=\"241\" height=\"68\" alt=\"\"\/><\/div><div class=\"item\"><img loading=\"lazy\" src =\"https:\/\/www.catie.ac.cr\/wp-content\/uploads\/2021\/09\/iki.png\" width=\"200\" height=\"68\" alt=\"\"\/><\/div><div class=\"item\"><img loading=\"lazy\" src =\"https:\/\/www.catie.ac.cr\/wp-content\/uploads\/2021\/09\/asdi.png\" width=\"150\" height=\"150\" alt=\"\"\/><\/div><div class=\"item\"><img loading=\"lazy\" src =\"https:\/\/www.catie.ac.cr\/wp-content\/uploads\/2021\/09\/cosude.png\" width=\"185\" height=\"114\" alt=\"\"\/><\/div><div class=\"item\"><img loading=\"lazy\" src =\"https:\/\/www.catie.ac.cr\/wp-content\/uploads\/2021\/09\/unioneuropea.png\" width=\"183\" height=\"152\" alt=\"\"\/><\/div><div class=\"item\"><img loading=\"lazy\" src =\"https:\/\/www.catie.ac.cr\/wp-content\/uploads\/2021\/09\/usaid.png\" width=\"193\" height=\"127\" alt=\"\"\/><\/div><div class=\"item\"><img loading=\"lazy\" src =\"https:\/\/www.catie.ac.cr\/wp-content\/uploads\/2021\/09\/kfw.png\" width=\"200\" height=\"114\" alt=\"\"\/><\/div><div class=\"item\"><img loading=\"lazy\" src =\"https:\/\/www.catie.ac.cr\/wp-content\/uploads\/2021\/09\/fida.png\" width=\"147\" height=\"147\" alt=\"\"\/><\/div><div class=\"item\"><img loading=\"lazy\" src =\"https:\/\/www.catie.ac.cr\/wp-content\/uploads\/2021\/09\/bcie.png\" width=\"116\" height=\"143\" alt=\"\"\/><\/div><div class=\"item\"><img loading=\"lazy\" src =\"https:\/\/www.catie.ac.cr\/wp-content\/uploads\/2021\/09\/bid.png\" width=\"208\" height=\"129\" alt=\"\"\/><\/div><div class=\"item\"><img loading=\"lazy\" src =\"https:\/\/www.catie.ac.cr\/wp-content\/uploads\/2021\/09\/banco-mundial.png\" width=\"206\" height=\"139\" alt=\"\"\/><\/div><div class=\"item\"><img loading=\"lazy\" src =\"https:\/\/www.catie.ac.cr\/wp-content\/uploads\/2025\/03\/aecid-OPC2.jpg\" width=\"198\" height=\"118\" alt=\"\"\/><\/div><\/div>\t\t\t\t<\/div>\n\t\t\t\t<\/div>\n\t\t\t\t<div class=\"elementor-element elementor-element-43700dc elementor-widget elementor-widget-thim-heading\" data-id=\"43700dc\" data-element_type=\"widget\" data-widget_type=\"thim-heading.default\">\n\t\t\t\t<div class=\"elementor-widget-container\">\n\t\t\t\t\t<div class=\"sc_heading   text-left\"><h3 style=\"text-transform: uppercase;color:#004A58;\" class=\"title\">International Partners<\/h3><span class=\"line\"><\/span><\/div>\t\t\t\t<\/div>\n\t\t\t\t<\/div>\n\t\t\t\t\t<\/div>\n\t\t<\/div>\n\t\t\t\t\t<\/div>\n\t\t<\/section>\n\t\t\t\t<section class=\"elementor-section elementor-top-section elementor-element elementor-element-51510db elementor-section-boxed elementor-section-height-default elementor-section-height-default\" data-id=\"51510db\" data-element_type=\"section\">\n\t\t\t\t\t\t<div class=\"elementor-container elementor-column-gap-default\">\n\t\t\t\t\t<div class=\"elementor-column elementor-col-100 elementor-top-column elementor-element elementor-element-3350b15\" data-id=\"3350b15\" data-element_type=\"column\">\n\t\t\t<div class=\"elementor-widget-wrap elementor-element-populated\">\n\t\t\t\t\t\t<div class=\"elementor-element elementor-element-d91f157 elementor-widget elementor-widget-text-editor\" data-id=\"d91f157\" data-element_type=\"widget\" data-widget_type=\"text-editor.default\">\n\t\t\t\t<div class=\"elementor-widget-container\">\n\t\t\t\t\t\t\t\t\t<ul><li><span class=\"ui-provider ug b c d e f g h i j k l m n o p q r s t u v w x y z ab ac ae af ag ah ai aj ak\" dir=\"ltr\">Agricultural Research Centre for International Development (CIRAD)<\/span><\/li><li>International Union for Conservation of Nature (IUCN)<\/li><li>Catholic Relief Services (CRS)<\/li><li>Cooperative for Assistance and Relief Everywhere (CARE)<\/li><li>The Nature Conservancy (TNC)<\/li><li>Deutsche Gesellschaft f\u00fcr Internationale Zusammenarbeit (GIZ)<\/li><li>Rainforest Alliance (RA)<\/li><li>Atlantic Headquarters Student Association (AESA)<\/li><li>PROATEC<\/li><li>IQuality<\/li><li>Research Triangle Institute (RTI)<\/li><li>GITEC Consult GmbH<\/li><li>GOPA Consultants<\/li><li>Oxford Committee for Hunger Relief (OXFAM)<\/li><\/ul>\t\t\t\t\t\t\t\t<\/div>\n\t\t\t\t<\/div>\n\t\t\t\t<div class=\"elementor-element elementor-element-8fb1bac elementor-widget elementor-widget-thim-heading\" data-id=\"8fb1bac\" data-element_type=\"widget\" data-widget_type=\"thim-heading.default\">\n\t\t\t\t<div class=\"elementor-widget-container\">\n\t\t\t\t\t<div class=\"sc_heading   text-left\"><h3 style=\"text-transform: uppercase;color:#004A58;\" class=\"title\">Regional partners<\/h3><span class=\"line\"><\/span><\/div>\t\t\t\t<\/div>\n\t\t\t\t<\/div>\n\t\t\t\t<div class=\"elementor-element elementor-element-02a8f2a elementor-widget elementor-widget-text-editor\" data-id=\"02a8f2a\" data-element_type=\"widget\" data-widget_type=\"text-editor.default\">\n\t\t\t\t<div class=\"elementor-widget-container\">\n\t\t\t\t\t\t\t\t\t<ul><li>Central American Commission for Environment and Development (CCAD)<\/li><li>Regional Committee of Hydraulic Resources (CRRH)<\/li><li>Central American Integration System (SICA)<\/li><li>Coordination Center for the Prevention of Natural Disasters in Central America (CEPREDENAC)<\/li><li>Inter-American Institute for Cooperation on Agriculture (IICA)<\/li><li>International Center for Tropical Agriculture (CIAT)<\/li><\/ul>\t\t\t\t\t\t\t\t<\/div>\n\t\t\t\t<\/div>\n\t\t\t\t\t<\/div>\n\t\t<\/div>\n\t\t\t\t\t<\/div>\n\t\t<\/section>\n\t\t\t\t<section class=\"elementor-section elementor-top-section elementor-element elementor-element-dd336b0 elementor-section-boxed elementor-section-height-default elementor-section-height-default\" data-id=\"dd336b0\" data-element_type=\"section\">\n\t\t\t\t\t\t<div class=\"elementor-container elementor-column-gap-default\">\n\t\t\t\t\t<div class=\"elementor-column elementor-col-100 elementor-top-column elementor-element elementor-element-d2ba2f8\" data-id=\"d2ba2f8\" data-element_type=\"column\">\n\t\t\t<div class=\"elementor-widget-wrap elementor-element-populated\">\n\t\t\t\t\t\t<div class=\"elementor-element elementor-element-0a815f4 elementor-widget elementor-widget-thim-heading\" data-id=\"0a815f4\" data-element_type=\"widget\" data-widget_type=\"thim-heading.default\">\n\t\t\t\t<div class=\"elementor-widget-container\">\n\t\t\t\t\t<div class=\"sc_heading   text-left\"><h3 style=\"text-transform: uppercase;color:#004A58;\" class=\"title\">National Partners<\/h3><span class=\"line\"><\/span><\/div>\t\t\t\t<\/div>\n\t\t\t\t<\/div>\n\t\t\t\t\t<\/div>\n\t\t<\/div>\n\t\t\t\t\t<\/div>\n\t\t<\/section>\n\t\t\t\t<section class=\"elementor-section elementor-top-section elementor-element elementor-element-6cca703 elementor-section-boxed elementor-section-height-default elementor-section-height-default\" data-id=\"6cca703\" data-element_type=\"section\">\n\t\t\t\t\t\t<div class=\"elementor-container elementor-column-gap-default\">\n\t\t\t\t\t<div class=\"elementor-column elementor-col-50 elementor-top-column elementor-element elementor-element-651befd\" data-id=\"651befd\" data-element_type=\"column\">\n\t\t\t<div class=\"elementor-widget-wrap elementor-element-populated\">\n\t\t\t\t\t\t<div class=\"elementor-element elementor-element-81af931 elementor-widget elementor-widget-text-editor\" data-id=\"81af931\" data-element_type=\"widget\" data-widget_type=\"text-editor.default\">\n\t\t\t\t<div class=\"elementor-widget-container\">\n\t\t\t\t\t\t\t\t\t<p>Ministries of Agriculture, Ministry of Environment, autonomous institutions (water, risks, forestry, and agriculture, among others)<\/p><p>Regional or Departmental Governments<\/p><p>Municipalities<\/p><p>National Foundations<\/p><p>Local organizations (cooperatives, producer associations and committees, among others)<\/p>\t\t\t\t\t\t\t\t<\/div>\n\t\t\t\t<\/div>\n\t\t\t\t\t<\/div>\n\t\t<\/div>\n\t\t\t\t<div class=\"elementor-column elementor-col-50 elementor-top-column elementor-element elementor-element-20f2f18\" data-id=\"20f2f18\" data-element_type=\"column\">\n\t\t\t<div class=\"elementor-widget-wrap elementor-element-populated\">\n\t\t\t\t\t\t<div class=\"elementor-element elementor-element-e2b5948 elementor-widget elementor-widget-text-editor\" data-id=\"e2b5948\" data-element_type=\"widget\" data-widget_type=\"text-editor.default\">\n\t\t\t\t<div class=\"elementor-widget-container\">\n\t\t\t\t\t\t\t\t\t<p>At CATIE we are known for being a strategic ally in the region since we have been leading for more than 47 years in cutting-edge research for development issues in Agriculture and Natural Resources that promote socioeconomic development and contribute to achieving the climate goals of the environmental agendas in the LAC countries. In addition, we have extensive experience working with local partners, governments, and international cooperation.\u00a0<\/p>\t\t\t\t\t\t\t\t<\/div>\n\t\t\t\t<\/div>\n\t\t\t\t\t<\/div>\n\t\t<\/div>\n\t\t\t\t\t<\/div>\n\t\t<\/section>\n\t\t\t\t<section class=\"elementor-section elementor-top-section elementor-element elementor-element-b85bea8 elementor-section-boxed elementor-section-height-default elementor-section-height-default\" data-id=\"b85bea8\" data-element_type=\"section\">\n\t\t\t\t\t\t<div class=\"elementor-container elementor-column-gap-default\">\n\t\t\t\t\t<div class=\"elementor-column elementor-col-100 elementor-top-column elementor-element elementor-element-5c81ace\" data-id=\"5c81ace\" data-element_type=\"column\">\n\t\t\t<div class=\"elementor-widget-wrap elementor-element-populated\">\n\t\t\t\t\t\t<div class=\"elementor-element elementor-element-ff617dc elementor-widget elementor-widget-spacer\" data-id=\"ff617dc\" data-element_type=\"widget\" data-widget_type=\"spacer.default\">\n\t\t\t\t<div class=\"elementor-widget-container\">\n\t\t\t\t\t\t\t<div class=\"elementor-spacer\">\n\t\t\t<div class=\"elementor-spacer-inner\"><\/div>\n\t\t<\/div>\n\t\t\t\t\t\t<\/div>\n\t\t\t\t<\/div>\n\t\t\t\t<div class=\"elementor-element elementor-element-b35568a elementor-widget elementor-widget-heading\" data-id=\"b35568a\" data-element_type=\"widget\" data-widget_type=\"heading.default\">\n\t\t\t\t<div class=\"elementor-widget-container\">\n\t\t\t\t\t<h3 class=\"elementor-heading-title elementor-size-default\">Our main topics of interest are:<\/h3>\t\t\t\t<\/div>\n\t\t\t\t<\/div>\n\t\t\t\t<div class=\"elementor-element elementor-element-abe20e8 elementor-widget elementor-widget-text-editor\" data-id=\"abe20e8\" data-element_type=\"widget\" data-widget_type=\"text-editor.default\">\n\t\t\t\t<div class=\"elementor-widget-container\">\n\t\t\t\t\t\t\t\t\t<ul><li>Food security based on agrobiodiversity and food systems<\/li><li>Intensification of livestock production based on good practices in agrosilvopastoral systems<\/li><li>Genetic improvement of coffee and cocoa<\/li><li>Modern agroforestry for annual and perennial crops<\/li><li>Climate action in all its areas<\/li><li>Conservation and sustainable use of biodiversity and its ecosystem services<\/li><li>Sustainable economy, environment, and agribusiness in the field of family farming and competitiveness of value chains<\/li><li>Water security and sustainable watershed management<\/li><li>Restoration of productive and natural ecosystems<\/li><li>Use and production of renewable energy in agriculture<\/li><li>Training in all the above topics<\/li><\/ul>\t\t\t\t\t\t\t\t<\/div>\n\t\t\t\t<\/div>\n\t\t\t\t<div class=\"elementor-element elementor-element-c0ae9fb elementor-widget elementor-widget-text-editor\" data-id=\"c0ae9fb\" data-element_type=\"widget\" data-widget_type=\"text-editor.default\">\n\t\t\t\t<div class=\"elementor-widget-container\">\n\t\t\t\t\t\t\t\t\t<p>Our strengths to work together with partners and donors are supported by the following aspects: a) support of a team of more than 100 specialists with high-level academic training and experience in agriculture, natural resources, environment and climate change who know the Latin American and Caribbean area, both in the management and in the execution of national and regional projects; b) national offices that serve as institutional liaison and with local actors, who have knowledge and information about the reality of the countries, in addition to operational and administrative capacity and c) based on research for development , teaching and innovation, at CATIE we generate knowledge about the different issues that constitute contributions for the solution of the problems faced by governmental and local organizations and producers of the agricultural and forestry field.<\/p><p>To support our work for the social and environmental development of our region, you can contact us at:<\/p><p>Headquarters, CATIE, Turrialba, Costa Rica<\/p><p>Location: 3.5 km from Turrialba, road to Siquirres, Cartago, Costa Rica<\/p><p>Director General: Dr. Luis Pocasangre Enamorado, E-mail: <a href=\"mailto:luis.pocasangre@catie.ac.cr\">luis.pocasangre@catie.ac.cr<\/a><\/p><p>Director Green Business Development, Resource Mobilization and Strategic Partnerships: Angela D\u00edaz, E-mail: <a href=\"mailto:angela.diaz@catie.ac.cr\">angela.diaz@catie.ac.cr<\/a><\/p>\t\t\t\t\t\t\t\t<\/div>\n\t\t\t\t<\/div>\n\t\t\t\t\t<\/div>\n\t\t<\/div>\n\t\t\t\t\t<\/div>\n\t\t<\/section>\n\t\t\t\t<\/div>","protected":false},"excerpt":{"rendered":"<p>Alianzas estrat\u00e9gicas y proyectos La Oficina de Alianzas Estrat\u00e9gicas se cre\u00f3 para asegurar una sostenibilidad econ\u00f3mica y responder a las oportunidades de financiamiento. Su objetivo principal es facilitar el soporte a las unidades de investigaci\u00f3n, la escuela de posgrado y &hellip; <\/p>","protected":false},"author":1,"featured_media":0,"parent":0,"menu_order":0,"comment_status":"closed","ping_status":"closed","template":"","meta":{"_bbp_topic_count":0,"_bbp_reply_count":0,"_bbp_total_topic_count":0,"_bbp_total_reply_count":0,"_bbp_voice_count":0,"_bbp_anonymous_reply_count":0,"_bbp_topic_count_hidden":0,"_bbp_reply_count_hidden":0,"_bbp_forum_subforum_count":0,"pmpro_default_level":"0","_monsterinsights_skip_tracking":false,"_monsterinsights_sitenote_active":false,"_monsterinsights_sitenote_note":"","_monsterinsights_sitenote_category":0,"_uf_show_specific_survey":0,"_uf_disable_surveys":false,"footnotes":""},"class_list":["post-9777","page","type-page","status-publish","hentry","pmpro-has-access"],"_links":{"self":[{"href":"https:\/\/www.catie.ac.cr\/en\/wp-json\/wp\/v2\/pages\/9777","targetHints":{"allow":["GET"]}}],"collection":[{"href":"https:\/\/www.catie.ac.cr\/en\/wp-json\/wp\/v2\/pages"}],"about":[{"href":"https:\/\/www.catie.ac.cr\/en\/wp-json\/wp\/v2\/types\/page"}],"author":[{"embeddable":true,"href":"https:\/\/www.catie.ac.cr\/en\/wp-json\/wp\/v2\/users\/1"}],"replies":[{"embeddable":true,"href":"https:\/\/www.catie.ac.cr\/en\/wp-json\/wp\/v2\/comments?post=9777"}],"version-history":[{"count":76,"href":"https:\/\/www.catie.ac.cr\/en\/wp-json\/wp\/v2\/pages\/9777\/revisions"}],"predecessor-version":[{"id":33073,"href":"https:\/\/www.catie.ac.cr\/en\/wp-json\/wp\/v2\/pages\/9777\/revisions\/33073"}],"wp:attachment":[{"href":"https:\/\/www.catie.ac.cr\/en\/wp-json\/wp\/v2\/media?parent=9777"}],"curies":[{"name":"wp","href":"https:\/\/api.w.org\/{rel}","templated":true}]}}