{"id":9811,"date":"2021-11-22T17:44:11","date_gmt":"2021-11-22T23:44:11","guid":{"rendered":"http:\/\/45.77.187.143\/?page_id=9811"},"modified":"2025-02-14T15:13:27","modified_gmt":"2025-02-14T21:13:27","slug":"haiti-ant","status":"publish","type":"page","link":"https:\/\/www.catie.ac.cr\/en\/paises\/haiti-ant\/","title":{"rendered":"Hait\u00ed-ant"},"content":{"rendered":"<div data-elementor-type=\"wp-page\" data-elementor-id=\"9811\" class=\"elementor elementor-9811\" data-elementor-post-type=\"page\">\n\t\t\t\t\t\t<section class=\"elementor-section elementor-top-section elementor-element elementor-element-d7aa331 elementor-section-boxed elementor-section-height-default elementor-section-height-default\" data-id=\"d7aa331\" data-element_type=\"section\">\n\t\t\t\t\t\t<div class=\"elementor-container elementor-column-gap-default\">\n\t\t\t\t\t<div class=\"elementor-column elementor-col-100 elementor-top-column elementor-element elementor-element-a6b64fb\" data-id=\"a6b64fb\" data-element_type=\"column\">\n\t\t\t<div class=\"elementor-widget-wrap elementor-element-populated\">\n\t\t\t\t\t\t<div class=\"elementor-element elementor-element-aa13c2b elementor-invisible elementor-widget elementor-widget-image\" data-id=\"aa13c2b\" data-element_type=\"widget\" data-settings=\"{&quot;_animation&quot;:&quot;bounceIn&quot;}\" data-widget_type=\"image.default\">\n\t\t\t\t<div class=\"elementor-widget-container\">\n\t\t\t\t\t\t\t\t\t\t\t\t\t\t\t<img decoding=\"async\" width=\"175\" height=\"109\" src=\"https:\/\/www.catie.ac.cr\/wp-content\/uploads\/2021\/12\/icono-morado.png\" class=\"attachment-full size-full wp-image-10785\" alt=\"\" srcset=\"https:\/\/www.catie.ac.cr\/wp-content\/uploads\/2021\/12\/icono-morado.png 175w, https:\/\/www.catie.ac.cr\/wp-content\/uploads\/2021\/12\/icono-morado-18x12.png 18w\" sizes=\"(max-width: 175px) 100vw, 175px\" \/>\t\t\t\t\t\t\t\t\t\t\t\t\t\t\t<\/div>\n\t\t\t\t<\/div>\n\t\t\t\t<div class=\"elementor-element elementor-element-f1367b0 elementor-invisible elementor-widget elementor-widget-thim-heading\" data-id=\"f1367b0\" data-element_type=\"widget\" data-settings=\"{&quot;_animation&quot;:&quot;bounceIn&quot;}\" data-widget_type=\"thim-heading.default\">\n\t\t\t\t<div class=\"elementor-widget-container\">\n\t\t\t\t\t<div class=\"sc_heading   text-center\"><h3 style=\"text-transform: uppercase;\" class=\"title\">Haiti<\/h3><span class=\"line\"><\/span><\/div>\t\t\t\t<\/div>\n\t\t\t\t<\/div>\n\t\t\t\t\t<\/div>\n\t\t<\/div>\n\t\t\t\t\t<\/div>\n\t\t<\/section>\n\t\t\t\t<section class=\"elementor-section elementor-top-section elementor-element elementor-element-e4f7b2f elementor-section-boxed elementor-section-height-default elementor-section-height-default elementor-invisible\" data-id=\"e4f7b2f\" data-element_type=\"section\" data-settings=\"{&quot;animation&quot;:&quot;fadeInDown&quot;}\">\n\t\t\t\t\t\t<div class=\"elementor-container elementor-column-gap-default\">\n\t\t\t\t\t<div class=\"elementor-column elementor-col-100 elementor-top-column elementor-element elementor-element-134c6e5\" data-id=\"134c6e5\" data-element_type=\"column\">\n\t\t\t<div class=\"elementor-widget-wrap elementor-element-populated\">\n\t\t\t\t\t\t<div class=\"elementor-element elementor-element-95d6d8c elementor-widget elementor-widget-text-editor\" data-id=\"95d6d8c\" data-element_type=\"widget\" data-widget_type=\"text-editor.default\">\n\t\t\t\t<div class=\"elementor-widget-container\">\n\t\t\t\t\t\t\t\t\t<p>The Republic of Haiti occupies the western third of Hispaniola Island, which it shares with the Dominican Republic. It has an area of 27 750km<sup>2<\/sup> and a population of 11.4 million inhabitants with a high density of 408.8 inhabitants\/km<sup>2<\/sup>.\u00a0 \u00a0<\/p><p>Although Haiti is not a member, CATIE has been working for several years in different thematic areas and cooperation actions are still being maintained, with special emphasis on water resources and agroforestry with coffee and cocoa. The incorporation of Haiti as a member country is being negotiated since 2020. More than 30 professionals graduated from CATIE have held positions of great importance, five have been ministers and others have successfully ventured into international NGOs and the academic sector. CATIE will continue working to contribute to the socioeconomic and environmental development of Haiti and identifying those areas where relevant contributions can be made.<\/p>\t\t\t\t\t\t\t\t<\/div>\n\t\t\t\t<\/div>\n\t\t\t\t\t<\/div>\n\t\t<\/div>\n\t\t\t\t\t<\/div>\n\t\t<\/section>\n\t\t\t\t<section class=\"elementor-section elementor-top-section elementor-element elementor-element-2784888 elementor-section-boxed elementor-section-height-default elementor-section-height-default\" data-id=\"2784888\" data-element_type=\"section\">\n\t\t\t\t\t\t<div class=\"elementor-container elementor-column-gap-default\">\n\t\t\t\t\t<div class=\"elementor-column elementor-col-50 elementor-top-column elementor-element elementor-element-814774d\" data-id=\"814774d\" data-element_type=\"column\">\n\t\t\t<div class=\"elementor-widget-wrap elementor-element-populated\">\n\t\t\t\t\t\t<section class=\"elementor-section elementor-inner-section elementor-element elementor-element-9eb2f07 elementor-section-boxed elementor-section-height-default elementor-section-height-default\" data-id=\"9eb2f07\" data-element_type=\"section\">\n\t\t\t\t\t\t<div class=\"elementor-container elementor-column-gap-default\">\n\t\t\t\t\t<div class=\"elementor-column elementor-col-50 elementor-inner-column elementor-element elementor-element-7aa85cc\" data-id=\"7aa85cc\" data-element_type=\"column\">\n\t\t\t<div class=\"elementor-widget-wrap\">\n\t\t\t\t\t\t\t<\/div>\n\t\t<\/div>\n\t\t\t\t<div class=\"elementor-column elementor-col-50 elementor-inner-column elementor-element elementor-element-faec474 elementor-invisible\" data-id=\"faec474\" data-element_type=\"column\" data-settings=\"{&quot;animation&quot;:&quot;bounceIn&quot;}\">\n\t\t\t<div class=\"elementor-widget-wrap elementor-element-populated\">\n\t\t\t\t\t\t<div class=\"elementor-element elementor-element-281593e elementor-widget elementor-widget-image\" data-id=\"281593e\" data-element_type=\"widget\" data-widget_type=\"image.default\">\n\t\t\t\t<div class=\"elementor-widget-container\">\n\t\t\t\t\t\t\t\t\t\t\t\t\t\t\t<img decoding=\"async\" width=\"300\" height=\"116\" src=\"https:\/\/www.catie.ac.cr\/wp-content\/uploads\/2022\/01\/icono-azul-300x116.png\" class=\"attachment-medium size-medium wp-image-11180\" alt=\"\" srcset=\"https:\/\/www.catie.ac.cr\/wp-content\/uploads\/2022\/01\/icono-azul-300x116.png 300w, https:\/\/www.catie.ac.cr\/wp-content\/uploads\/2022\/01\/icono-azul-1024x396.png 1024w, https:\/\/www.catie.ac.cr\/wp-content\/uploads\/2022\/01\/icono-azul-768x297.png 768w, https:\/\/www.catie.ac.cr\/wp-content\/uploads\/2022\/01\/icono-azul-18x7.png 18w, https:\/\/www.catie.ac.cr\/wp-content\/uploads\/2022\/01\/icono-azul-600x232.png 600w, https:\/\/www.catie.ac.cr\/wp-content\/uploads\/2022\/01\/icono-azul.png 1203w\" sizes=\"(max-width: 300px) 100vw, 300px\" \/>\t\t\t\t\t\t\t\t\t\t\t\t\t\t\t<\/div>\n\t\t\t\t<\/div>\n\t\t\t\t\t<\/div>\n\t\t<\/div>\n\t\t\t\t\t<\/div>\n\t\t<\/section>\n\t\t\t\t<section class=\"elementor-section elementor-inner-section elementor-element elementor-element-eafc347 elementor-section-boxed elementor-section-height-default elementor-section-height-default\" data-id=\"eafc347\" data-element_type=\"section\">\n\t\t\t\t\t\t<div class=\"elementor-container elementor-column-gap-default\">\n\t\t\t\t\t<div class=\"elementor-column elementor-col-100 elementor-inner-column elementor-element elementor-element-7f9e317 elementor-invisible\" data-id=\"7f9e317\" data-element_type=\"column\" data-settings=\"{&quot;animation&quot;:&quot;fadeInDown&quot;}\">\n\t\t\t<div class=\"elementor-widget-wrap elementor-element-populated\">\n\t\t\t\t\t\t<div class=\"elementor-element elementor-element-d34d1e8 elementor-widget elementor-widget-heading\" data-id=\"d34d1e8\" data-element_type=\"widget\" data-widget_type=\"heading.default\">\n\t\t\t\t<div class=\"elementor-widget-container\">\n\t\t\t\t\t<h3 class=\"elementor-heading-title elementor-size-default\">Research and development<\/h3>\t\t\t\t<\/div>\n\t\t\t\t<\/div>\n\t\t\t\t<div class=\"elementor-element elementor-element-a8cd560 elementor-widget elementor-widget-heading\" data-id=\"a8cd560\" data-element_type=\"widget\" data-widget_type=\"heading.default\">\n\t\t\t\t<div class=\"elementor-widget-container\">\n\t\t\t\t\t<h3 class=\"elementor-heading-title elementor-size-default\">Projects in execution<\/h3>\t\t\t\t<\/div>\n\t\t\t\t<\/div>\n\t\t\t\t<div class=\"elementor-element elementor-element-2499bab elementor-widget elementor-widget-text-editor\" data-id=\"2499bab\" data-element_type=\"widget\" data-widget_type=\"text-editor.default\">\n\t\t\t\t<div class=\"elementor-widget-container\">\n\t\t\t\t\t\t\t\t\t<p><strong>\u00a0Programme d\u2019Innovation Technologique en Agriculture et Agroforesterie (PITAG): <\/strong>IICA and CATIE work in coordination with the NGO Agronomists and Veterinarians Without Borders (AVSF) to support the Ministry of Agriculture of Haiti and increase the agricultural productivity of small producers and improve the use of natural capital through the adoption of sustainable technologies in six geographical areas of the country. Likewise, it seeks to strengthen the capacities of providers of agricultural goods and services approved by the PITAG, so that they can provide adequate technical advice to farmers benefiting from the incentives. This project is financed by the World Bank and the IDB.<\/p><p><strong>Kaf\u00e9 Makaya:<\/strong> Together with OXFAM-Canada, CATIE supports the coffee sector in strengthening the capacities of coffee-producing families in southern Haiti, as well as the implementation of agroforestry and agro-ecological production systems to improve their income.<\/p><p><strong>Land use plan for the southern slopes of the La Selle massif (Southeast Department):<\/strong> CATIE cooperates with Haiti in the preparation of the land use plan for the southern slopes of the La Selle massif, with the objective of managing and configuring the basins hydrographic and coastal areas of the country, in order to strengthen the resilience of ecosystems and vulnerable communities to climate change and threats associated with human interventions. The communities of J\u00e9r\u00e9mie, Pestel and Anse \u00e0 Rouge are supported in the development of their respective development plans to improve resilience to climate change. Funding from UNDP is available for this purpose.<\/p>\t\t\t\t\t\t\t\t<\/div>\n\t\t\t\t<\/div>\n\t\t\t\t<div class=\"elementor-element elementor-element-d1625b3 elementor-widget elementor-widget-heading\" data-id=\"d1625b3\" data-element_type=\"widget\" data-widget_type=\"heading.default\">\n\t\t\t\t<div class=\"elementor-widget-container\">\n\t\t\t\t\t<h3 class=\"elementor-heading-title elementor-size-default\">Other projects in numbers <\/h3>\t\t\t\t<\/div>\n\t\t\t\t<\/div>\n\t\t\t\t<div class=\"elementor-element elementor-element-a5ceb9f elementor-widget elementor-widget-text-editor\" data-id=\"a5ceb9f\" data-element_type=\"widget\" data-widget_type=\"text-editor.default\">\n\t\t\t\t<div class=\"elementor-widget-container\">\n\t\t\t\t\t\t\t\t\t<ul><li>2 projects completed in the last year<\/li><li>7 projects in progress<\/li><\/ul>\t\t\t\t\t\t\t\t<\/div>\n\t\t\t\t<\/div>\n\t\t\t\t\t<\/div>\n\t\t<\/div>\n\t\t\t\t\t<\/div>\n\t\t<\/section>\n\t\t\t\t<section class=\"elementor-section elementor-inner-section elementor-element elementor-element-fb4858e elementor-section-boxed elementor-section-height-default elementor-section-height-default\" data-id=\"fb4858e\" data-element_type=\"section\">\n\t\t\t\t\t\t<div class=\"elementor-container elementor-column-gap-default\">\n\t\t\t\t\t<div class=\"elementor-column elementor-col-50 elementor-inner-column elementor-element elementor-element-84665ab\" data-id=\"84665ab\" data-element_type=\"column\">\n\t\t\t<div class=\"elementor-widget-wrap\">\n\t\t\t\t\t\t\t<\/div>\n\t\t<\/div>\n\t\t\t\t<div class=\"elementor-column elementor-col-50 elementor-inner-column elementor-element elementor-element-9a0e96e elementor-invisible\" data-id=\"9a0e96e\" data-element_type=\"column\" data-settings=\"{&quot;animation&quot;:&quot;bounceIn&quot;}\">\n\t\t\t<div class=\"elementor-widget-wrap elementor-element-populated\">\n\t\t\t\t\t\t<div class=\"elementor-element elementor-element-3e0e339 elementor-widget elementor-widget-image\" data-id=\"3e0e339\" data-element_type=\"widget\" data-widget_type=\"image.default\">\n\t\t\t\t<div class=\"elementor-widget-container\">\n\t\t\t\t\t\t\t\t\t\t\t\t\t\t\t<img decoding=\"async\" width=\"300\" height=\"116\" src=\"https:\/\/www.catie.ac.cr\/wp-content\/uploads\/2022\/01\/icono-anaranjado-300x116.png\" class=\"attachment-medium size-medium wp-image-11185\" alt=\"\" srcset=\"https:\/\/www.catie.ac.cr\/wp-content\/uploads\/2022\/01\/icono-anaranjado-300x116.png 300w, https:\/\/www.catie.ac.cr\/wp-content\/uploads\/2022\/01\/icono-anaranjado-1024x397.png 1024w, https:\/\/www.catie.ac.cr\/wp-content\/uploads\/2022\/01\/icono-anaranjado-768x297.png 768w, https:\/\/www.catie.ac.cr\/wp-content\/uploads\/2022\/01\/icono-anaranjado-18x7.png 18w, https:\/\/www.catie.ac.cr\/wp-content\/uploads\/2022\/01\/icono-anaranjado-600x232.png 600w, https:\/\/www.catie.ac.cr\/wp-content\/uploads\/2022\/01\/icono-anaranjado.png 1203w\" sizes=\"(max-width: 300px) 100vw, 300px\" \/>\t\t\t\t\t\t\t\t\t\t\t\t\t\t\t<\/div>\n\t\t\t\t<\/div>\n\t\t\t\t\t<\/div>\n\t\t<\/div>\n\t\t\t\t\t<\/div>\n\t\t<\/section>\n\t\t\t\t<section class=\"elementor-section elementor-inner-section elementor-element elementor-element-520209e elementor-section-boxed elementor-section-height-default elementor-section-height-default\" data-id=\"520209e\" data-element_type=\"section\">\n\t\t\t\t\t\t<div class=\"elementor-container elementor-column-gap-default\">\n\t\t\t\t\t<div class=\"elementor-column elementor-col-100 elementor-inner-column elementor-element elementor-element-67f9de1 elementor-invisible\" data-id=\"67f9de1\" data-element_type=\"column\" data-settings=\"{&quot;animation&quot;:&quot;fadeInDown&quot;}\">\n\t\t\t<div class=\"elementor-widget-wrap elementor-element-populated\">\n\t\t\t\t\t\t<div class=\"elementor-element elementor-element-d2471dc elementor-widget elementor-widget-heading\" data-id=\"d2471dc\" data-element_type=\"widget\" data-widget_type=\"heading.default\">\n\t\t\t\t<div class=\"elementor-widget-container\">\n\t\t\t\t\t<h3 class=\"elementor-heading-title elementor-size-default\">Offer of value for the country<\/h3>\t\t\t\t<\/div>\n\t\t\t\t<\/div>\n\t\t\t\t<div class=\"elementor-element elementor-element-cd39f4f elementor-widget elementor-widget-text-editor\" data-id=\"cd39f4f\" data-element_type=\"widget\" data-widget_type=\"text-editor.default\">\n\t\t\t\t<div class=\"elementor-widget-container\">\n\t\t\t\t\t\t\t\t\t<p>CATIE offers its experience in the management of water resources and territorial planning since it has a track record and experience in this country in this area. Likewise, it has ventured into the agroforestry sector with an emphasis on coffee, cocoa, and value chains to strengthen food security. Additionally, it can provide services in other areas, such as climate change, family farming, sustainable livestock, circular economy, forest management and agrobiodiversity, among other topics.<\/p>\t\t\t\t\t\t\t\t<\/div>\n\t\t\t\t<\/div>\n\t\t\t\t\t<\/div>\n\t\t<\/div>\n\t\t\t\t\t<\/div>\n\t\t<\/section>\n\t\t\t\t\t<\/div>\n\t\t<\/div>\n\t\t\t\t<div class=\"elementor-column elementor-col-50 elementor-top-column elementor-element elementor-element-c96789a\" data-id=\"c96789a\" data-element_type=\"column\" data-settings=\"{&quot;background_background&quot;:&quot;classic&quot;}\">\n\t\t\t<div class=\"elementor-widget-wrap elementor-element-populated\">\n\t\t\t\t\t\t<section class=\"elementor-section elementor-inner-section elementor-element elementor-element-5be41cb elementor-section-boxed elementor-section-height-default elementor-section-height-default\" data-id=\"5be41cb\" data-element_type=\"section\" data-settings=\"{&quot;background_background&quot;:&quot;classic&quot;}\">\n\t\t\t\t\t\t<div class=\"elementor-container elementor-column-gap-default\">\n\t\t\t\t\t<div class=\"elementor-column elementor-col-50 elementor-inner-column elementor-element elementor-element-81d0822\" data-id=\"81d0822\" data-element_type=\"column\">\n\t\t\t<div class=\"elementor-widget-wrap\">\n\t\t\t\t\t\t\t<\/div>\n\t\t<\/div>\n\t\t\t\t<div class=\"elementor-column elementor-col-50 elementor-inner-column elementor-element elementor-element-9ef33b0 elementor-invisible\" data-id=\"9ef33b0\" data-element_type=\"column\" data-settings=\"{&quot;animation&quot;:&quot;bounceIn&quot;}\">\n\t\t\t<div class=\"elementor-widget-wrap elementor-element-populated\">\n\t\t\t\t\t\t<div class=\"elementor-element elementor-element-b42c0f6 elementor-widget elementor-widget-image\" data-id=\"b42c0f6\" data-element_type=\"widget\" data-widget_type=\"image.default\">\n\t\t\t\t<div class=\"elementor-widget-container\">\n\t\t\t\t\t\t\t\t\t\t\t\t\t\t\t<img loading=\"lazy\" decoding=\"async\" width=\"1203\" height=\"466\" src=\"https:\/\/www.catie.ac.cr\/wp-content\/uploads\/2022\/01\/icono-verde.png\" class=\"attachment-full size-full wp-image-11138\" alt=\"\" srcset=\"https:\/\/www.catie.ac.cr\/wp-content\/uploads\/2022\/01\/icono-verde.png 1203w, https:\/\/www.catie.ac.cr\/wp-content\/uploads\/2022\/01\/icono-verde-300x116.png 300w, https:\/\/www.catie.ac.cr\/wp-content\/uploads\/2022\/01\/icono-verde-1024x397.png 1024w, https:\/\/www.catie.ac.cr\/wp-content\/uploads\/2022\/01\/icono-verde-768x297.png 768w, https:\/\/www.catie.ac.cr\/wp-content\/uploads\/2022\/01\/icono-verde-18x7.png 18w, https:\/\/www.catie.ac.cr\/wp-content\/uploads\/2022\/01\/icono-verde-600x232.png 600w\" sizes=\"(max-width: 1203px) 100vw, 1203px\" \/>\t\t\t\t\t\t\t\t\t\t\t\t\t\t\t<\/div>\n\t\t\t\t<\/div>\n\t\t\t\t\t<\/div>\n\t\t<\/div>\n\t\t\t\t\t<\/div>\n\t\t<\/section>\n\t\t\t\t<section class=\"elementor-section elementor-inner-section elementor-element elementor-element-0974e84 elementor-section-boxed elementor-section-height-default elementor-section-height-default\" data-id=\"0974e84\" data-element_type=\"section\">\n\t\t\t\t\t\t<div class=\"elementor-container elementor-column-gap-default\">\n\t\t\t\t\t<div class=\"elementor-column elementor-col-100 elementor-inner-column elementor-element elementor-element-0d9bcf6 elementor-invisible\" data-id=\"0d9bcf6\" data-element_type=\"column\" data-settings=\"{&quot;background_background&quot;:&quot;classic&quot;,&quot;animation&quot;:&quot;fadeInDown&quot;}\">\n\t\t\t<div class=\"elementor-widget-wrap elementor-element-populated\">\n\t\t\t\t\t\t<div class=\"elementor-element elementor-element-da4037b elementor-widget elementor-widget-heading\" data-id=\"da4037b\" data-element_type=\"widget\" data-widget_type=\"heading.default\">\n\t\t\t\t<div class=\"elementor-widget-container\">\n\t\t\t\t\t<h3 class=\"elementor-heading-title elementor-size-default\">Capacity Building<\/h3>\t\t\t\t<\/div>\n\t\t\t\t<\/div>\n\t\t\t\t<div class=\"elementor-element elementor-element-da40701 elementor-widget elementor-widget-text-editor\" data-id=\"da40701\" data-element_type=\"widget\" data-widget_type=\"text-editor.default\">\n\t\t\t\t<div class=\"elementor-widget-container\">\n\t\t\t\t\t\t\t\t\t<p><strong>Postgraduate and training<\/strong><\/p><ul><li>52 graduates to date<\/li><li>3 current students<\/li><li>28 families trained<\/li><li>142 professionals and technicians<\/li><\/ul>\t\t\t\t\t\t\t\t<\/div>\n\t\t\t\t<\/div>\n\t\t\t\t\t<\/div>\n\t\t<\/div>\n\t\t\t\t\t<\/div>\n\t\t<\/section>\n\t\t\t\t<section class=\"elementor-section elementor-inner-section elementor-element elementor-element-2b7e1c5 elementor-section-boxed elementor-section-height-default elementor-section-height-default\" data-id=\"2b7e1c5\" data-element_type=\"section\">\n\t\t\t\t\t\t<div class=\"elementor-container elementor-column-gap-default\">\n\t\t\t\t\t<div class=\"elementor-column elementor-col-50 elementor-inner-column elementor-element elementor-element-36c5d98\" data-id=\"36c5d98\" data-element_type=\"column\">\n\t\t\t<div class=\"elementor-widget-wrap\">\n\t\t\t\t\t\t\t<\/div>\n\t\t<\/div>\n\t\t\t\t<div class=\"elementor-column elementor-col-50 elementor-inner-column elementor-element elementor-element-e094056 elementor-invisible\" data-id=\"e094056\" data-element_type=\"column\" data-settings=\"{&quot;animation&quot;:&quot;bounceIn&quot;}\">\n\t\t\t<div class=\"elementor-widget-wrap elementor-element-populated\">\n\t\t\t\t\t\t<div class=\"elementor-element elementor-element-a0e87a4 elementor-widget elementor-widget-image\" data-id=\"a0e87a4\" data-element_type=\"widget\" data-widget_type=\"image.default\">\n\t\t\t\t<div class=\"elementor-widget-container\">\n\t\t\t\t\t\t\t\t\t\t\t\t\t\t\t<img loading=\"lazy\" decoding=\"async\" width=\"1203\" height=\"466\" src=\"https:\/\/www.catie.ac.cr\/wp-content\/uploads\/2022\/01\/icono-beige.png\" class=\"attachment-full size-full wp-image-11184\" alt=\"\" srcset=\"https:\/\/www.catie.ac.cr\/wp-content\/uploads\/2022\/01\/icono-beige.png 1203w, https:\/\/www.catie.ac.cr\/wp-content\/uploads\/2022\/01\/icono-beige-300x116.png 300w, https:\/\/www.catie.ac.cr\/wp-content\/uploads\/2022\/01\/icono-beige-1024x397.png 1024w, https:\/\/www.catie.ac.cr\/wp-content\/uploads\/2022\/01\/icono-beige-768x297.png 768w, https:\/\/www.catie.ac.cr\/wp-content\/uploads\/2022\/01\/icono-beige-18x7.png 18w, https:\/\/www.catie.ac.cr\/wp-content\/uploads\/2022\/01\/icono-beige-600x232.png 600w\" sizes=\"(max-width: 1203px) 100vw, 1203px\" \/>\t\t\t\t\t\t\t\t\t\t\t\t\t\t\t<\/div>\n\t\t\t\t<\/div>\n\t\t\t\t\t<\/div>\n\t\t<\/div>\n\t\t\t\t\t<\/div>\n\t\t<\/section>\n\t\t\t\t<section class=\"elementor-section elementor-inner-section elementor-element elementor-element-5199562 elementor-section-boxed elementor-section-height-default elementor-section-height-default\" data-id=\"5199562\" data-element_type=\"section\">\n\t\t\t\t\t\t<div class=\"elementor-container elementor-column-gap-default\">\n\t\t\t\t\t<div class=\"elementor-column elementor-col-100 elementor-inner-column elementor-element elementor-element-552e9f4 elementor-invisible\" data-id=\"552e9f4\" data-element_type=\"column\" data-settings=\"{&quot;animation&quot;:&quot;fadeInDown&quot;}\">\n\t\t\t<div class=\"elementor-widget-wrap elementor-element-populated\">\n\t\t\t\t\t\t<div class=\"elementor-element elementor-element-9432532 elementor-widget elementor-widget-heading\" data-id=\"9432532\" data-element_type=\"widget\" data-widget_type=\"heading.default\">\n\t\t\t\t<div class=\"elementor-widget-container\">\n\t\t\t\t\t<h3 class=\"elementor-heading-title elementor-size-default\">Strategic partners<\/h3>\t\t\t\t<\/div>\n\t\t\t\t<\/div>\n\t\t\t\t<div class=\"elementor-element elementor-element-0c8e859 elementor-widget elementor-widget-text-editor\" data-id=\"0c8e859\" data-element_type=\"widget\" data-widget_type=\"text-editor.default\">\n\t\t\t\t<div class=\"elementor-widget-container\">\n\t\t\t\t\t\t\t\t\t<p>The strategic partners with whom we work in Haiti belong to the public sectors and the international community. In the public sector there are the Ministries of Agriculture and the Environment and the Cross-Border Technical Commission, in the academic sector the Quisqueya University and among international cooperation organizations there are IICA, UNDP, OXFAM, AVSF, IDB, World Bank and the Canadian Cooperation, among others.<\/p>\t\t\t\t\t\t\t\t<\/div>\n\t\t\t\t<\/div>\n\t\t\t\t<div class=\"elementor-element elementor-element-f41542d elementor-widget elementor-widget-spacer\" data-id=\"f41542d\" data-element_type=\"widget\" data-widget_type=\"spacer.default\">\n\t\t\t\t<div class=\"elementor-widget-container\">\n\t\t\t\t\t\t\t<div class=\"elementor-spacer\">\n\t\t\t<div class=\"elementor-spacer-inner\"><\/div>\n\t\t<\/div>\n\t\t\t\t\t\t<\/div>\n\t\t\t\t<\/div>\n\t\t\t\t\t<\/div>\n\t\t<\/div>\n\t\t\t\t\t<\/div>\n\t\t<\/section>\n\t\t\t\t\t<\/div>\n\t\t<\/div>\n\t\t\t\t\t<\/div>\n\t\t<\/section>\n\t\t\t\t<\/div>","protected":false},"excerpt":{"rendered":"<p>Hait\u00ed La Rep\u00fablica de Hait\u00ed ocupa el tercio occidental de la Isla Hispaniola, que comparte con la Rep\u00fablica Dominicana. Cuenta con una superficie de 27&nbsp;750 km2 y una poblaci\u00f3n de 11,4 millones de habitantes con una alta densidad de 408,8 &hellip; <\/p>","protected":false},"author":1,"featured_media":0,"parent":9804,"menu_order":0,"comment_status":"closed","ping_status":"closed","template":"","meta":{"_bbp_topic_count":0,"_bbp_reply_count":0,"_bbp_total_topic_count":0,"_bbp_total_reply_count":0,"_bbp_voice_count":0,"_bbp_anonymous_reply_count":0,"_bbp_topic_count_hidden":0,"_bbp_reply_count_hidden":0,"_bbp_forum_subforum_count":0,"pmpro_default_level":"","_monsterinsights_skip_tracking":false,"_monsterinsights_sitenote_active":false,"_monsterinsights_sitenote_note":"","_monsterinsights_sitenote_category":0,"_uf_show_specific_survey":0,"_uf_disable_surveys":false,"footnotes":""},"class_list":["post-9811","page","type-page","status-publish","hentry","pmpro-has-access"],"_links":{"self":[{"href":"https:\/\/www.catie.ac.cr\/en\/wp-json\/wp\/v2\/pages\/9811","targetHints":{"allow":["GET"]}}],"collection":[{"href":"https:\/\/www.catie.ac.cr\/en\/wp-json\/wp\/v2\/pages"}],"about":[{"href":"https:\/\/www.catie.ac.cr\/en\/wp-json\/wp\/v2\/types\/page"}],"author":[{"embeddable":true,"href":"https:\/\/www.catie.ac.cr\/en\/wp-json\/wp\/v2\/users\/1"}],"replies":[{"embeddable":true,"href":"https:\/\/www.catie.ac.cr\/en\/wp-json\/wp\/v2\/comments?post=9811"}],"version-history":[{"count":31,"href":"https:\/\/www.catie.ac.cr\/en\/wp-json\/wp\/v2\/pages\/9811\/revisions"}],"predecessor-version":[{"id":32288,"href":"https:\/\/www.catie.ac.cr\/en\/wp-json\/wp\/v2\/pages\/9811\/revisions\/32288"}],"up":[{"embeddable":true,"href":"https:\/\/www.catie.ac.cr\/en\/wp-json\/wp\/v2\/pages\/9804"}],"wp:attachment":[{"href":"https:\/\/www.catie.ac.cr\/en\/wp-json\/wp\/v2\/media?parent=9811"}],"curies":[{"name":"wp","href":"https:\/\/api.w.org\/{rel}","templated":true}]}}